{"id":10656,"date":"2022-03-10T12:12:46","date_gmt":"2022-03-10T18:12:46","guid":{"rendered":"https:\/\/tzila.mx\/dev\/?post_type=product&#038;p=10656"},"modified":"2022-06-16T16:16:01","modified_gmt":"2022-06-16T21:16:01","slug":"memoria-ram-kingston-fury-renegade-ddr4-3600","status":"publish","type":"product","link":"https:\/\/tzila.mx\/dev\/producto\/memoria-ram-kingston-fury-renegade-ddr4-3600\/","title":{"rendered":"Memoria RAM Kingston FURY Renegade DDR4 3600Mhz"},"content":{"rendered":"\t\t<div data-elementor-type=\"wp-post\" data-elementor-id=\"10656\" class=\"elementor elementor-10656\" data-elementor-settings=\"[]\">\n\t\t\t\t\t\t\t<div class=\"elementor-section-wrap\">\n\t\t\t\t\t\t\t<section class=\"elementor-section elementor-top-section elementor-element elementor-element-154fe09 elementor-section-boxed elementor-section-height-default elementor-section-height-default wd-section-disabled\" data-id=\"154fe09\" data-element_type=\"section\">\n\t\t\t\t\t\t<div class=\"elementor-container elementor-column-gap-default\">\n\t\t\t\t\t<div class=\"elementor-column elementor-col-33 elementor-top-column elementor-element elementor-element-f14913d\" data-id=\"f14913d\" data-element_type=\"column\">\n\t\t\t<div class=\"elementor-widget-wrap elementor-element-populated\">\n\t\t\t\t\t\t\t\t<div class=\"elementor-element elementor-element-3d30eaf elementor-widget elementor-widget-wd_text_block\" data-id=\"3d30eaf\" data-element_type=\"widget\" data-widget_type=\"wd_text_block.default\">\n\t\t\t\t<div class=\"elementor-widget-container\">\n\t\t\t\t\t<div class=\"wd-text-block reset-last-child text-left\">\n\t\t\t\n\t\t\t<h5><strong>M\u00c1S ESPECIFICACIONES<\/strong><strong>:<\/strong><\/h5>\n\t\t\t\t\t<\/div>\n\t\t\t\t<\/div>\n\t\t\t\t<\/div>\n\t\t\t\t<div class=\"elementor-element elementor-element-6d44079 elementor-widget elementor-widget-wd_text_block\" data-id=\"6d44079\" data-element_type=\"widget\" data-widget_type=\"wd_text_block.default\">\n\t\t\t\t<div class=\"elementor-widget-container\">\n\t\t\t\t\t<div class=\"wd-text-block reset-last-child text-left\">\n\t\t\t\n\t\t\t<p class=\"p1\"><span class=\"s1\">\u25cf<\/span><span class=\"s2\"> Altas velocidades combinadas con bajas latencias para ofrecer un rendimiento extremo<\/span><br \/><span class=\"s1\">\u25cf<\/span><span class=\"s2\"> Perfiles Intel\u00ae XMP optimizados para los \u00faltimos chipsets de Intel<\/span><br \/><span class=\"s1\">\u25cf<\/span><span class=\"s2\"> Ready for AMD Ryzen\u2122<\/span><br \/><span class=\"s1\">\u25cf<\/span><span class=\"s2\"> Disipador de calor de aluminio negro intenso<\/span><\/p>\n\t\t\t\t\t<\/div>\n\t\t\t\t<\/div>\n\t\t\t\t<\/div>\n\t\t\t\t\t<\/div>\n\t\t<\/div>\n\t\t\t\t<div class=\"elementor-column elementor-col-66 elementor-top-column elementor-element elementor-element-1a0b71f\" data-id=\"1a0b71f\" data-element_type=\"column\">\n\t\t\t<div class=\"elementor-widget-wrap elementor-element-populated\">\n\t\t\t\t\t\t\t\t<div class=\"elementor-element elementor-element-6f6445b elementor-widget elementor-widget-wd_image_or_svg\" data-id=\"6f6445b\" data-element_type=\"widget\" data-widget_type=\"wd_image_or_svg.default\">\n\t\t\t\t<div class=\"elementor-widget-container\">\n\t\t\t\n\t\t<div class=\"wd-image text-center\">\n\t\t\t\t\t\t\t\t<img loading=\"lazy\" decoding=\"async\" width=\"2048\" height=\"608\" src=\"https:\/\/tzila.mx\/dev\/wp-content\/uploads\/2022\/03\/FURY-renagade-DDR4-32GB-7.jpg\" class=\"attachment-full size-full\" alt=\"\" srcset=\"https:\/\/tzila.mx\/dev\/wp-content\/uploads\/2022\/03\/FURY-renagade-DDR4-32GB-7.jpg 2048w, https:\/\/tzila.mx\/dev\/wp-content\/uploads\/2022\/03\/FURY-renagade-DDR4-32GB-7-400x119.jpg 400w, https:\/\/tzila.mx\/dev\/wp-content\/uploads\/2022\/03\/FURY-renagade-DDR4-32GB-7-1300x386.jpg 1300w, https:\/\/tzila.mx\/dev\/wp-content\/uploads\/2022\/03\/FURY-renagade-DDR4-32GB-7-768x228.jpg 768w, https:\/\/tzila.mx\/dev\/wp-content\/uploads\/2022\/03\/FURY-renagade-DDR4-32GB-7-1536x456.jpg 1536w, https:\/\/tzila.mx\/dev\/wp-content\/uploads\/2022\/03\/FURY-renagade-DDR4-32GB-7-860x255.jpg 860w, https:\/\/tzila.mx\/dev\/wp-content\/uploads\/2022\/03\/FURY-renagade-DDR4-32GB-7-430x128.jpg 430w, https:\/\/tzila.mx\/dev\/wp-content\/uploads\/2022\/03\/FURY-renagade-DDR4-32GB-7-700x208.jpg 700w, https:\/\/tzila.mx\/dev\/wp-content\/uploads\/2022\/03\/FURY-renagade-DDR4-32GB-7-150x45.jpg 150w\" sizes=\"auto, (max-width: 2048px) 100vw, 2048px\" \/>\t\t\t\t\t<\/div>\n\n\t\t\t\t<\/div>\n\t\t\t\t<\/div>\n\t\t\t\t\t<\/div>\n\t\t<\/div>\n\t\t\t\t\t\t\t<\/div>\n\t\t<\/section>\n\t\t\t\t<section class=\"elementor-section elementor-top-section elementor-element elementor-element-f335c48 elementor-section-boxed elementor-section-height-default elementor-section-height-default wd-section-disabled\" data-id=\"f335c48\" data-element_type=\"section\">\n\t\t\t\t\t\t<div class=\"elementor-container elementor-column-gap-default\">\n\t\t\t\t\t<div class=\"elementor-column elementor-col-33 elementor-top-column elementor-element elementor-element-b982906\" data-id=\"b982906\" data-element_type=\"column\">\n\t\t\t<div class=\"elementor-widget-wrap elementor-element-populated\">\n\t\t\t\t\t\t\t\t<div class=\"elementor-element elementor-element-ecdf1c9 elementor-widget elementor-widget-wd_text_block\" data-id=\"ecdf1c9\" data-element_type=\"widget\" data-widget_type=\"wd_text_block.default\">\n\t\t\t\t<div class=\"elementor-widget-container\">\n\t\t\t\t\t<div class=\"wd-text-block reset-last-child text-left\">\n\t\t\t\n\t\t\t<h4 id=\"headline\">Memoria Kingston FURY Renegade DDR4<\/h4><p>Proporciona a tu sistema basado en AMD o Intel el rendimiento necesario para mantenerse en la delantera con la ultrarr\u00e1pida Kingston FURY\u2122 Renegade DDR4 ultra r\u00e1pida. Aumenta la frecuencia de fotogramas, mant\u00e9n un streaming fluido y avanza a trav\u00e9s de la edici\u00f3n de escenas importantes con velocidades de hasta 5333MT\/s<sup class=\"footnote-sub\" data-original=\"{{Footnote.A65242}}\">*<\/sup> <sup class=\"footnote-sub\" data-original=\"{{Footnote.N61885}}\">1<\/sup> combinadas con tiempos r\u00e1pidos CL13-CL20. El agresivo e impactante disipador de calor negro en conjunto con el PCB negro te permitir\u00e1n vencer el calor e infundir miedo en tus enemigos. Est\u00e1 disponible en capacidades de m\u00f3dulo simple de 8GB a 32GB y kits de 2, 4 y 8 con capacidades de 16GB a 256GB. Renegade DDR4 tiene la certificaci\u00f3n Intel\u00ae XMP con perfiles optimizados para los chipsets de Intel m\u00e1s actuales; solo seleccione el perfil para ajustar a mano en su BIOS y estar\u00e1 listo para comenzar. Probada al 100% en f\u00e1brica a gran velocidad y respaldada por una garant\u00eda de por vida y m\u00e1s de 30 a\u00f1os de experiencia, la confiable Renegade DDR4 te brinda lo mejor de ambos mundos: rendimiento extremo y m\u00e1xima tranquilidad.<\/p>\n\t\t\t\t\t<\/div>\n\t\t\t\t<\/div>\n\t\t\t\t<\/div>\n\t\t\t\t<div class=\"elementor-element elementor-element-4844dfc elementor-widget elementor-widget-wd_image_or_svg\" data-id=\"4844dfc\" data-element_type=\"widget\" data-widget_type=\"wd_image_or_svg.default\">\n\t\t\t\t<div class=\"elementor-widget-container\">\n\t\t\t\n\t\t<div class=\"wd-image text-center\">\n\t\t\t\t\t\t\t\t<img decoding=\"async\" src=\"https:\/\/tzila.mx\/dev\/wp-content\/uploads\/elementor\/thumbs\/FURY-renagade-DDR4-32GB-4-plo8l3swvpixfvc5cdlxq1j2lyu5agkfwwb0q7v04w.jpg\" title=\"FURY-renagade-DDR4-32GB-4\" alt=\"FURY-renagade-DDR4-32GB-4\" \/>\t\t\t\t\t<\/div>\n\n\t\t\t\t<\/div>\n\t\t\t\t<\/div>\n\t\t\t\t\t<\/div>\n\t\t<\/div>\n\t\t\t\t<div class=\"elementor-column elementor-col-33 elementor-top-column elementor-element elementor-element-efcf9f4\" data-id=\"efcf9f4\" data-element_type=\"column\">\n\t\t\t<div class=\"elementor-widget-wrap elementor-element-populated\">\n\t\t\t\t\t\t\t\t<div class=\"elementor-element elementor-element-92b92dc elementor-widget elementor-widget-wd_text_block\" data-id=\"92b92dc\" data-element_type=\"widget\" data-widget_type=\"wd_text_block.default\">\n\t\t\t\t<div class=\"elementor-widget-container\">\n\t\t\t\t\t<div class=\"wd-text-block reset-last-child text-left\">\n\t\t\t\n\t\t\t<h3>Optimizado para Intel\u00ae con XMP<\/h3><article data-v-b7353816=\"\"><p>La tecnolog\u00eda Intel Extreme Memory Profile (XMP) hace del overclocking algo muy sencillo. Simplemente seleccione uno de los perfiles incorporados y para ajustar a mano en su BIOS para obtener los beneficios del overclocking sin tener que ajustar manualmente los tiempos de la memoria tu mismo.<\/p><\/article>\n\t\t\t\t\t<\/div>\n\t\t\t\t<\/div>\n\t\t\t\t<\/div>\n\t\t\t\t<div class=\"elementor-element elementor-element-d99ba58 elementor-widget elementor-widget-wd_image_or_svg\" data-id=\"d99ba58\" data-element_type=\"widget\" data-widget_type=\"wd_image_or_svg.default\">\n\t\t\t\t<div class=\"elementor-widget-container\">\n\t\t\t\n\t\t<div class=\"wd-image text-center\">\n\t\t\t\t\t\t\t\t<img decoding=\"async\" src=\"https:\/\/tzila.mx\/dev\/wp-content\/uploads\/elementor\/thumbs\/FURY-renagade-DDR4-32GB-5-plo8l6mfg7msep81vwttfitge4g8xjvmxa9h61qtm8.jpg\" title=\"FURY-renagade-DDR4-32GB-5\" alt=\"FURY-renagade-DDR4-32GB-5\" \/>\t\t\t\t\t<\/div>\n\n\t\t\t\t<\/div>\n\t\t\t\t<\/div>\n\t\t\t\t<div class=\"elementor-element elementor-element-a953a45 elementor-widget elementor-widget-wd_text_block\" data-id=\"a953a45\" data-element_type=\"widget\" data-widget_type=\"wd_text_block.default\">\n\t\t\t\t<div class=\"elementor-widget-container\">\n\t\t\t\t\t<div class=\"wd-text-block reset-last-child text-left\">\n\t\t\t\n\t\t\t<h4>Ready for AMD Ryzen\u2122<\/h4><article data-v-b7353816=\"\">Obt\u00e9n una memoria Ready para Ryzen y que se integrar\u00e1 sin problemas con tu sistema basado en AMD. Un aumento de rendimiento confiable y compatible para tu equipo.<\/article>\n\t\t\t\t\t<\/div>\n\t\t\t\t<\/div>\n\t\t\t\t<\/div>\n\t\t\t\t<div class=\"elementor-element elementor-element-1b66286 elementor-widget elementor-widget-wd_text_block\" data-id=\"1b66286\" data-element_type=\"widget\" data-widget_type=\"wd_text_block.default\">\n\t\t\t\t<div class=\"elementor-widget-container\">\n\t\t\t\t\t<div class=\"wd-text-block reset-last-child text-left\">\n\t\t\t\n\t\t\t<h4>Confiabilidad respaldada por una garant\u00eda de por vida<\/h4><article data-v-b7353816=\"\"><p>Los m\u00f3dulos de memoria Kingston FURY se prueban al 100% a alta velocidad para garantizar que no tengan defectos de fabricaci\u00f3n ni de materiales. Renegade DDR4 est\u00e1 respaldada por una garant\u00eda de por vida y m\u00e1s de 30 a\u00f1os de experiencia.<\/p><\/article>\n\t\t\t\t\t<\/div>\n\t\t\t\t<\/div>\n\t\t\t\t<\/div>\n\t\t\t\t\t<\/div>\n\t\t<\/div>\n\t\t\t\t<div class=\"elementor-column elementor-col-33 elementor-top-column elementor-element elementor-element-dffdc91\" data-id=\"dffdc91\" data-element_type=\"column\">\n\t\t\t<div class=\"elementor-widget-wrap elementor-element-populated\">\n\t\t\t\t\t\t\t\t<div class=\"elementor-element elementor-element-fca3fa3 elementor-widget elementor-widget-wd_text_block\" data-id=\"fca3fa3\" data-element_type=\"widget\" data-widget_type=\"wd_text_block.default\">\n\t\t\t\t<div class=\"elementor-widget-container\">\n\t\t\t\t\t<div class=\"wd-text-block reset-last-child text-left\">\n\t\t\t\n\t\t\t<div class=\"row-content\" data-v-b7353816=\"\"><h4>Disipador de calor de aluminio negro intenso<\/h4><article data-v-b7353816=\"\">El denso disipador de calor de aluminio negro en conjunto con el PCB negro mantienen tu equipo funcionando y luciendo muy bien.<\/article><\/div>\n\t\t\t\t\t<\/div>\n\t\t\t\t<\/div>\n\t\t\t\t<\/div>\n\t\t\t\t<div class=\"elementor-element elementor-element-43fb73f elementor-widget elementor-widget-wd_text_block\" data-id=\"43fb73f\" data-element_type=\"widget\" data-widget_type=\"wd_text_block.default\">\n\t\t\t\t<div class=\"elementor-widget-container\">\n\t\t\t\t\t<div class=\"wd-text-block reset-last-child text-left\">\n\t\t\t\n\t\t\t<h4>Altas velocidades combinadas con bajas latencias para ofrecer un rendimiento demencial<\/h4><p>Con velocidades de hasta 5333MT\/s<sup class=\"footnote-sub\" data-original=\"{{Footnote.A65242}}\">*<\/sup><sup class=\"footnote-sub\" data-original=\"{{Footnote.N61885}}\">1<\/sup> combinadas con sincronizaciones r\u00e1pidas CL13-CL20 que ayudan a que tu sistema basado en AMD o Intel funcione a trav\u00e9s de juegos, edici\u00f3n de video y Streaming, la Renegade DDR4 es la opci\u00f3n para los que hacen Overclocking, ensambladores de PC y gamers.<\/p>\n\t\t\t\t\t<\/div>\n\t\t\t\t<\/div>\n\t\t\t\t<\/div>\n\t\t\t\t<div class=\"elementor-element elementor-element-5df058d elementor-widget elementor-widget-wd_image_or_svg\" data-id=\"5df058d\" data-element_type=\"widget\" data-widget_type=\"wd_image_or_svg.default\">\n\t\t\t\t<div class=\"elementor-widget-container\">\n\t\t\t\n\t\t<div class=\"wd-image text-left\">\n\t\t\t\t\t\t\t\t<img decoding=\"async\" src=\"https:\/\/tzila.mx\/dev\/wp-content\/uploads\/elementor\/thumbs\/FURY-renagade-DDR4-32GB-3-ploab0g8zw9s3bewumydfx4z2jpf8tc0rb39la2kc0.jpg\" title=\"FURY-renagade-DDR4-32GB-3\" alt=\"FURY-renagade-DDR4-32GB-3\" \/>\t\t\t\t\t<\/div>\n\n\t\t\t\t<\/div>\n\t\t\t\t<\/div>\n\t\t\t\t<div class=\"elementor-element elementor-element-52dda05 elementor-widget elementor-widget-wd_button\" data-id=\"52dda05\" data-element_type=\"widget\" data-widget_type=\"wd_button.default\">\n\t\t\t\t<div class=\"elementor-widget-container\">\n\t\t\t\t\t<div class=\"wd-button-wrapper text-center\" >\n\t\t\t<a class=\"btn btn-style-link btn-shape- btn-size-large btn-color-alt btn-icon-pos-right\"  href=\"https:\/\/www.kingston.com\/latam\/memory\/gaming\/kingston-fury-renegade-ddr4-memory?speed=3600mt%2Fs&#038;total%20(kit)%20capacity=8gb&#038;kit=single%20module&#038;dram%20density=8gbit\" target=\"_blank\">\n\t\t\t\t<span class=\"wd-btn-text\" data-elementor-setting-key=\"text\">\n\t\t\t\t\tFicha t\u00e9cnica\t\t\t\t<\/span>\n\n\t\t\t\t\t\t\t<\/a>\n\t\t<\/div>\n\t\t\t\t<\/div>\n\t\t\t\t<\/div>\n\t\t\t\t\t<\/div>\n\t\t<\/div>\n\t\t\t\t\t\t\t<\/div>\n\t\t<\/section>\n\t\t\t\t\t\t<\/div>\n\t\t\t\t\t<\/div>\n\t\t","protected":false},"excerpt":{"rendered":"<h4>Caracter\u00edsticas principales:<\/h4>\n<p class=\"p1\"><span class=\"s1\">\u25cf<\/span><span class=\"s2\"> Capacidad memoria: 8<strong>GB<\/strong> (1x8GB) 32<strong>GB<\/strong> (1x32GB)<\/span><br \/>\n<span class=\"s1\">\u25cf<\/span><span class=\"s2\"> Velocidad: de hasta 3600MHZ<\/span><br \/>\n<span class=\"s1\">\u25cf<\/span><span class=\"s2\"> Latencia CAS: CL16, C18<\/span><br \/>\n<span class=\"s1\">\u25cf<\/span><span class=\"s2\"> Soporte <span dir=\"ltr\" role=\"presentation\">Intel\u00ae Extreme Memory Profiles (Intel\u00ae XMP)<\/span><\/span><\/p>\n","protected":false},"featured_media":10658,"comment_status":"open","ping_status":"closed","template":"","meta":[],"product_cat":[20,74,107],"product_tag":[113,187],"class_list":["post-10656","product","type-product","status-publish","has-post-thumbnail","hentry","product_cat-hardware","product_cat-memoria-ram","product_cat-kingston","product_tag-fury","product_tag-renegade","pa_brand-kingston"],"_links":{"self":[{"href":"https:\/\/tzila.mx\/dev\/wp-json\/wp\/v2\/product\/10656","targetHints":{"allow":["GET"]}}],"collection":[{"href":"https:\/\/tzila.mx\/dev\/wp-json\/wp\/v2\/product"}],"about":[{"href":"https:\/\/tzila.mx\/dev\/wp-json\/wp\/v2\/types\/product"}],"replies":[{"embeddable":true,"href":"https:\/\/tzila.mx\/dev\/wp-json\/wp\/v2\/comments?post=10656"}],"version-history":[{"count":20,"href":"https:\/\/tzila.mx\/dev\/wp-json\/wp\/v2\/product\/10656\/revisions"}],"predecessor-version":[{"id":11452,"href":"https:\/\/tzila.mx\/dev\/wp-json\/wp\/v2\/product\/10656\/revisions\/11452"}],"wp:featuredmedia":[{"embeddable":true,"href":"https:\/\/tzila.mx\/dev\/wp-json\/wp\/v2\/media\/10658"}],"wp:attachment":[{"href":"https:\/\/tzila.mx\/dev\/wp-json\/wp\/v2\/media?parent=10656"}],"wp:term":[{"taxonomy":"product_cat","embeddable":true,"href":"https:\/\/tzila.mx\/dev\/wp-json\/wp\/v2\/product_cat?post=10656"},{"taxonomy":"product_tag","embeddable":true,"href":"https:\/\/tzila.mx\/dev\/wp-json\/wp\/v2\/product_tag?post=10656"}],"curies":[{"name":"wp","href":"https:\/\/api.w.org\/{rel}","templated":true}]}}