{"id":10627,"date":"2022-03-10T01:45:08","date_gmt":"2022-03-10T07:45:08","guid":{"rendered":"https:\/\/tzila.mx\/dev\/?post_type=product&#038;p=10627"},"modified":"2022-06-16T16:12:55","modified_gmt":"2022-06-16T21:12:55","slug":"memoria-ram-teamgroup-t-force-dark-z-ddr4-3200","status":"publish","type":"product","link":"https:\/\/tzila.mx\/dev\/producto\/memoria-ram-teamgroup-t-force-dark-z-ddr4-3200\/","title":{"rendered":"Memoria RAM TeamGroup T FORCE Dark Z DDR4 3200Mhz"},"content":{"rendered":"\t\t<div data-elementor-type=\"wp-post\" data-elementor-id=\"10627\" class=\"elementor elementor-10627\" data-elementor-settings=\"[]\">\n\t\t\t\t\t\t\t<div class=\"elementor-section-wrap\">\n\t\t\t\t\t\t\t<section class=\"elementor-section elementor-top-section elementor-element elementor-element-154fe09 elementor-section-boxed elementor-section-height-default elementor-section-height-default wd-section-disabled\" data-id=\"154fe09\" data-element_type=\"section\">\n\t\t\t\t\t\t<div class=\"elementor-container elementor-column-gap-default\">\n\t\t\t\t\t<div class=\"elementor-column elementor-col-33 elementor-top-column elementor-element elementor-element-f14913d\" data-id=\"f14913d\" data-element_type=\"column\">\n\t\t\t<div class=\"elementor-widget-wrap elementor-element-populated\">\n\t\t\t\t\t\t\t\t<div class=\"elementor-element elementor-element-3d30eaf elementor-widget elementor-widget-wd_text_block\" data-id=\"3d30eaf\" data-element_type=\"widget\" data-widget_type=\"wd_text_block.default\">\n\t\t\t\t<div class=\"elementor-widget-container\">\n\t\t\t\t\t<div class=\"wd-text-block reset-last-child text-left\">\n\t\t\t\n\t\t\t<h5><strong>M\u00c1S ESPECIFICACIONES<\/strong><strong>:<\/strong><\/h5>\n\t\t\t\t\t<\/div>\n\t\t\t\t<\/div>\n\t\t\t\t<\/div>\n\t\t\t\t<div class=\"elementor-element elementor-element-6d44079 elementor-widget elementor-widget-wd_text_block\" data-id=\"6d44079\" data-element_type=\"widget\" data-widget_type=\"wd_text_block.default\">\n\t\t\t\t<div class=\"elementor-widget-container\">\n\t\t\t\t\t<div class=\"wd-text-block reset-last-child text-left\">\n\t\t\t\n\t\t\t<p class=\"p1\"><span class=\"s1\">\u25cf Dise\u00f1o con armadura para una protecci\u00f3n perfecta<\/span><br \/><span class=\"s1\">\u25cf<\/span><span class=\"s2\"> Disipador de calor de aleaci\u00f3n de aluminio de alto rendimiento<\/span><br \/><span class=\"s1\">\u25cf<\/span><span class=\"s2\"> Adhesivo altamente termoconductor<\/span><br \/><span class=\"s1\">\u25cf<\/span><span class=\"s2\"> Compatible con placas madre Intel y AMD<\/span><br \/><span class=\"s1\">\u25cf<\/span><span class=\"s2\"> Circuito integrado selecto de alta calidad<\/span><br \/><span class=\"s1\">\u25cf<\/span><span class=\"s2\"> Compatible con XMP 2.0<\/span><br \/><span class=\"s1\">\u25cf<\/span><span class=\"s2\"> Ahorro de energ\u00eda con un voltaje de funcionamiento ultrabajo<\/span><\/p>\n\t\t\t\t\t<\/div>\n\t\t\t\t<\/div>\n\t\t\t\t<\/div>\n\t\t\t\t\t<\/div>\n\t\t<\/div>\n\t\t\t\t<div class=\"elementor-column elementor-col-66 elementor-top-column elementor-element elementor-element-1a0b71f\" data-id=\"1a0b71f\" data-element_type=\"column\">\n\t\t\t<div class=\"elementor-widget-wrap elementor-element-populated\">\n\t\t\t\t\t\t\t\t<div class=\"elementor-element elementor-element-6f6445b elementor-widget elementor-widget-wd_image_or_svg\" data-id=\"6f6445b\" data-element_type=\"widget\" data-widget_type=\"wd_image_or_svg.default\">\n\t\t\t\t<div class=\"elementor-widget-container\">\n\t\t\t\n\t\t<div class=\"wd-image text-center\">\n\t\t\t\t\t\t\t\t<img decoding=\"async\" src=\"https:\/\/tzila.mx\/dev\/wp-content\/uploads\/elementor\/thumbs\/T-Force-Dark-za-DDR4-16GB-9-plngiziqg4p9fskfq0wr44ffys8gmfj7ktbxfjzrnc.jpg\" title=\"T-Force-Dark-za-DDR4-16GB-9\" alt=\"T-Force-Dark-za-DDR4-16GB-9\" \/>\t\t\t\t\t<\/div>\n\n\t\t\t\t<\/div>\n\t\t\t\t<\/div>\n\t\t\t\t\t<\/div>\n\t\t<\/div>\n\t\t\t\t\t\t\t<\/div>\n\t\t<\/section>\n\t\t\t\t<section class=\"elementor-section elementor-top-section elementor-element elementor-element-f335c48 elementor-section-boxed elementor-section-height-default elementor-section-height-default wd-section-disabled\" data-id=\"f335c48\" data-element_type=\"section\">\n\t\t\t\t\t\t<div class=\"elementor-container elementor-column-gap-default\">\n\t\t\t\t\t<div class=\"elementor-column elementor-col-33 elementor-top-column elementor-element elementor-element-b982906\" data-id=\"b982906\" data-element_type=\"column\">\n\t\t\t<div class=\"elementor-widget-wrap elementor-element-populated\">\n\t\t\t\t\t\t\t\t<div class=\"elementor-element elementor-element-ecdf1c9 elementor-widget elementor-widget-wd_text_block\" data-id=\"ecdf1c9\" data-element_type=\"widget\" data-widget_type=\"wd_text_block.default\">\n\t\t\t\t<div class=\"elementor-widget-container\">\n\t\t\t\t\t<div class=\"wd-text-block reset-last-child text-left\">\n\t\t\t\n\t\t\t<h4>Dise\u00f1o con armadura, logotipo de metal<\/h4><p>El dise\u00f1o basado en el concepto de un caballero con su armadura y un manto sagrado de la guerra ofrece una protecci\u00f3n m\u00e1s completa, ya que refina el disipador de calor fabricado mediante el tradicional proceso de prensa de perforaci\u00f3n. El proceso de anodizaci\u00f3n electrol\u00edtica y el dise\u00f1o del logotipo de electroformaci\u00f3n met\u00e1lico se utilizan para estar en sinton\u00eda con la armadura tecnol\u00f3gica.<\/p>\n\t\t\t\t\t<\/div>\n\t\t\t\t<\/div>\n\t\t\t\t<\/div>\n\t\t\t\t<div class=\"elementor-element elementor-element-a953a45 elementor-widget elementor-widget-wd_text_block\" data-id=\"a953a45\" data-element_type=\"widget\" data-widget_type=\"wd_text_block.default\">\n\t\t\t\t<div class=\"elementor-widget-container\">\n\t\t\t\t\t<div class=\"wd-text-block reset-last-child text-left\">\n\t\t\t\n\t\t\t<h4>Alto rendimiento, bajo consumo de energ\u00eda, f\u00e1cil de actualizar<\/h4><article data-v-b7353816=\"\">Adem\u00e1s del aumento en la velocidad de transferencia de datos, el voltaje de funcionamiento b\u00e1sico de la nueva generaci\u00f3n de memoria DDR4 mejorada tambi\u00e9n se ha reducido a 1.2 V. Esta memoria para computadoras de escritorio ahorra energ\u00eda, tiene un alto rendimiento y un bajo consumo.<\/article>\n\t\t\t\t\t<\/div>\n\t\t\t\t<\/div>\n\t\t\t\t<\/div>\n\t\t\t\t<div class=\"elementor-element elementor-element-d99ba58 elementor-widget elementor-widget-wd_image_or_svg\" data-id=\"d99ba58\" data-element_type=\"widget\" data-widget_type=\"wd_image_or_svg.default\">\n\t\t\t\t<div class=\"elementor-widget-container\">\n\t\t\t\n\t\t<div class=\"wd-image text-center\">\n\t\t\t\t\t\t\t\t<img loading=\"lazy\" decoding=\"async\" width=\"570\" height=\"350\" src=\"https:\/\/tzila.mx\/dev\/wp-content\/uploads\/2022\/03\/T-Force-Dark-za-DDR4-16GB-6.jpg\" class=\"attachment-full size-full\" alt=\"\" srcset=\"https:\/\/tzila.mx\/dev\/wp-content\/uploads\/2022\/03\/T-Force-Dark-za-DDR4-16GB-6.jpg 570w, https:\/\/tzila.mx\/dev\/wp-content\/uploads\/2022\/03\/T-Force-Dark-za-DDR4-16GB-6-400x246.jpg 400w, https:\/\/tzila.mx\/dev\/wp-content\/uploads\/2022\/03\/T-Force-Dark-za-DDR4-16GB-6-430x264.jpg 430w, https:\/\/tzila.mx\/dev\/wp-content\/uploads\/2022\/03\/T-Force-Dark-za-DDR4-16GB-6-150x92.jpg 150w\" sizes=\"auto, (max-width: 570px) 100vw, 570px\" \/>\t\t\t\t\t<\/div>\n\n\t\t\t\t<\/div>\n\t\t\t\t<\/div>\n\t\t\t\t\t<\/div>\n\t\t<\/div>\n\t\t\t\t<div class=\"elementor-column elementor-col-33 elementor-top-column elementor-element elementor-element-efcf9f4\" data-id=\"efcf9f4\" data-element_type=\"column\">\n\t\t\t<div class=\"elementor-widget-wrap elementor-element-populated\">\n\t\t\t\t\t\t\t\t<div class=\"elementor-element elementor-element-92b92dc elementor-widget elementor-widget-wd_text_block\" data-id=\"92b92dc\" data-element_type=\"widget\" data-widget_type=\"wd_text_block.default\">\n\t\t\t\t<div class=\"elementor-widget-container\">\n\t\t\t\t\t<div class=\"wd-text-block reset-last-child text-left\">\n\t\t\t\n\t\t\t<h4>Chips de circuito integrado seleccionados, estables y duraderos<\/h4><article data-v-b7353816=\"\"><p>Cada chip de circuito integrado creado para la memoria DDR4 T-FORCE DARK Z de TEAMGROUP para videojuegos se selecciona mediante un riguroso proceso de pruebas. Cada memoria de sobreaceleraci\u00f3n se prueba para obtener una compatibilidad y estabilidad completas. Esto ofrece a los gamers una memoria DDR4 con excelente calidad, y un rendimiento, estabilidad y compatibilidad \u00f3ptimos.<\/p><\/article>\n\t\t\t\t\t<\/div>\n\t\t\t\t<\/div>\n\t\t\t\t<\/div>\n\t\t\t\t<div class=\"elementor-element elementor-element-55366da elementor-widget elementor-widget-wd_image_or_svg\" data-id=\"55366da\" data-element_type=\"widget\" data-widget_type=\"wd_image_or_svg.default\">\n\t\t\t\t<div class=\"elementor-widget-container\">\n\t\t\t\n\t\t<div class=\"wd-image text-center\">\n\t\t\t\t\t\t\t\t<img loading=\"lazy\" decoding=\"async\" width=\"570\" height=\"350\" src=\"https:\/\/tzila.mx\/dev\/wp-content\/uploads\/2022\/03\/T-Force-Dark-za-DDR4-16GB-7.jpg\" class=\"attachment-full size-full\" alt=\"\" srcset=\"https:\/\/tzila.mx\/dev\/wp-content\/uploads\/2022\/03\/T-Force-Dark-za-DDR4-16GB-7.jpg 570w, https:\/\/tzila.mx\/dev\/wp-content\/uploads\/2022\/03\/T-Force-Dark-za-DDR4-16GB-7-400x246.jpg 400w, https:\/\/tzila.mx\/dev\/wp-content\/uploads\/2022\/03\/T-Force-Dark-za-DDR4-16GB-7-430x264.jpg 430w, https:\/\/tzila.mx\/dev\/wp-content\/uploads\/2022\/03\/T-Force-Dark-za-DDR4-16GB-7-150x92.jpg 150w\" sizes=\"auto, (max-width: 570px) 100vw, 570px\" \/>\t\t\t\t\t<\/div>\n\n\t\t\t\t<\/div>\n\t\t\t\t<\/div>\n\t\t\t\t<div class=\"elementor-element elementor-element-f2aa1c7 elementor-widget elementor-widget-wd_text_block\" data-id=\"f2aa1c7\" data-element_type=\"widget\" data-widget_type=\"wd_text_block.default\">\n\t\t\t\t<div class=\"elementor-widget-container\">\n\t\t\t\t\t<div class=\"wd-text-block reset-last-child text-left\">\n\t\t\t\n\t\t\t<div class=\"row-content r-side\" data-v-b7353816=\"\"><h4>Compatible con Intel XMP, sobreaceleraci\u00f3n autom\u00e1tica<\/h4><article data-v-b7353816=\"\"><p>La memoria DDR4 T-FORCE DARK Z para videojuegos es plug-and-play. La sobreaceleraci\u00f3n puede ser muy sencilla sin la molestia de ajustar manualmente el BIOS. Es compatible con las plataformas Intel y AMD, por lo que los gamers pueden construir su sistema sin preocupaciones.<\/p><\/article><\/div>\n\t\t\t\t\t<\/div>\n\t\t\t\t<\/div>\n\t\t\t\t<\/div>\n\t\t\t\t\t<\/div>\n\t\t<\/div>\n\t\t\t\t<div class=\"elementor-column elementor-col-33 elementor-top-column elementor-element elementor-element-dffdc91\" data-id=\"dffdc91\" data-element_type=\"column\">\n\t\t\t<div class=\"elementor-widget-wrap elementor-element-populated\">\n\t\t\t\t\t\t\t\t<div class=\"elementor-element elementor-element-c58c1a9 elementor-widget elementor-widget-wd_image_or_svg\" data-id=\"c58c1a9\" data-element_type=\"widget\" data-widget_type=\"wd_image_or_svg.default\">\n\t\t\t\t<div class=\"elementor-widget-container\">\n\t\t\t\n\t\t<div class=\"wd-image text-center\">\n\t\t\t\t\t\t\t\t<img loading=\"lazy\" decoding=\"async\" width=\"570\" height=\"350\" src=\"https:\/\/tzila.mx\/dev\/wp-content\/uploads\/2022\/03\/T-Force-Dark-za-DDR4-16GB-5-1.jpg\" class=\"attachment-full size-full\" alt=\"\" srcset=\"https:\/\/tzila.mx\/dev\/wp-content\/uploads\/2022\/03\/T-Force-Dark-za-DDR4-16GB-5-1.jpg 570w, https:\/\/tzila.mx\/dev\/wp-content\/uploads\/2022\/03\/T-Force-Dark-za-DDR4-16GB-5-1-400x246.jpg 400w, https:\/\/tzila.mx\/dev\/wp-content\/uploads\/2022\/03\/T-Force-Dark-za-DDR4-16GB-5-1-430x264.jpg 430w, https:\/\/tzila.mx\/dev\/wp-content\/uploads\/2022\/03\/T-Force-Dark-za-DDR4-16GB-5-1-150x92.jpg 150w\" sizes=\"auto, (max-width: 570px) 100vw, 570px\" \/>\t\t\t\t\t<\/div>\n\n\t\t\t\t<\/div>\n\t\t\t\t<\/div>\n\t\t\t\t<div class=\"elementor-element elementor-element-43fb73f elementor-widget elementor-widget-wd_text_block\" data-id=\"43fb73f\" data-element_type=\"widget\" data-widget_type=\"wd_text_block.default\">\n\t\t\t\t<div class=\"elementor-widget-container\">\n\t\t\t\t\t<div class=\"wd-text-block reset-last-child text-left\">\n\t\t\t\n\t\t\t<h4>Estructura reforzada, disipaci\u00f3n de calor mejorada<\/h4><p>Se fabrica mediante un proceso de prensa de perforaci\u00f3n, en una placa de aleaci\u00f3n de aluminio de una sola pieza de 0.8 mm de grosor. Adem\u00e1s, la coloraci\u00f3n con el proceso de anodizaci\u00f3n electrol\u00edtica puede mejorar la resistencia a la corrosi\u00f3n y hacerla no conductora. Al transferir el calor del adhesivo t\u00e9rmico superconductor a los m\u00f3dulos de refrigeraci\u00f3n de aleaci\u00f3n a trav\u00e9s de la conducci\u00f3n del calor, la memoria de sobreaceleraci\u00f3n se puede mantener a temperatura de funcionamiento.<\/p>\n\t\t\t\t\t<\/div>\n\t\t\t\t<\/div>\n\t\t\t\t<\/div>\n\t\t\t\t<div class=\"elementor-element elementor-element-70f8442 elementor-widget elementor-widget-wd_image_or_svg\" data-id=\"70f8442\" data-element_type=\"widget\" data-widget_type=\"wd_image_or_svg.default\">\n\t\t\t\t<div class=\"elementor-widget-container\">\n\t\t\t\n\t\t<div class=\"wd-image text-center\">\n\t\t\t\t\t\t\t\t<img loading=\"lazy\" decoding=\"async\" width=\"570\" height=\"350\" src=\"https:\/\/tzila.mx\/dev\/wp-content\/uploads\/2022\/03\/T-Force-Dark-za-DDR4-16GB-10.jpg\" class=\"attachment-full size-full\" alt=\"\" srcset=\"https:\/\/tzila.mx\/dev\/wp-content\/uploads\/2022\/03\/T-Force-Dark-za-DDR4-16GB-10.jpg 570w, https:\/\/tzila.mx\/dev\/wp-content\/uploads\/2022\/03\/T-Force-Dark-za-DDR4-16GB-10-400x246.jpg 400w, https:\/\/tzila.mx\/dev\/wp-content\/uploads\/2022\/03\/T-Force-Dark-za-DDR4-16GB-10-430x264.jpg 430w, https:\/\/tzila.mx\/dev\/wp-content\/uploads\/2022\/03\/T-Force-Dark-za-DDR4-16GB-10-150x92.jpg 150w\" sizes=\"auto, (max-width: 570px) 100vw, 570px\" \/>\t\t\t\t\t<\/div>\n\n\t\t\t\t<\/div>\n\t\t\t\t<\/div>\n\t\t\t\t<div class=\"elementor-element elementor-element-33adf0a elementor-widget elementor-widget-wd_button\" data-id=\"33adf0a\" data-element_type=\"widget\" data-widget_type=\"wd_button.default\">\n\t\t\t\t<div class=\"elementor-widget-container\">\n\t\t\t\t\t<div class=\"wd-button-wrapper text-center\" >\n\t\t\t<a class=\"btn btn-style-link btn-shape- btn-size-large btn-color-alt btn-icon-pos-right\"  href=\"https:\/\/www.teamgroupinc.com\/es\/catalog\/act.php?act=2&#038;index_id=160\" target=\"_blank\">\n\t\t\t\t<span class=\"wd-btn-text\" data-elementor-setting-key=\"text\">\n\t\t\t\t\tFicha t\u00e9cnica\t\t\t\t<\/span>\n\n\t\t\t\t\t\t\t<\/a>\n\t\t<\/div>\n\t\t\t\t<\/div>\n\t\t\t\t<\/div>\n\t\t\t\t\t<\/div>\n\t\t<\/div>\n\t\t\t\t\t\t\t<\/div>\n\t\t<\/section>\n\t\t\t\t\t\t<\/div>\n\t\t\t\t\t<\/div>\n\t\t","protected":false},"excerpt":{"rendered":"<h4>Caracter\u00edsticas principales:<\/h4>\n<p class=\"p1\"><span class=\"s1\">\u25cf<\/span><span class=\"s2\"> Capacidad memoria: 8<strong>GB<\/strong> (1x8GB)<\/span><br \/>\n<span class=\"s1\">\u25cf<\/span><span class=\"s2\"> Velocidad: de hasta 3200MHZ<\/span><br \/>\n<span class=\"s1\">\u25cf<\/span><span class=\"s2\"> Latencia: CL16<\/span><br \/>\n<span class=\"s1\">\u25cf<\/span><span class=\"s2\"> Color: Gris<\/span><\/p>\n","protected":false},"featured_media":10629,"comment_status":"open","ping_status":"closed","template":"","meta":[],"product_cat":[20,74,144],"product_tag":[184],"class_list":["post-10627","product","type-product","status-publish","has-post-thumbnail","hentry","product_cat-hardware","product_cat-memoria-ram","product_cat-teamgroup","product_tag-delta-tuf","pa_brand-teamgroup"],"_links":{"self":[{"href":"https:\/\/tzila.mx\/dev\/wp-json\/wp\/v2\/product\/10627","targetHints":{"allow":["GET"]}}],"collection":[{"href":"https:\/\/tzila.mx\/dev\/wp-json\/wp\/v2\/product"}],"about":[{"href":"https:\/\/tzila.mx\/dev\/wp-json\/wp\/v2\/types\/product"}],"replies":[{"embeddable":true,"href":"https:\/\/tzila.mx\/dev\/wp-json\/wp\/v2\/comments?post=10627"}],"version-history":[{"count":21,"href":"https:\/\/tzila.mx\/dev\/wp-json\/wp\/v2\/product\/10627\/revisions"}],"predecessor-version":[{"id":11453,"href":"https:\/\/tzila.mx\/dev\/wp-json\/wp\/v2\/product\/10627\/revisions\/11453"}],"wp:featuredmedia":[{"embeddable":true,"href":"https:\/\/tzila.mx\/dev\/wp-json\/wp\/v2\/media\/10629"}],"wp:attachment":[{"href":"https:\/\/tzila.mx\/dev\/wp-json\/wp\/v2\/media?parent=10627"}],"wp:term":[{"taxonomy":"product_cat","embeddable":true,"href":"https:\/\/tzila.mx\/dev\/wp-json\/wp\/v2\/product_cat?post=10627"},{"taxonomy":"product_tag","embeddable":true,"href":"https:\/\/tzila.mx\/dev\/wp-json\/wp\/v2\/product_tag?post=10627"}],"curies":[{"name":"wp","href":"https:\/\/api.w.org\/{rel}","templated":true}]}}