{"id":10599,"date":"2022-03-10T00:55:38","date_gmt":"2022-03-10T06:55:38","guid":{"rendered":"https:\/\/tzila.mx\/dev\/?post_type=product&#038;p=10599"},"modified":"2022-06-16T16:12:54","modified_gmt":"2022-06-16T21:12:54","slug":"kit-memoria-ram-teamgroup-t-force-dark-za-ddr4-3600","status":"publish","type":"product","link":"https:\/\/tzila.mx\/dev\/producto\/kit-memoria-ram-teamgroup-t-force-dark-za-ddr4-3600\/","title":{"rendered":"Kit Memoria RAM TeamGroup T FORCE Dark Z\u03b1 DDR4 3600Mhz"},"content":{"rendered":"\t\t<div data-elementor-type=\"wp-post\" data-elementor-id=\"10599\" class=\"elementor elementor-10599\" data-elementor-settings=\"[]\">\n\t\t\t\t\t\t\t<div class=\"elementor-section-wrap\">\n\t\t\t\t\t\t\t<section class=\"elementor-section elementor-top-section elementor-element elementor-element-154fe09 elementor-section-boxed elementor-section-height-default elementor-section-height-default wd-section-disabled\" data-id=\"154fe09\" data-element_type=\"section\">\n\t\t\t\t\t\t<div class=\"elementor-container elementor-column-gap-default\">\n\t\t\t\t\t<div class=\"elementor-column elementor-col-33 elementor-top-column elementor-element elementor-element-f14913d\" data-id=\"f14913d\" data-element_type=\"column\">\n\t\t\t<div class=\"elementor-widget-wrap elementor-element-populated\">\n\t\t\t\t\t\t\t\t<div class=\"elementor-element elementor-element-3d30eaf elementor-widget elementor-widget-wd_text_block\" data-id=\"3d30eaf\" data-element_type=\"widget\" data-widget_type=\"wd_text_block.default\">\n\t\t\t\t<div class=\"elementor-widget-container\">\n\t\t\t\t\t<div class=\"wd-text-block reset-last-child text-left\">\n\t\t\t\n\t\t\t<h5><strong>M\u00c1S ESPECIFICACIONES<\/strong><strong>:<\/strong><\/h5>\n\t\t\t\t\t<\/div>\n\t\t\t\t<\/div>\n\t\t\t\t<\/div>\n\t\t\t\t<div class=\"elementor-element elementor-element-6d44079 elementor-widget elementor-widget-wd_text_block\" data-id=\"6d44079\" data-element_type=\"widget\" data-widget_type=\"wd_text_block.default\">\n\t\t\t\t<div class=\"elementor-widget-container\">\n\t\t\t\t\t<div class=\"wd-text-block reset-last-child text-left\">\n\t\t\t\n\t\t\t<p class=\"p1\"><span class=\"s1\">\u25cf Dise\u00f1o con armadura para una protecci\u00f3n perfecta<\/span><br \/><span class=\"s1\">\u25cf<\/span><span class=\"s2\"> Disipador de calor de aleaci\u00f3n de aluminio de alto rendimiento<\/span><br \/><span class=\"s1\">\u25cf<\/span><span class=\"s2\"> Adhesivo altamente termoconductor<\/span><br \/><span class=\"s1\">\u25cf<\/span><span class=\"s2\"> Creado especialmente para AMD<\/span><br \/><span class=\"s1\">\u25cf<\/span><span class=\"s2\"> Circuito integrado selecto de alta calidad<\/span><br \/><span class=\"s1\">\u25cf<\/span><span class=\"s2\"> Soporte de perfil OC<\/span><br \/><span class=\"s1\">\u25cf<\/span><span class=\"s2\"> Ahorro de energ\u00eda con un voltaje de funcionamiento ultrabajo<\/span><br \/><br \/><\/p>\n\t\t\t\t\t<\/div>\n\t\t\t\t<\/div>\n\t\t\t\t<\/div>\n\t\t\t\t\t<\/div>\n\t\t<\/div>\n\t\t\t\t<div class=\"elementor-column elementor-col-66 elementor-top-column elementor-element elementor-element-1a0b71f\" data-id=\"1a0b71f\" data-element_type=\"column\">\n\t\t\t<div class=\"elementor-widget-wrap elementor-element-populated\">\n\t\t\t\t\t\t\t\t<div class=\"elementor-element elementor-element-6f6445b elementor-widget elementor-widget-wd_image_or_svg\" data-id=\"6f6445b\" data-element_type=\"widget\" data-widget_type=\"wd_image_or_svg.default\">\n\t\t\t\t<div class=\"elementor-widget-container\">\n\t\t\t\n\t\t<div class=\"wd-image text-center\">\n\t\t\t\t\t\t\t\t<img loading=\"lazy\" decoding=\"async\" width=\"554\" height=\"345\" src=\"https:\/\/tzila.mx\/dev\/wp-content\/uploads\/2022\/03\/T-Force-Dark-za-DDR4-16GB-7.png\" class=\"attachment-full size-full\" alt=\"\" srcset=\"https:\/\/tzila.mx\/dev\/wp-content\/uploads\/2022\/03\/T-Force-Dark-za-DDR4-16GB-7.png 554w, https:\/\/tzila.mx\/dev\/wp-content\/uploads\/2022\/03\/T-Force-Dark-za-DDR4-16GB-7-400x249.png 400w, https:\/\/tzila.mx\/dev\/wp-content\/uploads\/2022\/03\/T-Force-Dark-za-DDR4-16GB-7-430x268.png 430w, https:\/\/tzila.mx\/dev\/wp-content\/uploads\/2022\/03\/T-Force-Dark-za-DDR4-16GB-7-150x93.png 150w\" sizes=\"auto, (max-width: 554px) 100vw, 554px\" \/>\t\t\t\t\t<\/div>\n\n\t\t\t\t<\/div>\n\t\t\t\t<\/div>\n\t\t\t\t\t<\/div>\n\t\t<\/div>\n\t\t\t\t\t\t\t<\/div>\n\t\t<\/section>\n\t\t\t\t<section class=\"elementor-section elementor-top-section elementor-element elementor-element-f335c48 elementor-section-boxed elementor-section-height-default elementor-section-height-default wd-section-disabled\" data-id=\"f335c48\" data-element_type=\"section\">\n\t\t\t\t\t\t<div class=\"elementor-container elementor-column-gap-default\">\n\t\t\t\t\t<div class=\"elementor-column elementor-col-33 elementor-top-column elementor-element elementor-element-b982906\" data-id=\"b982906\" data-element_type=\"column\">\n\t\t\t<div class=\"elementor-widget-wrap elementor-element-populated\">\n\t\t\t\t\t\t\t\t<div class=\"elementor-element elementor-element-ecdf1c9 elementor-widget elementor-widget-wd_text_block\" data-id=\"ecdf1c9\" data-element_type=\"widget\" data-widget_type=\"wd_text_block.default\">\n\t\t\t\t<div class=\"elementor-widget-container\">\n\t\t\t\t\t<div class=\"wd-text-block reset-last-child text-left\">\n\t\t\t\n\t\t\t<h4>Memoria para AMD<\/h4><p>Una memoria AMD creada especialmente para el procesador Ryzen serie 3000 m\u00e1s reciente y la placa madre X570 de AMD. Probada para una compatibilidad y estabilidad completas.<\/p>\n\t\t\t\t\t<\/div>\n\t\t\t\t<\/div>\n\t\t\t\t<\/div>\n\t\t\t\t<div class=\"elementor-element elementor-element-d99ba58 elementor-widget elementor-widget-wd_image_or_svg\" data-id=\"d99ba58\" data-element_type=\"widget\" data-widget_type=\"wd_image_or_svg.default\">\n\t\t\t\t<div class=\"elementor-widget-container\">\n\t\t\t\n\t\t<div class=\"wd-image text-center\">\n\t\t\t\t\t\t\t\t<img loading=\"lazy\" decoding=\"async\" width=\"498\" height=\"335\" src=\"https:\/\/tzila.mx\/dev\/wp-content\/uploads\/2022\/03\/T-Force-Dark-za-DDR4-16GB-9.png\" class=\"attachment-full size-full\" alt=\"\" srcset=\"https:\/\/tzila.mx\/dev\/wp-content\/uploads\/2022\/03\/T-Force-Dark-za-DDR4-16GB-9.png 498w, https:\/\/tzila.mx\/dev\/wp-content\/uploads\/2022\/03\/T-Force-Dark-za-DDR4-16GB-9-400x269.png 400w, https:\/\/tzila.mx\/dev\/wp-content\/uploads\/2022\/03\/T-Force-Dark-za-DDR4-16GB-9-430x289.png 430w, https:\/\/tzila.mx\/dev\/wp-content\/uploads\/2022\/03\/T-Force-Dark-za-DDR4-16GB-9-150x101.png 150w\" sizes=\"auto, (max-width: 498px) 100vw, 498px\" \/>\t\t\t\t\t<\/div>\n\n\t\t\t\t<\/div>\n\t\t\t\t<\/div>\n\t\t\t\t<div class=\"elementor-element elementor-element-a953a45 elementor-widget elementor-widget-wd_text_block\" data-id=\"a953a45\" data-element_type=\"widget\" data-widget_type=\"wd_text_block.default\">\n\t\t\t\t<div class=\"elementor-widget-container\">\n\t\t\t\t\t<div class=\"wd-text-block reset-last-child text-left\">\n\t\t\t\n\t\t\t<h4>Alto rendimiento, bajo consumo de energ\u00eda, f\u00e1cil de actualizar<\/h4><article data-v-b7353816=\"\">Adem\u00e1s del aumento en la velocidad de transferencia de datos. Esta memoria para computadoras de escritorio ahorra energ\u00eda, tiene un alto rendimiento y un bajo consumo.<\/article>\n\t\t\t\t\t<\/div>\n\t\t\t\t<\/div>\n\t\t\t\t<\/div>\n\t\t\t\t\t<\/div>\n\t\t<\/div>\n\t\t\t\t<div class=\"elementor-column elementor-col-33 elementor-top-column elementor-element elementor-element-efcf9f4\" data-id=\"efcf9f4\" data-element_type=\"column\">\n\t\t\t<div class=\"elementor-widget-wrap elementor-element-populated\">\n\t\t\t\t\t\t\t\t<div class=\"elementor-element elementor-element-92b92dc elementor-widget elementor-widget-wd_text_block\" data-id=\"92b92dc\" data-element_type=\"widget\" data-widget_type=\"wd_text_block.default\">\n\t\t\t\t<div class=\"elementor-widget-container\">\n\t\t\t\t\t<div class=\"wd-text-block reset-last-child text-left\">\n\t\t\t\n\t\t\t<h4>Chips de circuito integrado seleccionados, estables y duraderos<\/h4><article data-v-b7353816=\"\"><p>La memoria DDR4 para videojuegos de TEAMGROUP, creada especialmente para AMD, pasa por un riguroso proceso de pruebas de calidad. Cada memoria de sobreaceleraci\u00f3n se prueba para obtener una compatibilidad y estabilidad completas. Esto ofrece a los gamers una memoria con excelente calidad, rendimiento \u00f3ptimo, estabilidad y compatibilidad.<\/p><\/article>\n\t\t\t\t\t<\/div>\n\t\t\t\t<\/div>\n\t\t\t\t<\/div>\n\t\t\t\t<div class=\"elementor-element elementor-element-f2aa1c7 elementor-widget elementor-widget-wd_text_block\" data-id=\"f2aa1c7\" data-element_type=\"widget\" data-widget_type=\"wd_text_block.default\">\n\t\t\t\t<div class=\"elementor-widget-container\">\n\t\t\t\t\t<div class=\"wd-text-block reset-last-child text-left\">\n\t\t\t\n\t\t\t<div class=\"row-content r-side\" data-v-b7353816=\"\"><h4>Compatible con el perfil OC, sobreaceleraci\u00f3n con solo un clic<\/h4><article data-v-b7353816=\"\">La memoria DDR4 T-FORCE DARK Z\u03b1 para videojuegos es plug-and-play. La sobreaceleraci\u00f3n es sencill\u00edsima sin el problema del ajuste manual del BIOS. Un paso y ya est\u00e1 listo para experimentar la sensaci\u00f3n de velocidad extrema de la memoria de sobreaceleraci\u00f3n.<\/article><\/div>\n\t\t\t\t\t<\/div>\n\t\t\t\t<\/div>\n\t\t\t\t<\/div>\n\t\t\t\t<div class=\"elementor-element elementor-element-70f8442 elementor-widget elementor-widget-wd_image_or_svg\" data-id=\"70f8442\" data-element_type=\"widget\" data-widget_type=\"wd_image_or_svg.default\">\n\t\t\t\t<div class=\"elementor-widget-container\">\n\t\t\t\n\t\t<div class=\"wd-image text-center\">\n\t\t\t\t\t\t\t\t<img decoding=\"async\" src=\"https:\/\/tzila.mx\/dev\/wp-content\/uploads\/elementor\/thumbs\/T-Force-Dark-za-DDR4-16GB-10-plneruopnw2fysdzeyapg621zavb9h0s0dnbzzgqmo.png\" title=\"T-Force-Dark-za-DDR4-16GB-10\" alt=\"T-Force-Dark-za-DDR4-16GB-10\" \/>\t\t\t\t\t<\/div>\n\n\t\t\t\t<\/div>\n\t\t\t\t<\/div>\n\t\t\t\t\t<\/div>\n\t\t<\/div>\n\t\t\t\t<div class=\"elementor-column elementor-col-33 elementor-top-column elementor-element elementor-element-dffdc91\" data-id=\"dffdc91\" data-element_type=\"column\">\n\t\t\t<div class=\"elementor-widget-wrap elementor-element-populated\">\n\t\t\t\t\t\t\t\t<div class=\"elementor-element elementor-element-43fb73f elementor-widget elementor-widget-wd_text_block\" data-id=\"43fb73f\" data-element_type=\"widget\" data-widget_type=\"wd_text_block.default\">\n\t\t\t\t<div class=\"elementor-widget-container\">\n\t\t\t\t\t<div class=\"wd-text-block reset-last-child text-left\">\n\t\t\t\n\t\t\t<h4>Estructura reforzada, disipaci\u00f3n de calor mejorada<\/h4><p>Se fabrica mediante un proceso de prensa de perforaci\u00f3n, en una placa de aleaci\u00f3n de aluminio de una sola pieza de 0.8 mm de grosor. Adem\u00e1s, la coloraci\u00f3n con el proceso de anodizaci\u00f3n electrol\u00edtica puede mejorar la resistencia a la corrosi\u00f3n y hacerla no conductora. Al transferir el calor del adhesivo t\u00e9rmico superconductor a los m\u00f3dulos de refrigeraci\u00f3n de aleaci\u00f3n a trav\u00e9s de la conducci\u00f3n del calor, la memoria de sobreaceleraci\u00f3n se puede mantener a temperatura de funcionamiento.<\/p>\n\t\t\t\t\t<\/div>\n\t\t\t\t<\/div>\n\t\t\t\t<\/div>\n\t\t\t\t<div class=\"elementor-element elementor-element-55366da elementor-widget elementor-widget-wd_image_or_svg\" data-id=\"55366da\" data-element_type=\"widget\" data-widget_type=\"wd_image_or_svg.default\">\n\t\t\t\t<div class=\"elementor-widget-container\">\n\t\t\t\n\t\t<div class=\"wd-image text-center\">\n\t\t\t\t\t\t\t\t<img loading=\"lazy\" decoding=\"async\" width=\"560\" height=\"348\" src=\"https:\/\/tzila.mx\/dev\/wp-content\/uploads\/2022\/03\/T-Force-Dark-za-DDR4-16GB-8.png\" class=\"attachment-full size-full\" alt=\"\" srcset=\"https:\/\/tzila.mx\/dev\/wp-content\/uploads\/2022\/03\/T-Force-Dark-za-DDR4-16GB-8.png 560w, https:\/\/tzila.mx\/dev\/wp-content\/uploads\/2022\/03\/T-Force-Dark-za-DDR4-16GB-8-400x249.png 400w, https:\/\/tzila.mx\/dev\/wp-content\/uploads\/2022\/03\/T-Force-Dark-za-DDR4-16GB-8-430x267.png 430w, https:\/\/tzila.mx\/dev\/wp-content\/uploads\/2022\/03\/T-Force-Dark-za-DDR4-16GB-8-150x93.png 150w\" sizes=\"auto, (max-width: 560px) 100vw, 560px\" \/>\t\t\t\t\t<\/div>\n\n\t\t\t\t<\/div>\n\t\t\t\t<\/div>\n\t\t\t\t<div class=\"elementor-element elementor-element-33adf0a elementor-widget elementor-widget-wd_button\" data-id=\"33adf0a\" data-element_type=\"widget\" data-widget_type=\"wd_button.default\">\n\t\t\t\t<div class=\"elementor-widget-container\">\n\t\t\t\t\t<div class=\"wd-button-wrapper text-center\" >\n\t\t\t<a class=\"btn btn-style-link btn-shape- btn-size-large btn-color-alt btn-icon-pos-right\"  href=\"https:\/\/www.teamgroupinc.com\/es\/catalog\/act.php?act=2&#038;index_id=165\" target=\"_blank\">\n\t\t\t\t<span class=\"wd-btn-text\" data-elementor-setting-key=\"text\">\n\t\t\t\t\tFicha t\u00e9cnica\t\t\t\t<\/span>\n\n\t\t\t\t\t\t\t<\/a>\n\t\t<\/div>\n\t\t\t\t<\/div>\n\t\t\t\t<\/div>\n\t\t\t\t\t<\/div>\n\t\t<\/div>\n\t\t\t\t\t\t\t<\/div>\n\t\t<\/section>\n\t\t\t\t\t\t<\/div>\n\t\t\t\t\t<\/div>\n\t\t","protected":false},"excerpt":{"rendered":"<h4>Caracter\u00edsticas principales:<\/h4>\n<p class=\"p1\"><span class=\"s1\">\u25cf<\/span><span class=\"s2\"> Capacidad memoria: <strong>16GB<\/strong> (2x8GB)<\/span><br \/>\n<span class=\"s1\">\u25cf<\/span><span class=\"s2\"> Velocidad: de hasta 3600MHZ<\/span><br \/>\n<span class=\"s1\">\u25cf<\/span><span class=\"s2\"> Latencia: CL18<\/span><\/p>\n","protected":false},"featured_media":10603,"comment_status":"open","ping_status":"closed","template":"","meta":[],"product_cat":[20,74,144],"product_tag":[185],"class_list":["post-10599","product","type-product","status-publish","has-post-thumbnail","hentry","product_cat-hardware","product_cat-memoria-ram","product_cat-teamgroup","product_tag-dark-za","pa_brand-teamgroup"],"_links":{"self":[{"href":"https:\/\/tzila.mx\/dev\/wp-json\/wp\/v2\/product\/10599","targetHints":{"allow":["GET"]}}],"collection":[{"href":"https:\/\/tzila.mx\/dev\/wp-json\/wp\/v2\/product"}],"about":[{"href":"https:\/\/tzila.mx\/dev\/wp-json\/wp\/v2\/types\/product"}],"replies":[{"embeddable":true,"href":"https:\/\/tzila.mx\/dev\/wp-json\/wp\/v2\/comments?post=10599"}],"version-history":[{"count":20,"href":"https:\/\/tzila.mx\/dev\/wp-json\/wp\/v2\/product\/10599\/revisions"}],"predecessor-version":[{"id":15500,"href":"https:\/\/tzila.mx\/dev\/wp-json\/wp\/v2\/product\/10599\/revisions\/15500"}],"wp:featuredmedia":[{"embeddable":true,"href":"https:\/\/tzila.mx\/dev\/wp-json\/wp\/v2\/media\/10603"}],"wp:attachment":[{"href":"https:\/\/tzila.mx\/dev\/wp-json\/wp\/v2\/media?parent=10599"}],"wp:term":[{"taxonomy":"product_cat","embeddable":true,"href":"https:\/\/tzila.mx\/dev\/wp-json\/wp\/v2\/product_cat?post=10599"},{"taxonomy":"product_tag","embeddable":true,"href":"https:\/\/tzila.mx\/dev\/wp-json\/wp\/v2\/product_tag?post=10599"}],"curies":[{"name":"wp","href":"https:\/\/api.w.org\/{rel}","templated":true}]}}