{"id":10581,"date":"2022-03-10T00:30:24","date_gmt":"2022-03-10T06:30:24","guid":{"rendered":"https:\/\/tzila.mx\/dev\/?post_type=product&#038;p=10581"},"modified":"2022-06-16T16:12:41","modified_gmt":"2022-06-16T21:12:41","slug":"memoria-ram-teamgroup-t-force-delta-tuf-rgb-ddr4-3200","status":"publish","type":"product","link":"https:\/\/tzila.mx\/dev\/producto\/memoria-ram-teamgroup-t-force-delta-tuf-rgb-ddr4-3200\/","title":{"rendered":"Memoria RAM TeamGroup T FORCE Delta TUF RGB DDR4 3200Mhz"},"content":{"rendered":"\t\t<div data-elementor-type=\"wp-post\" data-elementor-id=\"10581\" class=\"elementor elementor-10581\" data-elementor-settings=\"[]\">\n\t\t\t\t\t\t\t<div class=\"elementor-section-wrap\">\n\t\t\t\t\t\t\t<section class=\"elementor-section elementor-top-section elementor-element elementor-element-154fe09 elementor-section-boxed elementor-section-height-default elementor-section-height-default wd-section-disabled\" data-id=\"154fe09\" data-element_type=\"section\">\n\t\t\t\t\t\t<div class=\"elementor-container elementor-column-gap-default\">\n\t\t\t\t\t<div class=\"elementor-column elementor-col-33 elementor-top-column elementor-element elementor-element-f14913d\" data-id=\"f14913d\" data-element_type=\"column\">\n\t\t\t<div class=\"elementor-widget-wrap elementor-element-populated\">\n\t\t\t\t\t\t\t\t<div class=\"elementor-element elementor-element-3d30eaf elementor-widget elementor-widget-wd_text_block\" data-id=\"3d30eaf\" data-element_type=\"widget\" data-widget_type=\"wd_text_block.default\">\n\t\t\t\t<div class=\"elementor-widget-container\">\n\t\t\t\t\t<div class=\"wd-text-block reset-last-child text-left\">\n\t\t\t\n\t\t\t<h5><strong>M\u00c1S ESPECIFICACIONES<\/strong><strong>:<\/strong><\/h5>\n\t\t\t\t\t<\/div>\n\t\t\t\t<\/div>\n\t\t\t\t<\/div>\n\t\t\t\t<div class=\"elementor-element elementor-element-6d44079 elementor-widget elementor-widget-wd_text_block\" data-id=\"6d44079\" data-element_type=\"widget\" data-widget_type=\"wd_text_block.default\">\n\t\t\t\t<div class=\"elementor-widget-container\">\n\t\t\t\t\t<div class=\"wd-text-block reset-last-child text-left\">\n\t\t\t\n\t\t\t<p class=\"p1\"><span class=\"s1\">\u25cf Certificada por TUF Gaming Alliance<\/span><br \/><span class=\"s1\">\u25cf<\/span><span class=\"s2\"> Efectos de iluminaci\u00f3n ultra gran angular de 120 grados<\/span><br \/><span class=\"s1\">\u25cf<\/span><span class=\"s2\"> Dise\u00f1o asim\u00e9trico minimalista<\/span><br \/><span class=\"s1\">\u25cf<\/span><span class=\"s2\"> M\u00f3dulo de enfriamiento de aleaci\u00f3n de aluminio con alta eficiencia de transferencia de calor<\/span><br \/><span class=\"s1\">\u25cf<\/span><span class=\"s2\"> Compatible con placas madre Intel y AMD<\/span><br \/><span class=\"s1\">\u25cf<\/span><span class=\"s2\"> Ahorro de energ\u00eda con un voltaje de funcionamiento ultrabajo<\/span><br \/><span class=\"s1\">\u25cf<\/span><span class=\"s2\"> Compatible con tecnolog\u00eda XMP 2.0 y sobreaceleraci\u00f3n de un solo clic<\/span><br \/><span class=\"s1\">\u25cf<\/span><span class=\"s2\"> Chips 9 de circuitos integrados selectos, de alta calidad. Garant\u00eda de por vida.<\/span><\/p>\n\t\t\t\t\t<\/div>\n\t\t\t\t<\/div>\n\t\t\t\t<\/div>\n\t\t\t\t\t<\/div>\n\t\t<\/div>\n\t\t\t\t<div class=\"elementor-column elementor-col-66 elementor-top-column elementor-element elementor-element-1a0b71f\" data-id=\"1a0b71f\" data-element_type=\"column\">\n\t\t\t<div class=\"elementor-widget-wrap elementor-element-populated\">\n\t\t\t\t\t\t\t\t<div class=\"elementor-element elementor-element-6f6445b elementor-widget elementor-widget-wd_image_or_svg\" data-id=\"6f6445b\" data-element_type=\"widget\" data-widget_type=\"wd_image_or_svg.default\">\n\t\t\t\t<div class=\"elementor-widget-container\">\n\t\t\t\n\t\t<div class=\"wd-image text-center\">\n\t\t\t\t\t\t\t\t<img decoding=\"async\" src=\"https:\/\/tzila.mx\/dev\/wp-content\/uploads\/elementor\/thumbs\/T-Force-NIGHT-HAWK-DDR4-16GB-3-plndak8cq0ju94v2hd0l712qi6bcu73jy9aieanzco.png\" title=\"T-Force-NIGHT-HAWK-DDR4-16GB-3\" alt=\"T-Force-NIGHT-HAWK-DDR4-16GB-3\" \/>\t\t\t\t\t<\/div>\n\n\t\t\t\t<\/div>\n\t\t\t\t<\/div>\n\t\t\t\t\t<\/div>\n\t\t<\/div>\n\t\t\t\t\t\t\t<\/div>\n\t\t<\/section>\n\t\t\t\t<section class=\"elementor-section elementor-top-section elementor-element elementor-element-f335c48 elementor-section-boxed elementor-section-height-default elementor-section-height-default wd-section-disabled\" data-id=\"f335c48\" data-element_type=\"section\">\n\t\t\t\t\t\t<div class=\"elementor-container elementor-column-gap-default\">\n\t\t\t\t\t<div class=\"elementor-column elementor-col-33 elementor-top-column elementor-element elementor-element-b982906\" data-id=\"b982906\" data-element_type=\"column\">\n\t\t\t<div class=\"elementor-widget-wrap elementor-element-populated\">\n\t\t\t\t\t\t\t\t<div class=\"elementor-element elementor-element-ecdf1c9 elementor-widget elementor-widget-wd_text_block\" data-id=\"ecdf1c9\" data-element_type=\"widget\" data-widget_type=\"wd_text_block.default\">\n\t\t\t\t<div class=\"elementor-widget-container\">\n\t\t\t\t\t<div class=\"wd-text-block reset-last-child text-left\">\n\t\t\t\n\t\t\t<h4>Memoria certificada por TUF Gaming Alliance<\/h4><p>Una vez m\u00e1s, T-FORCE de TEAMGROUP une sus fuerzas con ASUS, l\u00edder en la producci\u00f3n de placas madre, para lanzar la memoria de sobreaceleraci\u00f3n T-FORCE DELTA TUF Gaming RGB, que ha superado las estrictas pruebas de TUF Gaming Alliance y ha recibido su certificaci\u00f3n. El dise\u00f1o cuenta con el exclusivo patr\u00f3n de camuflaje militar de TUF Gaming Alliance. La memoria de sobreaceleraci\u00f3n T-FORCE DELTA TUF Gaming RGB es, definitivamente, \u00a1su mejor y m\u00e1s valiente camarada!<\/p>\n\t\t\t\t\t<\/div>\n\t\t\t\t<\/div>\n\t\t\t\t<\/div>\n\t\t\t\t<div class=\"elementor-element elementor-element-d99ba58 elementor-widget elementor-widget-wd_image_or_svg\" data-id=\"d99ba58\" data-element_type=\"widget\" data-widget_type=\"wd_image_or_svg.default\">\n\t\t\t\t<div class=\"elementor-widget-container\">\n\t\t\t\n\t\t<div class=\"wd-image text-center\">\n\t\t\t\t\t\t\t\t<img loading=\"lazy\" decoding=\"async\" width=\"605\" height=\"360\" src=\"https:\/\/tzila.mx\/dev\/wp-content\/uploads\/2022\/03\/T-Force-NIGHT-HAWK-DDR4-16GB-5.png\" class=\"attachment-full size-full\" alt=\"\" srcset=\"https:\/\/tzila.mx\/dev\/wp-content\/uploads\/2022\/03\/T-Force-NIGHT-HAWK-DDR4-16GB-5.png 605w, https:\/\/tzila.mx\/dev\/wp-content\/uploads\/2022\/03\/T-Force-NIGHT-HAWK-DDR4-16GB-5-400x238.png 400w, https:\/\/tzila.mx\/dev\/wp-content\/uploads\/2022\/03\/T-Force-NIGHT-HAWK-DDR4-16GB-5-430x256.png 430w, https:\/\/tzila.mx\/dev\/wp-content\/uploads\/2022\/03\/T-Force-NIGHT-HAWK-DDR4-16GB-5-150x89.png 150w\" sizes=\"auto, (max-width: 605px) 100vw, 605px\" \/>\t\t\t\t\t<\/div>\n\n\t\t\t\t<\/div>\n\t\t\t\t<\/div>\n\t\t\t\t<div class=\"elementor-element elementor-element-43fb73f elementor-widget elementor-widget-wd_text_block\" data-id=\"43fb73f\" data-element_type=\"widget\" data-widget_type=\"wd_text_block.default\">\n\t\t\t\t<div class=\"elementor-widget-container\">\n\t\t\t\t\t<div class=\"wd-text-block reset-last-child text-left\">\n\t\t\t\n\t\t\t<h4>Elementos de dise\u00f1o de TUF Gaming<\/h4><p>Con creatividad e ingenio, el equipo de TEAMGROUP agrega elementos de TUF Gaming en el difusor t\u00e9rmico de la memoria de marca compartida ASUS. Con el concepto de dise\u00f1o de iluminaci\u00f3n de Flujo Force ultra gran angular, la memoria de sobreaceleraci\u00f3n RGB para videojuegos T-FORCE DELTA TUF se cre\u00f3 a la perfecci\u00f3n para ofrecer a los gamers una experiencia visual completamente novedosa.<\/p>\n\t\t\t\t\t<\/div>\n\t\t\t\t<\/div>\n\t\t\t\t<\/div>\n\t\t\t\t\t<\/div>\n\t\t<\/div>\n\t\t\t\t<div class=\"elementor-column elementor-col-33 elementor-top-column elementor-element elementor-element-efcf9f4\" data-id=\"efcf9f4\" data-element_type=\"column\">\n\t\t\t<div class=\"elementor-widget-wrap elementor-element-populated\">\n\t\t\t\t\t\t\t\t<div class=\"elementor-element elementor-element-55366da elementor-widget elementor-widget-wd_image_or_svg\" data-id=\"55366da\" data-element_type=\"widget\" data-widget_type=\"wd_image_or_svg.default\">\n\t\t\t\t<div class=\"elementor-widget-container\">\n\t\t\t\n\t\t<div class=\"wd-image text-center\">\n\t\t\t\t\t\t\t\t<img loading=\"lazy\" decoding=\"async\" width=\"556\" height=\"345\" src=\"https:\/\/tzila.mx\/dev\/wp-content\/uploads\/2022\/03\/T-Force-NIGHT-HAWK-DDR4-16GB-4.png\" class=\"attachment-full size-full\" alt=\"\" srcset=\"https:\/\/tzila.mx\/dev\/wp-content\/uploads\/2022\/03\/T-Force-NIGHT-HAWK-DDR4-16GB-4.png 556w, https:\/\/tzila.mx\/dev\/wp-content\/uploads\/2022\/03\/T-Force-NIGHT-HAWK-DDR4-16GB-4-400x248.png 400w, https:\/\/tzila.mx\/dev\/wp-content\/uploads\/2022\/03\/T-Force-NIGHT-HAWK-DDR4-16GB-4-430x267.png 430w, https:\/\/tzila.mx\/dev\/wp-content\/uploads\/2022\/03\/T-Force-NIGHT-HAWK-DDR4-16GB-4-150x93.png 150w\" sizes=\"auto, (max-width: 556px) 100vw, 556px\" \/>\t\t\t\t\t<\/div>\n\n\t\t\t\t<\/div>\n\t\t\t\t<\/div>\n\t\t\t\t<div class=\"elementor-element elementor-element-92b92dc elementor-widget elementor-widget-wd_text_block\" data-id=\"92b92dc\" data-element_type=\"widget\" data-widget_type=\"wd_text_block.default\">\n\t\t\t\t<div class=\"elementor-widget-container\">\n\t\t\t\t\t<div class=\"wd-text-block reset-last-child text-left\">\n\t\t\t\n\t\t\t<h4>Dise\u00f1o asim\u00e9trico minimalista<\/h4><article data-v-b7353816=\"\"><p>El dise\u00f1o de la memoria de sobreaceleraci\u00f3n T-FORCE DELTA TUF Gaming RGB cuenta con la l\u00ednea geom\u00e9trica integrada para crear un difusor t\u00e9rmico simple y elegante que presenta un nuevo estilo de arte estereosc\u00f3pico, que resulta la combinaci\u00f3n perfecta de arte y manufactura. Las l\u00edneas en relieve de la superficie no solo aumentan el \u00e1rea de disipaci\u00f3n de calor, sino que tambi\u00e9n mejoran con eficacia la refrigeraci\u00f3n del m\u00f3dulo de memoria para videojuegos, por lo que la calidad de la operaci\u00f3n se puede estabilizar con precisi\u00f3n.<\/p><\/article>\n\t\t\t\t\t<\/div>\n\t\t\t\t<\/div>\n\t\t\t\t<\/div>\n\t\t\t\t<div class=\"elementor-element elementor-element-a953a45 elementor-widget elementor-widget-wd_text_block\" data-id=\"a953a45\" data-element_type=\"widget\" data-widget_type=\"wd_text_block.default\">\n\t\t\t\t<div class=\"elementor-widget-container\">\n\t\t\t\t\t<div class=\"wd-text-block reset-last-child text-left\">\n\t\t\t\n\t\t\t<h4>Chips de circuitos integrados selectos, de alta calidad<\/h4><article data-v-b7353816=\"\">Con un est\u00e1ndar de prueba estricto, TEAMGROUP insiste en el uso de chips de circuitos integrados de alto nivel que ofrecen excelente calidad, rendimiento \u00f3ptimo, estabilidad y compatibilidad. Proporciona a los gamers la m\u00e1xima sensaci\u00f3n de sobreaceleraci\u00f3n y un m\u00f3dulo de memoria de sobreaceleraci\u00f3n RGB de gran estabilidad.<\/article>\n\t\t\t\t\t<\/div>\n\t\t\t\t<\/div>\n\t\t\t\t<\/div>\n\t\t\t\t<div class=\"elementor-element elementor-element-33adf0a elementor-widget elementor-widget-wd_button\" data-id=\"33adf0a\" data-element_type=\"widget\" data-widget_type=\"wd_button.default\">\n\t\t\t\t<div class=\"elementor-widget-container\">\n\t\t\t\t\t<div class=\"wd-button-wrapper text-center\" >\n\t\t\t<a class=\"btn btn-style-link btn-shape- btn-size-large btn-color-alt btn-icon-pos-right\"  href=\"https:\/\/www.teamgroupinc.com\/es\/catalog\/act.php?act=2&#038;index_id=139\" target=\"_blank\">\n\t\t\t\t<span class=\"wd-btn-text\" data-elementor-setting-key=\"text\">\n\t\t\t\t\tFicha t\u00e9cnica\t\t\t\t<\/span>\n\n\t\t\t\t\t\t\t<\/a>\n\t\t<\/div>\n\t\t\t\t<\/div>\n\t\t\t\t<\/div>\n\t\t\t\t\t<\/div>\n\t\t<\/div>\n\t\t\t\t<div class=\"elementor-column elementor-col-33 elementor-top-column elementor-element elementor-element-dffdc91\" data-id=\"dffdc91\" data-element_type=\"column\">\n\t\t\t<div class=\"elementor-widget-wrap elementor-element-populated\">\n\t\t\t\t\t\t\t\t<div class=\"elementor-element elementor-element-f2aa1c7 elementor-widget elementor-widget-wd_text_block\" data-id=\"f2aa1c7\" data-element_type=\"widget\" data-widget_type=\"wd_text_block.default\">\n\t\t\t\t<div class=\"elementor-widget-container\">\n\t\t\t\t\t<div class=\"wd-text-block reset-last-child text-left\">\n\t\t\t\n\t\t\t<div class=\"row-content r-side\" data-v-b7353816=\"\"><h4>Compatible con el software de ASUS Aura Sync y con la sincronizaci\u00f3n de efectos de iluminaci\u00f3n de la placa madre<\/h4><article data-v-b7353816=\"\"><p>La memoria de sobreaceleraci\u00f3n T-FORCE DELTA TUF Gaming RGB tiene un efecto de iluminaci\u00f3n sincronizado a todo color que se puede cambiar. La iluminaci\u00f3n se puede controlar a trav\u00e9s, desarrollado exclusivamente por TEAMGROUP y hay hasta 8 tipos de efectos de iluminaci\u00f3n incorporada disponibles. Adem\u00e1s, los efectos de iluminaci\u00f3n y la sincronizaci\u00f3n de los efectos de iluminaci\u00f3n tambi\u00e9n se pueden controlar mediante el software Aura Sync [2] de ASUS. Adem\u00e1s, los usuarios pueden cambiar el ajuste manualmente seg\u00fan sus preferencias personales para mostrar el efecto visual m\u00e1s genial, atractivo y de moda con un estilo personal.<br \/>[1]\u00a0Este producto es compatible con el software de control de efectos de iluminaci\u00f3n ASUS AURA Sync. Puede controlar los efectos de iluminaci\u00f3n y ofrecer efectos totalmente sincronizados.<\/p><\/article><\/div>\n\t\t\t\t\t<\/div>\n\t\t\t\t<\/div>\n\t\t\t\t<\/div>\n\t\t\t\t<div class=\"elementor-element elementor-element-70f8442 elementor-widget elementor-widget-wd_image_or_svg\" data-id=\"70f8442\" data-element_type=\"widget\" data-widget_type=\"wd_image_or_svg.default\">\n\t\t\t\t<div class=\"elementor-widget-container\">\n\t\t\t\n\t\t<div class=\"wd-image text-center\">\n\t\t\t\t\t\t\t\t<img loading=\"lazy\" decoding=\"async\" width=\"323\" height=\"299\" src=\"https:\/\/tzila.mx\/dev\/wp-content\/uploads\/2022\/03\/T-Force-NIGHT-HAWK-DDR4-16GB-6-1.png\" class=\"attachment-full size-full\" alt=\"\" srcset=\"https:\/\/tzila.mx\/dev\/wp-content\/uploads\/2022\/03\/T-Force-NIGHT-HAWK-DDR4-16GB-6-1.png 323w, https:\/\/tzila.mx\/dev\/wp-content\/uploads\/2022\/03\/T-Force-NIGHT-HAWK-DDR4-16GB-6-1-150x139.png 150w\" sizes=\"auto, (max-width: 323px) 100vw, 323px\" \/>\t\t\t\t\t<\/div>\n\n\t\t\t\t<\/div>\n\t\t\t\t<\/div>\n\t\t\t\t\t<\/div>\n\t\t<\/div>\n\t\t\t\t\t\t\t<\/div>\n\t\t<\/section>\n\t\t\t\t\t\t<\/div>\n\t\t\t\t\t<\/div>\n\t\t","protected":false},"excerpt":{"rendered":"<h4>Caracter\u00edsticas principales:<\/h4>\n<p class=\"p1\"><span class=\"s1\">\u25cf<\/span><span class=\"s2\"> Capacidad memoria: <strong>16GB<\/strong> (1x16GB)<\/span><br \/>\n<span class=\"s1\">\u25cf<\/span><span class=\"s2\"> Velocidad: de hasta 3200MHZ<\/span><br \/>\n<span class=\"s1\">\u25cf<\/span><span class=\"s2\"> Latencia: CL16<\/span><\/p>\n","protected":false},"featured_media":10583,"comment_status":"open","ping_status":"closed","template":"","meta":[],"product_cat":[20,74,144],"product_tag":[184],"class_list":["post-10581","product","type-product","status-publish","has-post-thumbnail","hentry","product_cat-hardware","product_cat-memoria-ram","product_cat-teamgroup","product_tag-delta-tuf","pa_brand-teamgroup"],"_links":{"self":[{"href":"https:\/\/tzila.mx\/dev\/wp-json\/wp\/v2\/product\/10581","targetHints":{"allow":["GET"]}}],"collection":[{"href":"https:\/\/tzila.mx\/dev\/wp-json\/wp\/v2\/product"}],"about":[{"href":"https:\/\/tzila.mx\/dev\/wp-json\/wp\/v2\/types\/product"}],"replies":[{"embeddable":true,"href":"https:\/\/tzila.mx\/dev\/wp-json\/wp\/v2\/comments?post=10581"}],"version-history":[{"count":15,"href":"https:\/\/tzila.mx\/dev\/wp-json\/wp\/v2\/product\/10581\/revisions"}],"predecessor-version":[{"id":11455,"href":"https:\/\/tzila.mx\/dev\/wp-json\/wp\/v2\/product\/10581\/revisions\/11455"}],"wp:featuredmedia":[{"embeddable":true,"href":"https:\/\/tzila.mx\/dev\/wp-json\/wp\/v2\/media\/10583"}],"wp:attachment":[{"href":"https:\/\/tzila.mx\/dev\/wp-json\/wp\/v2\/media?parent=10581"}],"wp:term":[{"taxonomy":"product_cat","embeddable":true,"href":"https:\/\/tzila.mx\/dev\/wp-json\/wp\/v2\/product_cat?post=10581"},{"taxonomy":"product_tag","embeddable":true,"href":"https:\/\/tzila.mx\/dev\/wp-json\/wp\/v2\/product_tag?post=10581"}],"curies":[{"name":"wp","href":"https:\/\/api.w.org\/{rel}","templated":true}]}}