{"id":10538,"date":"2022-03-09T21:46:08","date_gmt":"2022-03-10T03:46:08","guid":{"rendered":"https:\/\/tzila.mx\/dev\/?post_type=product&#038;p=10538"},"modified":"2022-06-16T16:16:32","modified_gmt":"2022-06-16T21:16:32","slug":"kit-memoria-ram-teamgroup-t-force-night-hawk-rgb-ddr4-3200","status":"publish","type":"product","link":"https:\/\/tzila.mx\/dev\/producto\/kit-memoria-ram-teamgroup-t-force-night-hawk-rgb-ddr4-3200\/","title":{"rendered":"Kit Memoria RAM TeamGroup T FORCE Night Hawk RGB DDR4 3200Mhz"},"content":{"rendered":"\t\t<div data-elementor-type=\"wp-post\" data-elementor-id=\"10538\" class=\"elementor elementor-10538\" data-elementor-settings=\"[]\">\n\t\t\t\t\t\t\t<div class=\"elementor-section-wrap\">\n\t\t\t\t\t\t\t<section class=\"elementor-section elementor-top-section elementor-element elementor-element-154fe09 elementor-section-boxed elementor-section-height-default elementor-section-height-default wd-section-disabled\" data-id=\"154fe09\" data-element_type=\"section\">\n\t\t\t\t\t\t<div class=\"elementor-container elementor-column-gap-default\">\n\t\t\t\t\t<div class=\"elementor-column elementor-col-33 elementor-top-column elementor-element elementor-element-f14913d\" data-id=\"f14913d\" data-element_type=\"column\">\n\t\t\t<div class=\"elementor-widget-wrap elementor-element-populated\">\n\t\t\t\t\t\t\t\t<div class=\"elementor-element elementor-element-3d30eaf elementor-widget elementor-widget-wd_text_block\" data-id=\"3d30eaf\" data-element_type=\"widget\" data-widget_type=\"wd_text_block.default\">\n\t\t\t\t<div class=\"elementor-widget-container\">\n\t\t\t\t\t<div class=\"wd-text-block reset-last-child text-left\">\n\t\t\t\n\t\t\t<h5><strong>M\u00c1S ESPECIFICACIONES<\/strong><strong>:<\/strong><\/h5>\n\t\t\t\t\t<\/div>\n\t\t\t\t<\/div>\n\t\t\t\t<\/div>\n\t\t\t\t<div class=\"elementor-element elementor-element-6d44079 elementor-widget elementor-widget-wd_text_block\" data-id=\"6d44079\" data-element_type=\"widget\" data-widget_type=\"wd_text_block.default\">\n\t\t\t\t<div class=\"elementor-widget-container\">\n\t\t\t\t\t<div class=\"wd-text-block reset-last-child text-left\">\n\t\t\t\n\t\t\t<p class=\"p1\"><span class=\"s1\">\u25cf DDR4 LED RGB Variedad de colores con luces en efectos<\/span><br \/><span class=\"s1\">\u25cf<\/span><span class=\"s2\"> T\u00f3tem de batalla exclusivo con dise\u00f1o de ojos de halc\u00f3n<\/span><br \/><span class=\"s1\">\u25cf<\/span><span class=\"s2\"> Placa de sobreaceleraci\u00f3n de primer nivel de 10 capas<\/span><br \/><span class=\"s1\">\u25cf<\/span><span class=\"s2\"> Circuito integrado selecto de alta calidad que es estable y confiable<\/span><br \/><span class=\"s1\">\u25cf<\/span><span class=\"s2\"> Perfil de sobreaceleraci\u00f3n compatible para sobreaceleraci\u00f3n con solo un clic<\/span><br \/><span class=\"s1\">\u25cf<\/span><span class=\"s2\"> Software de control de iluminaci\u00f3n m\u00faltiple compatible<\/span><br \/><br \/><\/p>\n\t\t\t\t\t<\/div>\n\t\t\t\t<\/div>\n\t\t\t\t<\/div>\n\t\t\t\t\t<\/div>\n\t\t<\/div>\n\t\t\t\t<div class=\"elementor-column elementor-col-66 elementor-top-column elementor-element elementor-element-1a0b71f\" data-id=\"1a0b71f\" data-element_type=\"column\">\n\t\t\t<div class=\"elementor-widget-wrap elementor-element-populated\">\n\t\t\t\t\t\t\t\t<div class=\"elementor-element elementor-element-6f6445b elementor-widget elementor-widget-wd_image_or_svg\" data-id=\"6f6445b\" data-element_type=\"widget\" data-widget_type=\"wd_image_or_svg.default\">\n\t\t\t\t<div class=\"elementor-widget-container\">\n\t\t\t\n\t\t<div class=\"wd-image text-center\">\n\t\t\t\t\t\t\t\t<img decoding=\"async\" src=\"https:\/\/tzila.mx\/dev\/wp-content\/uploads\/elementor\/thumbs\/T-Force-NIGHT-HAWK-DDR4-16GB-9-plnb8gmcqccsaz0rfkf4kv28d08fx7nz2o90bj3zxc.png\" title=\"T-Force-NIGHT-HAWK-DDR4-16GB-9\" alt=\"T-Force-NIGHT-HAWK-DDR4-16GB-9\" \/>\t\t\t\t\t<\/div>\n\n\t\t\t\t<\/div>\n\t\t\t\t<\/div>\n\t\t\t\t\t<\/div>\n\t\t<\/div>\n\t\t\t\t\t\t\t<\/div>\n\t\t<\/section>\n\t\t\t\t<section class=\"elementor-section elementor-top-section elementor-element elementor-element-f335c48 elementor-section-boxed elementor-section-height-default elementor-section-height-default wd-section-disabled\" data-id=\"f335c48\" data-element_type=\"section\">\n\t\t\t\t\t\t<div class=\"elementor-container elementor-column-gap-default\">\n\t\t\t\t\t<div class=\"elementor-column elementor-col-33 elementor-top-column elementor-element elementor-element-b982906\" data-id=\"b982906\" data-element_type=\"column\">\n\t\t\t<div class=\"elementor-widget-wrap elementor-element-populated\">\n\t\t\t\t\t\t\t\t<div class=\"elementor-element elementor-element-ecdf1c9 elementor-widget elementor-widget-wd_text_block\" data-id=\"ecdf1c9\" data-element_type=\"widget\" data-widget_type=\"wd_text_block.default\">\n\t\t\t\t<div class=\"elementor-widget-container\">\n\t\t\t\t\t<div class=\"wd-text-block reset-last-child text-left\">\n\t\t\t\n\t\t\t<h4 class=\"myTitle\">NIGHT HAWK RGB: Dise\u00f1ado para jugadores<\/h4><p>Inspirado en las \"alas voladoras\" del logotipo de T-FORCE, el NIGHT HAWK RGB reina como el halc\u00f3n nocturno de la oscuridad y el halc\u00f3n blanco de las nieves para alcanzar velocidades m\u00e1ximas y asegurarse de que los jugadores puedan posicionarse libremente en el cambiante mundo de los juegos.<\/p>\n\t\t\t\t\t<\/div>\n\t\t\t\t<\/div>\n\t\t\t\t<\/div>\n\t\t\t\t<div class=\"elementor-element elementor-element-d99ba58 elementor-widget elementor-widget-wd_image_or_svg\" data-id=\"d99ba58\" data-element_type=\"widget\" data-widget_type=\"wd_image_or_svg.default\">\n\t\t\t\t<div class=\"elementor-widget-container\">\n\t\t\t\n\t\t<div class=\"wd-image text-center\">\n\t\t\t\t\t\t\t\t<img loading=\"lazy\" decoding=\"async\" width=\"626\" height=\"441\" src=\"https:\/\/tzila.mx\/dev\/wp-content\/uploads\/2022\/03\/T-Force-NIGHT-HAWK-DDR4-16GB-6.png\" class=\"attachment-full size-full\" alt=\"\" srcset=\"https:\/\/tzila.mx\/dev\/wp-content\/uploads\/2022\/03\/T-Force-NIGHT-HAWK-DDR4-16GB-6.png 626w, https:\/\/tzila.mx\/dev\/wp-content\/uploads\/2022\/03\/T-Force-NIGHT-HAWK-DDR4-16GB-6-400x282.png 400w, https:\/\/tzila.mx\/dev\/wp-content\/uploads\/2022\/03\/T-Force-NIGHT-HAWK-DDR4-16GB-6-430x303.png 430w, https:\/\/tzila.mx\/dev\/wp-content\/uploads\/2022\/03\/T-Force-NIGHT-HAWK-DDR4-16GB-6-150x106.png 150w\" sizes=\"auto, (max-width: 626px) 100vw, 626px\" \/>\t\t\t\t\t<\/div>\n\n\t\t\t\t<\/div>\n\t\t\t\t<\/div>\n\t\t\t\t<div class=\"elementor-element elementor-element-43fb73f elementor-widget elementor-widget-wd_text_block\" data-id=\"43fb73f\" data-element_type=\"widget\" data-widget_type=\"wd_text_block.default\">\n\t\t\t\t<div class=\"elementor-widget-container\">\n\t\t\t\t\t<div class=\"wd-text-block reset-last-child text-left\">\n\t\t\t\n\t\t\t<h4 class=\"myTitle\">T\u00f3tem de batalla exclusivo con dise\u00f1o de ojos de halc\u00f3n<\/h4><p>La exclusiva aleta de refrigeraci\u00f3n sim\u00e9trica con forma de ojos de halc\u00f3n est\u00e1 rodeada de l\u00edneas de t\u00f3tem de batalla, que simbolizan la luz solar resplandeciente y los marcados ojos de halc\u00f3n emiten un deslumbrante brillo multicolor que supera a la competencia.<\/p>\n\t\t\t\t\t<\/div>\n\t\t\t\t<\/div>\n\t\t\t\t<\/div>\n\t\t\t\t\t<\/div>\n\t\t<\/div>\n\t\t\t\t<div class=\"elementor-column elementor-col-33 elementor-top-column elementor-element elementor-element-efcf9f4\" data-id=\"efcf9f4\" data-element_type=\"column\">\n\t\t\t<div class=\"elementor-widget-wrap elementor-element-populated\">\n\t\t\t\t\t\t\t\t<div class=\"elementor-element elementor-element-92b92dc elementor-widget elementor-widget-wd_text_block\" data-id=\"92b92dc\" data-element_type=\"widget\" data-widget_type=\"wd_text_block.default\">\n\t\t\t\t<div class=\"elementor-widget-container\">\n\t\t\t\t\t<div class=\"wd-text-block reset-last-child text-left\">\n\t\t\t\n\t\t\t<h4 class=\"myTitle\">T-FORCE NIGHT HAWK RGB DDR4 Software de control de iluminaci\u00f3n m\u00faltiple compatible<\/h4><article data-v-b7353816=\"\"><p>El m\u00f3dulo de memoria T-FORCE NIGHT HAWK RGB DDR4 es compatible con software de ASUS Aura Sync\/GIGABYTE RGB Fusion 2.0\/MSI Mystic Light Sync\/ASROCK-Polychrome Sync<sup>[1]<\/sup>. Este software de control luminoso permite a los gamers controlar los efectos de iluminaci\u00f3n y la sincronizaci\u00f3n de la luz con el m\u00f3dulo de memoria luminoso T-FORCE NIGHT HAWK RGB DDR4. Crea una est\u00e9tica de colores \u00fanica y deslumbrante, y ofrece un sistema RGB espectacular.<\/p><\/article>\n\t\t\t\t\t<\/div>\n\t\t\t\t<\/div>\n\t\t\t\t<\/div>\n\t\t\t\t<div class=\"elementor-element elementor-element-55366da elementor-widget elementor-widget-wd_image_or_svg\" data-id=\"55366da\" data-element_type=\"widget\" data-widget_type=\"wd_image_or_svg.default\">\n\t\t\t\t<div class=\"elementor-widget-container\">\n\t\t\t\n\t\t<div class=\"wd-image text-center\">\n\t\t\t\t\t\t\t\t<img loading=\"lazy\" decoding=\"async\" width=\"625\" height=\"440\" src=\"https:\/\/tzila.mx\/dev\/wp-content\/uploads\/2022\/03\/T-Force-NIGHT-HAWK-DDR4-16GB-8.png\" class=\"attachment-full size-full\" alt=\"\" srcset=\"https:\/\/tzila.mx\/dev\/wp-content\/uploads\/2022\/03\/T-Force-NIGHT-HAWK-DDR4-16GB-8.png 625w, https:\/\/tzila.mx\/dev\/wp-content\/uploads\/2022\/03\/T-Force-NIGHT-HAWK-DDR4-16GB-8-400x282.png 400w, https:\/\/tzila.mx\/dev\/wp-content\/uploads\/2022\/03\/T-Force-NIGHT-HAWK-DDR4-16GB-8-430x303.png 430w, https:\/\/tzila.mx\/dev\/wp-content\/uploads\/2022\/03\/T-Force-NIGHT-HAWK-DDR4-16GB-8-150x106.png 150w\" sizes=\"auto, (max-width: 625px) 100vw, 625px\" \/>\t\t\t\t\t<\/div>\n\n\t\t\t\t<\/div>\n\t\t\t\t<\/div>\n\t\t\t\t<div class=\"elementor-element elementor-element-33adf0a elementor-widget elementor-widget-wd_button\" data-id=\"33adf0a\" data-element_type=\"widget\" data-widget_type=\"wd_button.default\">\n\t\t\t\t<div class=\"elementor-widget-container\">\n\t\t\t\t\t<div class=\"wd-button-wrapper text-center\" >\n\t\t\t<a class=\"btn btn-style-link btn-shape- btn-size-large btn-color-alt btn-icon-pos-right\"  href=\"https:\/\/www.teamgroupinc.com\/es\/catalog\/act.php?act=2&#038;index_id=248\" target=\"_blank\">\n\t\t\t\t<span class=\"wd-btn-text\" data-elementor-setting-key=\"text\">\n\t\t\t\t\tFicha t\u00e9cnica\t\t\t\t<\/span>\n\n\t\t\t\t\t\t\t<\/a>\n\t\t<\/div>\n\t\t\t\t<\/div>\n\t\t\t\t<\/div>\n\t\t\t\t\t<\/div>\n\t\t<\/div>\n\t\t\t\t<div class=\"elementor-column elementor-col-33 elementor-top-column elementor-element elementor-element-dffdc91\" data-id=\"dffdc91\" data-element_type=\"column\">\n\t\t\t<div class=\"elementor-widget-wrap elementor-element-populated\">\n\t\t\t\t\t\t\t\t<div class=\"elementor-element elementor-element-a953a45 elementor-widget elementor-widget-wd_text_block\" data-id=\"a953a45\" data-element_type=\"widget\" data-widget_type=\"wd_text_block.default\">\n\t\t\t\t<div class=\"elementor-widget-container\">\n\t\t\t\t\t<div class=\"wd-text-block reset-last-child text-left\">\n\t\t\t\n\t\t\t<h4 class=\"myTitle\">Perfil de sobreaceleraci\u00f3n compatible para sobreaceleraci\u00f3n con solo un clic<\/h4><article data-v-b7353816=\"\">Gracias a la compatibilidad de su perfil de sobreaceleraci\u00f3n, no es necesario ajustar manualmente la BIOS en plataformas Intel o AMD. Pueden disfrutar de la sobreaceleraci\u00f3n f\u00e1cilmente con un solo clic.<\/article>\n\t\t\t\t\t<\/div>\n\t\t\t\t<\/div>\n\t\t\t\t<\/div>\n\t\t\t\t<div class=\"elementor-element elementor-element-70f8442 elementor-widget elementor-widget-wd_image_or_svg\" data-id=\"70f8442\" data-element_type=\"widget\" data-widget_type=\"wd_image_or_svg.default\">\n\t\t\t\t<div class=\"elementor-widget-container\">\n\t\t\t\n\t\t<div class=\"wd-image text-center\">\n\t\t\t\t\t\t\t\t<img loading=\"lazy\" decoding=\"async\" width=\"639\" height=\"440\" src=\"https:\/\/tzila.mx\/dev\/wp-content\/uploads\/2022\/03\/T-Force-NIGHT-HAWK-DDR4-16GB-7.png\" class=\"attachment-full size-full\" alt=\"\" srcset=\"https:\/\/tzila.mx\/dev\/wp-content\/uploads\/2022\/03\/T-Force-NIGHT-HAWK-DDR4-16GB-7.png 639w, https:\/\/tzila.mx\/dev\/wp-content\/uploads\/2022\/03\/T-Force-NIGHT-HAWK-DDR4-16GB-7-400x275.png 400w, https:\/\/tzila.mx\/dev\/wp-content\/uploads\/2022\/03\/T-Force-NIGHT-HAWK-DDR4-16GB-7-430x296.png 430w, https:\/\/tzila.mx\/dev\/wp-content\/uploads\/2022\/03\/T-Force-NIGHT-HAWK-DDR4-16GB-7-150x103.png 150w\" sizes=\"auto, (max-width: 639px) 100vw, 639px\" \/>\t\t\t\t\t<\/div>\n\n\t\t\t\t<\/div>\n\t\t\t\t<\/div>\n\t\t\t\t<div class=\"elementor-element elementor-element-f2aa1c7 elementor-widget elementor-widget-wd_text_block\" data-id=\"f2aa1c7\" data-element_type=\"widget\" data-widget_type=\"wd_text_block.default\">\n\t\t\t\t<div class=\"elementor-widget-container\">\n\t\t\t\t\t<div class=\"wd-text-block reset-last-child text-left\">\n\t\t\t\n\t\t\t<div class=\"row-content r-side\" data-v-b7353816=\"\"><h4 class=\"myTitle\">Placa de sobreaceleraci\u00f3n de primer nivel de 10 capas<\/h4><article data-v-b7353816=\"\">La placa PCB optimizada de 10 capas se usa para un mejor desempe\u00f1o y mayor estabilidad, de manera que los gamers puedan vivir la emoci\u00f3n de la sobreaceleraci\u00f3n y disfrutar de un m\u00f3dulo de memoria de sobreaceleraci\u00f3n muy estable.<\/article><\/div>\n\t\t\t\t\t<\/div>\n\t\t\t\t<\/div>\n\t\t\t\t<\/div>\n\t\t\t\t\t<\/div>\n\t\t<\/div>\n\t\t\t\t\t\t\t<\/div>\n\t\t<\/section>\n\t\t\t\t\t\t<\/div>\n\t\t\t\t\t<\/div>\n\t\t","protected":false},"excerpt":{"rendered":"<h4>Caracter\u00edsticas principales:<\/h4>\n<p class=\"p1\"><span class=\"s1\">\u25cf<\/span><span class=\"s2\"> Capacidad memoria: <strong>16GB<\/strong> (2x8GB)<\/span><br \/>\n<span class=\"s1\">\u25cf<\/span><span class=\"s2\"> Velocidad: de hasta 3200MHZ<\/span><br \/>\n<span class=\"s1\">\u25cf<\/span><span class=\"s2\"> Latencia: CL16<\/span><\/p>\n","protected":false},"featured_media":10542,"comment_status":"open","ping_status":"closed","template":"","meta":[],"product_cat":[20,74,144],"product_tag":[183],"class_list":["post-10538","product","type-product","status-publish","has-post-thumbnail","hentry","product_cat-hardware","product_cat-memoria-ram","product_cat-teamgroup","product_tag-t-force-night-hawk","pa_brand-teamgroup"],"_links":{"self":[{"href":"https:\/\/tzila.mx\/dev\/wp-json\/wp\/v2\/product\/10538","targetHints":{"allow":["GET"]}}],"collection":[{"href":"https:\/\/tzila.mx\/dev\/wp-json\/wp\/v2\/product"}],"about":[{"href":"https:\/\/tzila.mx\/dev\/wp-json\/wp\/v2\/types\/product"}],"replies":[{"embeddable":true,"href":"https:\/\/tzila.mx\/dev\/wp-json\/wp\/v2\/comments?post=10538"}],"version-history":[{"count":34,"href":"https:\/\/tzila.mx\/dev\/wp-json\/wp\/v2\/product\/10538\/revisions"}],"predecessor-version":[{"id":15514,"href":"https:\/\/tzila.mx\/dev\/wp-json\/wp\/v2\/product\/10538\/revisions\/15514"}],"wp:featuredmedia":[{"embeddable":true,"href":"https:\/\/tzila.mx\/dev\/wp-json\/wp\/v2\/media\/10542"}],"wp:attachment":[{"href":"https:\/\/tzila.mx\/dev\/wp-json\/wp\/v2\/media?parent=10538"}],"wp:term":[{"taxonomy":"product_cat","embeddable":true,"href":"https:\/\/tzila.mx\/dev\/wp-json\/wp\/v2\/product_cat?post=10538"},{"taxonomy":"product_tag","embeddable":true,"href":"https:\/\/tzila.mx\/dev\/wp-json\/wp\/v2\/product_tag?post=10538"}],"curies":[{"name":"wp","href":"https:\/\/api.w.org\/{rel}","templated":true}]}}