{"id":10503,"date":"2022-03-09T19:32:39","date_gmt":"2022-03-10T01:32:39","guid":{"rendered":"https:\/\/tzila.mx\/dev\/?post_type=product&#038;p=10503"},"modified":"2022-06-16T16:12:37","modified_gmt":"2022-06-16T21:12:37","slug":"ssd-interno-teamgroup-t-force-delta-rgb-ssd-5v","status":"publish","type":"product","link":"https:\/\/tzila.mx\/dev\/producto\/ssd-interno-teamgroup-t-force-delta-rgb-ssd-5v\/","title":{"rendered":"SSD Interno TeamGroup T FORCE Delta RGB SSD(5V)"},"content":{"rendered":"\t\t<div data-elementor-type=\"wp-post\" data-elementor-id=\"10503\" class=\"elementor elementor-10503\" data-elementor-settings=\"[]\">\n\t\t\t\t\t\t\t<div class=\"elementor-section-wrap\">\n\t\t\t\t\t\t\t<section class=\"elementor-section elementor-top-section elementor-element elementor-element-154fe09 elementor-section-boxed elementor-section-height-default elementor-section-height-default wd-section-disabled\" data-id=\"154fe09\" data-element_type=\"section\">\n\t\t\t\t\t\t<div class=\"elementor-container elementor-column-gap-default\">\n\t\t\t\t\t<div class=\"elementor-column elementor-col-33 elementor-top-column elementor-element elementor-element-f14913d\" data-id=\"f14913d\" data-element_type=\"column\">\n\t\t\t<div class=\"elementor-widget-wrap elementor-element-populated\">\n\t\t\t\t\t\t\t\t<div class=\"elementor-element elementor-element-3d30eaf elementor-widget elementor-widget-wd_text_block\" data-id=\"3d30eaf\" data-element_type=\"widget\" data-widget_type=\"wd_text_block.default\">\n\t\t\t\t<div class=\"elementor-widget-container\">\n\t\t\t\t\t<div class=\"wd-text-block reset-last-child text-left\">\n\t\t\t\n\t\t\t<h5><strong>M\u00c1S ESPECIFICACIONES<\/strong><strong>:<\/strong><\/h5>\n\t\t\t\t\t<\/div>\n\t\t\t\t<\/div>\n\t\t\t\t<\/div>\n\t\t\t\t<div class=\"elementor-element elementor-element-6d44079 elementor-widget elementor-widget-wd_text_block\" data-id=\"6d44079\" data-element_type=\"widget\" data-widget_type=\"wd_text_block.default\">\n\t\t\t\t<div class=\"elementor-widget-container\">\n\t\t\t\t\t<div class=\"wd-text-block reset-last-child text-left\">\n\t\t\t\n\t\t\t<p class=\"p1\"><span class=\"s1\">\u25cf<\/span><span class=\"s2\"> El \u00e1rea luminosa RGB m\u00e1s grande, con una proporci\u00f3n de 5:3<\/span><br \/><span class=\"s1\">\u25cf<\/span><span class=\"s2\"> 16.8 millones de colores RGB con efectos de iluminaci\u00f3n de colores combinados configurable <\/span><br \/><span class=\"s2\"><span class=\"s1\">\u25cf<\/span> El efecto de iluminaci\u00f3n puede sincronizarse con la placa madre, si cuenta con un conector ADD de 5 V<\/span><br \/><span class=\"s1\">\u25cf<\/span><span class=\"s2\"> Velocidad de lectura\/escritura de hasta 560 MB\/s. Cuatro veces m\u00e1s r\u00e1pida que una HDD tradicional<\/span><br \/><span class=\"s1\">\u25cf<\/span><span class=\"s2\"> Disco duro de 2.5 pulgadas con 9.5 mm de altura<\/span><br \/><span class=\"s1\">\u25cf<\/span><span class=\"s2\"> Compatible con la tecnolog\u00eda S.M.A.R.T.<\/span><br \/><span class=\"s1\">\u25cf<\/span><span class=\"s2\"> Compatible con TRIM<\/span><br \/><br \/><\/p>\n\t\t\t\t\t<\/div>\n\t\t\t\t<\/div>\n\t\t\t\t<\/div>\n\t\t\t\t\t<\/div>\n\t\t<\/div>\n\t\t\t\t<div class=\"elementor-column elementor-col-66 elementor-top-column elementor-element elementor-element-1a0b71f\" data-id=\"1a0b71f\" data-element_type=\"column\">\n\t\t\t<div class=\"elementor-widget-wrap elementor-element-populated\">\n\t\t\t\t\t\t\t\t<div class=\"elementor-element elementor-element-6f6445b elementor-widget elementor-widget-wd_image_or_svg\" data-id=\"6f6445b\" data-element_type=\"widget\" data-widget_type=\"wd_image_or_svg.default\">\n\t\t\t\t<div class=\"elementor-widget-container\">\n\t\t\t\n\t\t<div class=\"wd-image text-center\">\n\t\t\t\t\t\t\t\t<img loading=\"lazy\" decoding=\"async\" width=\"559\" height=\"343\" src=\"https:\/\/tzila.mx\/dev\/wp-content\/uploads\/2022\/03\/T-Force-Delta-DDR4-16GB-6.png\" class=\"attachment-full size-full\" alt=\"\" srcset=\"https:\/\/tzila.mx\/dev\/wp-content\/uploads\/2022\/03\/T-Force-Delta-DDR4-16GB-6.png 559w, https:\/\/tzila.mx\/dev\/wp-content\/uploads\/2022\/03\/T-Force-Delta-DDR4-16GB-6-400x245.png 400w, https:\/\/tzila.mx\/dev\/wp-content\/uploads\/2022\/03\/T-Force-Delta-DDR4-16GB-6-430x264.png 430w, https:\/\/tzila.mx\/dev\/wp-content\/uploads\/2022\/03\/T-Force-Delta-DDR4-16GB-6-150x92.png 150w\" sizes=\"auto, (max-width: 559px) 100vw, 559px\" \/>\t\t\t\t\t<\/div>\n\n\t\t\t\t<\/div>\n\t\t\t\t<\/div>\n\t\t\t\t\t<\/div>\n\t\t<\/div>\n\t\t\t\t\t\t\t<\/div>\n\t\t<\/section>\n\t\t\t\t<section class=\"elementor-section elementor-top-section elementor-element elementor-element-f335c48 elementor-section-boxed elementor-section-height-default elementor-section-height-default wd-section-disabled\" data-id=\"f335c48\" data-element_type=\"section\">\n\t\t\t\t\t\t<div class=\"elementor-container elementor-column-gap-default\">\n\t\t\t\t\t<div class=\"elementor-column elementor-col-33 elementor-top-column elementor-element elementor-element-b982906\" data-id=\"b982906\" data-element_type=\"column\">\n\t\t\t<div class=\"elementor-widget-wrap elementor-element-populated\">\n\t\t\t\t\t\t\t\t<div class=\"elementor-element elementor-element-ecdf1c9 elementor-widget elementor-widget-wd_text_block\" data-id=\"ecdf1c9\" data-element_type=\"widget\" data-widget_type=\"wd_text_block.default\">\n\t\t\t\t<div class=\"elementor-widget-container\">\n\t\t\t\t\t<div class=\"wd-text-block reset-last-child text-left\">\n\t\t\t\n\t\t\t<h4>El \u00e1rea RGB luminosa m\u00e1s grande<\/h4><p>La unidad SSD T-FORCE DELTA RGB (5 V) tiene el \u00e1rea luminosa RGB m\u00e1s grande de la industria con una relaci\u00f3n de 5:3. Los gamers pueden expresarse personalizando su propia iluminaci\u00f3n. \u00a1No importa lo que elijan, ser\u00e1 incre\u00edble! La unidad SSD T-FORCE DELTA RGB (5 V) es la primera unidad SSD RGB en la industria con efecto de luz que asemeja el movimiento fluido del agua. Los efectos de luz se pueden sincronizar con la placa madre y tambi\u00e9n presentan una magn\u00edfica combinaci\u00f3n con efecto de luz que asemeja el movimiento fluido del agua para maximizar la variabilidad de color. Los gamers disfrutar\u00e1n de esta experiencia completamente nueva y sin precedentes.<\/p>\n\t\t\t\t\t<\/div>\n\t\t\t\t<\/div>\n\t\t\t\t<\/div>\n\t\t\t\t<div class=\"elementor-element elementor-element-d99ba58 elementor-widget elementor-widget-wd_image_or_svg\" data-id=\"d99ba58\" data-element_type=\"widget\" data-widget_type=\"wd_image_or_svg.default\">\n\t\t\t\t<div class=\"elementor-widget-container\">\n\t\t\t\n\t\t<div class=\"wd-image text-center\">\n\t\t\t\t\t\t\t\t<img loading=\"lazy\" decoding=\"async\" width=\"553\" height=\"323\" src=\"https:\/\/tzila.mx\/dev\/wp-content\/uploads\/2022\/03\/T-Force-Delta-DDR4-16GB-7.png\" class=\"attachment-full size-full\" alt=\"\" srcset=\"https:\/\/tzila.mx\/dev\/wp-content\/uploads\/2022\/03\/T-Force-Delta-DDR4-16GB-7.png 553w, https:\/\/tzila.mx\/dev\/wp-content\/uploads\/2022\/03\/T-Force-Delta-DDR4-16GB-7-400x234.png 400w, https:\/\/tzila.mx\/dev\/wp-content\/uploads\/2022\/03\/T-Force-Delta-DDR4-16GB-7-430x251.png 430w, https:\/\/tzila.mx\/dev\/wp-content\/uploads\/2022\/03\/T-Force-Delta-DDR4-16GB-7-150x88.png 150w\" sizes=\"auto, (max-width: 553px) 100vw, 553px\" \/>\t\t\t\t\t<\/div>\n\n\t\t\t\t<\/div>\n\t\t\t\t<\/div>\n\t\t\t\t<div class=\"elementor-element elementor-element-43fb73f elementor-widget elementor-widget-wd_text_block\" data-id=\"43fb73f\" data-element_type=\"widget\" data-widget_type=\"wd_text_block.default\">\n\t\t\t\t<div class=\"elementor-widget-container\">\n\t\t\t\t\t<div class=\"wd-text-block reset-last-child text-left\">\n\t\t\t\n\t\t\t<h4>SSD RGB con patente creativa<\/h4><p>Despu\u00e9s de un arduo trabajo continuo, el equipo de investigaci\u00f3n y desarrollo de T-FORCE finalmente logr\u00f3 combinar la luz LED RGB con la unidad de estado s\u00f3lido tradicional y lanza la unidad SSD T-FORCE DELTA RGB (5 V) patentada. Esta unidad permite a los gamers configurar diferentes efectos de color de luz seg\u00fan diferentes condiciones, de modo que el estado del sistema se pueda ver inmediatamente a trav\u00e9s de los cambios en los efectos luminosos.<\/p>\n\t\t\t\t\t<\/div>\n\t\t\t\t<\/div>\n\t\t\t\t<\/div>\n\t\t\t\t<div class=\"elementor-element elementor-element-fca3fa3 elementor-widget elementor-widget-wd_text_block\" data-id=\"fca3fa3\" data-element_type=\"widget\" data-widget_type=\"wd_text_block.default\">\n\t\t\t\t<div class=\"elementor-widget-container\">\n\t\t\t\t\t<div class=\"wd-text-block reset-last-child text-left\">\n\t\t\t\n\t\t\t<div class=\"row-content\" data-v-b7353816=\"\"><h4>Ligera, delgada y con alta velocidad<\/h4><article data-v-b7353816=\"\">La velocidad m\u00e1xima de lectura de la SSD T-FORCE DELTA RGB (5 V) es de hasta 560 MB por segundo y el arranque o la carga de juegos solo tardar\u00e1 unos segundos. La SSD T-FORCE DELTA RGB (5 V) utiliza una interfaz SATA III de 6 Gbps y est\u00e1 disponible en capacidades de 250 GB, 500 GB, etc. El factor de forma est\u00e1ndar en la industria, de 2.5 pulgadas con solo 9.5 mm de altura, es adecuado para una SSD de tama\u00f1o est\u00e1ndar en el mercado. Tanto si se trata de una computadora port\u00e1til como de una de escritorio para videojuegos, la actualizaci\u00f3n se puede realizar con facilidad.<\/article><\/div>\n\t\t\t\t\t<\/div>\n\t\t\t\t<\/div>\n\t\t\t\t<\/div>\n\t\t\t\t\t<\/div>\n\t\t<\/div>\n\t\t\t\t<div class=\"elementor-column elementor-col-33 elementor-top-column elementor-element elementor-element-efcf9f4\" data-id=\"efcf9f4\" data-element_type=\"column\">\n\t\t\t<div class=\"elementor-widget-wrap elementor-element-populated\">\n\t\t\t\t\t\t\t\t<div class=\"elementor-element elementor-element-4844dfc elementor-widget elementor-widget-wd_image_or_svg\" data-id=\"4844dfc\" data-element_type=\"widget\" data-widget_type=\"wd_image_or_svg.default\">\n\t\t\t\t<div class=\"elementor-widget-container\">\n\t\t\t\n\t\t<div class=\"wd-image text-center\">\n\t\t\t\t\t\t\t\t<img loading=\"lazy\" decoding=\"async\" width=\"555\" height=\"325\" src=\"https:\/\/tzila.mx\/dev\/wp-content\/uploads\/2022\/03\/T-Force-Delta-DDR4-16GB-4.png\" class=\"attachment-full size-full\" alt=\"\" srcset=\"https:\/\/tzila.mx\/dev\/wp-content\/uploads\/2022\/03\/T-Force-Delta-DDR4-16GB-4.png 555w, https:\/\/tzila.mx\/dev\/wp-content\/uploads\/2022\/03\/T-Force-Delta-DDR4-16GB-4-400x234.png 400w, https:\/\/tzila.mx\/dev\/wp-content\/uploads\/2022\/03\/T-Force-Delta-DDR4-16GB-4-430x252.png 430w, https:\/\/tzila.mx\/dev\/wp-content\/uploads\/2022\/03\/T-Force-Delta-DDR4-16GB-4-150x88.png 150w\" sizes=\"auto, (max-width: 555px) 100vw, 555px\" \/>\t\t\t\t\t<\/div>\n\n\t\t\t\t<\/div>\n\t\t\t\t<\/div>\n\t\t\t\t<div class=\"elementor-element elementor-element-92b92dc elementor-widget elementor-widget-wd_text_block\" data-id=\"92b92dc\" data-element_type=\"widget\" data-widget_type=\"wd_text_block.default\">\n\t\t\t\t<div class=\"elementor-widget-container\">\n\t\t\t\t\t<div class=\"wd-text-block reset-last-child text-left\">\n\t\t\t\n\t\t\t<h4>Protecci\u00f3n resistente<\/h4><article data-v-b7353816=\"\"><p>La unidad SSD T-FORCE DELTA RGB (5 V) utiliza un chip de memoria flash 3D NAND que es duradero, a prueba de golpes y resistente a las salpicaduras. Adem\u00e1s, ofrece protecci\u00f3n absoluta de los datos. Incluso si la computadora se cae accidentalmente o cae sobre una superficie dura, se pueden evitar da\u00f1os y corrupci\u00f3n de datos derivados de accidentes.<\/p><\/article>\n\t\t\t\t\t<\/div>\n\t\t\t\t<\/div>\n\t\t\t\t<\/div>\n\t\t\t\t<div class=\"elementor-element elementor-element-5df058d elementor-widget elementor-widget-wd_image_or_svg\" data-id=\"5df058d\" data-element_type=\"widget\" data-widget_type=\"wd_image_or_svg.default\">\n\t\t\t\t<div class=\"elementor-widget-container\">\n\t\t\t\n\t\t<div class=\"wd-image text-center\">\n\t\t\t\t\t\t\t\t<img decoding=\"async\" src=\"https:\/\/tzila.mx\/dev\/wp-content\/uploads\/elementor\/thumbs\/T-Force-Delta-DDR4-16GB-5-pln0qr4xlk6txn1sbveqs6gs18es2d9leh3tg0t588.png\" title=\"T-Force-Delta-DDR4-16GB-5\" alt=\"T-Force-Delta-DDR4-16GB-5\" \/>\t\t\t\t\t<\/div>\n\n\t\t\t\t<\/div>\n\t\t\t\t<\/div>\n\t\t\t\t<div class=\"elementor-element elementor-element-a119555 elementor-widget elementor-widget-wd_text_block\" data-id=\"a119555\" data-element_type=\"widget\" data-widget_type=\"wd_text_block.default\">\n\t\t\t\t<div class=\"elementor-widget-container\">\n\t\t\t\t\t<div class=\"wd-text-block reset-last-child text-left\">\n\t\t\t\n\t\t\t<div class=\"row-content r-side\" data-v-b7353816=\"\"><h4>Durable y confiable<\/h4><article data-v-b7353816=\"\">La unidad SSD T-FORCE DELTA RGB (5 V) cuenta con un mecanismo de gesti\u00f3n inteligente de algoritmos incorporado que tiene funciones como recolecci\u00f3n de basura, por lo que es capaz de garantizar la eficacia del funcionamiento. La potente tecnolog\u00eda de nivelaci\u00f3n de desgaste y la funci\u00f3n ECC (del ingl\u00e9s Error Correction Code, c\u00f3digo de correcci\u00f3n de errores) mejora la confiabilidad de la transferencia de datos. Es compatible con el comando de optimizaci\u00f3n TRIM de Windows, el cual puede liberar bloques vac\u00edos y permite que el sistema operativo los utilice de inmediato a la hora de escribir datos. La tecnolog\u00eda de control de acceso optimizada de NCQ puede acelerar el rendimiento de transferencia y escritura de la SSD y reduce de forma eficaz la degradaci\u00f3n del rendimiento y el desgaste de la unidad. Esto puede prolongar la vida \u00fatil de la SSD perfectamente.<\/article><\/div>\n\t\t\t\t\t<\/div>\n\t\t\t\t<\/div>\n\t\t\t\t<\/div>\n\t\t\t\t<div class=\"elementor-element elementor-element-33adf0a elementor-widget elementor-widget-wd_button\" data-id=\"33adf0a\" data-element_type=\"widget\" data-widget_type=\"wd_button.default\">\n\t\t\t\t<div class=\"elementor-widget-container\">\n\t\t\t\t\t<div class=\"wd-button-wrapper text-center\" >\n\t\t\t<a class=\"btn btn-style-link btn-shape- btn-size-large btn-color-alt btn-icon-pos-right\"  href=\"https:\/\/www.teamgroupinc.com\/es\/catalog\/act.php?act=2&#038;index_id=185\" target=\"_blank\">\n\t\t\t\t<span class=\"wd-btn-text\" data-elementor-setting-key=\"text\">\n\t\t\t\t\tFicha t\u00e9cnica\t\t\t\t<\/span>\n\n\t\t\t\t\t\t\t<\/a>\n\t\t<\/div>\n\t\t\t\t<\/div>\n\t\t\t\t<\/div>\n\t\t\t\t\t<\/div>\n\t\t<\/div>\n\t\t\t\t<div class=\"elementor-column elementor-col-33 elementor-top-column elementor-element elementor-element-dffdc91\" data-id=\"dffdc91\" data-element_type=\"column\">\n\t\t\t<div class=\"elementor-widget-wrap elementor-element-populated\">\n\t\t\t\t\t\t\t\t<div class=\"elementor-element elementor-element-a953a45 elementor-widget elementor-widget-wd_text_block\" data-id=\"a953a45\" data-element_type=\"widget\" data-widget_type=\"wd_text_block.default\">\n\t\t\t\t<div class=\"elementor-widget-container\">\n\t\t\t\t\t<div class=\"wd-text-block reset-last-child text-left\">\n\t\t\t\n\t\t\t<h4>La unidad SSD T-FORCE DELTA RGB (5 V) admite diversos tipos de software de control<\/h4><article data-v-b7353816=\"\">La unidad SSD T-FORCE DELTA RGB (5 V) es compatible con software de ASUS Aura Sync\/GIGABYTE RGB Fusion 2.0\/MSI Mystic Light Sync\/ASROCK-Polychrome Sync[1]. Este software de control luminoso permite a los gamers controlar los efectos de iluminaci\u00f3n y la sincronizaci\u00f3n de la luz con la unidad SSD T-FORCE DELTA RGB (5 V). Crea una est\u00e9tica de colores \u00fanica y deslumbrante, y ofrece un sistema RGB espectacular.<\/article>\n\t\t\t\t\t<\/div>\n\t\t\t\t<\/div>\n\t\t\t\t<\/div>\n\t\t\t\t<div class=\"elementor-element elementor-element-c7e91e6 elementor-widget elementor-widget-wd_text_block\" data-id=\"c7e91e6\" data-element_type=\"widget\" data-widget_type=\"wd_text_block.default\">\n\t\t\t\t<div class=\"elementor-widget-container\">\n\t\t\t\t\t<div class=\"wd-text-block reset-last-child text-left\">\n\t\t\t\n\t\t\t<h4>SSD T-FORCE DELTA RGB (5 V)<\/h4><article data-v-b7353816=\"\"><p>La unidad SSD T-FORCE DELTA RGB (5 V) es adecuada para placas madre que tienen un conector ADD de 5 V (como se muestra a continuaci\u00f3n)[2]. Proporciona una variedad de efectos de luz cambiantes. No solo se puede lograr un brillo uniforme de la superficie, sino que tambi\u00e9n puede presentar un magn\u00edfico efecto de color mixto con iluminaci\u00f3n que asemeja el movimiento fluido del agua para maximizar la variabilidad del color. Cuando se instala en el conector ADD de 5 V de la placa madre, el efecto de luz se puede controlar y sincronizar a trav\u00e9s de la placa madre para lograr un entorno de control de iluminaci\u00f3n integral.<\/p><\/article>\n\t\t\t\t\t<\/div>\n\t\t\t\t<\/div>\n\t\t\t\t<\/div>\n\t\t\t\t<div class=\"elementor-element elementor-element-58d59e5 elementor-widget elementor-widget-wd_image_or_svg\" data-id=\"58d59e5\" data-element_type=\"widget\" data-widget_type=\"wd_image_or_svg.default\">\n\t\t\t\t<div class=\"elementor-widget-container\">\n\t\t\t\n\t\t<div class=\"wd-image text-center\">\n\t\t\t\t\t\t\t\t<img loading=\"lazy\" decoding=\"async\" width=\"564\" height=\"368\" src=\"https:\/\/tzila.mx\/dev\/wp-content\/uploads\/2022\/03\/T-Force-Delta-DDR4-16GB-8.png\" class=\"attachment-full size-full\" alt=\"\" srcset=\"https:\/\/tzila.mx\/dev\/wp-content\/uploads\/2022\/03\/T-Force-Delta-DDR4-16GB-8.png 564w, https:\/\/tzila.mx\/dev\/wp-content\/uploads\/2022\/03\/T-Force-Delta-DDR4-16GB-8-400x261.png 400w, https:\/\/tzila.mx\/dev\/wp-content\/uploads\/2022\/03\/T-Force-Delta-DDR4-16GB-8-430x281.png 430w, https:\/\/tzila.mx\/dev\/wp-content\/uploads\/2022\/03\/T-Force-Delta-DDR4-16GB-8-150x98.png 150w\" sizes=\"auto, (max-width: 564px) 100vw, 564px\" \/>\t\t\t\t\t<\/div>\n\n\t\t\t\t<\/div>\n\t\t\t\t<\/div>\n\t\t\t\t<div class=\"elementor-element elementor-element-1bd8ea1 elementor-widget elementor-widget-wd_text_block\" data-id=\"1bd8ea1\" data-element_type=\"widget\" data-widget_type=\"wd_text_block.default\">\n\t\t\t\t<div class=\"elementor-widget-container\">\n\t\t\t\t\t<div class=\"wd-text-block reset-last-child text-left\">\n\t\t\t\n\t\t\t<h4>QVL aprobada por los fabricantes de placas base<\/h4><article data-v-b7353816=\"\"><p>M\u00faltiples verificaciones de compatibilidad con las principales placas base DDR4 para garantizar su estabilidad con todas las placas base en la QVL (Lista de proveedores calificados). Por lo tanto, no tendr\u00e1 que preocuparse por los problemas de compatibilidad al comprar una memoria de alta velocidad.<\/p><\/article>\n\t\t\t\t\t<\/div>\n\t\t\t\t<\/div>\n\t\t\t\t<\/div>\n\t\t\t\t\t<\/div>\n\t\t<\/div>\n\t\t\t\t\t\t\t<\/div>\n\t\t<\/section>\n\t\t\t\t\t\t<\/div>\n\t\t\t\t\t<\/div>\n\t\t","protected":false},"excerpt":{"rendered":"<h4>Caracter\u00edsticas principales:<\/h4>\n<p class=\"p1\"><span class=\"s1\">\u25cf<\/span><span class=\"s2\"> SSD interno de hasta 1TB de capacidad<\/span><br \/>\n<span class=\"s1\">\u25cf<\/span> Velocidad de lectura\/escritura de hasta 560 MB\/s<br \/>\n<span class=\"s1\">\u25cf<\/span><span class=\"s2\"> Compatible con la tecnolog\u00eda S.M.A.R.T.<\/span><br \/>\n<span class=\"s1\">\u25cf<\/span><span class=\"s2\"> \u00c1rea luminosa RGB 5:3<\/span><br \/>\n<span class=\"s1\">\u25cf<\/span><span class=\"s2\"> 2.5 pulgadas<\/span><\/p>\n","protected":false},"featured_media":10506,"comment_status":"open","ping_status":"closed","template":"","meta":[],"product_cat":[20,77,144],"product_tag":[182],"class_list":["post-10503","product","type-product","status-publish","has-post-thumbnail","hentry","product_cat-hardware","product_cat-ssd-interno","product_cat-teamgroup","product_tag-t-force-delta","pa_brand-teamgroup"],"_links":{"self":[{"href":"https:\/\/tzila.mx\/dev\/wp-json\/wp\/v2\/product\/10503","targetHints":{"allow":["GET"]}}],"collection":[{"href":"https:\/\/tzila.mx\/dev\/wp-json\/wp\/v2\/product"}],"about":[{"href":"https:\/\/tzila.mx\/dev\/wp-json\/wp\/v2\/types\/product"}],"replies":[{"embeddable":true,"href":"https:\/\/tzila.mx\/dev\/wp-json\/wp\/v2\/comments?post=10503"}],"version-history":[{"count":12,"href":"https:\/\/tzila.mx\/dev\/wp-json\/wp\/v2\/product\/10503\/revisions"}],"predecessor-version":[{"id":10626,"href":"https:\/\/tzila.mx\/dev\/wp-json\/wp\/v2\/product\/10503\/revisions\/10626"}],"wp:featuredmedia":[{"embeddable":true,"href":"https:\/\/tzila.mx\/dev\/wp-json\/wp\/v2\/media\/10506"}],"wp:attachment":[{"href":"https:\/\/tzila.mx\/dev\/wp-json\/wp\/v2\/media?parent=10503"}],"wp:term":[{"taxonomy":"product_cat","embeddable":true,"href":"https:\/\/tzila.mx\/dev\/wp-json\/wp\/v2\/product_cat?post=10503"},{"taxonomy":"product_tag","embeddable":true,"href":"https:\/\/tzila.mx\/dev\/wp-json\/wp\/v2\/product_tag?post=10503"}],"curies":[{"name":"wp","href":"https:\/\/api.w.org\/{rel}","templated":true}]}}