{"id":10484,"date":"2022-03-09T18:28:36","date_gmt":"2022-03-10T00:28:36","guid":{"rendered":"https:\/\/tzila.mx\/dev\/?post_type=product&#038;p=10484"},"modified":"2022-06-16T16:13:54","modified_gmt":"2022-06-16T21:13:54","slug":"memoria-ram-teamgroup-t-force-delta-rgb-ddr4-3600","status":"publish","type":"product","link":"https:\/\/tzila.mx\/dev\/producto\/memoria-ram-teamgroup-t-force-delta-rgb-ddr4-3600\/","title":{"rendered":"Kit Memoria RAM TeamGroup T FORCE Delta RGB DDR4 3600Mhz"},"content":{"rendered":"\t\t<div data-elementor-type=\"wp-post\" data-elementor-id=\"10484\" class=\"elementor elementor-10484\" data-elementor-settings=\"[]\">\n\t\t\t\t\t\t\t<div class=\"elementor-section-wrap\">\n\t\t\t\t\t\t\t<section class=\"elementor-section elementor-top-section elementor-element elementor-element-154fe09 elementor-section-boxed elementor-section-height-default elementor-section-height-default wd-section-disabled\" data-id=\"154fe09\" data-element_type=\"section\">\n\t\t\t\t\t\t<div class=\"elementor-container elementor-column-gap-default\">\n\t\t\t\t\t<div class=\"elementor-column elementor-col-33 elementor-top-column elementor-element elementor-element-f14913d\" data-id=\"f14913d\" data-element_type=\"column\">\n\t\t\t<div class=\"elementor-widget-wrap elementor-element-populated\">\n\t\t\t\t\t\t\t\t<div class=\"elementor-element elementor-element-3d30eaf elementor-widget elementor-widget-wd_text_block\" data-id=\"3d30eaf\" data-element_type=\"widget\" data-widget_type=\"wd_text_block.default\">\n\t\t\t\t<div class=\"elementor-widget-container\">\n\t\t\t\t\t<div class=\"wd-text-block reset-last-child text-left\">\n\t\t\t\n\t\t\t<h5><strong>M\u00c1S ESPECIFICACIONES<\/strong><strong>:<\/strong><\/h5>\n\t\t\t\t\t<\/div>\n\t\t\t\t<\/div>\n\t\t\t\t<\/div>\n\t\t\t\t<div class=\"elementor-element elementor-element-6d44079 elementor-widget elementor-widget-wd_text_block\" data-id=\"6d44079\" data-element_type=\"widget\" data-widget_type=\"wd_text_block.default\">\n\t\t\t\t<div class=\"elementor-widget-container\">\n\t\t\t\t\t<div class=\"wd-text-block reset-last-child text-left\">\n\t\t\t\n\t\t\t<p class=\"p1\"><span class=\"s1\">\u25cf<\/span><span class=\"s2\"> Iluminaci\u00f3n ultra gran angular de 120\u00b0 de fotograma completo<\/span><br \/><span class=\"s1\">\u25cf<\/span><span class=\"s2\"> Efecto de iluminaci\u00f3n Force Flow RGB incorporado<\/span><br \/><span class=\"s1\">\u25cf<\/span><span class=\"s2\"> Esparcidor de calor de aleaci\u00f3n de aluminio con dise\u00f1o minimalista asim\u00e9trico<\/span><br \/><span class=\"s1\">\u25cf<\/span><span class=\"s2\"> Compatible con la sincronizaci\u00f3n del software ASUS Aura Sync<\/span><br \/><span class=\"s1\">\u25cf<\/span><span class=\"s2\"> \u00daltimo PCB JEDEC RC 2.0<\/span><br \/><span class=\"s1\">\u25cf<\/span><span class=\"s2\"> Ahorro de energ\u00eda 1,2 V ~ 1,4 V voltaje de funcionamiento ultrabajo<\/span><br \/><span class=\"s1\">\u25cf<\/span><span class=\"s2\"> Admite la tecnolog\u00eda de overclocking XMP2.0 con un solo clic<\/span><br \/><span class=\"s1\">\u25cf<\/span><span class=\"s2\"> QVL aprobado por todos los principales fabricantes de placas base<\/span><\/p>\n\t\t\t\t\t<\/div>\n\t\t\t\t<\/div>\n\t\t\t\t<\/div>\n\t\t\t\t\t<\/div>\n\t\t<\/div>\n\t\t\t\t<div class=\"elementor-column elementor-col-66 elementor-top-column elementor-element elementor-element-1a0b71f\" data-id=\"1a0b71f\" data-element_type=\"column\">\n\t\t\t<div class=\"elementor-widget-wrap elementor-element-populated\">\n\t\t\t\t\t\t\t\t<div class=\"elementor-element elementor-element-6f6445b elementor-widget elementor-widget-wd_image_or_svg\" data-id=\"6f6445b\" data-element_type=\"widget\" data-widget_type=\"wd_image_or_svg.default\">\n\t\t\t\t<div class=\"elementor-widget-container\">\n\t\t\t\n\t\t<div class=\"wd-image text-center\">\n\t\t\t\t\t\t\t\t<img loading=\"lazy\" decoding=\"async\" width=\"1920\" height=\"600\" src=\"https:\/\/tzila.mx\/dev\/wp-content\/uploads\/2022\/03\/8b604242970a8892f123b2db02477a1e.jpg\" class=\"attachment-full size-full\" alt=\"\" srcset=\"https:\/\/tzila.mx\/dev\/wp-content\/uploads\/2022\/03\/8b604242970a8892f123b2db02477a1e.jpg 1920w, https:\/\/tzila.mx\/dev\/wp-content\/uploads\/2022\/03\/8b604242970a8892f123b2db02477a1e-400x125.jpg 400w, https:\/\/tzila.mx\/dev\/wp-content\/uploads\/2022\/03\/8b604242970a8892f123b2db02477a1e-1300x406.jpg 1300w, https:\/\/tzila.mx\/dev\/wp-content\/uploads\/2022\/03\/8b604242970a8892f123b2db02477a1e-768x240.jpg 768w, https:\/\/tzila.mx\/dev\/wp-content\/uploads\/2022\/03\/8b604242970a8892f123b2db02477a1e-1536x480.jpg 1536w, https:\/\/tzila.mx\/dev\/wp-content\/uploads\/2022\/03\/8b604242970a8892f123b2db02477a1e-860x269.jpg 860w, https:\/\/tzila.mx\/dev\/wp-content\/uploads\/2022\/03\/8b604242970a8892f123b2db02477a1e-430x134.jpg 430w, https:\/\/tzila.mx\/dev\/wp-content\/uploads\/2022\/03\/8b604242970a8892f123b2db02477a1e-700x219.jpg 700w, https:\/\/tzila.mx\/dev\/wp-content\/uploads\/2022\/03\/8b604242970a8892f123b2db02477a1e-150x47.jpg 150w\" sizes=\"auto, (max-width: 1920px) 100vw, 1920px\" \/>\t\t\t\t\t<\/div>\n\n\t\t\t\t<\/div>\n\t\t\t\t<\/div>\n\t\t\t\t\t<\/div>\n\t\t<\/div>\n\t\t\t\t\t\t\t<\/div>\n\t\t<\/section>\n\t\t\t\t<section class=\"elementor-section elementor-top-section elementor-element elementor-element-f335c48 elementor-section-boxed elementor-section-height-default elementor-section-height-default wd-section-disabled\" data-id=\"f335c48\" data-element_type=\"section\">\n\t\t\t\t\t\t<div class=\"elementor-container elementor-column-gap-default\">\n\t\t\t\t\t<div class=\"elementor-column elementor-col-33 elementor-top-column elementor-element elementor-element-b982906\" data-id=\"b982906\" data-element_type=\"column\">\n\t\t\t<div class=\"elementor-widget-wrap elementor-element-populated\">\n\t\t\t\t\t\t\t\t<div class=\"elementor-element elementor-element-ecdf1c9 elementor-widget elementor-widget-wd_text_block\" data-id=\"ecdf1c9\" data-element_type=\"widget\" data-widget_type=\"wd_text_block.default\">\n\t\t\t\t<div class=\"elementor-widget-container\">\n\t\t\t\t\t<div class=\"wd-text-block reset-last-child text-left\">\n\t\t\t\n\t\t\t<h4>En busca de la revoluci\u00f3n perfecta<\/h4><p>La serie de juegos TEAM GROUP T-FORCE una vez m\u00e1s lanz\u00f3 todo nuevo m\u00f3dulo de memoria luminosa \u2013 DELTA RGB. La R en el calor esparcidor representa Revoluci\u00f3n, y tambi\u00e9n significa creativo concepto con un esp\u00edritu intransigente. El disipador de calor est\u00e1 construido con material met\u00e1lico m\u00e1s ligero, delgado y de alta calidad. el colorido los cambios de luz hacen que la \"R\" hueca en el frente sea a\u00fan m\u00e1s estereosc\u00f3pico y hacer eco del \u00e1rea luminosa ultra gran angular. La extraordinaria revoluci\u00f3n proporcionar\u00e1 a los jugadores una nueva experiencia nunca antes visto.<\/p>\n\t\t\t\t\t<\/div>\n\t\t\t\t<\/div>\n\t\t\t\t<\/div>\n\t\t\t\t<div class=\"elementor-element elementor-element-d99ba58 elementor-widget elementor-widget-wd_image_or_svg\" data-id=\"d99ba58\" data-element_type=\"widget\" data-widget_type=\"wd_image_or_svg.default\">\n\t\t\t\t<div class=\"elementor-widget-container\">\n\t\t\t\n\t\t<div class=\"wd-image text-center\">\n\t\t\t\t\t\t\t\t<img loading=\"lazy\" decoding=\"async\" width=\"574\" height=\"460\" src=\"https:\/\/tzila.mx\/dev\/wp-content\/uploads\/2022\/03\/Screen-Shot-2022-03-09-at-2.42.48-PM.png\" class=\"attachment-full size-full\" alt=\"\" srcset=\"https:\/\/tzila.mx\/dev\/wp-content\/uploads\/2022\/03\/Screen-Shot-2022-03-09-at-2.42.48-PM.png 574w, https:\/\/tzila.mx\/dev\/wp-content\/uploads\/2022\/03\/Screen-Shot-2022-03-09-at-2.42.48-PM-374x300.png 374w, https:\/\/tzila.mx\/dev\/wp-content\/uploads\/2022\/03\/Screen-Shot-2022-03-09-at-2.42.48-PM-430x345.png 430w, https:\/\/tzila.mx\/dev\/wp-content\/uploads\/2022\/03\/Screen-Shot-2022-03-09-at-2.42.48-PM-150x120.png 150w\" sizes=\"auto, (max-width: 574px) 100vw, 574px\" \/>\t\t\t\t\t<\/div>\n\n\t\t\t\t<\/div>\n\t\t\t\t<\/div>\n\t\t\t\t<div class=\"elementor-element elementor-element-43fb73f elementor-widget elementor-widget-wd_text_block\" data-id=\"43fb73f\" data-element_type=\"widget\" data-widget_type=\"wd_text_block.default\">\n\t\t\t\t<div class=\"elementor-widget-container\">\n\t\t\t\t\t<div class=\"wd-text-block reset-last-child text-left\">\n\t\t\t\n\t\t\t<h4>A todo color, deslumbrante y Fuerza ultra gran angular de 120\u00b0 efecto de iluminaci\u00f3n de flujo<\/h4><p>DELTA RGB utiliza LED RGB deslumbrantes a todo color iluminaci\u00f3n con efecto de flujo de fuerza. Como un Jedi sosteniendo el sable de luz, los jugadores pueden ser invencibles en el mundo de los juegos El LOGOTIPO DE T-FORCE es como el de un guerrero, insignia, de pie inm\u00f3vil en las luces cambiantes. Los fotograma completo, \u00e1rea luminosa ultra gran angular de 120\u00b0 en la parte superior emite una luz brillante de colores. El color de la luz cambia suavemente para proporcionar a los jugadores una fiesta visual sin igual, no importa si es de d\u00eda o noche<\/p>\n\t\t\t\t\t<\/div>\n\t\t\t\t<\/div>\n\t\t\t\t<\/div>\n\t\t\t\t<div class=\"elementor-element elementor-element-fca3fa3 elementor-widget elementor-widget-wd_text_block\" data-id=\"fca3fa3\" data-element_type=\"widget\" data-widget_type=\"wd_text_block.default\">\n\t\t\t\t<div class=\"elementor-widget-container\">\n\t\t\t\t\t<div class=\"wd-text-block reset-last-child text-left\">\n\t\t\t\n\t\t\t<div class=\"row-content\" data-v-b7353816=\"\"><h4>Tecnolog\u00eda de overclocking de 1 paso XMP2.0<\/h4><article data-v-b7353816=\"\">La serie DELTA RGB es compatible con Intel XMP 2.0. Est\u00e1s a solo un paso de experimentar la sensaci\u00f3n de alta velocidad del overclocking.<\/article><\/div>\n\t\t\t\t\t<\/div>\n\t\t\t\t<\/div>\n\t\t\t\t<\/div>\n\t\t\t\t\t<\/div>\n\t\t<\/div>\n\t\t\t\t<div class=\"elementor-column elementor-col-33 elementor-top-column elementor-element elementor-element-efcf9f4\" data-id=\"efcf9f4\" data-element_type=\"column\">\n\t\t\t<div class=\"elementor-widget-wrap elementor-element-populated\">\n\t\t\t\t\t\t\t\t<div class=\"elementor-element elementor-element-92b92dc elementor-widget elementor-widget-wd_text_block\" data-id=\"92b92dc\" data-element_type=\"widget\" data-widget_type=\"wd_text_block.default\">\n\t\t\t\t<div class=\"elementor-widget-container\">\n\t\t\t\t\t<div class=\"wd-text-block reset-last-child text-left\">\n\t\t\t\n\t\t\t<h4 class=\"page-section-title\">Asim\u00e9trico dise\u00f1o minimalista<\/h4><article data-v-b7353816=\"\"><p>El dise\u00f1o de l\u00ednea geom\u00e9trica de una sola pieza hace el disipador de calor parece simple pero en\u00e9rgico, y el estilo cubista en el nuevo arte tambi\u00e9n se presenta el movimiento, que es una combinaci\u00f3n perfecta de tecnolog\u00eda y est\u00e9tica. Las l\u00edneas grabadas en la superficie no solo aumenta el calor, \u00e1rea de disipaci\u00f3n y tambi\u00e9n mejora efectivamente la refrigeraci\u00f3n del m\u00f3dulo de memoria, por lo que la calidad de la operaci\u00f3n se puede estabilizar finamente.<\/p><\/article>\n\t\t\t\t\t<\/div>\n\t\t\t\t<\/div>\n\t\t\t\t<\/div>\n\t\t\t\t<div class=\"elementor-element elementor-element-4844dfc elementor-widget elementor-widget-wd_image_or_svg\" data-id=\"4844dfc\" data-element_type=\"widget\" data-widget_type=\"wd_image_or_svg.default\">\n\t\t\t\t<div class=\"elementor-widget-container\">\n\t\t\t\n\t\t<div class=\"wd-image text-center\">\n\t\t\t\t\t\t\t\t<img loading=\"lazy\" decoding=\"async\" width=\"461\" height=\"389\" src=\"https:\/\/tzila.mx\/dev\/wp-content\/uploads\/2022\/03\/Screen-Shot-2022-03-09-at-2.43.24-PM.png\" class=\"attachment-full size-full\" alt=\"\" srcset=\"https:\/\/tzila.mx\/dev\/wp-content\/uploads\/2022\/03\/Screen-Shot-2022-03-09-at-2.43.24-PM.png 461w, https:\/\/tzila.mx\/dev\/wp-content\/uploads\/2022\/03\/Screen-Shot-2022-03-09-at-2.43.24-PM-356x300.png 356w, https:\/\/tzila.mx\/dev\/wp-content\/uploads\/2022\/03\/Screen-Shot-2022-03-09-at-2.43.24-PM-430x363.png 430w, https:\/\/tzila.mx\/dev\/wp-content\/uploads\/2022\/03\/Screen-Shot-2022-03-09-at-2.43.24-PM-150x127.png 150w\" sizes=\"auto, (max-width: 461px) 100vw, 461px\" \/>\t\t\t\t\t<\/div>\n\n\t\t\t\t<\/div>\n\t\t\t\t<\/div>\n\t\t\t\t<div class=\"elementor-element elementor-element-a119555 elementor-widget elementor-widget-wd_text_block\" data-id=\"a119555\" data-element_type=\"widget\" data-widget_type=\"wd_text_block.default\">\n\t\t\t\t<div class=\"elementor-widget-container\">\n\t\t\t\t\t<div class=\"wd-text-block reset-last-child text-left\">\n\t\t\t\n\t\t\t<div class=\"row-content r-side\" data-v-b7353816=\"\"><h4>El M\u00f3dulos de memoria para juegos T-FORCE DELTA RGB admite una variedad de tipos de software controlado<\/h4><article data-v-b7353816=\"\">El m\u00f3dulo de memoria T-FORCE DELTA RGB compatible con ASUS Aura Sync \/ GIGABYTE RGB Fusion 2.0 \/ MSI Mystic Light Sync \/ ASROCK-Polychrome Sync \/ BIOSTAR Advanced VIVID LED DJ<br \/>software[1]. Este software controlado por rayos permite a los jugadores controlar los efectos de iluminaci\u00f3n y la sincronizaci\u00f3n de iluminaci\u00f3n con M\u00f3dulo de memoria luminosa T-FORCE DELTA RGB. Crea una est\u00e9tica de color \u00fanica y deslumbrante y ofrece un sistema RGB brillante.<\/article><\/div>\n\t\t\t\t\t<\/div>\n\t\t\t\t<\/div>\n\t\t\t\t<\/div>\n\t\t\t\t<div class=\"elementor-element elementor-element-33adf0a elementor-widget elementor-widget-wd_button\" data-id=\"33adf0a\" data-element_type=\"widget\" data-widget_type=\"wd_button.default\">\n\t\t\t\t<div class=\"elementor-widget-container\">\n\t\t\t\t\t<div class=\"wd-button-wrapper text-center\" >\n\t\t\t<a class=\"btn btn-style-link btn-shape- btn-size-large btn-color-alt btn-icon-pos-right\"  href=\"https:\/\/www.teamgroupinc.com\/en\/catalog\/act.php?act=2&#038;index_id=1\" target=\"_blank\">\n\t\t\t\t<span class=\"wd-btn-text\" data-elementor-setting-key=\"text\">\n\t\t\t\t\tFicha t\u00e9cnica\t\t\t\t<\/span>\n\n\t\t\t\t\t\t\t<\/a>\n\t\t<\/div>\n\t\t\t\t<\/div>\n\t\t\t\t<\/div>\n\t\t\t\t\t<\/div>\n\t\t<\/div>\n\t\t\t\t<div class=\"elementor-column elementor-col-33 elementor-top-column elementor-element elementor-element-dffdc91\" data-id=\"dffdc91\" data-element_type=\"column\">\n\t\t\t<div class=\"elementor-widget-wrap elementor-element-populated\">\n\t\t\t\t\t\t\t\t<div class=\"elementor-element elementor-element-a953a45 elementor-widget elementor-widget-wd_text_block\" data-id=\"a953a45\" data-element_type=\"widget\" data-widget_type=\"wd_text_block.default\">\n\t\t\t\t<div class=\"elementor-widget-container\">\n\t\t\t\t\t<div class=\"wd-text-block reset-last-child text-left\">\n\t\t\t\n\t\t\t<h4>El rendimiento de transmisi\u00f3n puede aumentar mucho con JEDEC RC 2.0<\/h4><article data-v-b7353816=\"\">Usando la \u00faltima placa de circuito JEDEC RC 2.0 personalizada para aumentar la distancia entre la capa de potencia y la se\u00f1al capa. En comparaci\u00f3n con las memorias ordinarias, la se\u00f1al de transmisi\u00f3n es aumentado en un 35%. No habr\u00e1 interferencia entre el poder y la se\u00f1al, y obtiene un mejor rendimiento. completamente lanza la transmisi\u00f3n del m\u00f3dulo de memoria y ofrece a los jugadores la m\u00e1xima sensaci\u00f3n de overclocking y una gran estabilidad<br \/>m\u00f3dulo de memoria de overclocking.<\/article>\n\t\t\t\t\t<\/div>\n\t\t\t\t<\/div>\n\t\t\t\t<\/div>\n\t\t\t\t<div class=\"elementor-element elementor-element-c7e91e6 elementor-widget elementor-widget-wd_text_block\" data-id=\"c7e91e6\" data-element_type=\"widget\" data-widget_type=\"wd_text_block.default\">\n\t\t\t\t<div class=\"elementor-widget-container\">\n\t\t\t\t\t<div class=\"wd-text-block reset-last-child text-left\">\n\t\t\t\n\t\t\t<h4>Voltaje de trabajo ultra bajo, ahorra energ\u00eda hasta un 40%<\/h4><article data-v-b7353816=\"\"><p>Con un bajo voltaje de trabajo de 1,2~1,4 V de DDR4 DELTA RGB, no solo ahorra energ\u00eda, sino que tambi\u00e9n puede reducir la temperatura y el calor generado para ofrecer a la memoria de funcionamiento de alta velocidad un funcionamiento estable y prolongado.<\/p><\/article>\n\t\t\t\t\t<\/div>\n\t\t\t\t<\/div>\n\t\t\t\t<\/div>\n\t\t\t\t<div class=\"elementor-element elementor-element-1bd8ea1 elementor-widget elementor-widget-wd_text_block\" data-id=\"1bd8ea1\" data-element_type=\"widget\" data-widget_type=\"wd_text_block.default\">\n\t\t\t\t<div class=\"elementor-widget-container\">\n\t\t\t\t\t<div class=\"wd-text-block reset-last-child text-left\">\n\t\t\t\n\t\t\t<h4>QVL aprobada por los fabricantes de placas base<\/h4><article data-v-b7353816=\"\"><p>M\u00faltiples verificaciones de compatibilidad con las principales placas base DDR4 para garantizar su estabilidad con todas las placas base en la QVL (Lista de proveedores calificados). Por lo tanto, no tendr\u00e1 que preocuparse por los problemas de compatibilidad al comprar una memoria de alta velocidad.<\/p><\/article>\n\t\t\t\t\t<\/div>\n\t\t\t\t<\/div>\n\t\t\t\t<\/div>\n\t\t\t\t<div class=\"elementor-element elementor-element-5df058d elementor-widget elementor-widget-wd_image_or_svg\" data-id=\"5df058d\" data-element_type=\"widget\" data-widget_type=\"wd_image_or_svg.default\">\n\t\t\t\t<div class=\"elementor-widget-container\">\n\t\t\t\n\t\t<div class=\"wd-image text-center\">\n\t\t\t\t\t\t\t\t<img decoding=\"async\" src=\"https:\/\/tzila.mx\/dev\/wp-content\/uploads\/elementor\/thumbs\/Screen-Shot-2022-03-09-at-2.44.47-PM-plmpm3figtpv5b10w6olgs8kjl7e2xohbee090vbg8.png\" title=\"Screen Shot 2022-03-09 at 2.44.47 PM\" alt=\"Screen Shot 2022-03-09 at 2.44.47 PM\" \/>\t\t\t\t\t<\/div>\n\n\t\t\t\t<\/div>\n\t\t\t\t<\/div>\n\t\t\t\t\t<\/div>\n\t\t<\/div>\n\t\t\t\t\t\t\t<\/div>\n\t\t<\/section>\n\t\t\t\t\t\t<\/div>\n\t\t\t\t\t<\/div>\n\t\t","protected":false},"excerpt":{"rendered":"<h4>Caracter\u00edsticas principales:<\/h4>\n<p class=\"p1\"><span class=\"s1\">\u25cf<\/span><span class=\"s2\"> Capacidad memoria: <strong>16GB<\/strong> (2x8GB)<\/span><br \/>\n<span class=\"s1\">\u25cf<\/span><span class=\"s2\"> Velocidad: de hasta 3600MHZ<\/span><br \/>\n<span class=\"s1\">\u25cf<\/span><span class=\"s2\"> Latencia: CL18<\/span><br \/>\n<span class=\"s1\">\u25cf<\/span><span class=\"s2\"> Soporte <span dir=\"ltr\" role=\"presentation\">Intel\u00ae Extreme Memory Profiles (Intel\u00ae XMP)<\/span><\/span><\/p>\n","protected":false},"featured_media":10435,"comment_status":"open","ping_status":"closed","template":"","meta":[],"product_cat":[20,74,144],"product_tag":[182],"class_list":["post-10484","product","type-product","status-publish","has-post-thumbnail","hentry","product_cat-hardware","product_cat-memoria-ram","product_cat-teamgroup","product_tag-t-force-delta","pa_brand-teamgroup"],"_links":{"self":[{"href":"https:\/\/tzila.mx\/dev\/wp-json\/wp\/v2\/product\/10484","targetHints":{"allow":["GET"]}}],"collection":[{"href":"https:\/\/tzila.mx\/dev\/wp-json\/wp\/v2\/product"}],"about":[{"href":"https:\/\/tzila.mx\/dev\/wp-json\/wp\/v2\/types\/product"}],"replies":[{"embeddable":true,"href":"https:\/\/tzila.mx\/dev\/wp-json\/wp\/v2\/comments?post=10484"}],"version-history":[{"count":7,"href":"https:\/\/tzila.mx\/dev\/wp-json\/wp\/v2\/product\/10484\/revisions"}],"predecessor-version":[{"id":15501,"href":"https:\/\/tzila.mx\/dev\/wp-json\/wp\/v2\/product\/10484\/revisions\/15501"}],"wp:featuredmedia":[{"embeddable":true,"href":"https:\/\/tzila.mx\/dev\/wp-json\/wp\/v2\/media\/10435"}],"wp:attachment":[{"href":"https:\/\/tzila.mx\/dev\/wp-json\/wp\/v2\/media?parent=10484"}],"wp:term":[{"taxonomy":"product_cat","embeddable":true,"href":"https:\/\/tzila.mx\/dev\/wp-json\/wp\/v2\/product_cat?post=10484"},{"taxonomy":"product_tag","embeddable":true,"href":"https:\/\/tzila.mx\/dev\/wp-json\/wp\/v2\/product_tag?post=10484"}],"curies":[{"name":"wp","href":"https:\/\/api.w.org\/{rel}","templated":true}]}}