{"id":10385,"date":"2022-03-09T00:26:56","date_gmt":"2022-03-09T06:26:56","guid":{"rendered":"https:\/\/tzila.mx\/dev\/?post_type=product&#038;p=10385"},"modified":"2022-06-16T16:12:33","modified_gmt":"2022-06-16T21:12:33","slug":"ssd-externo-western-digital-black-d10-game-drive","status":"publish","type":"product","link":"https:\/\/tzila.mx\/dev\/producto\/ssd-externo-western-digital-black-d10-game-drive\/","title":{"rendered":"SSD Externo WESTERN DIGITAL  Black D10 Game Drive"},"content":{"rendered":"\t\t<div data-elementor-type=\"wp-post\" data-elementor-id=\"10385\" class=\"elementor elementor-10385\" data-elementor-settings=\"[]\">\n\t\t\t\t\t\t\t<div class=\"elementor-section-wrap\">\n\t\t\t\t\t\t\t<section class=\"elementor-section elementor-top-section elementor-element elementor-element-154fe09 elementor-section-boxed elementor-section-height-default elementor-section-height-default wd-section-disabled\" data-id=\"154fe09\" data-element_type=\"section\">\n\t\t\t\t\t\t<div class=\"elementor-container elementor-column-gap-default\">\n\t\t\t\t\t<div class=\"elementor-column elementor-col-33 elementor-top-column elementor-element elementor-element-f14913d\" data-id=\"f14913d\" data-element_type=\"column\">\n\t\t\t<div class=\"elementor-widget-wrap elementor-element-populated\">\n\t\t\t\t\t\t\t\t<div class=\"elementor-element elementor-element-3d30eaf elementor-widget elementor-widget-wd_text_block\" data-id=\"3d30eaf\" data-element_type=\"widget\" data-widget_type=\"wd_text_block.default\">\n\t\t\t\t<div class=\"elementor-widget-container\">\n\t\t\t\t\t<div class=\"wd-text-block reset-last-child text-left\">\n\t\t\t\n\t\t\t<h5><strong>M\u00c1S ESPECIFICACIONES<\/strong><strong>:<\/strong><\/h5>\n\t\t\t\t\t<\/div>\n\t\t\t\t<\/div>\n\t\t\t\t<\/div>\n\t\t\t\t<div class=\"elementor-element elementor-element-6d44079 elementor-widget elementor-widget-wd_text_block\" data-id=\"6d44079\" data-element_type=\"widget\" data-widget_type=\"wd_text_block.default\">\n\t\t\t\t<div class=\"elementor-widget-container\">\n\t\t\t\t\t<div class=\"wd-text-block reset-last-child text-left\">\n\t\t\t\n\t\t\t<h4 class=\"mb-8 mt-6 inheritPara text-xl font-bold ng-binding ng-scope\">Almacenamiento de alto rendimiento con refrigeraci\u00f3n activa<\/h4><p>WD_Black\u2122 D10 Game Drive llevar\u00e1 su consola o PC al siguiente nivel y lo ayudar\u00e1 a sostener la ventaja competitiva que necesita para ganar. Agregue hasta 8\u00a0TB de almacenamiento adicional a su dispositivo para crear una biblioteca de juegos con un m\u00e1ximo de 200\u00a0juegos o para revivir sus mejores jugadas mediante el almacenamiento de sus grabaciones de juegos favoritas. Gracias a su velocidad de 7200\u00a0r.\u00a0p.\u00a0m.\u00a0con tecnolog\u00eda de refrigeraci\u00f3n activa, WD_Black\u2122 D10 Game Drive tiene velocidades hasta 250\u00a0MB\/s para colocar su juego en el modo de alto rendimiento, de modo que pueda jugar sin l\u00edmites y de la forma que elija.<\/p><p class=\"p1\"><span class=\"s1\">\u25cf Disfrute De Todos Los Juegos, No Solo Sus Favoritos\u00a0<\/span>.<br \/><span class=\"s1\">\u25cf Unidad Grande, Velocidad R\u00e1pida<\/span>.<br \/><span class=\"s1\">\u25cf Enci\u00e9ndalo Al 100%<\/span><br \/><span class=\"s1\">\u25cf Nuestro Legado Contin\u00faa<\/span><br \/><span class=\"s1\">\u25cf Gane Sin Preocupaciones<\/span><\/p>\n\t\t\t\t\t<\/div>\n\t\t\t\t<\/div>\n\t\t\t\t<\/div>\n\t\t\t\t\t<\/div>\n\t\t<\/div>\n\t\t\t\t<div class=\"elementor-column elementor-col-66 elementor-top-column elementor-element elementor-element-1a0b71f\" data-id=\"1a0b71f\" data-element_type=\"column\">\n\t\t\t<div class=\"elementor-widget-wrap elementor-element-populated\">\n\t\t\t\t\t\t\t\t<div class=\"elementor-element elementor-element-6f6445b elementor-widget elementor-widget-wd_image_or_svg\" data-id=\"6f6445b\" data-element_type=\"widget\" data-widget_type=\"wd_image_or_svg.default\">\n\t\t\t\t<div class=\"elementor-widget-container\">\n\t\t\t\n\t\t<div class=\"wd-image text-center\">\n\t\t\t\t\t\t\t\t<img decoding=\"async\" src=\"https:\/\/tzila.mx\/dev\/wp-content\/uploads\/elementor\/thumbs\/WD_Black_D10_Game_Drive_Left.thumb_.1280.1281-pllmfdbq5lnjg4sr6tj74rt3qvzkhw4h3ocrbiwcyo.png\" title=\"WD_Black_D10_Game_Drive_Left.png.thumb.1280.1281\" alt=\"WD_Black_D10_Game_Drive_Left.png.thumb.1280.1281\" \/>\t\t\t\t\t<\/div>\n\n\t\t\t\t<\/div>\n\t\t\t\t<\/div>\n\t\t\t\t\t<\/div>\n\t\t<\/div>\n\t\t\t\t\t\t\t<\/div>\n\t\t<\/section>\n\t\t\t\t<section class=\"elementor-section elementor-top-section elementor-element elementor-element-f335c48 elementor-section-boxed elementor-section-height-default elementor-section-height-default wd-section-disabled\" data-id=\"f335c48\" data-element_type=\"section\">\n\t\t\t\t\t\t<div class=\"elementor-container elementor-column-gap-default\">\n\t\t\t\t\t<div class=\"elementor-column elementor-col-33 elementor-top-column elementor-element elementor-element-b982906\" data-id=\"b982906\" data-element_type=\"column\">\n\t\t\t<div class=\"elementor-widget-wrap elementor-element-populated\">\n\t\t\t\t\t\t\t\t<div class=\"elementor-element elementor-element-ecdf1c9 elementor-widget elementor-widget-wd_text_block\" data-id=\"ecdf1c9\" data-element_type=\"widget\" data-widget_type=\"wd_text_block.default\">\n\t\t\t\t<div class=\"elementor-widget-container\">\n\t\t\t\t\t<div class=\"wd-text-block reset-last-child text-left\">\n\t\t\t\n\t\t\t<h4><strong>Disfruta De Todos Los Juegos, No Solo Sus Favoritos\u00a0<\/strong><\/h4><p>Con el almacenamiento agregado de 8\u00a0TB<a class=\"disclosure\" href=\"https:\/\/www.westerndigital.com\/es-la\/products\/external-drives\/wd-black-d10-game-drive-usb-3-2-hdd#disclosures1\" target=\"_self\" aria-describedby=\"disclosures\"><sup>1<\/sup><\/a> de WD_Black\u2122 D10 Game Drive, no es necesario perder tiempo liberando espacio en tu consola o PC para tener juegos nuevos; ahora puedes mantener intactos tus juegos favoritos antiguos a medida que agrandas tu biblioteca. La captura y la recopilaci\u00f3n de tus jugadas m\u00e1s memorables son a\u00fan m\u00e1s f\u00e1ciles con la capacidad de almacenamiento adicional, por lo que puedes revivir y compartir tus grabaciones de juegos m\u00e1s importantes con el mundo.<\/p>\n\t\t\t\t\t<\/div>\n\t\t\t\t<\/div>\n\t\t\t\t<\/div>\n\t\t\t\t<div class=\"elementor-element elementor-element-004860c elementor-widget elementor-widget-wd_text_block\" data-id=\"004860c\" data-element_type=\"widget\" data-widget_type=\"wd_text_block.default\">\n\t\t\t\t<div class=\"elementor-widget-container\">\n\t\t\t\t\t<div class=\"wd-text-block reset-last-child text-left\">\n\t\t\t\n\t\t\t<h4><strong>Unidad Grande, Velocidad R\u00e1pida<\/strong><\/h4><article data-v-b7353816=\"\">Como ofrece velocidades hasta 250 MB\/s de 7200 r. p. m., puedes jugar a toda velocidad con WD_Black\u2122 D10 Game Drive. Dise\u00f1ado meticulosamente con la mente puesta en el jugador, cuenta con tecnolog\u00eda de refrigeraci\u00f3n activa integrada para ayudar a mantener las condiciones t\u00e9rmicas y reducir el riesgo de fallas para tener una experiencia de juego optimizada.<\/article>\n\t\t\t\t\t<\/div>\n\t\t\t\t<\/div>\n\t\t\t\t<\/div>\n\t\t\t\t\t<\/div>\n\t\t<\/div>\n\t\t\t\t<div class=\"elementor-column elementor-col-33 elementor-top-column elementor-element elementor-element-efcf9f4\" data-id=\"efcf9f4\" data-element_type=\"column\">\n\t\t\t<div class=\"elementor-widget-wrap elementor-element-populated\">\n\t\t\t\t\t\t\t\t<div class=\"elementor-element elementor-element-70c252b elementor-widget elementor-widget-wd_text_block\" data-id=\"70c252b\" data-element_type=\"widget\" data-widget_type=\"wd_text_block.default\">\n\t\t\t\t<div class=\"elementor-widget-container\">\n\t\t\t\t\t<div class=\"wd-text-block reset-last-child text-left\">\n\t\t\t\n\t\t\t<h4><strong>Enci\u00e9ndalo Al 100%<\/strong><\/h4><article data-v-b7353816=\"\"><p>WD_Black\u2122 D10 Game Drive viene equipado con dos puertos de carga USB Type-A de 7,5 W para facilitar a\u00fan m\u00e1s la carga de equipos o accesorios. Creado cuidadosamente para permanecer en posici\u00f3n vertical u horizontal, su configuraci\u00f3n de juego mantendr\u00e1 sus dispositivos con carga y preparados para combatir en cualquier momento.<\/p><\/article>\n\t\t\t\t\t<\/div>\n\t\t\t\t<\/div>\n\t\t\t\t<\/div>\n\t\t\t\t<div class=\"elementor-element elementor-element-27b771f elementor-widget elementor-widget-wd_image_or_svg\" data-id=\"27b771f\" data-element_type=\"widget\" data-widget_type=\"wd_image_or_svg.default\">\n\t\t\t\t<div class=\"elementor-widget-container\">\n\t\t\t\n\t\t<div class=\"wd-image text-left\">\n\t\t\t\t\t\t\t\t<img loading=\"lazy\" decoding=\"async\" width=\"1280\" height=\"625\" src=\"https:\/\/tzila.mx\/dev\/wp-content\/uploads\/2022\/03\/WD_Black_D10_Game_Drive_Left.png.thumb_.1280.1283.png\" class=\"attachment-full size-full\" alt=\"\" srcset=\"https:\/\/tzila.mx\/dev\/wp-content\/uploads\/2022\/03\/WD_Black_D10_Game_Drive_Left.png.thumb_.1280.1283.png 1280w, https:\/\/tzila.mx\/dev\/wp-content\/uploads\/2022\/03\/WD_Black_D10_Game_Drive_Left.png.thumb_.1280.1283-400x195.png 400w, https:\/\/tzila.mx\/dev\/wp-content\/uploads\/2022\/03\/WD_Black_D10_Game_Drive_Left.png.thumb_.1280.1283-768x375.png 768w, https:\/\/tzila.mx\/dev\/wp-content\/uploads\/2022\/03\/WD_Black_D10_Game_Drive_Left.png.thumb_.1280.1283-860x420.png 860w, https:\/\/tzila.mx\/dev\/wp-content\/uploads\/2022\/03\/WD_Black_D10_Game_Drive_Left.png.thumb_.1280.1283-430x210.png 430w, https:\/\/tzila.mx\/dev\/wp-content\/uploads\/2022\/03\/WD_Black_D10_Game_Drive_Left.png.thumb_.1280.1283-700x342.png 700w, https:\/\/tzila.mx\/dev\/wp-content\/uploads\/2022\/03\/WD_Black_D10_Game_Drive_Left.png.thumb_.1280.1283-150x73.png 150w\" sizes=\"auto, (max-width: 1280px) 100vw, 1280px\" \/>\t\t\t\t\t<\/div>\n\n\t\t\t\t<\/div>\n\t\t\t\t<\/div>\n\t\t\t\t<div class=\"elementor-element elementor-element-fca3fa3 elementor-widget elementor-widget-wd_text_block\" data-id=\"fca3fa3\" data-element_type=\"widget\" data-widget_type=\"wd_text_block.default\">\n\t\t\t\t<div class=\"elementor-widget-container\">\n\t\t\t\t\t<div class=\"wd-text-block reset-last-child text-left\">\n\t\t\t\n\t\t\t<div class=\"row-content\" data-v-b7353816=\"\"><h4><strong>Nuestro Legado Contin\u00faa<\/strong><\/h4><article data-v-b7353816=\"\">Una vez comprobado, los jugadores conf\u00edan sus vidas (y su almacenamiento) a WD_Black\u2122. Nuestra misi\u00f3n con WD_Black\u2122 es simple: una marca dedicada a almacenar y a mejorar sus juegos. Con su fiabilidad, velocidad optimizada, expansi\u00f3n y una garant\u00eda limitada de 3 a\u00f1os, puede tener la seguridad de que WD_Black\u2122 D10 Game Drive no lo abandonar\u00e1 mientras busca alcanzar la excelencia en videojuegos.<\/article><\/div>\n\t\t\t\t\t<\/div>\n\t\t\t\t<\/div>\n\t\t\t\t<\/div>\n\t\t\t\t\t<\/div>\n\t\t<\/div>\n\t\t\t\t<div class=\"elementor-column elementor-col-33 elementor-top-column elementor-element elementor-element-dffdc91\" data-id=\"dffdc91\" data-element_type=\"column\">\n\t\t\t<div class=\"elementor-widget-wrap elementor-element-populated\">\n\t\t\t\t\t\t\t\t<div class=\"elementor-element elementor-element-b8cfaa5 elementor-widget elementor-widget-wd_text_block\" data-id=\"b8cfaa5\" data-element_type=\"widget\" data-widget_type=\"wd_text_block.default\">\n\t\t\t\t<div class=\"elementor-widget-container\">\n\t\t\t\t\t<div class=\"wd-text-block reset-last-child text-left\">\n\t\t\t\n\t\t\t<div class=\"row-content r-side\" data-v-b7353816=\"\"><h4><strong>Gana Sin Preocupaciones<\/strong><\/h4><article data-v-b7353816=\"\">WD_Black\u2122 rompe el molde en lo que respecta a la expansi\u00f3n y el rendimiento del almacenamiento premium. Dise\u00f1ado especialmente para jugadores, WD_Black\u2122 D10 Game Drive le ofrece a su consola o PC el aumento de rendimiento y la capacidad con la confiabilidad y la seguridad que necesita, para que ocupe menos tiempo preocup\u00e1ndose por su hardware y m\u00e1s tiempo ganando. WD_Black\u2122 no lo abandonar\u00e1.<\/article><\/div>\n\t\t\t\t\t<\/div>\n\t\t\t\t<\/div>\n\t\t\t\t<\/div>\n\t\t\t\t<div class=\"elementor-element elementor-element-663a5cd elementor-widget elementor-widget-wd_image_or_svg\" data-id=\"663a5cd\" data-element_type=\"widget\" data-widget_type=\"wd_image_or_svg.default\">\n\t\t\t\t<div class=\"elementor-widget-container\">\n\t\t\t\n\t\t<div class=\"wd-image text-center\">\n\t\t\t\t\t\t\t\t<img decoding=\"async\" src=\"https:\/\/tzila.mx\/dev\/wp-content\/uploads\/elementor\/thumbs\/WD_Black_D10_Game_Drive_Left.thumb_.1280.1282-pllmfjwgm0ry6kku4w9tq4fwix50wiy34dk54rrnps.png\" title=\"WD_Black_D10_Game_Drive_Left.png.thumb.1280.1282\" alt=\"WD_Black_D10_Game_Drive_Left.png.thumb.1280.1282\" \/>\t\t\t\t\t<\/div>\n\n\t\t\t\t<\/div>\n\t\t\t\t<\/div>\n\t\t\t\t<div class=\"elementor-element elementor-element-5e014b0 elementor-widget elementor-widget-wd_button\" data-id=\"5e014b0\" data-element_type=\"widget\" data-widget_type=\"wd_button.default\">\n\t\t\t\t<div class=\"elementor-widget-container\">\n\t\t\t\t\t<div class=\"wd-button-wrapper text-center\" >\n\t\t\t<a class=\"btn btn-style-link btn-shape- btn-size-large btn-color-alt btn-icon-pos-right\"  href=\"https:\/\/documents.westerndigital.com\/content\/dam\/doc-library\/es_mx\/assets\/public\/wd\/product\/external-storage\/wd-black-d10-game-drive-usb-3-2-hdd\/data-sheet-wd-black-d10-game-drive.pdf\" target=\"_blank\">\n\t\t\t\t<span class=\"wd-btn-text\" data-elementor-setting-key=\"text\">\n\t\t\t\t\tFicha t\u00e9cnica\t\t\t\t<\/span>\n\n\t\t\t\t\t\t\t<\/a>\n\t\t<\/div>\n\t\t\t\t<\/div>\n\t\t\t\t<\/div>\n\t\t\t\t\t<\/div>\n\t\t<\/div>\n\t\t\t\t\t\t\t<\/div>\n\t\t<\/section>\n\t\t\t\t\t\t<\/div>\n\t\t\t\t\t<\/div>\n\t\t","protected":false},"excerpt":{"rendered":"<h4>Caracter\u00edsticas principales:<\/h4>\n<p>\u25cf SSD externo de hasta 8TB de capacidad<br \/>\n\u25cf USB 3.2 Gen 1<br \/>\n\u25cf Micro B<br \/>\n\u25cf Velocidad de 7200 r. p. m.<br \/>\n\u25cf Velocidades de lectura de hasta 250\u00a0MB\/s<br \/>\n\u25cf M\u00e1ximo aproximado de 200 juegos<\/p>\n","protected":false},"featured_media":10387,"comment_status":"open","ping_status":"closed","template":"","meta":[],"product_cat":[20,139,145],"product_tag":[181],"class_list":["post-10385","product","type-product","status-publish","has-post-thumbnail","hentry","product_cat-hardware","product_cat-sdd-externo","product_cat-western-digital","product_tag-wd_black","pa_brand-western-digital"],"_links":{"self":[{"href":"https:\/\/tzila.mx\/dev\/wp-json\/wp\/v2\/product\/10385","targetHints":{"allow":["GET"]}}],"collection":[{"href":"https:\/\/tzila.mx\/dev\/wp-json\/wp\/v2\/product"}],"about":[{"href":"https:\/\/tzila.mx\/dev\/wp-json\/wp\/v2\/types\/product"}],"replies":[{"embeddable":true,"href":"https:\/\/tzila.mx\/dev\/wp-json\/wp\/v2\/comments?post=10385"}],"version-history":[{"count":8,"href":"https:\/\/tzila.mx\/dev\/wp-json\/wp\/v2\/product\/10385\/revisions"}],"predecessor-version":[{"id":10403,"href":"https:\/\/tzila.mx\/dev\/wp-json\/wp\/v2\/product\/10385\/revisions\/10403"}],"wp:featuredmedia":[{"embeddable":true,"href":"https:\/\/tzila.mx\/dev\/wp-json\/wp\/v2\/media\/10387"}],"wp:attachment":[{"href":"https:\/\/tzila.mx\/dev\/wp-json\/wp\/v2\/media?parent=10385"}],"wp:term":[{"taxonomy":"product_cat","embeddable":true,"href":"https:\/\/tzila.mx\/dev\/wp-json\/wp\/v2\/product_cat?post=10385"},{"taxonomy":"product_tag","embeddable":true,"href":"https:\/\/tzila.mx\/dev\/wp-json\/wp\/v2\/product_tag?post=10385"}],"curies":[{"name":"wp","href":"https:\/\/api.w.org\/{rel}","templated":true}]}}