{"id":10336,"date":"2022-03-08T22:53:18","date_gmt":"2022-03-09T04:53:18","guid":{"rendered":"https:\/\/tzila.mx\/dev\/?post_type=product&#038;p=10336"},"modified":"2022-06-16T16:16:13","modified_gmt":"2022-06-16T21:16:13","slug":"ssd-externo-western-digital-black-p50-game-drive-nvme-call-ofd-duty-black-ops-cold-war-edicion-especial","status":"publish","type":"product","link":"https:\/\/tzila.mx\/dev\/producto\/ssd-externo-western-digital-black-p50-game-drive-nvme-call-ofd-duty-black-ops-cold-war-edicion-especial\/","title":{"rendered":"SSD Externo WESTERN DIGITAL  Black P50 Game Drive NVMe Call of Duty: Black Ops Cold War, edici\u00f3n especial"},"content":{"rendered":"\t\t<div data-elementor-type=\"wp-post\" data-elementor-id=\"10336\" class=\"elementor elementor-10336\" data-elementor-settings=\"[]\">\n\t\t\t\t\t\t\t<div class=\"elementor-section-wrap\">\n\t\t\t\t\t\t\t<section class=\"elementor-section elementor-top-section elementor-element elementor-element-154fe09 elementor-section-boxed elementor-section-height-default elementor-section-height-default wd-section-disabled\" data-id=\"154fe09\" data-element_type=\"section\">\n\t\t\t\t\t\t<div class=\"elementor-container elementor-column-gap-default\">\n\t\t\t\t\t<div class=\"elementor-column elementor-col-33 elementor-top-column elementor-element elementor-element-f14913d\" data-id=\"f14913d\" data-element_type=\"column\">\n\t\t\t<div class=\"elementor-widget-wrap elementor-element-populated\">\n\t\t\t\t\t\t\t\t<div class=\"elementor-element elementor-element-3d30eaf elementor-widget elementor-widget-wd_text_block\" data-id=\"3d30eaf\" data-element_type=\"widget\" data-widget_type=\"wd_text_block.default\">\n\t\t\t\t<div class=\"elementor-widget-container\">\n\t\t\t\t\t<div class=\"wd-text-block reset-last-child text-left\">\n\t\t\t\n\t\t\t<h5><strong>M\u00c1S ESPECIFICACIONES<\/strong><strong>:<\/strong><\/h5>\n\t\t\t\t\t<\/div>\n\t\t\t\t<\/div>\n\t\t\t\t<\/div>\n\t\t\t\t<div class=\"elementor-element elementor-element-6d44079 elementor-widget elementor-widget-wd_text_block\" data-id=\"6d44079\" data-element_type=\"widget\" data-widget_type=\"wd_text_block.default\">\n\t\t\t\t<div class=\"elementor-widget-container\">\n\t\t\t\t\t<div class=\"wd-text-block reset-last-child text-left\">\n\t\t\t\n\t\t\t<p class=\"mb-8 mt-6 inheritPara text-xl font-bold ng-binding ng-scope\"><strong>ALMACENA LA GUERRA. ACELERA LA MISI\u00d3N.<\/strong><\/p><p>Acceda con rapidez desde donde se encuentre con la unidad dise\u00f1ada para capturar uno de los t\u00edtulos m\u00e1s esperados del a\u00f1o. Almacene su equipamiento y las actualizaciones fundamentales en una capacidad de 1\u00a0TB<a class=\"disclosure\" href=\"https:\/\/www.westerndigital.com\/es-la\/products\/portable-drives\/wd-black-p50-game-drive-call-of-duty-edition-usb-3-2-ssd#disclosures1\" target=\"_self\" aria-describedby=\"disclosures\"><sup>1<\/sup><\/a>. Aniquile los tiempos de carga con velocidades que alcanzan hasta 2000\u00a0MB\/s. Equipado con 2400\u00a0puntos<em> Call of Duty.<\/em><\/p><p class=\"p1\"><span class=\"s1\">\u25cf <\/span>Dise\u00f1ado para la velocidad.<br \/><span class=\"s1\">\u25cf <\/span>Creado para la guerra.<br \/><span class=\"s1\">\u25cf <\/span>Llegaron los refuerzos<br \/><span class=\"s1\">\u25cf <\/span>Listo para la misi\u00f3n<br \/><span class=\"s1\">\u25cf <\/span>Los tiempos de carga son el enemigo<br \/><span class=\"s1\">\u25cf <\/span>Probado en la batalla, creado para jugadores<br \/><span class=\"s1\">\u25cf <\/span>Conquiste con confianza<br \/><span class=\"s1\">\u25cf <\/span>Listo para misiones futuras<\/p>\n\t\t\t\t\t<\/div>\n\t\t\t\t<\/div>\n\t\t\t\t<\/div>\n\t\t\t\t\t<\/div>\n\t\t<\/div>\n\t\t\t\t<div class=\"elementor-column elementor-col-66 elementor-top-column elementor-element elementor-element-1a0b71f\" data-id=\"1a0b71f\" data-element_type=\"column\">\n\t\t\t<div class=\"elementor-widget-wrap elementor-element-populated\">\n\t\t\t\t\t\t\t\t<div class=\"elementor-element elementor-element-6f6445b elementor-widget elementor-widget-wd_image_or_svg\" data-id=\"6f6445b\" data-element_type=\"widget\" data-widget_type=\"wd_image_or_svg.default\">\n\t\t\t\t<div class=\"elementor-widget-container\">\n\t\t\t\n\t\t<div class=\"wd-image text-center\">\n\t\t\t\t\t\t\t\t<img decoding=\"async\" src=\"https:\/\/tzila.mx\/dev\/wp-content\/uploads\/elementor\/thumbs\/wd-black-p50-game-drive-call-of-duty-edition-usb-3-2-ssd-front.thumb_.1280.1284-e1646805831829-plllbmpd7r94lmit8n50pstjmfux2kd0azfqwdtk0w.png\" title=\"wd-black-p50-game-drive-call-of-duty-edition-usb-3-2-ssd-front.png.thumb.1280.1284\" alt=\"wd-black-p50-game-drive-call-of-duty-edition-usb-3-2-ssd-front.png.thumb.1280.1284\" \/>\t\t\t\t\t<\/div>\n\n\t\t\t\t<\/div>\n\t\t\t\t<\/div>\n\t\t\t\t\t<\/div>\n\t\t<\/div>\n\t\t\t\t\t\t\t<\/div>\n\t\t<\/section>\n\t\t\t\t<section class=\"elementor-section elementor-top-section elementor-element elementor-element-f335c48 elementor-section-boxed elementor-section-height-default elementor-section-height-default wd-section-disabled\" data-id=\"f335c48\" data-element_type=\"section\">\n\t\t\t\t\t\t<div class=\"elementor-container elementor-column-gap-default\">\n\t\t\t\t\t<div class=\"elementor-column elementor-col-33 elementor-top-column elementor-element elementor-element-b982906\" data-id=\"b982906\" data-element_type=\"column\">\n\t\t\t<div class=\"elementor-widget-wrap elementor-element-populated\">\n\t\t\t\t\t\t\t\t<div class=\"elementor-element elementor-element-ecdf1c9 elementor-widget elementor-widget-wd_text_block\" data-id=\"ecdf1c9\" data-element_type=\"widget\" data-widget_type=\"wd_text_block.default\">\n\t\t\t\t<div class=\"elementor-widget-container\">\n\t\t\t\t\t<div class=\"wd-text-block reset-last-child text-left\">\n\t\t\t\n\t\t\t<h4><strong>Dise\u00f1ado para la velocidad. Creado para la guerra.<\/strong><\/h4><p>Acceda con rapidez desde donde se encuentre con la unidad dise\u00f1ada para capturar uno de los t\u00edtulos m\u00e1s esperados del a\u00f1o. Equipado con 2400\u00a0<em>puntos Call of Duty<\/em><\/p>\n\t\t\t\t\t<\/div>\n\t\t\t\t<\/div>\n\t\t\t\t<\/div>\n\t\t\t\t<div class=\"elementor-element elementor-element-004860c elementor-widget elementor-widget-wd_text_block\" data-id=\"004860c\" data-element_type=\"widget\" data-widget_type=\"wd_text_block.default\">\n\t\t\t\t<div class=\"elementor-widget-container\">\n\t\t\t\t\t<div class=\"wd-text-block reset-last-child text-left\">\n\t\t\t\n\t\t\t<h4><strong>Llegaron los refuerzos<\/strong><\/h4><article data-v-b7353816=\"\">Almacene el archivo de juego de <em>Call of Duty: Black Ops Cold War<\/em> en su totalidad (\u00fanicamente para PC, Xbox One\u2122 o PS4\u2122) con una capacidad de 1\u00a0TB<a class=\"disclosure\" href=\"https:\/\/www.westerndigital.com\/es-la\/products\/portable-drives\/wd-black-p50-game-drive-call-of-duty-edition-usb-3-2-ssd#disclosures1\" target=\"_self\" aria-describedby=\"disclosures\"><sup>1<\/sup><\/a> sin tener que eliminar juegos e informaci\u00f3n en su consola para hacer espacio a futuras actualizaciones.<\/article>\n\t\t\t\t\t<\/div>\n\t\t\t\t<\/div>\n\t\t\t\t<\/div>\n\t\t\t\t<div class=\"elementor-element elementor-element-27b771f elementor-widget elementor-widget-wd_image_or_svg\" data-id=\"27b771f\" data-element_type=\"widget\" data-widget_type=\"wd_image_or_svg.default\">\n\t\t\t\t<div class=\"elementor-widget-container\">\n\t\t\t\n\t\t<div class=\"wd-image text-left\">\n\t\t\t\t\t\t\t\t<img loading=\"lazy\" decoding=\"async\" width=\"384\" height=\"211\" src=\"https:\/\/tzila.mx\/dev\/wp-content\/uploads\/2022\/03\/wd-black-p50-game-drive-call-of-duty-edition-usb-3-2-ssd-front.png.thumb_.1280.1283.png\" class=\"attachment-full size-full\" alt=\"\" srcset=\"https:\/\/tzila.mx\/dev\/wp-content\/uploads\/2022\/03\/wd-black-p50-game-drive-call-of-duty-edition-usb-3-2-ssd-front.png.thumb_.1280.1283.png 384w, https:\/\/tzila.mx\/dev\/wp-content\/uploads\/2022\/03\/wd-black-p50-game-drive-call-of-duty-edition-usb-3-2-ssd-front.png.thumb_.1280.1283-150x82.png 150w\" sizes=\"auto, (max-width: 384px) 100vw, 384px\" \/>\t\t\t\t\t<\/div>\n\n\t\t\t\t<\/div>\n\t\t\t\t<\/div>\n\t\t\t\t<div class=\"elementor-element elementor-element-10c6005 elementor-widget elementor-widget-wd_text_block\" data-id=\"10c6005\" data-element_type=\"widget\" data-widget_type=\"wd_text_block.default\">\n\t\t\t\t<div class=\"elementor-widget-container\">\n\t\t\t\t\t<div class=\"wd-text-block reset-last-child text-left\">\n\t\t\t\n\t\t\t<div class=\"row-content r-side\" data-v-b7353816=\"\"><h4><strong>Listo para la misi\u00f3n<\/strong><\/h4><article data-v-b7353816=\"\">Esta unidad est\u00e1 equipada con 2400\u00a0puntos <em>Call of Duty<\/em> para la compra del pase de batalla, que incluye planos de armas poderosas, equipo t\u00e1ctico y accesorios para que cualquier tipo de operador los pueda desbloquear.<\/article><\/div>\n\t\t\t\t\t<\/div>\n\t\t\t\t<\/div>\n\t\t\t\t<\/div>\n\t\t\t\t\t<\/div>\n\t\t<\/div>\n\t\t\t\t<div class=\"elementor-column elementor-col-33 elementor-top-column elementor-element elementor-element-efcf9f4\" data-id=\"efcf9f4\" data-element_type=\"column\">\n\t\t\t<div class=\"elementor-widget-wrap elementor-element-populated\">\n\t\t\t\t\t\t\t\t<div class=\"elementor-element elementor-element-70c252b elementor-widget elementor-widget-wd_text_block\" data-id=\"70c252b\" data-element_type=\"widget\" data-widget_type=\"wd_text_block.default\">\n\t\t\t\t<div class=\"elementor-widget-container\">\n\t\t\t\t\t<div class=\"wd-text-block reset-last-child text-left\">\n\t\t\t\n\t\t\t<h4><strong>Los tiempos de carga son el enemigo<\/strong><\/h4><article data-v-b7353816=\"\"><p>Reduzca los tiempos de carga con el disco SSD de alto rendimiento con interfaz USB superr\u00e1pida de 20\u00a0Gb\/s que alcanza hasta 2000\u00a0MB\/s para acceda con mayor rapidez y elimine su objetivo<\/p><\/article>\n\t\t\t\t\t<\/div>\n\t\t\t\t<\/div>\n\t\t\t\t<\/div>\n\t\t\t\t<div class=\"elementor-element elementor-element-febe796 elementor-widget elementor-widget-wd_image_or_svg\" data-id=\"febe796\" data-element_type=\"widget\" data-widget_type=\"wd_image_or_svg.default\">\n\t\t\t\t<div class=\"elementor-widget-container\">\n\t\t\t\n\t\t<div class=\"wd-image text-left\">\n\t\t\t\t\t\t\t\t<img decoding=\"async\" src=\"https:\/\/tzila.mx\/dev\/wp-content\/uploads\/elementor\/thumbs\/wd-black-p50-game-drive-call-of-duty-edition-usb-3-2-ssd-low.thumb_.1280.1281-pllinc4flex44714i3ht3idz3zneqnk5r0kcdzrexc.png\" title=\"wd-black-p50-game-drive-call-of-duty-edition-usb-3-2-ssd-low.png.thumb.1280.1281\" alt=\"wd-black-p50-game-drive-call-of-duty-edition-usb-3-2-ssd-low.png.thumb.1280.1281\" \/>\t\t\t\t\t<\/div>\n\n\t\t\t\t<\/div>\n\t\t\t\t<\/div>\n\t\t\t\t<div class=\"elementor-element elementor-element-fca3fa3 elementor-widget elementor-widget-wd_text_block\" data-id=\"fca3fa3\" data-element_type=\"widget\" data-widget_type=\"wd_text_block.default\">\n\t\t\t\t<div class=\"elementor-widget-container\">\n\t\t\t\t\t<div class=\"wd-text-block reset-last-child text-left\">\n\t\t\t\n\t\t\t<div class=\"row-content\" data-v-b7353816=\"\"><h4><strong>Probado en la batalla, creado para jugadores\u00a0<\/strong><\/h4><article data-v-b7353816=\"\">Lleve su informaci\u00f3n en este factor de forma port\u00e1til con cubierta superior met\u00e1lica, que rinde homenaje a la era de dispositivos de almacenamiento magn\u00e9ticos de la Guerra Fr\u00eda y lleva su colecci\u00f3n completa encubierta.<\/article><\/div>\n\t\t\t\t\t<\/div>\n\t\t\t\t<\/div>\n\t\t\t\t<\/div>\n\t\t\t\t\t<\/div>\n\t\t<\/div>\n\t\t\t\t<div class=\"elementor-column elementor-col-33 elementor-top-column elementor-element elementor-element-dffdc91\" data-id=\"dffdc91\" data-element_type=\"column\">\n\t\t\t<div class=\"elementor-widget-wrap elementor-element-populated\">\n\t\t\t\t\t\t\t\t<div class=\"elementor-element elementor-element-b8cfaa5 elementor-widget elementor-widget-wd_text_block\" data-id=\"b8cfaa5\" data-element_type=\"widget\" data-widget_type=\"wd_text_block.default\">\n\t\t\t\t<div class=\"elementor-widget-container\">\n\t\t\t\t\t<div class=\"wd-text-block reset-last-child text-left\">\n\t\t\t\n\t\t\t<div class=\"row-content r-side\" data-v-b7353816=\"\"><h4><strong>Conquiste con confianza<\/strong><\/h4><article data-v-b7353816=\"\">Los jugadores pueden confiarle a WD_BLACK\u2122 <u>todas<\/u> sus vidas extra. WD_BLACK\u2122 ofrece una experiencia de juego en disco SSD de primer nivel con una garant\u00eda limitada de 5&nbsp;a\u00f1os. Tenga la seguridad de que la edici\u00f3n especial de WD_BLACK\u2122 P50 Game Drive NVMe\u2122 <em>Call of Duty: Black Ops Cold War, <\/em>edici\u00f3n especial no lo abandonar\u00e1 mientras contin\u00faa con la b\u00fasqueda de la victoria.<span style=\"font-size: 14px; color: var(--wd-text-color);\"><\/span><\/article><\/div>\n\t\t\t\t\t<\/div>\n\t\t\t\t<\/div>\n\t\t\t\t<\/div>\n\t\t\t\t<div class=\"elementor-element elementor-element-663a5cd elementor-widget elementor-widget-wd_image_or_svg\" data-id=\"663a5cd\" data-element_type=\"widget\" data-widget_type=\"wd_image_or_svg.default\">\n\t\t\t\t<div class=\"elementor-widget-container\">\n\t\t\t\n\t\t<div class=\"wd-image text-center\">\n\t\t\t\t\t\t\t\t<img decoding=\"async\" src=\"https:\/\/tzila.mx\/dev\/wp-content\/uploads\/elementor\/thumbs\/wd-black-p50-game-drive-call-of-duty-edition-usb-3-2-ssd-front.thumb_.1280.1282-pllin9axmu76q2jxzzda6ilrnkx0shv8ds5k0dupxs.png\" title=\"wd-black-p50-game-drive-call-of-duty-edition-usb-3-2-ssd-front.png.thumb.1280.1282\" alt=\"wd-black-p50-game-drive-call-of-duty-edition-usb-3-2-ssd-front.png.thumb.1280.1282\" \/>\t\t\t\t\t<\/div>\n\n\t\t\t\t<\/div>\n\t\t\t\t<\/div>\n\t\t\t\t<div class=\"elementor-element elementor-element-43855fc elementor-widget elementor-widget-wd_text_block\" data-id=\"43855fc\" data-element_type=\"widget\" data-widget_type=\"wd_text_block.default\">\n\t\t\t\t<div class=\"elementor-widget-container\">\n\t\t\t\t\t<div class=\"wd-text-block reset-last-child text-left\">\n\t\t\t\n\t\t\t<div class=\"row-content r-side\" data-v-b7353816=\"\"><h4><strong>Listo para misiones futuras<\/strong><\/h4><article data-v-b7353816=\"\">Traslade sus juegos favoritos a algunas de las \u00faltimas consolas y PC. El SSD NVMe\u2122 WD_BLACK\u2122 P50 Game drive <em>Call of Duty\u00ae: Black Ops Cold War <\/em>edici\u00f3n especial es totalmente compatible y est\u00e1 listo para conectarse a Xbox\u2122 Series X|S (\u00fanicamente para juegos de Xbox\u00a0One\u2122) y a PlayStation\u2122\u00a05 (\u00fanicamente para juegos de PS4\u2122) para que descargue su antigua biblioteca de juegos digitales a su consola actualizada y as\u00ed sus juegos no acumulen polvo digital en su antiguo sistema<\/article><\/div>\n\t\t\t\t\t<\/div>\n\t\t\t\t<\/div>\n\t\t\t\t<\/div>\n\t\t\t\t<div class=\"elementor-element elementor-element-5e014b0 elementor-widget elementor-widget-wd_button\" data-id=\"5e014b0\" data-element_type=\"widget\" data-widget_type=\"wd_button.default\">\n\t\t\t\t<div class=\"elementor-widget-container\">\n\t\t\t\t\t<div class=\"wd-button-wrapper text-center\" >\n\t\t\t<a class=\"btn btn-style-link btn-shape- btn-size-large btn-color-alt btn-icon-pos-right\"  href=\"https:\/\/documents.westerndigital.com\/content\/dam\/doc-library\/en_us\/assets\/public\/wd\/product\/portable\/wd-black-p50-game-drive-usb-3-2-ssd\/data-sheet-wd-black-p50-game-drive-call-of-duty-edition-usb-3-2-ssd.pdf\" target=\"_blank\">\n\t\t\t\t<span class=\"wd-btn-text\" data-elementor-setting-key=\"text\">\n\t\t\t\t\tFicha t\u00e9cnica\t\t\t\t<\/span>\n\n\t\t\t\t\t\t\t<\/a>\n\t\t<\/div>\n\t\t\t\t<\/div>\n\t\t\t\t<\/div>\n\t\t\t\t\t<\/div>\n\t\t<\/div>\n\t\t\t\t\t\t\t<\/div>\n\t\t<\/section>\n\t\t\t\t\t\t<\/div>\n\t\t\t\t\t<\/div>\n\t\t","protected":false},"excerpt":{"rendered":"<h4>Caracter\u00edsticas principales:<\/h4>\n<p>\u25cf SSD externo de hasta 1TB de capacidad<br \/>\n\u25cf USB 3.2 Gen 1<br \/>\n\u25cf USB-C<br \/>\n\u25cf Velocidades de lectura de hasta 2000 MB\/s<br \/>\n\u25cf 2400\u00a0puntos<em> Call of Duty<sup>\u00ae<\/sup><\/em><\/p>\n","protected":false},"featured_media":10341,"comment_status":"open","ping_status":"closed","template":"","meta":[],"product_cat":[20,139,145],"product_tag":[181],"class_list":["post-10336","product","type-product","status-publish","has-post-thumbnail","hentry","product_cat-hardware","product_cat-sdd-externo","product_cat-western-digital","product_tag-wd_black","pa_brand-western-digital"],"_links":{"self":[{"href":"https:\/\/tzila.mx\/dev\/wp-json\/wp\/v2\/product\/10336","targetHints":{"allow":["GET"]}}],"collection":[{"href":"https:\/\/tzila.mx\/dev\/wp-json\/wp\/v2\/product"}],"about":[{"href":"https:\/\/tzila.mx\/dev\/wp-json\/wp\/v2\/types\/product"}],"replies":[{"embeddable":true,"href":"https:\/\/tzila.mx\/dev\/wp-json\/wp\/v2\/comments?post=10336"}],"version-history":[{"count":35,"href":"https:\/\/tzila.mx\/dev\/wp-json\/wp\/v2\/product\/10336\/revisions"}],"predecessor-version":[{"id":10384,"href":"https:\/\/tzila.mx\/dev\/wp-json\/wp\/v2\/product\/10336\/revisions\/10384"}],"wp:featuredmedia":[{"embeddable":true,"href":"https:\/\/tzila.mx\/dev\/wp-json\/wp\/v2\/media\/10341"}],"wp:attachment":[{"href":"https:\/\/tzila.mx\/dev\/wp-json\/wp\/v2\/media?parent=10336"}],"wp:term":[{"taxonomy":"product_cat","embeddable":true,"href":"https:\/\/tzila.mx\/dev\/wp-json\/wp\/v2\/product_cat?post=10336"},{"taxonomy":"product_tag","embeddable":true,"href":"https:\/\/tzila.mx\/dev\/wp-json\/wp\/v2\/product_tag?post=10336"}],"curies":[{"name":"wp","href":"https:\/\/api.w.org\/{rel}","templated":true}]}}