{"id":10280,"date":"2022-03-08T19:41:15","date_gmt":"2022-03-09T01:41:15","guid":{"rendered":"https:\/\/tzila.mx\/dev\/?post_type=product&#038;p=10280"},"modified":"2022-06-16T16:16:31","modified_gmt":"2022-06-16T21:16:31","slug":"ssd-interno-western-digital-black-sn850-nvme","status":"publish","type":"product","link":"https:\/\/tzila.mx\/dev\/producto\/ssd-interno-western-digital-black-sn850-nvme\/","title":{"rendered":"SSD Interno WESTERN DIGITAL  Black SN850 NVMe"},"content":{"rendered":"\t\t<div data-elementor-type=\"wp-post\" data-elementor-id=\"10280\" class=\"elementor elementor-10280\" data-elementor-settings=\"[]\">\n\t\t\t\t\t\t\t<div class=\"elementor-section-wrap\">\n\t\t\t\t\t\t\t<section class=\"elementor-section elementor-top-section elementor-element elementor-element-154fe09 elementor-section-boxed elementor-section-height-default elementor-section-height-default wd-section-disabled\" data-id=\"154fe09\" data-element_type=\"section\">\n\t\t\t\t\t\t<div class=\"elementor-container elementor-column-gap-default\">\n\t\t\t\t\t<div class=\"elementor-column elementor-col-33 elementor-top-column elementor-element elementor-element-f14913d\" data-id=\"f14913d\" data-element_type=\"column\">\n\t\t\t<div class=\"elementor-widget-wrap elementor-element-populated\">\n\t\t\t\t\t\t\t\t<div class=\"elementor-element elementor-element-3d30eaf elementor-widget elementor-widget-wd_text_block\" data-id=\"3d30eaf\" data-element_type=\"widget\" data-widget_type=\"wd_text_block.default\">\n\t\t\t\t<div class=\"elementor-widget-container\">\n\t\t\t\t\t<div class=\"wd-text-block reset-last-child text-left\">\n\t\t\t\n\t\t\t<h5><strong>M\u00c1S ESPECIFICACIONES<\/strong><strong>:<\/strong><\/h5>\n\t\t\t\t\t<\/div>\n\t\t\t\t<\/div>\n\t\t\t\t<\/div>\n\t\t\t\t<div class=\"elementor-element elementor-element-6d44079 elementor-widget elementor-widget-wd_text_block\" data-id=\"6d44079\" data-element_type=\"widget\" data-widget_type=\"wd_text_block.default\">\n\t\t\t\t<div class=\"elementor-widget-container\">\n\t\t\t\t\t<div class=\"wd-text-block reset-last-child text-left\">\n\t\t\t\n\t\t\t<p class=\"mb-8 mt-6 inheritPara text-xl font-bold ng-binding ng-scope\">IRRACIONALMENTE VELOZ. INCRE\u00cdBLEMENTE REAL.<\/p><p>Los tiempos de carga prolongados quedan atr\u00e1s con la tecnolog\u00eda PCIe\u00ae\u00a0Gen4 de \u00faltima generaci\u00f3n. Arme su sistema con iluminaci\u00f3n\u00a0RGB, un modelo opcional con disipador t\u00e9rmico y capacidad hasta 2\u00a0TB<a class=\"disclosure\" href=\"https:\/\/www.westerndigital.com\/es-la\/products\/internal-drives\/wd-black-sn850-nvme-ssd#disclosures1\" target=\"_self\" aria-describedby=\"disclosures\"><sup>1<\/sup><\/a>.<\/p><p class=\"p1\"><span class=\"s1\">\u25cf <\/span>Experimente un rendimiento de excelencia<br \/><span class=\"s1\">\u25cf <\/span>La velocidad mata. Esto aniquila.<br \/><span class=\"s1\">\u25cf <\/span>Ilumine su estaci\u00f3n con rgb (solo para el modelo con disipador t\u00e9rmico)<br \/><span class=\"s1\">\u25cf <\/span>Almacene m\u00e1s, juegue m\u00e1s<br \/>Limite solamente a sus enemigos (solo para el modelo con disipador t\u00e9rmico)<br \/><span class=\"s1\">\u25cf <\/span>Optimizado con el panel de control wd_black<br \/>rendimiento en empaque comprimido<br \/><strong><span class=\"s1\">\u25cf <\/span><\/strong>Rendimiento en empaque comprimido<strong><br \/><\/strong><span class=\"s1\">\u25cf <\/span>Creado para el juego<br \/><span class=\"s1\">\u25cf <\/span>Su consola ahora tiene m\u00e1s capacidad de almacenamiento<\/p>\n\t\t\t\t\t<\/div>\n\t\t\t\t<\/div>\n\t\t\t\t<\/div>\n\t\t\t\t\t<\/div>\n\t\t<\/div>\n\t\t\t\t<div class=\"elementor-column elementor-col-66 elementor-top-column elementor-element elementor-element-1a0b71f\" data-id=\"1a0b71f\" data-element_type=\"column\">\n\t\t\t<div class=\"elementor-widget-wrap elementor-element-populated\">\n\t\t\t\t\t\t\t\t<div class=\"elementor-element elementor-element-6f6445b elementor-widget elementor-widget-wd_image_or_svg\" data-id=\"6f6445b\" data-element_type=\"widget\" data-widget_type=\"wd_image_or_svg.default\">\n\t\t\t\t<div class=\"elementor-widget-container\">\n\t\t\t\n\t\t<div class=\"wd-image text-center\">\n\t\t\t\t\t\t\t\t<img loading=\"lazy\" decoding=\"async\" width=\"1280\" height=\"646\" src=\"https:\/\/tzila.mx\/dev\/wp-content\/uploads\/2022\/03\/Picture2.png\" class=\"attachment-full size-full\" alt=\"\" srcset=\"https:\/\/tzila.mx\/dev\/wp-content\/uploads\/2022\/03\/Picture2.png 1280w, https:\/\/tzila.mx\/dev\/wp-content\/uploads\/2022\/03\/Picture2-400x202.png 400w, https:\/\/tzila.mx\/dev\/wp-content\/uploads\/2022\/03\/Picture2-768x388.png 768w, https:\/\/tzila.mx\/dev\/wp-content\/uploads\/2022\/03\/Picture2-860x434.png 860w, https:\/\/tzila.mx\/dev\/wp-content\/uploads\/2022\/03\/Picture2-430x217.png 430w, https:\/\/tzila.mx\/dev\/wp-content\/uploads\/2022\/03\/Picture2-700x353.png 700w, https:\/\/tzila.mx\/dev\/wp-content\/uploads\/2022\/03\/Picture2-150x76.png 150w\" sizes=\"auto, (max-width: 1280px) 100vw, 1280px\" \/>\t\t\t\t\t<\/div>\n\n\t\t\t\t<\/div>\n\t\t\t\t<\/div>\n\t\t\t\t\t<\/div>\n\t\t<\/div>\n\t\t\t\t\t\t\t<\/div>\n\t\t<\/section>\n\t\t\t\t<section class=\"elementor-section elementor-top-section elementor-element elementor-element-f335c48 elementor-section-boxed elementor-section-height-default elementor-section-height-default wd-section-disabled\" data-id=\"f335c48\" data-element_type=\"section\">\n\t\t\t\t\t\t<div class=\"elementor-container elementor-column-gap-default\">\n\t\t\t\t\t<div class=\"elementor-column elementor-col-33 elementor-top-column elementor-element elementor-element-b982906\" data-id=\"b982906\" data-element_type=\"column\">\n\t\t\t<div class=\"elementor-widget-wrap elementor-element-populated\">\n\t\t\t\t\t\t\t\t<div class=\"elementor-element elementor-element-ecdf1c9 elementor-widget elementor-widget-wd_text_block\" data-id=\"ecdf1c9\" data-element_type=\"widget\" data-widget_type=\"wd_text_block.default\">\n\t\t\t\t<div class=\"elementor-widget-container\">\n\t\t\t\t\t<div class=\"wd-text-block reset-last-child text-left\">\n\t\t\t\n\t\t\t<h4>Experimente un rendimiento de excelencia<\/h4><p>Prep\u00e1rese para la siguiente evoluci\u00f3n de la velocidad con el disco WD_BLACK\u2122 SN850 NVMe\u2122 SSD, que le brinda tecnolog\u00eda PCIe\u00ae Gen4 de excelencia para su PC o equipo port\u00e1til, de modo que no tenga retrasos en los juegos de \u00faltima generaci\u00f3n.<\/p>\n\t\t\t\t\t<\/div>\n\t\t\t\t<\/div>\n\t\t\t\t<\/div>\n\t\t\t\t<div class=\"elementor-element elementor-element-004860c elementor-widget elementor-widget-wd_text_block\" data-id=\"004860c\" data-element_type=\"widget\" data-widget_type=\"wd_text_block.default\">\n\t\t\t\t<div class=\"elementor-widget-container\">\n\t\t\t\t\t<div class=\"wd-text-block reset-last-child text-left\">\n\t\t\t\n\t\t\t<h4>La velocidad mata. Esto aniquila.<\/h4><article data-v-b7353816=\"\">Buscaba velocidad y le ofrecemos mucho m\u00e1s. El disco WD_BLACK\u00a0SN850 NVMe\u00a0SSD alcanza incre\u00edbles velocidades de lectura de 7000\u00a0MB\/s y de escritura de 5300 MB\/s para jugar con mayor rapidez, con hasta 1 000 000 IOPS para lograr una experiencia de juego sin interrupciones, con capacidad de respuesta y potente<sup>.<\/sup><\/article>\n\t\t\t\t\t<\/div>\n\t\t\t\t<\/div>\n\t\t\t\t<\/div>\n\t\t\t\t<div class=\"elementor-element elementor-element-27b771f elementor-widget elementor-widget-wd_image_or_svg\" data-id=\"27b771f\" data-element_type=\"widget\" data-widget_type=\"wd_image_or_svg.default\">\n\t\t\t\t<div class=\"elementor-widget-container\">\n\t\t\t\n\t\t<div class=\"wd-image text-left\">\n\t\t\t\t\t\t\t\t<img loading=\"lazy\" decoding=\"async\" width=\"397\" height=\"134\" src=\"https:\/\/tzila.mx\/dev\/wp-content\/uploads\/2022\/03\/wd-black-sn850-nvme-ssd-heatsink-side.png.thumb_.1280.1280-1.png\" class=\"attachment-full size-full\" alt=\"\" srcset=\"https:\/\/tzila.mx\/dev\/wp-content\/uploads\/2022\/03\/wd-black-sn850-nvme-ssd-heatsink-side.png.thumb_.1280.1280-1.png 397w, https:\/\/tzila.mx\/dev\/wp-content\/uploads\/2022\/03\/wd-black-sn850-nvme-ssd-heatsink-side.png.thumb_.1280.1280-1-150x51.png 150w\" sizes=\"auto, (max-width: 397px) 100vw, 397px\" \/>\t\t\t\t\t<\/div>\n\n\t\t\t\t<\/div>\n\t\t\t\t<\/div>\n\t\t\t\t<div class=\"elementor-element elementor-element-10c6005 elementor-widget elementor-widget-wd_text_block\" data-id=\"10c6005\" data-element_type=\"widget\" data-widget_type=\"wd_text_block.default\">\n\t\t\t\t<div class=\"elementor-widget-container\">\n\t\t\t\t\t<div class=\"wd-text-block reset-last-child text-left\">\n\t\t\t\n\t\t\t<div class=\"row-content r-side\" data-v-b7353816=\"\"><h4>Ilumine su estaci\u00f3n con rgb (solo para el modelo con disipador t\u00e9rmico)<\/h4><article data-v-b7353816=\"\">Mejore su estaci\u00f3n de juego con la iluminaci\u00f3n RGB completamente personalizable que se controla desde el panel de control WD_BLACK (solo para Windows\u00ae) descargable, dise\u00f1ado para combinar con su estilo.<\/article><\/div>\n\t\t\t\t\t<\/div>\n\t\t\t\t<\/div>\n\t\t\t\t<\/div>\n\t\t\t\t\t<\/div>\n\t\t<\/div>\n\t\t\t\t<div class=\"elementor-column elementor-col-33 elementor-top-column elementor-element elementor-element-efcf9f4\" data-id=\"efcf9f4\" data-element_type=\"column\">\n\t\t\t<div class=\"elementor-widget-wrap elementor-element-populated\">\n\t\t\t\t\t\t\t\t<div class=\"elementor-element elementor-element-70c252b elementor-widget elementor-widget-wd_text_block\" data-id=\"70c252b\" data-element_type=\"widget\" data-widget_type=\"wd_text_block.default\">\n\t\t\t\t<div class=\"elementor-widget-container\">\n\t\t\t\t\t<div class=\"wd-text-block reset-last-child text-left\">\n\t\t\t\n\t\t\t<h4>Almacene m\u00e1s, juegue m\u00e1s<\/h4><article data-v-b7353816=\"\"><p>Con hasta 2 TB de capacidad, WD_BLACK SN850 NVMe SSD le proporciona espacio suficiente para almacenar sus juegos favoritos, de modo que pueda seguir teniendo lugar para el pr\u00f3ximo gran t\u00edtulo.<\/p><\/article>\n\t\t\t\t\t<\/div>\n\t\t\t\t<\/div>\n\t\t\t\t<\/div>\n\t\t\t\t<div class=\"elementor-element elementor-element-fca3fa3 elementor-widget elementor-widget-wd_text_block\" data-id=\"fca3fa3\" data-element_type=\"widget\" data-widget_type=\"wd_text_block.default\">\n\t\t\t\t<div class=\"elementor-widget-container\">\n\t\t\t\t\t<div class=\"wd-text-block reset-last-child text-left\">\n\t\t\t\n\t\t\t<div class=\"row-content\" data-v-b7353816=\"\"><h4>Limite solamente a sus enemigos (solo para el modelo con disipador t\u00e9rmico)<\/h4><article data-v-b7353816=\"\">El rendimiento de excelencia es un plato que se sirve fr\u00edo con el disco WD_BLACK SN850 NVMe SSD, que incluye un modelo opcional con disipador t\u00e9rmico para evitar que su PC toque fondo en el mejor momento del juego (solo para el modelo con disipador t\u00e9rmico). <br \/>\u25cf SN850 est\u00e1 disponible con o sin disipador t\u00e9rmico. <br \/>\u25cf SN850 con disipador t\u00e9rmico est\u00e1 dise\u00f1ado para PC de escritorio y PlayStation\u2122 5 (se requiere la versi\u00f3n 21.02-04.00.00 o superior del software del sistema PS5).<\/article><\/div>\n\t\t\t\t\t<\/div>\n\t\t\t\t<\/div>\n\t\t\t\t<\/div>\n\t\t\t\t<div class=\"elementor-element elementor-element-dffcaa7 elementor-widget elementor-widget-wd_text_block\" data-id=\"dffcaa7\" data-element_type=\"widget\" data-widget_type=\"wd_text_block.default\">\n\t\t\t\t<div class=\"elementor-widget-container\">\n\t\t\t\t\t<div class=\"wd-text-block reset-last-child text-left\">\n\t\t\t\n\t\t\t<div class=\"row-content r-side\" data-v-b7353816=\"\"><h4>Optimizado con el panel de control wd_black<br>rendimiento en empaque comprimido<\/h4><article data-v-b7353816=\"\">Tome el control total con el panel de control WD_BLACK descargable, que le permite supervisar el estado de su disco y optimizar el rendimiento usando el modo de juego para contar con toda su capacidad durante las sesiones de juego intensas.<\/article><\/div>\n\t\t\t\t\t<\/div>\n\t\t\t\t<\/div>\n\t\t\t\t<\/div>\n\t\t\t\t\t<\/div>\n\t\t<\/div>\n\t\t\t\t<div class=\"elementor-column elementor-col-33 elementor-top-column elementor-element elementor-element-dffdc91\" data-id=\"dffdc91\" data-element_type=\"column\">\n\t\t\t<div class=\"elementor-widget-wrap elementor-element-populated\">\n\t\t\t\t\t\t\t\t<div class=\"elementor-element elementor-element-43855fc elementor-widget elementor-widget-wd_text_block\" data-id=\"43855fc\" data-element_type=\"widget\" data-widget_type=\"wd_text_block.default\">\n\t\t\t\t<div class=\"elementor-widget-container\">\n\t\t\t\t\t<div class=\"wd-text-block reset-last-child text-left\">\n\t\t\t\n\t\t\t<div class=\"row-content r-side\" data-v-b7353816=\"\"><h4>Rendimiento en empaque comprimido<\/h4><article data-v-b7353816=\"\">Con un dise\u00f1o de factor de forma M.2 2280 compacto, liviano y peque\u00f1o que le permite deslizarse f\u00e1cilmente en su equipamiento de juegos.<\/article><\/div>\n\t\t\t\t\t<\/div>\n\t\t\t\t<\/div>\n\t\t\t\t<\/div>\n\t\t\t\t<div class=\"elementor-element elementor-element-5df058d elementor-widget elementor-widget-wd_image_or_svg\" data-id=\"5df058d\" data-element_type=\"widget\" data-widget_type=\"wd_image_or_svg.default\">\n\t\t\t\t<div class=\"elementor-widget-container\">\n\t\t\t\n\t\t<div class=\"wd-image text-center\">\n\t\t\t\t\t\t\t\t<img decoding=\"async\" src=\"https:\/\/tzila.mx\/dev\/wp-content\/uploads\/elementor\/thumbs\/Picture1-pllbib57e8gezhsbeexq2uulqpdvn4sqq0488cu0uo.png\" title=\"Picture1\" alt=\"Picture1\" \/>\t\t\t\t\t<\/div>\n\n\t\t\t\t<\/div>\n\t\t\t\t<\/div>\n\t\t\t\t<div class=\"elementor-element elementor-element-b0a227e elementor-widget elementor-widget-wd_text_block\" data-id=\"b0a227e\" data-element_type=\"widget\" data-widget_type=\"wd_text_block.default\">\n\t\t\t\t<div class=\"elementor-widget-container\">\n\t\t\t\t\t<div class=\"wd-text-block reset-last-child text-left\">\n\t\t\t\n\t\t\t<div class=\"row-content r-side\" data-v-b7353816=\"\"><h4>Creado para el juego<\/h4><article data-v-b7353816=\"\">Dise\u00f1ado y creado con la tecnolog\u00eda 3D NAND de Western Digital para brindarle la confiabilidad y la resistencia necesarias para mantener un rendimiento de nivel profesional.<\/article><\/div>\n\t\t\t\t\t<\/div>\n\t\t\t\t<\/div>\n\t\t\t\t<\/div>\n\t\t\t\t<div class=\"elementor-element elementor-element-dd4368c elementor-widget elementor-widget-wd_text_block\" data-id=\"dd4368c\" data-element_type=\"widget\" data-widget_type=\"wd_text_block.default\">\n\t\t\t\t<div class=\"elementor-widget-container\">\n\t\t\t\t\t<div class=\"wd-text-block reset-last-child text-left\">\n\t\t\t\n\t\t\t<div class=\"row-content r-side\" data-v-b7353816=\"\"><h4>Su consola ahora tiene m\u00e1s capacidad de almacenamiento<\/h4><article data-v-b7353816=\"\">Ahora funciona con la consola PlayStation 5 (se requiere la versi\u00f3n 21.02-04.00.00 o superior del software del sistema PS5). Agregue WD_BLACK SN850 NVMe SSD con disipador de calor a la ranura M.2 de su consola de PS5 compatible para almacenar m\u00e1s de sus juegos favoritos, con la velocidad que necesita para experimentar al m\u00e1ximo la \u00faltima generaci\u00f3n.<\/article><\/div>\n\t\t\t\t\t<\/div>\n\t\t\t\t<\/div>\n\t\t\t\t<\/div>\n\t\t\t\t<div class=\"elementor-element elementor-element-5e014b0 elementor-widget elementor-widget-wd_button\" data-id=\"5e014b0\" data-element_type=\"widget\" data-widget_type=\"wd_button.default\">\n\t\t\t\t<div class=\"elementor-widget-container\">\n\t\t\t\t\t<div class=\"wd-button-wrapper text-center\" >\n\t\t\t<a class=\"btn btn-style-link btn-shape- btn-size-large btn-color-alt btn-icon-pos-right\"  href=\"https:\/\/documents.westerndigital.com\/content\/dam\/doc-library\/en_us\/assets\/public\/western-digital\/product\/internal-drives\/wd-black-ssd\/data-sheet-wd-black-sn850-nvme-ssd.pdf\" target=\"_blank\">\n\t\t\t\t<span class=\"wd-btn-text\" data-elementor-setting-key=\"text\">\n\t\t\t\t\tFicha t\u00e9cnica\t\t\t\t<\/span>\n\n\t\t\t\t\t\t\t<\/a>\n\t\t<\/div>\n\t\t\t\t<\/div>\n\t\t\t\t<\/div>\n\t\t\t\t\t<\/div>\n\t\t<\/div>\n\t\t\t\t\t\t\t<\/div>\n\t\t<\/section>\n\t\t\t\t\t\t<\/div>\n\t\t\t\t\t<\/div>\n\t\t","protected":false},"excerpt":{"rendered":"<h4>Caracter\u00edsticas principales:<\/h4>\n<p>\u25cf SSD interno de hasta 2TB de capacidad<br \/>\n\u25cf PCIe\u00ae Gen4 de \u00faltima generaci\u00f3n<br \/>\n\u25cf Iluminaci\u00f3n RGB<br \/>\n\u25cf Velocidades de lectura de 7000 MB\/s<br \/>\n\u25cf Dise\u00f1ado y creado con la tecnolog\u00eda 3D NAND<\/p>\n","protected":false},"featured_media":10292,"comment_status":"open","ping_status":"closed","template":"","meta":[],"product_cat":[20,77,145],"product_tag":[181],"class_list":["post-10280","product","type-product","status-publish","has-post-thumbnail","hentry","product_cat-hardware","product_cat-ssd-interno","product_cat-western-digital","product_tag-wd_black","pa_brand-western-digital"],"_links":{"self":[{"href":"https:\/\/tzila.mx\/dev\/wp-json\/wp\/v2\/product\/10280","targetHints":{"allow":["GET"]}}],"collection":[{"href":"https:\/\/tzila.mx\/dev\/wp-json\/wp\/v2\/product"}],"about":[{"href":"https:\/\/tzila.mx\/dev\/wp-json\/wp\/v2\/types\/product"}],"replies":[{"embeddable":true,"href":"https:\/\/tzila.mx\/dev\/wp-json\/wp\/v2\/comments?post=10280"}],"version-history":[{"count":38,"href":"https:\/\/tzila.mx\/dev\/wp-json\/wp\/v2\/product\/10280\/revisions"}],"predecessor-version":[{"id":10335,"href":"https:\/\/tzila.mx\/dev\/wp-json\/wp\/v2\/product\/10280\/revisions\/10335"}],"wp:featuredmedia":[{"embeddable":true,"href":"https:\/\/tzila.mx\/dev\/wp-json\/wp\/v2\/media\/10292"}],"wp:attachment":[{"href":"https:\/\/tzila.mx\/dev\/wp-json\/wp\/v2\/media?parent=10280"}],"wp:term":[{"taxonomy":"product_cat","embeddable":true,"href":"https:\/\/tzila.mx\/dev\/wp-json\/wp\/v2\/product_cat?post=10280"},{"taxonomy":"product_tag","embeddable":true,"href":"https:\/\/tzila.mx\/dev\/wp-json\/wp\/v2\/product_tag?post=10280"}],"curies":[{"name":"wp","href":"https:\/\/api.w.org\/{rel}","templated":true}]}}