{"id":10231,"date":"2022-03-08T14:21:47","date_gmt":"2022-03-08T20:21:47","guid":{"rendered":"https:\/\/tzila.mx\/dev\/?post_type=product&#038;p=10231"},"modified":"2022-06-16T16:12:51","modified_gmt":"2022-06-16T21:12:51","slug":"disco-duro-interno-seagate-barracuda-pc","status":"publish","type":"product","link":"https:\/\/tzila.mx\/dev\/producto\/disco-duro-interno-seagate-barracuda-pc\/","title":{"rendered":"Disco Duro Interno SEAGATE  Barracuda PC"},"content":{"rendered":"\t\t<div data-elementor-type=\"wp-post\" data-elementor-id=\"10231\" class=\"elementor elementor-10231\" data-elementor-settings=\"[]\">\n\t\t\t\t\t\t\t<div class=\"elementor-section-wrap\">\n\t\t\t\t\t\t\t<section class=\"elementor-section elementor-top-section elementor-element elementor-element-154fe09 elementor-section-boxed elementor-section-height-default elementor-section-height-default wd-section-disabled\" data-id=\"154fe09\" data-element_type=\"section\">\n\t\t\t\t\t\t<div class=\"elementor-container elementor-column-gap-default\">\n\t\t\t\t\t<div class=\"elementor-column elementor-col-33 elementor-top-column elementor-element elementor-element-f14913d\" data-id=\"f14913d\" data-element_type=\"column\">\n\t\t\t<div class=\"elementor-widget-wrap elementor-element-populated\">\n\t\t\t\t\t\t\t\t<div class=\"elementor-element elementor-element-3d30eaf elementor-widget elementor-widget-wd_text_block\" data-id=\"3d30eaf\" data-element_type=\"widget\" data-widget_type=\"wd_text_block.default\">\n\t\t\t\t<div class=\"elementor-widget-container\">\n\t\t\t\t\t<div class=\"wd-text-block reset-last-child text-left\">\n\t\t\t\n\t\t\t<h5><strong>M\u00c1S ESPECIFICACIONES<\/strong><strong>:<\/strong><\/h5>\n\t\t\t\t\t<\/div>\n\t\t\t\t<\/div>\n\t\t\t\t<\/div>\n\t\t\t\t<div class=\"elementor-element elementor-element-6d44079 elementor-widget elementor-widget-wd_text_block\" data-id=\"6d44079\" data-element_type=\"widget\" data-widget_type=\"wd_text_block.default\">\n\t\t\t\t<div class=\"elementor-widget-container\">\n\t\t\t\t\t<div class=\"wd-text-block reset-last-child text-left\">\n\t\t\t\n\t\t\t<p>Vers\u00e1til. Veloz. Fiable. Las unidades de disco duro BarraCuda de Seagate son perfectas para el almacenamiento de computadoras port\u00e1tiles, el almacenamiento de dispositivos m\u00f3viles, el almacenamiento todo en uno, y m\u00e1s.<\/p><ul><li><span dir=\"ltr\" role=\"presentation\">Vers\u00e1tiles<\/span><\/li><li><span dir=\"ltr\" role=\"presentation\">M\u00e1s de 20 a\u00f1os en la industria<\/span><\/li><li><span dir=\"ltr\" role=\"presentation\">Con capacidades de hasta 8 TB<\/span><\/li><li><span dir=\"ltr\" role=\"presentation\">Modos avanzados de uso de energ\u00eda<\/span><\/li><li><span dir=\"ltr\" role=\"presentation\">Interfaz <\/span><span dir=\"ltr\" role=\"presentation\">SATA de 6 Gb\/s<\/span><\/li><\/ul>\n\t\t\t\t\t<\/div>\n\t\t\t\t<\/div>\n\t\t\t\t<\/div>\n\t\t\t\t\t<\/div>\n\t\t<\/div>\n\t\t\t\t<div class=\"elementor-column elementor-col-66 elementor-top-column elementor-element elementor-element-1a0b71f\" data-id=\"1a0b71f\" data-element_type=\"column\">\n\t\t\t<div class=\"elementor-widget-wrap elementor-element-populated\">\n\t\t\t\t\t\t\t\t<div class=\"elementor-element elementor-element-6f6445b elementor-widget elementor-widget-wd_image_or_svg\" data-id=\"6f6445b\" data-element_type=\"widget\" data-widget_type=\"wd_image_or_svg.default\">\n\t\t\t\t<div class=\"elementor-widget-container\">\n\t\t\t\n\t\t<div class=\"wd-image text-center\">\n\t\t\t\t\t\t\t\t<img decoding=\"async\" src=\"https:\/\/tzila.mx\/dev\/wp-content\/uploads\/elementor\/thumbs\/Picture3-plkxy1v9y9h8h0fg0w6ah7o45ui1wy17sqgt1ojm0c.png\" title=\"Picture3\" alt=\"Picture3\" \/>\t\t\t\t\t<\/div>\n\n\t\t\t\t<\/div>\n\t\t\t\t<\/div>\n\t\t\t\t\t<\/div>\n\t\t<\/div>\n\t\t\t\t\t\t\t<\/div>\n\t\t<\/section>\n\t\t\t\t<section class=\"elementor-section elementor-top-section elementor-element elementor-element-f335c48 elementor-section-boxed elementor-section-height-default elementor-section-height-default wd-section-disabled\" data-id=\"f335c48\" data-element_type=\"section\">\n\t\t\t\t\t\t<div class=\"elementor-container elementor-column-gap-default\">\n\t\t\t\t\t<div class=\"elementor-column elementor-col-33 elementor-top-column elementor-element elementor-element-b982906\" data-id=\"b982906\" data-element_type=\"column\">\n\t\t\t<div class=\"elementor-widget-wrap elementor-element-populated\">\n\t\t\t\t\t\t\t\t<div class=\"elementor-element elementor-element-ecdf1c9 elementor-widget elementor-widget-wd_text_block\" data-id=\"ecdf1c9\" data-element_type=\"widget\" data-widget_type=\"wd_text_block.default\">\n\t\t\t\t<div class=\"elementor-widget-container\">\n\t\t\t\t\t<div class=\"wd-text-block reset-last-child text-left\">\n\t\t\t\n\t\t\t<h4>Almacenamiento externo y para computadoras PC todo en uno (15 <span class=\"no-wrap\">mm)<\/span><\/h4><p>Saque partido del formato de 15 mm y 2,5 pulgadas (6 cm) en capacidades de 3 TB, 4 TB y 5 TB. Esta unidad brinda una soluci\u00f3n excelente para mejorar su sistema para su unidad de disco duro externa, sistemas todo en uno o PC delgadas.<\/p>\n\t\t\t\t\t<\/div>\n\t\t\t\t<\/div>\n\t\t\t\t<\/div>\n\t\t\t\t<div class=\"elementor-element elementor-element-004860c elementor-widget elementor-widget-wd_text_block\" data-id=\"004860c\" data-element_type=\"widget\" data-widget_type=\"wd_text_block.default\">\n\t\t\t\t<div class=\"elementor-widget-container\">\n\t\t\t\t\t<div class=\"wd-text-block reset-last-child text-left\">\n\t\t\t\n\t\t\t<h4 class=\"h2 reveal--fadeInFromBottom is-revealed\" data-reveal=\"3\">Agregue nuevas unidades de manera f\u00e1cil<\/h4><article data-v-b7353816=\"\">El software DiscWizard\u2122 le permite agregar nuevas unidades a su computadora de manera f\u00e1cil, a trav\u00e9s de una gu\u00eda con los pasos para que pueda clonar su unidad actual en su nueva unidad de Seagate, crear y formatear particiones, transferir datos, realizar copias de seguridad de los datos para aumentar la seguridad y mucho m\u00e1s.<\/article>\n\t\t\t\t\t<\/div>\n\t\t\t\t<\/div>\n\t\t\t\t<\/div>\n\t\t\t\t<div class=\"elementor-element elementor-element-27b771f elementor-widget elementor-widget-wd_image_or_svg\" data-id=\"27b771f\" data-element_type=\"widget\" data-widget_type=\"wd_image_or_svg.default\">\n\t\t\t\t<div class=\"elementor-widget-container\">\n\t\t\t\n\t\t<div class=\"wd-image text-left\">\n\t\t\t\t\t\t\t\t<img decoding=\"async\" src=\"https:\/\/tzila.mx\/dev\/wp-content\/uploads\/elementor\/thumbs\/content-layout-left-discwizard-desktop-640x664_l-plkswwf07s32ou52a24ncs2vu0tfv5agoqhmc9dg40.jpg\" title=\"content-layout-left-discwizard-desktop-640x664_l\" alt=\"content-layout-left-discwizard-desktop-640x664_l\" \/>\t\t\t\t\t<\/div>\n\n\t\t\t\t<\/div>\n\t\t\t\t<\/div>\n\t\t\t\t\t<\/div>\n\t\t<\/div>\n\t\t\t\t<div class=\"elementor-column elementor-col-33 elementor-top-column elementor-element elementor-element-efcf9f4\" data-id=\"efcf9f4\" data-element_type=\"column\">\n\t\t\t<div class=\"elementor-widget-wrap elementor-element-populated\">\n\t\t\t\t\t\t\t\t<div class=\"elementor-element elementor-element-dd4368c elementor-widget elementor-widget-wd_text_block\" data-id=\"dd4368c\" data-element_type=\"widget\" data-widget_type=\"wd_text_block.default\">\n\t\t\t\t<div class=\"elementor-widget-container\">\n\t\t\t\t\t<div class=\"wd-text-block reset-last-child text-left\">\n\t\t\t\n\t\t\t<div class=\"row-content r-side\" data-v-b7353816=\"\"><h4 class=\"h2 reveal--fadeInFromBottom is-revealed\" data-reveal=\"3\">Fiabilidad inquebrantable<\/h4><article data-v-b7353816=\"\">Por m\u00e1s de 20 a\u00f1os, Seagate ha fabricado y ofrecido la confiable l\u00ednea de unidades BarraCuda. Para nosotros es importante que tenga una experiencia positiva con su unidad de disco duro, y por eso ofrecemos garant\u00edas limitadas robustas en todas las unidades BarraCuda.<\/article><\/div>\n\t\t\t\t\t<\/div>\n\t\t\t\t<\/div>\n\t\t\t\t<\/div>\n\t\t\t\t<div class=\"elementor-element elementor-element-5bdb17d elementor-widget elementor-widget-wd_image_or_svg\" data-id=\"5bdb17d\" data-element_type=\"widget\" data-widget_type=\"wd_image_or_svg.default\">\n\t\t\t\t<div class=\"elementor-widget-container\">\n\t\t\t\n\t\t<div class=\"wd-image text-center\">\n\t\t\t\t\t\t\t\t<img decoding=\"async\" src=\"https:\/\/tzila.mx\/dev\/wp-content\/uploads\/elementor\/thumbs\/trusted-dependability_l-plksx144q8ps02bccxsd1avhhynf5wc1srkdhr9z9s.jpg\" title=\"trusted-dependability_l\" alt=\"trusted-dependability_l\" \/>\t\t\t\t\t<\/div>\n\n\t\t\t\t<\/div>\n\t\t\t\t<\/div>\n\t\t\t\t<div class=\"elementor-element elementor-element-70c252b elementor-widget elementor-widget-wd_text_block\" data-id=\"70c252b\" data-element_type=\"widget\" data-widget_type=\"wd_text_block.default\">\n\t\t\t\t<div class=\"elementor-widget-container\">\n\t\t\t\t\t<div class=\"wd-text-block reset-last-child text-left\">\n\t\t\t\n\t\t\t<h4 class=\"h2 reveal--fadeInFromBottom is-revealed\" data-reveal=\"3\">Flujo de lectura y escritura de datos optimizado<\/h4><article data-v-b7353816=\"\"><p>Todas las unidades de disco duro de la familia BarraCuda vienen equipadas con tecnolog\u00eda de almacenamiento en cach\u00e9 de m\u00faltiples niveles Multi-Tier Caching Technology (MTC). Al optimizar el flujo de datos con los niveles inteligentes de la tecnolog\u00eda de almacenamiento en cach\u00e9 de NAND Flash, DRAM y de medios, se pueden obtener tiempos de carga y aplicaciones m\u00e1s r\u00e1pidos y mejorar el rendimiento de lectura y escritura.<span style=\"font-size: 14px; color: var(--wd-text-color);\"><\/span><\/p><\/article>\n\t\t\t\t\t<\/div>\n\t\t\t\t<\/div>\n\t\t\t\t<\/div>\n\t\t\t\t\t<\/div>\n\t\t<\/div>\n\t\t\t\t<div class=\"elementor-column elementor-col-33 elementor-top-column elementor-element elementor-element-dffdc91\" data-id=\"dffdc91\" data-element_type=\"column\">\n\t\t\t<div class=\"elementor-widget-wrap elementor-element-populated\">\n\t\t\t\t\t\t\t\t<div class=\"elementor-element elementor-element-fca3fa3 elementor-widget elementor-widget-wd_text_block\" data-id=\"fca3fa3\" data-element_type=\"widget\" data-widget_type=\"wd_text_block.default\">\n\t\t\t\t<div class=\"elementor-widget-container\">\n\t\t\t\t\t<div class=\"wd-text-block reset-last-child text-left\">\n\t\t\t\n\t\t\t<div class=\"row-content\" data-v-b7353816=\"\"><h4 class=\"h2 reveal--fadeInFromBottom is-revealed\" data-reveal=\"3\">\u00a1Puede contar con nosotros!<\/h4><article data-v-b7353816=\"\">Si algo inesperado llegara a ocurrir, como da\u00f1os causados por el agua o desastres naturales, los servicios Rescue le ayudar\u00e1n a protegerse contra la p\u00e9rdida de datos y los costos de recuperaci\u00f3n, as\u00ed que puede estar tranquilo.1<\/article><\/div>\n\t\t\t\t\t<\/div>\n\t\t\t\t<\/div>\n\t\t\t\t<\/div>\n\t\t\t\t<div class=\"elementor-element elementor-element-5df058d elementor-widget elementor-widget-wd_image_or_svg\" data-id=\"5df058d\" data-element_type=\"widget\" data-widget_type=\"wd_image_or_svg.default\">\n\t\t\t\t<div class=\"elementor-widget-container\">\n\t\t\t\n\t\t<div class=\"wd-image text-center\">\n\t\t\t\t\t\t\t\t<img decoding=\"async\" src=\"https:\/\/tzila.mx\/dev\/wp-content\/uploads\/elementor\/thumbs\/rescue-data-recovery_l-plkswz8isa6xno0ytlcj29d9m6fji8lnp4g2s399lc.jpg\" title=\"rescue-data-recovery_l\" alt=\"rescue-data-recovery_l\" \/>\t\t\t\t\t<\/div>\n\n\t\t\t\t<\/div>\n\t\t\t\t<\/div>\n\t\t\t\t<div class=\"elementor-element elementor-element-5e014b0 elementor-widget elementor-widget-wd_button\" data-id=\"5e014b0\" data-element_type=\"widget\" data-widget_type=\"wd_button.default\">\n\t\t\t\t<div class=\"elementor-widget-container\">\n\t\t\t\t\t<div class=\"wd-button-wrapper text-center\" >\n\t\t\t<a class=\"btn btn-style-link btn-shape- btn-size-large btn-color-alt btn-icon-pos-right\"  href=\"https:\/\/www.seagate.com\/files\/www-content\/datasheets\/pdfs\/3-5-barracudaDS1900-14-2007LA-es_LA.pdf\" target=\"_blank\">\n\t\t\t\t<span class=\"wd-btn-text\" data-elementor-setting-key=\"text\">\n\t\t\t\t\tFicha t\u00e9cnica\t\t\t\t<\/span>\n\n\t\t\t\t\t\t\t<\/a>\n\t\t<\/div>\n\t\t\t\t<\/div>\n\t\t\t\t<\/div>\n\t\t\t\t\t<\/div>\n\t\t<\/div>\n\t\t\t\t\t\t\t<\/div>\n\t\t<\/section>\n\t\t\t\t\t\t<\/div>\n\t\t\t\t\t<\/div>\n\t\t","protected":false},"excerpt":{"rendered":"<h4>Caracter\u00edsticas principales:<\/h4>\n<p>\u25cf Unidad de disco duro interna de 3,5 pulgadas<br \/>\n\u25cf Unidades de hasta 8 TB de capacidad<br \/>\n\u25cf Velocidades de hasta 7200 rpm<br \/>\n\u25cf <span dir=\"ltr\" role=\"presentation\">PC de escritorio o todo en uno<\/span><br \/>\n\u25cf <span dir=\"ltr\" role=\"presentation\">Servidores dom\u00e9sticos<\/span><br \/>\n\u25cf <span dir=\"ltr\" role=\"presentation\">Dispositivos de almacenamiento<\/span><br role=\"presentation\" \/><span dir=\"ltr\" role=\"presentation\">con conexi\u00f3n directa (DAS) de<\/span><br role=\"presentation\" \/><span dir=\"ltr\" role=\"presentation\">gama b\u00e1sica<\/span><\/p>\n","protected":false},"featured_media":10244,"comment_status":"open","ping_status":"closed","template":"","meta":[],"product_cat":[20,138,143],"product_tag":[177],"class_list":["post-10231","product","type-product","status-publish","has-post-thumbnail","hentry","product_cat-hardware","product_cat-disco-duro-interno","product_cat-seagate","product_tag-barracuda","pa_brand-seagate"],"_links":{"self":[{"href":"https:\/\/tzila.mx\/dev\/wp-json\/wp\/v2\/product\/10231","targetHints":{"allow":["GET"]}}],"collection":[{"href":"https:\/\/tzila.mx\/dev\/wp-json\/wp\/v2\/product"}],"about":[{"href":"https:\/\/tzila.mx\/dev\/wp-json\/wp\/v2\/types\/product"}],"replies":[{"embeddable":true,"href":"https:\/\/tzila.mx\/dev\/wp-json\/wp\/v2\/comments?post=10231"}],"version-history":[{"count":25,"href":"https:\/\/tzila.mx\/dev\/wp-json\/wp\/v2\/product\/10231\/revisions"}],"predecessor-version":[{"id":12730,"href":"https:\/\/tzila.mx\/dev\/wp-json\/wp\/v2\/product\/10231\/revisions\/12730"}],"wp:featuredmedia":[{"embeddable":true,"href":"https:\/\/tzila.mx\/dev\/wp-json\/wp\/v2\/media\/10244"}],"wp:attachment":[{"href":"https:\/\/tzila.mx\/dev\/wp-json\/wp\/v2\/media?parent=10231"}],"wp:term":[{"taxonomy":"product_cat","embeddable":true,"href":"https:\/\/tzila.mx\/dev\/wp-json\/wp\/v2\/product_cat?post=10231"},{"taxonomy":"product_tag","embeddable":true,"href":"https:\/\/tzila.mx\/dev\/wp-json\/wp\/v2\/product_tag?post=10231"}],"curies":[{"name":"wp","href":"https:\/\/api.w.org\/{rel}","templated":true}]}}