{"id":10191,"date":"2022-03-08T12:13:19","date_gmt":"2022-03-08T18:13:19","guid":{"rendered":"https:\/\/tzila.mx\/dev\/?post_type=product&#038;p=10191"},"modified":"2022-06-16T16:11:33","modified_gmt":"2022-06-16T21:11:33","slug":"disco-duro-interno-seagate-barracuda-laptop","status":"publish","type":"product","link":"https:\/\/tzila.mx\/dev\/producto\/disco-duro-interno-seagate-barracuda-laptop\/","title":{"rendered":"Disco Duro Interno SEAGATE  Barracuda Laptop"},"content":{"rendered":"\t\t<div data-elementor-type=\"wp-post\" data-elementor-id=\"10191\" class=\"elementor elementor-10191\" data-elementor-settings=\"[]\">\n\t\t\t\t\t\t\t<div class=\"elementor-section-wrap\">\n\t\t\t\t\t\t\t<section class=\"elementor-section elementor-top-section elementor-element elementor-element-154fe09 elementor-section-boxed elementor-section-height-default elementor-section-height-default wd-section-disabled\" data-id=\"154fe09\" data-element_type=\"section\">\n\t\t\t\t\t\t<div class=\"elementor-container elementor-column-gap-default\">\n\t\t\t\t\t<div class=\"elementor-column elementor-col-33 elementor-top-column elementor-element elementor-element-f14913d\" data-id=\"f14913d\" data-element_type=\"column\">\n\t\t\t<div class=\"elementor-widget-wrap elementor-element-populated\">\n\t\t\t\t\t\t\t\t<div class=\"elementor-element elementor-element-3d30eaf elementor-widget elementor-widget-wd_text_block\" data-id=\"3d30eaf\" data-element_type=\"widget\" data-widget_type=\"wd_text_block.default\">\n\t\t\t\t<div class=\"elementor-widget-container\">\n\t\t\t\t\t<div class=\"wd-text-block reset-last-child text-left\">\n\t\t\t\n\t\t\t<h5><strong>M\u00c1S ESPECIFICACIONES<\/strong><strong>:<\/strong><\/h5>\n\t\t\t\t\t<\/div>\n\t\t\t\t<\/div>\n\t\t\t\t<\/div>\n\t\t\t\t<div class=\"elementor-element elementor-element-6d44079 elementor-widget elementor-widget-wd_text_block\" data-id=\"6d44079\" data-element_type=\"widget\" data-widget_type=\"wd_text_block.default\">\n\t\t\t\t<div class=\"elementor-widget-container\">\n\t\t\t\t\t<div class=\"wd-text-block reset-last-child text-left\">\n\t\t\t\n\t\t\t<p>Vers\u00e1til. Veloz. Fiable. Las unidades de disco duro BarraCuda de Seagate son perfectas para el almacenamiento de computadoras port\u00e1tiles, el almacenamiento de dispositivos m\u00f3viles, el almacenamiento todo en uno, y m\u00e1s.<\/p>\n\t\t\t\t\t<\/div>\n\t\t\t\t<\/div>\n\t\t\t\t<\/div>\n\t\t\t\t\t<\/div>\n\t\t<\/div>\n\t\t\t\t<div class=\"elementor-column elementor-col-66 elementor-top-column elementor-element elementor-element-1a0b71f\" data-id=\"1a0b71f\" data-element_type=\"column\">\n\t\t\t<div class=\"elementor-widget-wrap elementor-element-populated\">\n\t\t\t\t\t\t\t\t<div class=\"elementor-element elementor-element-6f6445b elementor-widget elementor-widget-wd_image_or_svg\" data-id=\"6f6445b\" data-element_type=\"widget\" data-widget_type=\"wd_image_or_svg.default\">\n\t\t\t\t<div class=\"elementor-widget-container\">\n\t\t\t\n\t\t<div class=\"wd-image text-center\">\n\t\t\t\t\t\t\t\t<img decoding=\"async\" src=\"https:\/\/tzila.mx\/dev\/wp-content\/uploads\/elementor\/thumbs\/optimized-read-write-data-flow_l-plkswyarat1q22cqf1jeo65jz840wofcc0z59xaflc.jpg\" title=\"optimized-read-write-data-flow_l\" alt=\"optimized-read-write-data-flow_l\" \/>\t\t\t\t\t<\/div>\n\n\t\t\t\t<\/div>\n\t\t\t\t<\/div>\n\t\t\t\t\t<\/div>\n\t\t<\/div>\n\t\t\t\t\t\t\t<\/div>\n\t\t<\/section>\n\t\t\t\t<section class=\"elementor-section elementor-top-section elementor-element elementor-element-f335c48 elementor-section-boxed elementor-section-height-default elementor-section-height-default wd-section-disabled\" data-id=\"f335c48\" data-element_type=\"section\">\n\t\t\t\t\t\t<div class=\"elementor-container elementor-column-gap-default\">\n\t\t\t\t\t<div class=\"elementor-column elementor-col-33 elementor-top-column elementor-element elementor-element-b982906\" data-id=\"b982906\" data-element_type=\"column\">\n\t\t\t<div class=\"elementor-widget-wrap elementor-element-populated\">\n\t\t\t\t\t\t\t\t<div class=\"elementor-element elementor-element-ecdf1c9 elementor-widget elementor-widget-wd_text_block\" data-id=\"ecdf1c9\" data-element_type=\"widget\" data-widget_type=\"wd_text_block.default\">\n\t\t\t\t<div class=\"elementor-widget-container\">\n\t\t\t\t\t<div class=\"wd-text-block reset-last-child text-left\">\n\t\t\t\n\t\t\t<h4>Almacenamiento para computadoras port\u00e1tiles y dispositivos m\u00f3viles (7 <span class=\"no-wrap\">mm)<\/span><\/h4><p>Elija entre 500 GB a 2 TB de almacenamiento masivo. Disfrute de la unidad de disco duro de m\u00e1s alta capacidad y m\u00e1s delgada de 2,5 pulgadas (6 cm) en formato fino de 7 mm que facilita las mejoras de sistemas.<\/p>\n\t\t\t\t\t<\/div>\n\t\t\t\t<\/div>\n\t\t\t\t<\/div>\n\t\t\t\t<div class=\"elementor-element elementor-element-004860c elementor-widget elementor-widget-wd_text_block\" data-id=\"004860c\" data-element_type=\"widget\" data-widget_type=\"wd_text_block.default\">\n\t\t\t\t<div class=\"elementor-widget-container\">\n\t\t\t\t\t<div class=\"wd-text-block reset-last-child text-left\">\n\t\t\t\n\t\t\t<h4 class=\"h2 reveal--fadeInFromBottom is-revealed\" data-reveal=\"3\">Agregue nuevas unidades de manera f\u00e1cil<\/h4><article data-v-b7353816=\"\">El software DiscWizard\u2122 le permite agregar nuevas unidades a su computadora de manera f\u00e1cil, a trav\u00e9s de una gu\u00eda con los pasos para que pueda clonar su unidad actual en su nueva unidad de Seagate, crear y formatear particiones, transferir datos, realizar copias de seguridad de los datos para aumentar la seguridad y mucho m\u00e1s.<\/article>\n\t\t\t\t\t<\/div>\n\t\t\t\t<\/div>\n\t\t\t\t<\/div>\n\t\t\t\t<div class=\"elementor-element elementor-element-27b771f elementor-widget elementor-widget-wd_image_or_svg\" data-id=\"27b771f\" data-element_type=\"widget\" data-widget_type=\"wd_image_or_svg.default\">\n\t\t\t\t<div class=\"elementor-widget-container\">\n\t\t\t\n\t\t<div class=\"wd-image text-left\">\n\t\t\t\t\t\t\t\t<img decoding=\"async\" src=\"https:\/\/tzila.mx\/dev\/wp-content\/uploads\/elementor\/thumbs\/content-layout-left-discwizard-desktop-640x664_l-plkswwf07s32ou52a24ncs2vu0tfv5agoqhmc9dg40.jpg\" title=\"content-layout-left-discwizard-desktop-640x664_l\" alt=\"content-layout-left-discwizard-desktop-640x664_l\" \/>\t\t\t\t\t<\/div>\n\n\t\t\t\t<\/div>\n\t\t\t\t<\/div>\n\t\t\t\t\t<\/div>\n\t\t<\/div>\n\t\t\t\t<div class=\"elementor-column elementor-col-33 elementor-top-column elementor-element elementor-element-efcf9f4\" data-id=\"efcf9f4\" data-element_type=\"column\">\n\t\t\t<div class=\"elementor-widget-wrap elementor-element-populated\">\n\t\t\t\t\t\t\t\t<div class=\"elementor-element elementor-element-dd4368c elementor-widget elementor-widget-wd_text_block\" data-id=\"dd4368c\" data-element_type=\"widget\" data-widget_type=\"wd_text_block.default\">\n\t\t\t\t<div class=\"elementor-widget-container\">\n\t\t\t\t\t<div class=\"wd-text-block reset-last-child text-left\">\n\t\t\t\n\t\t\t<div class=\"row-content r-side\" data-v-b7353816=\"\"><h4 class=\"h2 reveal--fadeInFromBottom is-revealed\" data-reveal=\"3\">Fiabilidad inquebrantable<\/h4><article data-v-b7353816=\"\">Por m\u00e1s de 20 a\u00f1os, Seagate ha fabricado y ofrecido la confiable l\u00ednea de unidades BarraCuda. Para nosotros es importante que tenga una experiencia positiva con su unidad de disco duro, y por eso ofrecemos garant\u00edas limitadas robustas en todas las unidades BarraCuda.<\/article><\/div>\n\t\t\t\t\t<\/div>\n\t\t\t\t<\/div>\n\t\t\t\t<\/div>\n\t\t\t\t<div class=\"elementor-element elementor-element-5bdb17d elementor-widget elementor-widget-wd_image_or_svg\" data-id=\"5bdb17d\" data-element_type=\"widget\" data-widget_type=\"wd_image_or_svg.default\">\n\t\t\t\t<div class=\"elementor-widget-container\">\n\t\t\t\n\t\t<div class=\"wd-image text-center\">\n\t\t\t\t\t\t\t\t<img decoding=\"async\" src=\"https:\/\/tzila.mx\/dev\/wp-content\/uploads\/elementor\/thumbs\/trusted-dependability_l-plksx144q8ps02bccxsd1avhhynf5wc1srkdhr9z9s.jpg\" title=\"trusted-dependability_l\" alt=\"trusted-dependability_l\" \/>\t\t\t\t\t<\/div>\n\n\t\t\t\t<\/div>\n\t\t\t\t<\/div>\n\t\t\t\t<div class=\"elementor-element elementor-element-70c252b elementor-widget elementor-widget-wd_text_block\" data-id=\"70c252b\" data-element_type=\"widget\" data-widget_type=\"wd_text_block.default\">\n\t\t\t\t<div class=\"elementor-widget-container\">\n\t\t\t\t\t<div class=\"wd-text-block reset-last-child text-left\">\n\t\t\t\n\t\t\t<h4 class=\"h2 reveal--fadeInFromBottom is-revealed\" data-reveal=\"3\">Flujo de lectura y escritura de datos optimizado<\/h4><article data-v-b7353816=\"\"><p>Todas las unidades de disco duro de la familia BarraCuda vienen equipadas con tecnolog\u00eda de almacenamiento en cach\u00e9 de m\u00faltiples niveles Multi-Tier Caching Technology (MTC). Al optimizar el flujo de datos con los niveles inteligentes de la tecnolog\u00eda de almacenamiento en cach\u00e9 de NAND Flash, DRAM y de medios, se pueden obtener tiempos de carga y aplicaciones m\u00e1s r\u00e1pidos y mejorar el rendimiento de lectura y escritura.<span style=\"font-size: 14px; color: var(--wd-text-color);\"><\/span><\/p><\/article>\n\t\t\t\t\t<\/div>\n\t\t\t\t<\/div>\n\t\t\t\t<\/div>\n\t\t\t\t\t<\/div>\n\t\t<\/div>\n\t\t\t\t<div class=\"elementor-column elementor-col-33 elementor-top-column elementor-element elementor-element-dffdc91\" data-id=\"dffdc91\" data-element_type=\"column\">\n\t\t\t<div class=\"elementor-widget-wrap elementor-element-populated\">\n\t\t\t\t\t\t\t\t<div class=\"elementor-element elementor-element-fca3fa3 elementor-widget elementor-widget-wd_text_block\" data-id=\"fca3fa3\" data-element_type=\"widget\" data-widget_type=\"wd_text_block.default\">\n\t\t\t\t<div class=\"elementor-widget-container\">\n\t\t\t\t\t<div class=\"wd-text-block reset-last-child text-left\">\n\t\t\t\n\t\t\t<div class=\"row-content\" data-v-b7353816=\"\"><h4 class=\"h2 reveal--fadeInFromBottom is-revealed\" data-reveal=\"3\">\u00a1Puede contar con nosotros!<\/h4><article data-v-b7353816=\"\">Si algo inesperado llegara a ocurrir, como da\u00f1os causados por el agua o desastres naturales, los servicios Rescue le ayudar\u00e1n a protegerse contra la p\u00e9rdida de datos y los costos de recuperaci\u00f3n, as\u00ed que puede estar tranquilo.1<\/article><\/div>\n\t\t\t\t\t<\/div>\n\t\t\t\t<\/div>\n\t\t\t\t<\/div>\n\t\t\t\t<div class=\"elementor-element elementor-element-5df058d elementor-widget elementor-widget-wd_image_or_svg\" data-id=\"5df058d\" data-element_type=\"widget\" data-widget_type=\"wd_image_or_svg.default\">\n\t\t\t\t<div class=\"elementor-widget-container\">\n\t\t\t\n\t\t<div class=\"wd-image text-center\">\n\t\t\t\t\t\t\t\t<img decoding=\"async\" src=\"https:\/\/tzila.mx\/dev\/wp-content\/uploads\/elementor\/thumbs\/rescue-data-recovery_l-plkswz8isa6xno0ytlcj29d9m6fji8lnp4g2s399lc.jpg\" title=\"rescue-data-recovery_l\" alt=\"rescue-data-recovery_l\" \/>\t\t\t\t\t<\/div>\n\n\t\t\t\t<\/div>\n\t\t\t\t<\/div>\n\t\t\t\t<div class=\"elementor-element elementor-element-9888a72 elementor-widget elementor-widget-wd_button\" data-id=\"9888a72\" data-element_type=\"widget\" data-widget_type=\"wd_button.default\">\n\t\t\t\t<div class=\"elementor-widget-container\">\n\t\t\t\t\t<div class=\"wd-button-wrapper text-center\" >\n\t\t\t<a class=\"btn btn-style-link btn-shape- btn-size-large btn-color-alt btn-icon-pos-right\"  href=\"https:\/\/www.seagate.com\/files\/www-content\/datasheets\/pdfs\/barracuda-2-5-DS1907-3-2005LA-es_LA.pdf\" target=\"_blank\">\n\t\t\t\t<span class=\"wd-btn-text\" data-elementor-setting-key=\"text\">\n\t\t\t\t\tFicha t\u00e9cnica\t\t\t\t<\/span>\n\n\t\t\t\t\t\t\t<\/a>\n\t\t<\/div>\n\t\t\t\t<\/div>\n\t\t\t\t<\/div>\n\t\t\t\t\t<\/div>\n\t\t<\/div>\n\t\t\t\t\t\t\t<\/div>\n\t\t<\/section>\n\t\t\t\t\t\t<\/div>\n\t\t\t\t\t<\/div>\n\t\t","protected":false},"excerpt":{"rendered":"<h4>Caracter\u00edsticas principales:<\/h4>\n<p>\u25cf Unidad de disco duro interna de 2,5 pulgadas<br \/>\n\u25cf Unidades de hasta 5 TB de capacidad<br \/>\n\u25cf Formatos de 7 mm o 15 mm<br \/>\n\u25cf Velocidades de hasta 7200 rpm<br \/>\n\u25cf <span dir=\"ltr\" role=\"presentation\">Computadoras port\u00e1tiles<\/span><br \/>\n\u25cf <span dir=\"ltr\" role=\"presentation\">Almacenamiento m\u00f3vil<\/span><br \/>\n\u25cf <span dir=\"ltr\" role=\"presentation\">Sistemas de almacenamiento<\/span><br role=\"presentation\" \/><span dir=\"ltr\" role=\"presentation\">externo<\/span><br \/>\n\u25cf <span dir=\"ltr\" role=\"presentation\">Equipos PC todo en uno<\/span><br \/>\n<span dir=\"ltr\" role=\"presentation\">\u25cf Equipos PC de escritorio<br role=\"presentation\" \/>ultradelgados<\/span><\/p>\n","protected":false},"featured_media":10229,"comment_status":"open","ping_status":"closed","template":"","meta":[],"product_cat":[20,138,143],"product_tag":[177],"class_list":["post-10191","product","type-product","status-publish","has-post-thumbnail","hentry","product_cat-hardware","product_cat-disco-duro-interno","product_cat-seagate","product_tag-barracuda","pa_brand-seagate"],"_links":{"self":[{"href":"https:\/\/tzila.mx\/dev\/wp-json\/wp\/v2\/product\/10191","targetHints":{"allow":["GET"]}}],"collection":[{"href":"https:\/\/tzila.mx\/dev\/wp-json\/wp\/v2\/product"}],"about":[{"href":"https:\/\/tzila.mx\/dev\/wp-json\/wp\/v2\/types\/product"}],"replies":[{"embeddable":true,"href":"https:\/\/tzila.mx\/dev\/wp-json\/wp\/v2\/comments?post=10191"}],"version-history":[{"count":27,"href":"https:\/\/tzila.mx\/dev\/wp-json\/wp\/v2\/product\/10191\/revisions"}],"predecessor-version":[{"id":15496,"href":"https:\/\/tzila.mx\/dev\/wp-json\/wp\/v2\/product\/10191\/revisions\/15496"}],"wp:featuredmedia":[{"embeddable":true,"href":"https:\/\/tzila.mx\/dev\/wp-json\/wp\/v2\/media\/10229"}],"wp:attachment":[{"href":"https:\/\/tzila.mx\/dev\/wp-json\/wp\/v2\/media?parent=10191"}],"wp:term":[{"taxonomy":"product_cat","embeddable":true,"href":"https:\/\/tzila.mx\/dev\/wp-json\/wp\/v2\/product_cat?post=10191"},{"taxonomy":"product_tag","embeddable":true,"href":"https:\/\/tzila.mx\/dev\/wp-json\/wp\/v2\/product_tag?post=10191"}],"curies":[{"name":"wp","href":"https:\/\/api.w.org\/{rel}","templated":true}]}}