{"id":10131,"date":"2022-03-07T20:55:17","date_gmt":"2022-03-08T02:55:17","guid":{"rendered":"https:\/\/tzila.mx\/dev\/?post_type=product&#038;p=10131"},"modified":"2022-06-16T16:16:53","modified_gmt":"2022-06-16T21:16:53","slug":"memoria-ram-kingston-fury-beast-ddr4-3733","status":"publish","type":"product","link":"https:\/\/tzila.mx\/dev\/producto\/memoria-ram-kingston-fury-beast-ddr4-3733\/","title":{"rendered":"Memoria RAM Kingston FURY Beast DDR4 3733Mhz"},"content":{"rendered":"\t\t<div data-elementor-type=\"wp-post\" data-elementor-id=\"10131\" class=\"elementor elementor-10131\" data-elementor-settings=\"[]\">\n\t\t\t\t\t\t\t<div class=\"elementor-section-wrap\">\n\t\t\t\t\t\t\t<section class=\"elementor-section elementor-top-section elementor-element elementor-element-154fe09 elementor-section-boxed elementor-section-height-default elementor-section-height-default wd-section-disabled\" data-id=\"154fe09\" data-element_type=\"section\">\n\t\t\t\t\t\t<div class=\"elementor-container elementor-column-gap-default\">\n\t\t\t\t\t<div class=\"elementor-column elementor-col-33 elementor-top-column elementor-element elementor-element-f14913d\" data-id=\"f14913d\" data-element_type=\"column\">\n\t\t\t<div class=\"elementor-widget-wrap elementor-element-populated\">\n\t\t\t\t\t\t\t\t<div class=\"elementor-element elementor-element-3d30eaf elementor-widget elementor-widget-wd_text_block\" data-id=\"3d30eaf\" data-element_type=\"widget\" data-widget_type=\"wd_text_block.default\">\n\t\t\t\t<div class=\"elementor-widget-container\">\n\t\t\t\t\t<div class=\"wd-text-block reset-last-child text-left\">\n\t\t\t\n\t\t\t<h5><strong>M\u00c1S ESPECIFICACIONES<\/strong><strong>:<\/strong><\/h5>\n\t\t\t\t\t<\/div>\n\t\t\t\t<\/div>\n\t\t\t\t<\/div>\n\t\t\t\t<div class=\"elementor-element elementor-element-6d44079 elementor-widget elementor-widget-wd_text_block\" data-id=\"6d44079\" data-element_type=\"widget\" data-widget_type=\"wd_text_block.default\">\n\t\t\t\t<div class=\"elementor-widget-container\">\n\t\t\t\t\t<div class=\"wd-text-block reset-last-child text-left\">\n\t\t\t\n\t\t\t<p class=\"p1\"><span class=\"s1\">\u25cf<\/span><span class=\"s2\"> Actualizaci\u00f3n a DDR4 de alto rendimiento con costos m\u00ednimos<\/span><br \/><span class=\"s1\">\u25cf<\/span><span class=\"s2\"> Velocidades de hasta 3.733MT\/s<\/span><br \/><span class=\"s1\">\u25cf<\/span><span class=\"s2\"> Intel\u00ae XMP-Ready y XMP Certificado<\/span><br \/><span class=\"s1\">\u25cf<\/span><span class=\"s2\"> Ready for AMD Ryzen\u2122<\/span><br \/><span class=\"s1\">\u25cf<\/span><span class=\"s2\"> Dise\u00f1o de difusor de calor de bajo consumo<\/span><br \/><span class=\"s1\">\u25cf<\/span><span class=\"s2\"> Funcionalidad Plug N Play a 2666MT\/s<\/span><span class=\"s3\"><sup>*1<\/sup><\/span><\/p>\n\t\t\t\t\t<\/div>\n\t\t\t\t<\/div>\n\t\t\t\t<\/div>\n\t\t\t\t\t<\/div>\n\t\t<\/div>\n\t\t\t\t<div class=\"elementor-column elementor-col-66 elementor-top-column elementor-element elementor-element-1a0b71f\" data-id=\"1a0b71f\" data-element_type=\"column\">\n\t\t\t<div class=\"elementor-widget-wrap elementor-element-populated\">\n\t\t\t\t\t\t\t\t<div class=\"elementor-element elementor-element-6f6445b elementor-widget elementor-widget-wd_image_or_svg\" data-id=\"6f6445b\" data-element_type=\"widget\" data-widget_type=\"wd_image_or_svg.default\">\n\t\t\t\t<div class=\"elementor-widget-container\">\n\t\t\t\n\t\t<div class=\"wd-image text-center\">\n\t\t\t\t\t\t\t\t<img decoding=\"async\" src=\"https:\/\/tzila.mx\/dev\/wp-content\/uploads\/elementor\/thumbs\/ktc-keyfeature-memory-beast-ddr4-2-lg-pljxalvnx83wygjydwqpg86zclx5528ne49hbf0f6c.jpg\" title=\"ktc-keyfeature-memory-beast-ddr4-2-lg\" alt=\"ktc-keyfeature-memory-beast-ddr4-2-lg\" \/>\t\t\t\t\t<\/div>\n\n\t\t\t\t<\/div>\n\t\t\t\t<\/div>\n\t\t\t\t\t<\/div>\n\t\t<\/div>\n\t\t\t\t\t\t\t<\/div>\n\t\t<\/section>\n\t\t\t\t<section class=\"elementor-section elementor-top-section elementor-element elementor-element-f335c48 elementor-section-boxed elementor-section-height-default elementor-section-height-default wd-section-disabled\" data-id=\"f335c48\" data-element_type=\"section\">\n\t\t\t\t\t\t<div class=\"elementor-container elementor-column-gap-default\">\n\t\t\t\t\t<div class=\"elementor-column elementor-col-33 elementor-top-column elementor-element elementor-element-b982906\" data-id=\"b982906\" data-element_type=\"column\">\n\t\t\t<div class=\"elementor-widget-wrap elementor-element-populated\">\n\t\t\t\t\t\t\t\t<div class=\"elementor-element elementor-element-ecdf1c9 elementor-widget elementor-widget-wd_text_block\" data-id=\"ecdf1c9\" data-element_type=\"widget\" data-widget_type=\"wd_text_block.default\">\n\t\t\t\t<div class=\"elementor-widget-container\">\n\t\t\t\t\t<div class=\"wd-text-block reset-last-child text-left\">\n\t\t\t\n\t\t\t<p>Kingston FURY\u2122 Beast DDR4 brinda un impulso poderoso para gaming, edici\u00f3n de video y rendering con velocidades de hasta 3733MT\/s<sup class=\"footnote-sub\" data-original=\"{{Footnote.A65242}}\">*<\/sup>. Esta actualizaci\u00f3n de bajo costo est\u00e1 disponible en velocidades 2666MT\/s-3733MT\/s, latencias CL15\u201319, capacidades de m\u00f3dulo simple de 4GB-32GB y capacidades de kit de 8GB-128GB. Cuenta con overclocking autom\u00e1tico Plug N Play a velocidades de 2666MT\/s<sup class=\"footnote-sub\" data-original=\"{{Footnote.N63222}}\">1<\/sup> es Intel\u00ae XMP-ready, XMP Certified y Ready para AMD Ryzen\u2122. FURY Beast DDR4 mantiene la temperatura bajo control con su impactante disipador de calor y de bajo consumo. 100% testeada a la velocidad publicada y con una garant\u00eda de por vida; es una actualizaci\u00f3n f\u00e1cil y sin problemas para tu sistema basado en Intel o AMD.<\/p>\n\t\t\t\t\t<\/div>\n\t\t\t\t<\/div>\n\t\t\t\t<\/div>\n\t\t\t\t<div class=\"elementor-element elementor-element-d99ba58 elementor-widget elementor-widget-wd_image_or_svg\" data-id=\"d99ba58\" data-element_type=\"widget\" data-widget_type=\"wd_image_or_svg.default\">\n\t\t\t\t<div class=\"elementor-widget-container\">\n\t\t\t\n\t\t<div class=\"wd-image text-center\">\n\t\t\t\t\t\t\t\t<img decoding=\"async\" src=\"https:\/\/tzila.mx\/dev\/wp-content\/uploads\/elementor\/thumbs\/ktc-keyfeature-memory-beast-ddr4-4-pljxbgvzf5qgaqlgw8628kfv9xfzve3jerjtxro5m8.png\" title=\"ktc-keyfeature-memory-beast-ddr4-4\" alt=\"ktc-keyfeature-memory-beast-ddr4-4\" \/>\t\t\t\t\t<\/div>\n\n\t\t\t\t<\/div>\n\t\t\t\t<\/div>\n\t\t\t\t<div class=\"elementor-element elementor-element-43fb73f elementor-widget elementor-widget-wd_text_block\" data-id=\"43fb73f\" data-element_type=\"widget\" data-widget_type=\"wd_text_block.default\">\n\t\t\t\t<div class=\"elementor-widget-container\">\n\t\t\t\t\t<div class=\"wd-text-block reset-last-child text-left\">\n\t\t\t\n\t\t\t<h4>Actualizaci\u00f3n de alto rendimiento y bajo costo<\/h4><p>Kingston FURY Beast DDR4 es la elecci\u00f3n perfecta para ensambladores de sistemas, o para quien busque actualizar y dar un nuevo impulso a su sistema lento.<\/p>\n\t\t\t\t\t<\/div>\n\t\t\t\t<\/div>\n\t\t\t\t<\/div>\n\t\t\t\t\t<\/div>\n\t\t<\/div>\n\t\t\t\t<div class=\"elementor-column elementor-col-33 elementor-top-column elementor-element elementor-element-efcf9f4\" data-id=\"efcf9f4\" data-element_type=\"column\">\n\t\t\t<div class=\"elementor-widget-wrap elementor-element-populated\">\n\t\t\t\t\t\t\t\t<div class=\"elementor-element elementor-element-92b92dc elementor-widget elementor-widget-wd_text_block\" data-id=\"92b92dc\" data-element_type=\"widget\" data-widget_type=\"wd_text_block.default\">\n\t\t\t\t<div class=\"elementor-widget-container\">\n\t\t\t\t\t<div class=\"wd-text-block reset-last-child text-left\">\n\t\t\t\n\t\t\t<h4 class=\"page-section-title\">Juega m\u00e1s. Preoc\u00fapate menos.<\/h4><article data-v-b7353816=\"\"><p>Pasa m\u00e1s tiempo superando niveles y menos intentando hacer sitio para las \u00faltimas novedades. El modelo de 4 TB puede almacenar hasta 100 t\u00edtulos*, de modo que no tengas que elegir: expande sin problema tu biblioteca de juegos.<\/p><\/article>\n\t\t\t\t\t<\/div>\n\t\t\t\t<\/div>\n\t\t\t\t<\/div>\n\t\t\t\t<div class=\"elementor-element elementor-element-4844dfc elementor-widget elementor-widget-wd_image_or_svg\" data-id=\"4844dfc\" data-element_type=\"widget\" data-widget_type=\"wd_image_or_svg.default\">\n\t\t\t\t<div class=\"elementor-widget-container\">\n\t\t\t\n\t\t<div class=\"wd-image text-center\">\n\t\t\t\t\t\t\t\t<img decoding=\"async\" src=\"https:\/\/tzila.mx\/dev\/wp-content\/uploads\/elementor\/thumbs\/ktc-keyfeature-memory-beast-ddr4-2-pljxazyw053ahra1n0urzopkkzre0u8dcft3asd8q8.png\" title=\"ktc-keyfeature-memory-beast-ddr4-2\" alt=\"ktc-keyfeature-memory-beast-ddr4-2\" \/>\t\t\t\t\t<\/div>\n\n\t\t\t\t<\/div>\n\t\t\t\t<\/div>\n\t\t\t\t<div class=\"elementor-element elementor-element-a119555 elementor-widget elementor-widget-wd_text_block\" data-id=\"a119555\" data-element_type=\"widget\" data-widget_type=\"wd_text_block.default\">\n\t\t\t\t<div class=\"elementor-widget-container\">\n\t\t\t\t\t<div class=\"wd-text-block reset-last-child text-left\">\n\t\t\t\n\t\t\t<div class=\"row-content r-side\" data-v-b7353816=\"\"><h4>Intel\u00ae XMP-Ready y XMP Certificado<\/h4><article data-v-b7353816=\"\">Dise\u00f1adas para maximizar el rendimiento de nuestros m\u00f3dulos de memoria, nuestros ingenieros han predefinido los perfiles de memoria Intel Extreme para alcanzar velocidades de hasta 3733MT\/s<sup class=\"footnote-sub\" data-original=\"{{Footnote.A65242}}\">*<\/sup><sup class=\"footnote-sub\" data-original=\"{{Footnote.N63222}}\">1<\/sup>.<\/article><\/div>\n\t\t\t\t\t<\/div>\n\t\t\t\t<\/div>\n\t\t\t\t<\/div>\n\t\t\t\t<div class=\"elementor-element elementor-element-a953a45 elementor-widget elementor-widget-wd_text_block\" data-id=\"a953a45\" data-element_type=\"widget\" data-widget_type=\"wd_text_block.default\">\n\t\t\t\t<div class=\"elementor-widget-container\">\n\t\t\t\t\t<div class=\"wd-text-block reset-last-child text-left\">\n\t\t\t\n\t\t\t<h4>Ready for AMD Ryzen\u2122<\/h4><article data-v-b7353816=\"\">Obt\u00e9n una memoria Ready para Ryzen y que se integrar\u00e1 sin problemas con tu sistema basado en AMD. Un aumento de rendimiento confiable y compatible para tu equipo.<\/article>\n\t\t\t\t\t<\/div>\n\t\t\t\t<\/div>\n\t\t\t\t<\/div>\n\t\t\t\t\t<\/div>\n\t\t<\/div>\n\t\t\t\t<div class=\"elementor-column elementor-col-33 elementor-top-column elementor-element elementor-element-dffdc91\" data-id=\"dffdc91\" data-element_type=\"column\">\n\t\t\t<div class=\"elementor-widget-wrap elementor-element-populated\">\n\t\t\t\t\t\t\t\t<div class=\"elementor-element elementor-element-fca3fa3 elementor-widget elementor-widget-wd_text_block\" data-id=\"fca3fa3\" data-element_type=\"widget\" data-widget_type=\"wd_text_block.default\">\n\t\t\t\t<div class=\"elementor-widget-container\">\n\t\t\t\t\t<div class=\"wd-text-block reset-last-child text-left\">\n\t\t\t\n\t\t\t<div class=\"row-content\" data-v-b7353816=\"\"><h4>Disipador de calor del bajo perfil<\/h4><article data-v-b7353816=\"\">El elegante difusor de calor es una gran mejora para el estilo de tu estaci\u00f3n de batalla.<\/article><\/div>\n\t\t\t\t\t<\/div>\n\t\t\t\t<\/div>\n\t\t\t\t<\/div>\n\t\t\t\t<div class=\"elementor-element elementor-element-c7e91e6 elementor-widget elementor-widget-wd_text_block\" data-id=\"c7e91e6\" data-element_type=\"widget\" data-widget_type=\"wd_text_block.default\">\n\t\t\t\t<div class=\"elementor-widget-container\">\n\t\t\t\t\t<div class=\"wd-text-block reset-last-child text-left\">\n\t\t\t\n\t\t\t<h4>Plug N Play \u2013 Overclocking autom\u00e1tico a 2666MT\/s<sup class=\"footnote-sub\" data-original=\"{{Footnote.A65242}}\">*<\/sup><sup class=\"footnote-sub\" data-original=\"{{Footnote.N63222}}\">1<\/sup><\/h4><article data-v-b7353816=\"\"><p>Con una simple y f\u00e1cil actualizaci\u00f3n Plug N Play, Kingston FURY Beast DDR4 realizar\u00e1 overclocking autom\u00e1tico a la m\u00e1xima velocidad mencionada que permita el sistema BIOS.<\/p><\/article>\n\t\t\t\t\t<\/div>\n\t\t\t\t<\/div>\n\t\t\t\t<\/div>\n\t\t\t\t<div class=\"elementor-element elementor-element-5df058d elementor-widget elementor-widget-wd_image_or_svg\" data-id=\"5df058d\" data-element_type=\"widget\" data-widget_type=\"wd_image_or_svg.default\">\n\t\t\t\t<div class=\"elementor-widget-container\">\n\t\t\t\n\t\t<div class=\"wd-image text-left\">\n\t\t\t\t\t\t\t\t<img decoding=\"async\" src=\"https:\/\/tzila.mx\/dev\/wp-content\/uploads\/elementor\/thumbs\/ktc-keyfeature-memory-beast-ddr4-4-lg-pljxaootq4numfqfgvz95rk1gdazggzlavz9jgtysw.jpg\" title=\"ktc-keyfeature-memory-beast-ddr4-4-lg\" alt=\"ktc-keyfeature-memory-beast-ddr4-4-lg\" \/>\t\t\t\t\t<\/div>\n\n\t\t\t\t<\/div>\n\t\t\t\t<\/div>\n\t\t\t\t<div class=\"elementor-element elementor-element-1712fc8 elementor-widget elementor-widget-wd_button\" data-id=\"1712fc8\" data-element_type=\"widget\" data-widget_type=\"wd_button.default\">\n\t\t\t\t<div class=\"elementor-widget-container\">\n\t\t\t\t\t<div class=\"wd-button-wrapper text-center\" >\n\t\t\t<a class=\"btn btn-style-link btn-shape- btn-size-large btn-color-alt btn-icon-pos-right\"  href=\"https:\/\/www.kingston.com\/latam\/memory\/gaming\/kingston-fury-beast-ddr4-memory?speed=2666mt%2Fs&#038;total%20(kit)%20capacity=4gb&#038;kit=single%20module&#038;dram%20density=4gbit\" target=\"_blank\">\n\t\t\t\t<span class=\"wd-btn-text\" data-elementor-setting-key=\"text\">\n\t\t\t\t\tVer m\u00e1s\t\t\t\t<\/span>\n\n\t\t\t\t\t\t\t<\/a>\n\t\t<\/div>\n\t\t\t\t<\/div>\n\t\t\t\t<\/div>\n\t\t\t\t\t<\/div>\n\t\t<\/div>\n\t\t\t\t\t\t\t<\/div>\n\t\t<\/section>\n\t\t\t\t\t\t<\/div>\n\t\t\t\t\t<\/div>\n\t\t","protected":false},"excerpt":{"rendered":"<h4>Caracter\u00edsticas principales:<\/h4>\n<p class=\"p1\"><span class=\"s1\">\u25cf<\/span><span class=\"s2\"> Capacidad memoria: <strong>8GB<\/strong> (1x8GB), <strong>16GB<\/strong> (1x16GB)<\/span><br \/>\n<span class=\"s1\">\u25cf<\/span><span class=\"s2\"> Velocidad: de hasta 3733Mhz<\/span><br \/>\n<span class=\"s1\">\u25cf<\/span><span class=\"s2\"> Latencia CAS: CL19<\/span><br \/>\n<span class=\"s1\">\u25cf<\/span><span class=\"s2\"> Soporte <span dir=\"ltr\" role=\"presentation\">Intel\u00ae Extreme Memory Profiles (Intel\u00ae XMP)<\/span><\/span><\/p>\n","protected":false},"featured_media":10183,"comment_status":"open","ping_status":"closed","template":"","meta":[],"product_cat":[20,74,107],"product_tag":[113],"class_list":["post-10131","product","type-product","status-publish","has-post-thumbnail","hentry","product_cat-hardware","product_cat-memoria-ram","product_cat-kingston","product_tag-fury","pa_brand-kingston"],"_links":{"self":[{"href":"https:\/\/tzila.mx\/dev\/wp-json\/wp\/v2\/product\/10131","targetHints":{"allow":["GET"]}}],"collection":[{"href":"https:\/\/tzila.mx\/dev\/wp-json\/wp\/v2\/product"}],"about":[{"href":"https:\/\/tzila.mx\/dev\/wp-json\/wp\/v2\/types\/product"}],"replies":[{"embeddable":true,"href":"https:\/\/tzila.mx\/dev\/wp-json\/wp\/v2\/comments?post=10131"}],"version-history":[{"count":51,"href":"https:\/\/tzila.mx\/dev\/wp-json\/wp\/v2\/product\/10131\/revisions"}],"predecessor-version":[{"id":15581,"href":"https:\/\/tzila.mx\/dev\/wp-json\/wp\/v2\/product\/10131\/revisions\/15581"}],"wp:featuredmedia":[{"embeddable":true,"href":"https:\/\/tzila.mx\/dev\/wp-json\/wp\/v2\/media\/10183"}],"wp:attachment":[{"href":"https:\/\/tzila.mx\/dev\/wp-json\/wp\/v2\/media?parent=10131"}],"wp:term":[{"taxonomy":"product_cat","embeddable":true,"href":"https:\/\/tzila.mx\/dev\/wp-json\/wp\/v2\/product_cat?post=10131"},{"taxonomy":"product_tag","embeddable":true,"href":"https:\/\/tzila.mx\/dev\/wp-json\/wp\/v2\/product_tag?post=10131"}],"curies":[{"name":"wp","href":"https:\/\/api.w.org\/{rel}","templated":true}]}}