{"id":10105,"date":"2022-03-07T16:48:15","date_gmt":"2022-03-07T22:48:15","guid":{"rendered":"https:\/\/tzila.mx\/dev\/?post_type=product&#038;p=10105"},"modified":"2022-06-16T16:13:19","modified_gmt":"2022-06-16T21:13:19","slug":"disco-duro-externo-toshiba-canvio-gaming","status":"publish","type":"product","link":"https:\/\/tzila.mx\/dev\/producto\/disco-duro-externo-toshiba-canvio-gaming\/","title":{"rendered":"Disco Duro Externo TOSHIBA Canvio Gaming"},"content":{"rendered":"\t\t<div data-elementor-type=\"wp-post\" data-elementor-id=\"10105\" class=\"elementor elementor-10105\" data-elementor-settings=\"[]\">\n\t\t\t\t\t\t\t<div class=\"elementor-section-wrap\">\n\t\t\t\t\t\t\t<section class=\"elementor-section elementor-top-section elementor-element elementor-element-154fe09 elementor-section-boxed elementor-section-height-default elementor-section-height-default wd-section-disabled\" data-id=\"154fe09\" data-element_type=\"section\">\n\t\t\t\t\t\t<div class=\"elementor-container elementor-column-gap-default\">\n\t\t\t\t\t<div class=\"elementor-column elementor-col-33 elementor-top-column elementor-element elementor-element-f14913d\" data-id=\"f14913d\" data-element_type=\"column\">\n\t\t\t<div class=\"elementor-widget-wrap elementor-element-populated\">\n\t\t\t\t\t\t\t\t<div class=\"elementor-element elementor-element-3d30eaf elementor-widget elementor-widget-wd_text_block\" data-id=\"3d30eaf\" data-element_type=\"widget\" data-widget_type=\"wd_text_block.default\">\n\t\t\t\t<div class=\"elementor-widget-container\">\n\t\t\t\t\t<div class=\"wd-text-block reset-last-child text-left\">\n\t\t\t\n\t\t\t<h5><strong>M\u00c1S ESPECIFICACIONES<\/strong><strong>:<\/strong><\/h5>\n\t\t\t\t\t<\/div>\n\t\t\t\t<\/div>\n\t\t\t\t<\/div>\n\t\t\t\t<div class=\"elementor-element elementor-element-6d44079 elementor-widget elementor-widget-wd_text_block\" data-id=\"6d44079\" data-element_type=\"widget\" data-widget_type=\"wd_text_block.default\">\n\t\t\t\t<div class=\"elementor-widget-container\">\n\t\t\t\t\t<div class=\"wd-text-block reset-last-child text-left\">\n\t\t\t\n\t\t\t<p>Prep\u00e1rate para la pr\u00f3xima partida con el disco duro Canvio Gaming para que ampliar tu biblioteca de juegos sea m\u00e1s f\u00e1cil que nunca. Este disco duro port\u00e1til est\u00e1 dise\u00f1ado para optimizar la experiencia de juego al liberar espacio en la consola, de modo que tu colecci\u00f3n de juegos crezca a la vez que tus habilidades. Con hasta 4 TB de almacenamiento adicional, podr\u00e1s jugar donde te lleven tus juegos.<\/p>\n\t\t\t\t\t<\/div>\n\t\t\t\t<\/div>\n\t\t\t\t<\/div>\n\t\t\t\t\t<\/div>\n\t\t<\/div>\n\t\t\t\t<div class=\"elementor-column elementor-col-66 elementor-top-column elementor-element elementor-element-1a0b71f\" data-id=\"1a0b71f\" data-element_type=\"column\">\n\t\t\t<div class=\"elementor-widget-wrap elementor-element-populated\">\n\t\t\t\t\t\t\t\t<div class=\"elementor-element elementor-element-6f6445b elementor-widget elementor-widget-wd_image_or_svg\" data-id=\"6f6445b\" data-element_type=\"widget\" data-widget_type=\"wd_image_or_svg.default\">\n\t\t\t\t<div class=\"elementor-widget-container\">\n\t\t\t\n\t\t<div class=\"wd-image text-center\">\n\t\t\t\t\t\t\t\t<img decoding=\"async\" src=\"https:\/\/tzila.mx\/dev\/wp-content\/uploads\/elementor\/thumbs\/Canvio_Gaming_Pic_03_Your_Gaming_Companion_1280x622px-pljjkv74mquf4l1snkbna0sry0gfsd5nxy875t77g0.jpg\" title=\"Canvio_Gaming_Pic_03_Your_Gaming_Companion_1280x622px\" alt=\"Canvio_Gaming_Pic_03_Your_Gaming_Companion_1280x622px\" \/>\t\t\t\t\t<\/div>\n\n\t\t\t\t<\/div>\n\t\t\t\t<\/div>\n\t\t\t\t\t<\/div>\n\t\t<\/div>\n\t\t\t\t\t\t\t<\/div>\n\t\t<\/section>\n\t\t\t\t<section class=\"elementor-section elementor-top-section elementor-element elementor-element-f335c48 elementor-section-boxed elementor-section-height-default elementor-section-height-default wd-section-disabled\" data-id=\"f335c48\" data-element_type=\"section\">\n\t\t\t\t\t\t<div class=\"elementor-container elementor-column-gap-default\">\n\t\t\t\t\t<div class=\"elementor-column elementor-col-33 elementor-top-column elementor-element elementor-element-b982906\" data-id=\"b982906\" data-element_type=\"column\">\n\t\t\t<div class=\"elementor-widget-wrap elementor-element-populated\">\n\t\t\t\t\t\t\t\t<div class=\"elementor-element elementor-element-ecdf1c9 elementor-widget elementor-widget-wd_text_block\" data-id=\"ecdf1c9\" data-element_type=\"widget\" data-widget_type=\"wd_text_block.default\">\n\t\t\t\t<div class=\"elementor-widget-container\">\n\t\t\t\t\t<div class=\"wd-text-block reset-last-child text-left\">\n\t\t\t\n\t\t\t<h4>M\u00e1s juegos. M\u00e1s victorias.<\/h4><p>M\u00e1s tiempo de juego significa m\u00e1s victorias. Con el disco duro port\u00e1til Canvio Gaming, ya no tendr\u00e1s que preocuparte de eliminar juegos para tener espacio para el \u00faltimo lanzamiento. El dise\u00f1o elegante y ligero te permite guardar hasta 100 juegos* en un formato muy f\u00e1cil de transportar. Con hasta 4 TB de almacenamiento de datos, tu biblioteca de juegos tendr\u00e1 espacio para crecer.<\/p><p>* Tama\u00f1o medio de un juego: 36 GB<\/p>\n\t\t\t\t\t<\/div>\n\t\t\t\t<\/div>\n\t\t\t\t<\/div>\n\t\t\t\t<div class=\"elementor-element elementor-element-d99ba58 elementor-widget elementor-widget-wd_image_or_svg\" data-id=\"d99ba58\" data-element_type=\"widget\" data-widget_type=\"wd_image_or_svg.default\">\n\t\t\t\t<div class=\"elementor-widget-container\">\n\t\t\t\n\t\t<div class=\"wd-image text-left\">\n\t\t\t\t\t\t\t\t<img loading=\"lazy\" decoding=\"async\" width=\"900\" height=\"496\" src=\"https:\/\/tzila.mx\/dev\/wp-content\/uploads\/2022\/03\/Canvio_Gaming_Pic02_Game_On_900x496px.png\" class=\"attachment-full size-full\" alt=\"\" srcset=\"https:\/\/tzila.mx\/dev\/wp-content\/uploads\/2022\/03\/Canvio_Gaming_Pic02_Game_On_900x496px.png 900w, https:\/\/tzila.mx\/dev\/wp-content\/uploads\/2022\/03\/Canvio_Gaming_Pic02_Game_On_900x496px-400x220.png 400w, https:\/\/tzila.mx\/dev\/wp-content\/uploads\/2022\/03\/Canvio_Gaming_Pic02_Game_On_900x496px-768x423.png 768w, https:\/\/tzila.mx\/dev\/wp-content\/uploads\/2022\/03\/Canvio_Gaming_Pic02_Game_On_900x496px-860x474.png 860w, https:\/\/tzila.mx\/dev\/wp-content\/uploads\/2022\/03\/Canvio_Gaming_Pic02_Game_On_900x496px-430x237.png 430w, https:\/\/tzila.mx\/dev\/wp-content\/uploads\/2022\/03\/Canvio_Gaming_Pic02_Game_On_900x496px-700x386.png 700w, https:\/\/tzila.mx\/dev\/wp-content\/uploads\/2022\/03\/Canvio_Gaming_Pic02_Game_On_900x496px-150x83.png 150w\" sizes=\"auto, (max-width: 900px) 100vw, 900px\" \/>\t\t\t\t\t<\/div>\n\n\t\t\t\t<\/div>\n\t\t\t\t<\/div>\n\t\t\t\t<div class=\"elementor-element elementor-element-92b92dc elementor-widget elementor-widget-wd_text_block\" data-id=\"92b92dc\" data-element_type=\"widget\" data-widget_type=\"wd_text_block.default\">\n\t\t\t\t<div class=\"elementor-widget-container\">\n\t\t\t\t\t<div class=\"wd-text-block reset-last-child text-left\">\n\t\t\t\n\t\t\t<h4 class=\"page-section-title\">Juega m\u00e1s. Preoc\u00fapate menos.<\/h4><article data-v-b7353816=\"\"><p>Pasa m\u00e1s tiempo superando niveles y menos intentando hacer sitio para las \u00faltimas novedades. El modelo de 4 TB puede almacenar hasta 100 t\u00edtulos*, de modo que no tengas que elegir: expande sin problema tu biblioteca de juegos.<\/p><\/article>\n\t\t\t\t\t<\/div>\n\t\t\t\t<\/div>\n\t\t\t\t<\/div>\n\t\t\t\t\t<\/div>\n\t\t<\/div>\n\t\t\t\t<div class=\"elementor-column elementor-col-33 elementor-top-column elementor-element elementor-element-efcf9f4\" data-id=\"efcf9f4\" data-element_type=\"column\">\n\t\t\t<div class=\"elementor-widget-wrap elementor-element-populated\">\n\t\t\t\t\t\t\t\t<div class=\"elementor-element elementor-element-4844dfc elementor-widget elementor-widget-wd_image_or_svg\" data-id=\"4844dfc\" data-element_type=\"widget\" data-widget_type=\"wd_image_or_svg.default\">\n\t\t\t\t<div class=\"elementor-widget-container\">\n\t\t\t\n\t\t<div class=\"wd-image text-left\">\n\t\t\t\t\t\t\t\t<img loading=\"lazy\" decoding=\"async\" width=\"900\" height=\"496\" src=\"https:\/\/tzila.mx\/dev\/wp-content\/uploads\/2022\/03\/Canvio_Gaming_Pic04_Built_For_Gamers_900x496px_v2.png\" class=\"attachment-full size-full\" alt=\"\" srcset=\"https:\/\/tzila.mx\/dev\/wp-content\/uploads\/2022\/03\/Canvio_Gaming_Pic04_Built_For_Gamers_900x496px_v2.png 900w, https:\/\/tzila.mx\/dev\/wp-content\/uploads\/2022\/03\/Canvio_Gaming_Pic04_Built_For_Gamers_900x496px_v2-400x220.png 400w, https:\/\/tzila.mx\/dev\/wp-content\/uploads\/2022\/03\/Canvio_Gaming_Pic04_Built_For_Gamers_900x496px_v2-768x423.png 768w, https:\/\/tzila.mx\/dev\/wp-content\/uploads\/2022\/03\/Canvio_Gaming_Pic04_Built_For_Gamers_900x496px_v2-860x474.png 860w, https:\/\/tzila.mx\/dev\/wp-content\/uploads\/2022\/03\/Canvio_Gaming_Pic04_Built_For_Gamers_900x496px_v2-430x237.png 430w, https:\/\/tzila.mx\/dev\/wp-content\/uploads\/2022\/03\/Canvio_Gaming_Pic04_Built_For_Gamers_900x496px_v2-700x386.png 700w, https:\/\/tzila.mx\/dev\/wp-content\/uploads\/2022\/03\/Canvio_Gaming_Pic04_Built_For_Gamers_900x496px_v2-150x83.png 150w\" sizes=\"auto, (max-width: 900px) 100vw, 900px\" \/>\t\t\t\t\t<\/div>\n\n\t\t\t\t<\/div>\n\t\t\t\t<\/div>\n\t\t\t\t<div class=\"elementor-element elementor-element-a119555 elementor-widget elementor-widget-wd_text_block\" data-id=\"a119555\" data-element_type=\"widget\" data-widget_type=\"wd_text_block.default\">\n\t\t\t\t<div class=\"elementor-widget-container\">\n\t\t\t\t\t<div class=\"wd-text-block reset-last-child text-left\">\n\t\t\t\n\t\t\t<div class=\"row-content r-side\" data-v-b7353816=\"\"><h4 class=\"page-section-title\">A jugar<\/h4><article data-v-b7353816=\"\">Bajo la carcasa, este disco duro port\u00e1til est\u00e1 especialmente dise\u00f1ado para tus necesidades como jugador. El Canvio Gaming ofrece un modo \u201csiempre activado\u201d personalizado por firmware que est\u00e1 listo para responder a tu pr\u00f3xima partida, de modo que puedas pasar m\u00e1s tiempo ganando.<\/article><\/div>\n\t\t\t\t\t<\/div>\n\t\t\t\t<\/div>\n\t\t\t\t<\/div>\n\t\t\t\t<div class=\"elementor-element elementor-element-a953a45 elementor-widget elementor-widget-wd_text_block\" data-id=\"a953a45\" data-element_type=\"widget\" data-widget_type=\"wd_text_block.default\">\n\t\t\t\t<div class=\"elementor-widget-container\">\n\t\t\t\t\t<div class=\"wd-text-block reset-last-child text-left\">\n\t\t\t\n\t\t\t<h4 class=\"page-section-title\">Creado para jugadores<\/h4><article data-v-b7353816=\"\">Transfiere t\u00fa puntuaci\u00f3n a la nueva generaci\u00f3n de juegos. El Canvio Gaming te permite ejecutar tus juegos favoritos en las consolas compatibles m\u00e1s recientes, de modo que puedas continuar donde lo dejaste.<\/article>\n\t\t\t\t\t<\/div>\n\t\t\t\t<\/div>\n\t\t\t\t<\/div>\n\t\t\t\t\t<\/div>\n\t\t<\/div>\n\t\t\t\t<div class=\"elementor-column elementor-col-33 elementor-top-column elementor-element elementor-element-dffdc91\" data-id=\"dffdc91\" data-element_type=\"column\">\n\t\t\t<div class=\"elementor-widget-wrap elementor-element-populated\">\n\t\t\t\t\t\t\t\t<div class=\"elementor-element elementor-element-fca3fa3 elementor-widget elementor-widget-wd_text_block\" data-id=\"fca3fa3\" data-element_type=\"widget\" data-widget_type=\"wd_text_block.default\">\n\t\t\t\t<div class=\"elementor-widget-container\">\n\t\t\t\t\t<div class=\"wd-text-block reset-last-child text-left\">\n\t\t\t\n\t\t\t<div class=\"row-content\" data-v-b7353816=\"\"><h4 class=\"page-section-title\">Tu compa\u00f1ero de juegos<\/h4><article data-v-b7353816=\"\">Ten una enorme biblioteca de juegos al alcance de la mano. El Canvio Gaming puede almacenar hasta 100 juegos. Ll\u00e9vate contigo tus logros y avatares para competir contra tus amigos. Solo tienes que conectar el Canvio Gaming a una consola compatible y estar\u00e1s listo para disfrutar de los juegos favoritos de tu colecci\u00f3n.<\/article><\/div>\n\t\t\t\t\t<\/div>\n\t\t\t\t<\/div>\n\t\t\t\t<\/div>\n\t\t\t\t<div class=\"elementor-element elementor-element-c7e91e6 elementor-widget elementor-widget-wd_text_block\" data-id=\"c7e91e6\" data-element_type=\"widget\" data-widget_type=\"wd_text_block.default\">\n\t\t\t\t<div class=\"elementor-widget-container\">\n\t\t\t\t\t<div class=\"wd-text-block reset-last-child text-left\">\n\t\t\t\n\t\t\t<h4 class=\"page-section-title\">Almacenamiento con estilo<\/h4><article data-v-b7353816=\"\"><p>El elegante dise\u00f1o negro complementa tu Xbox, PlayStation u otras consolas compatibles, de modo que puedas jugar con estilo.<span style=\"font-size: 14px; color: var(--wd-text-color);\"><\/span><\/p><\/article>\n\t\t\t\t\t<\/div>\n\t\t\t\t<\/div>\n\t\t\t\t<\/div>\n\t\t\t\t<div class=\"elementor-element elementor-element-5df058d elementor-widget elementor-widget-wd_image_or_svg\" data-id=\"5df058d\" data-element_type=\"widget\" data-widget_type=\"wd_image_or_svg.default\">\n\t\t\t\t<div class=\"elementor-widget-container\">\n\t\t\t\n\t\t<div class=\"wd-image text-left\">\n\t\t\t\t\t\t\t\t<img loading=\"lazy\" decoding=\"async\" width=\"900\" height=\"496\" src=\"https:\/\/tzila.mx\/dev\/wp-content\/uploads\/2022\/03\/Canvio_Gaming_Pic05_Store_with_Style_900x496px_v1.png\" class=\"attachment-full size-full\" alt=\"\" srcset=\"https:\/\/tzila.mx\/dev\/wp-content\/uploads\/2022\/03\/Canvio_Gaming_Pic05_Store_with_Style_900x496px_v1.png 900w, https:\/\/tzila.mx\/dev\/wp-content\/uploads\/2022\/03\/Canvio_Gaming_Pic05_Store_with_Style_900x496px_v1-400x220.png 400w, https:\/\/tzila.mx\/dev\/wp-content\/uploads\/2022\/03\/Canvio_Gaming_Pic05_Store_with_Style_900x496px_v1-768x423.png 768w, https:\/\/tzila.mx\/dev\/wp-content\/uploads\/2022\/03\/Canvio_Gaming_Pic05_Store_with_Style_900x496px_v1-860x474.png 860w, https:\/\/tzila.mx\/dev\/wp-content\/uploads\/2022\/03\/Canvio_Gaming_Pic05_Store_with_Style_900x496px_v1-430x237.png 430w, https:\/\/tzila.mx\/dev\/wp-content\/uploads\/2022\/03\/Canvio_Gaming_Pic05_Store_with_Style_900x496px_v1-700x386.png 700w, https:\/\/tzila.mx\/dev\/wp-content\/uploads\/2022\/03\/Canvio_Gaming_Pic05_Store_with_Style_900x496px_v1-150x83.png 150w\" sizes=\"auto, (max-width: 900px) 100vw, 900px\" \/>\t\t\t\t\t<\/div>\n\n\t\t\t\t<\/div>\n\t\t\t\t<\/div>\n\t\t\t\t\t<\/div>\n\t\t<\/div>\n\t\t\t\t\t\t\t<\/div>\n\t\t<\/section>\n\t\t\t\t\t\t<\/div>\n\t\t\t\t\t<\/div>\n\t\t","protected":false},"excerpt":{"rendered":"<h4>Caracter\u00edsticas principales:<\/h4>\n<p>\u25cf Unidad de disco duro externa de 2,5 pulgadas<br \/>\n\u25cf Acabado estilizado en color negro<br \/>\n\u25cf Funciona con PlayStation \/ Xbox \/ PC<br \/>\n\u25cf Almacena m\u00e1s de 25 juegos por TB*<\/p>\n","protected":false},"featured_media":10110,"comment_status":"open","ping_status":"closed","template":"","meta":[],"product_cat":[20,137,159],"product_tag":[158],"class_list":["post-10105","product","type-product","status-publish","has-post-thumbnail","hentry","product_cat-hardware","product_cat-disco-duro-externo","product_cat-toshiba","product_tag-canvio-gaming"],"_links":{"self":[{"href":"https:\/\/tzila.mx\/dev\/wp-json\/wp\/v2\/product\/10105","targetHints":{"allow":["GET"]}}],"collection":[{"href":"https:\/\/tzila.mx\/dev\/wp-json\/wp\/v2\/product"}],"about":[{"href":"https:\/\/tzila.mx\/dev\/wp-json\/wp\/v2\/types\/product"}],"replies":[{"embeddable":true,"href":"https:\/\/tzila.mx\/dev\/wp-json\/wp\/v2\/comments?post=10105"}],"version-history":[{"count":13,"href":"https:\/\/tzila.mx\/dev\/wp-json\/wp\/v2\/product\/10105\/revisions"}],"predecessor-version":[{"id":15493,"href":"https:\/\/tzila.mx\/dev\/wp-json\/wp\/v2\/product\/10105\/revisions\/15493"}],"wp:featuredmedia":[{"embeddable":true,"href":"https:\/\/tzila.mx\/dev\/wp-json\/wp\/v2\/media\/10110"}],"wp:attachment":[{"href":"https:\/\/tzila.mx\/dev\/wp-json\/wp\/v2\/media?parent=10105"}],"wp:term":[{"taxonomy":"product_cat","embeddable":true,"href":"https:\/\/tzila.mx\/dev\/wp-json\/wp\/v2\/product_cat?post=10105"},{"taxonomy":"product_tag","embeddable":true,"href":"https:\/\/tzila.mx\/dev\/wp-json\/wp\/v2\/product_tag?post=10105"}],"curies":[{"name":"wp","href":"https:\/\/api.w.org\/{rel}","templated":true}]}}