{"id":10059,"date":"2022-03-07T14:55:33","date_gmt":"2022-03-07T20:55:33","guid":{"rendered":"https:\/\/tzila.mx\/dev\/?post_type=product&#038;p=10059"},"modified":"2022-06-16T16:14:27","modified_gmt":"2022-06-16T21:14:27","slug":"gabinete-xpg-media-torre-defender-pro","status":"publish","type":"product","link":"https:\/\/tzila.mx\/dev\/producto\/gabinete-xpg-media-torre-defender-pro\/","title":{"rendered":"Gabinete XPG Media Torre Defender Pro"},"content":{"rendered":"\t\t<div data-elementor-type=\"wp-post\" data-elementor-id=\"10059\" class=\"elementor elementor-10059\" data-elementor-settings=\"[]\">\n\t\t\t\t\t\t\t<div class=\"elementor-section-wrap\">\n\t\t\t\t\t\t\t<section class=\"elementor-section elementor-top-section elementor-element elementor-element-154fe09 elementor-section-boxed elementor-section-height-default elementor-section-height-default wd-section-disabled\" data-id=\"154fe09\" data-element_type=\"section\">\n\t\t\t\t\t\t<div class=\"elementor-container elementor-column-gap-default\">\n\t\t\t\t\t<div class=\"elementor-column elementor-col-33 elementor-top-column elementor-element elementor-element-f14913d\" data-id=\"f14913d\" data-element_type=\"column\">\n\t\t\t<div class=\"elementor-widget-wrap elementor-element-populated\">\n\t\t\t\t\t\t\t\t<div class=\"elementor-element elementor-element-3d30eaf elementor-widget elementor-widget-wd_text_block\" data-id=\"3d30eaf\" data-element_type=\"widget\" data-widget_type=\"wd_text_block.default\">\n\t\t\t\t<div class=\"elementor-widget-container\">\n\t\t\t\t\t<div class=\"wd-text-block reset-last-child text-left\">\n\t\t\t\n\t\t\t<h4 class=\"p1\"><span class=\"s1\">M\u00c1S ESPECIFICACIONES:<\/span><\/h4>\n\t\t\t\t\t<\/div>\n\t\t\t\t<\/div>\n\t\t\t\t<\/div>\n\t\t\t\t<div class=\"elementor-element elementor-element-6d44079 elementor-widget elementor-widget-wd_text_block\" data-id=\"6d44079\" data-element_type=\"widget\" data-widget_type=\"wd_text_block.default\">\n\t\t\t\t<div class=\"elementor-widget-container\">\n\t\t\t\t\t<div class=\"wd-text-block reset-last-child text-left\">\n\t\t\t\n\t\t\t<ul class=\"ul1\"><li class=\"li1\"><span class=\"s2\">Chasis de dimensiones E-ATX con dise\u00f1o de panel MESH<\/span><\/li><li class=\"li1\"><span class=\"s2\">Colores en blanco y negro<\/span><\/li><li class=\"li1\"><span class=\"s2\">Dise\u00f1o de panel frontal MESH magn\u00e9tico con filtro de polvo desmontable<\/span><\/li><li class=\"li1\"><span class=\"s2\">Dise\u00f1o de flujo de aire eficiente<\/span><\/li><li class=\"li1\"><span class=\"s2\">C\u00e1mara de fuente de alimentaci\u00f3n de enfriamiento perforada<\/span><\/li><li class=\"li1\"><span class=\"s2\">Compatible con instalaci\u00f3n VGA vertical<\/span><\/li><li class=\"li1\"><span class=\"s2\">Opciones de almacenamiento<\/span><\/li><li class=\"li1\"><span class=\"s2\">Puerto de E\/S vers\u00e1til<\/span><\/li><li class=\"li1\"><span class=\"s2\">Dimensiones y factor de forma<\/span><\/li><\/ul>\n\t\t\t\t\t<\/div>\n\t\t\t\t<\/div>\n\t\t\t\t<\/div>\n\t\t\t\t\t<\/div>\n\t\t<\/div>\n\t\t\t\t<div class=\"elementor-column elementor-col-66 elementor-top-column elementor-element elementor-element-1a0b71f\" data-id=\"1a0b71f\" data-element_type=\"column\">\n\t\t\t<div class=\"elementor-widget-wrap elementor-element-populated\">\n\t\t\t\t\t\t\t\t<div class=\"elementor-element elementor-element-6f6445b elementor-widget elementor-widget-wd_image_or_svg\" data-id=\"6f6445b\" data-element_type=\"widget\" data-widget_type=\"wd_image_or_svg.default\">\n\t\t\t\t<div class=\"elementor-widget-container\">\n\t\t\t\n\t\t<div class=\"wd-image text-center\">\n\t\t\t\t\t\t\t\t<img decoding=\"async\" src=\"https:\/\/tzila.mx\/dev\/wp-content\/uploads\/elementor\/thumbs\/productgallery7709-plj7ymw915gjhuy31ywzqdbmhb7ku9u5bu9q2edi8w.jpg\" title=\"productgallery7709\" alt=\"productgallery7709\" \/>\t\t\t\t\t<\/div>\n\n\t\t\t\t<\/div>\n\t\t\t\t<\/div>\n\t\t\t\t\t<\/div>\n\t\t<\/div>\n\t\t\t\t\t\t\t<\/div>\n\t\t<\/section>\n\t\t\t\t<section class=\"elementor-section elementor-top-section elementor-element elementor-element-f335c48 elementor-section-boxed elementor-section-height-default elementor-section-height-default wd-section-disabled\" data-id=\"f335c48\" data-element_type=\"section\">\n\t\t\t\t\t\t<div class=\"elementor-container elementor-column-gap-default\">\n\t\t\t\t\t<div class=\"elementor-column elementor-col-33 elementor-top-column elementor-element elementor-element-b982906\" data-id=\"b982906\" data-element_type=\"column\">\n\t\t\t<div class=\"elementor-widget-wrap elementor-element-populated\">\n\t\t\t\t\t\t\t\t<div class=\"elementor-element elementor-element-ecdf1c9 elementor-widget elementor-widget-wd_text_block\" data-id=\"ecdf1c9\" data-element_type=\"widget\" data-widget_type=\"wd_text_block.default\">\n\t\t\t\t<div class=\"elementor-widget-container\">\n\t\t\t\t\t<div class=\"wd-text-block reset-last-child text-left\">\n\t\t\t\n\t\t\t<h4>Fortaleza impenetrable<\/h4><p><span data-api=\"color: #aaaaaa; font-family: 'Maven Pro', 'Segoe UI', \u5fae\u8edf\u6b63\u9ed1\u9ad4, 'Microsoft JhengHei', Arial, Helvetica, sans-serif; font-size: 22px; background-color: #000000;\">XPG DEFENDER PRO ofrece una dimensi\u00f3n E-ATX de tama\u00f1o completo con un dise\u00f1o de panel frontal MESH y efectos de iluminaci\u00f3n de tiras ARGB. Disponible en colores blanco y negro con 3 ventiladores ARGB XPG VENTO 120 incluidos.<\/span><\/p>\n\t\t\t\t\t<\/div>\n\t\t\t\t<\/div>\n\t\t\t\t<\/div>\n\t\t\t\t<div class=\"elementor-element elementor-element-92b92dc elementor-widget elementor-widget-wd_text_block\" data-id=\"92b92dc\" data-element_type=\"widget\" data-widget_type=\"wd_text_block.default\">\n\t\t\t\t<div class=\"elementor-widget-container\">\n\t\t\t\t\t<div class=\"wd-text-block reset-last-child text-left\">\n\t\t\t\n\t\t\t<h4>Chasis de dimensiones E-ATX con dise\u00f1o de panel MESH<\/h4><article data-v-b7353816=\"\"><span data-api=\"color: #aaaaaa; font-family: 'Maven Pro', 'Segoe UI', \u5fae\u8edf\u6b63\u9ed1\u9ad4, 'Microsoft JhengHei', Arial, Helvetica, sans-serif; font-size: 22px; background-color: #000000;\">XPG DEFENDER PRO es un chasis de dimensiones E-ATX de tama\u00f1o completo y de primera calidad por su dise\u00f1o espacioso y su estilo de panel frontal para juegos MESH. Disponible en colores blanco y negro, ambos impresionantes con el brillo sutil de la iluminaci\u00f3n de tiras ARGB detr\u00e1s del panel MESH.<\/span><\/article>\n\t\t\t\t\t<\/div>\n\t\t\t\t<\/div>\n\t\t\t\t<\/div>\n\t\t\t\t<div class=\"elementor-element elementor-element-d99ba58 elementor-widget elementor-widget-wd_image_or_svg\" data-id=\"d99ba58\" data-element_type=\"widget\" data-widget_type=\"wd_image_or_svg.default\">\n\t\t\t\t<div class=\"elementor-widget-container\">\n\t\t\t\n\t\t<div class=\"wd-image text-left\">\n\t\t\t\t\t\t\t\t<img loading=\"lazy\" decoding=\"async\" width=\"1500\" height=\"1500\" src=\"https:\/\/tzila.mx\/dev\/wp-content\/uploads\/2022\/03\/productgallery7710.jpg\" class=\"attachment-full size-full\" alt=\"\" srcset=\"https:\/\/tzila.mx\/dev\/wp-content\/uploads\/2022\/03\/productgallery7710.jpg 1500w, https:\/\/tzila.mx\/dev\/wp-content\/uploads\/2022\/03\/productgallery7710-300x300.jpg 300w, https:\/\/tzila.mx\/dev\/wp-content\/uploads\/2022\/03\/productgallery7710-800x800.jpg 800w, https:\/\/tzila.mx\/dev\/wp-content\/uploads\/2022\/03\/productgallery7710-150x150.jpg 150w, https:\/\/tzila.mx\/dev\/wp-content\/uploads\/2022\/03\/productgallery7710-768x768.jpg 768w, https:\/\/tzila.mx\/dev\/wp-content\/uploads\/2022\/03\/productgallery7710-860x860.jpg 860w, https:\/\/tzila.mx\/dev\/wp-content\/uploads\/2022\/03\/productgallery7710-430x430.jpg 430w, https:\/\/tzila.mx\/dev\/wp-content\/uploads\/2022\/03\/productgallery7710-700x700.jpg 700w\" sizes=\"auto, (max-width: 1500px) 100vw, 1500px\" \/>\t\t\t\t\t<\/div>\n\n\t\t\t\t<\/div>\n\t\t\t\t<\/div>\n\t\t\t\t\t<\/div>\n\t\t<\/div>\n\t\t\t\t<div class=\"elementor-column elementor-col-33 elementor-top-column elementor-element elementor-element-efcf9f4\" data-id=\"efcf9f4\" data-element_type=\"column\">\n\t\t\t<div class=\"elementor-widget-wrap elementor-element-populated\">\n\t\t\t\t\t\t\t\t<div class=\"elementor-element elementor-element-a119555 elementor-widget elementor-widget-wd_text_block\" data-id=\"a119555\" data-element_type=\"widget\" data-widget_type=\"wd_text_block.default\">\n\t\t\t\t<div class=\"elementor-widget-container\">\n\t\t\t\t\t<div class=\"wd-text-block reset-last-child text-left\">\n\t\t\t\n\t\t\t<div class=\"row-content r-side\" data-v-b7353816=\"\"><h4>Colores en blanco y negro<\/h4><article data-v-b7353816=\"\"><span data-api=\"color: #aaaaaa; font-family: 'Maven Pro', 'Segoe UI', \u5fae\u8edf\u6b63\u9ed1\u9ad4, 'Microsoft JhengHei', Arial, Helvetica, sans-serif; font-size: 22px; background-color: #000000;\">El chasis de media torre XPG DEFENDER PRO est\u00e1 disponible en los colores blanco y negro. Su dise\u00f1o de corte fino geom\u00e9trico MESH es est\u00e9ticamente elegante y aerodin\u00e1micamente eficiente para mejorar la entrada del flujo de aire.<\/span><\/article><\/div>\n\t\t\t\t\t<\/div>\n\t\t\t\t<\/div>\n\t\t\t\t<\/div>\n\t\t\t\t<div class=\"elementor-element elementor-element-4b5326b elementor-widget elementor-widget-wd_text_block\" data-id=\"4b5326b\" data-element_type=\"widget\" data-widget_type=\"wd_text_block.default\">\n\t\t\t\t<div class=\"elementor-widget-container\">\n\t\t\t\t\t<div class=\"wd-text-block reset-last-child text-left\">\n\t\t\t\n\t\t\t<div class=\"row-content\" data-v-b7353816=\"\"><h4>Dise\u00f1o de panel frontal MESH magn\u00e9tico con filtro de polvo desmontable<\/h4><article data-v-b7353816=\"\">El panel frontal magn\u00e9tico act\u00faa como un filtro fronterizo de polvo evitando que este entre y protegiendo cualquier otro componente interno. Su filtro de polvo extra\u00edble bloquea a\u00fan m\u00e1s el polvo y las cenizas no deseados.<\/article><\/div>\n\t\t\t\t\t<\/div>\n\t\t\t\t<\/div>\n\t\t\t\t<\/div>\n\t\t\t\t<div class=\"elementor-element elementor-element-a953a45 elementor-widget elementor-widget-wd_text_block\" data-id=\"a953a45\" data-element_type=\"widget\" data-widget_type=\"wd_text_block.default\">\n\t\t\t\t<div class=\"elementor-widget-container\">\n\t\t\t\t\t<div class=\"wd-text-block reset-last-child text-left\">\n\t\t\t\n\t\t\t<h4 class=\"row-content r-side\">Dise\u00f1o de flujo de aire eficiente<\/h4><article data-v-b7353816=\"\">El eficiente dise\u00f1o de flujo de aire de XPG DEFENDER PRO comienza con el panel frontal MESH, sus 3 ventiladores ARGB XPG VENTO 120 incluidos, y admite hasta un radiador de 360 mm (frontal) y un radiador de 280 mm (superior).<\/article>\n\t\t\t\t\t<\/div>\n\t\t\t\t<\/div>\n\t\t\t\t<\/div>\n\t\t\t\t<div class=\"elementor-element elementor-element-9bed168 elementor-widget elementor-widget-wd_text_block\" data-id=\"9bed168\" data-element_type=\"widget\" data-widget_type=\"wd_text_block.default\">\n\t\t\t\t<div class=\"elementor-widget-container\">\n\t\t\t\t\t<div class=\"wd-text-block reset-last-child text-left\">\n\t\t\t\n\t\t\t<h2 data-v-b7353816=\"\">Dimensiones y factor de forma<\/h2><article data-v-b7353816=\"\"><p>XPG DEFENDER PRO admite placas base E-ATX con dimensiones (AL x AN x FO) de 492 x 220 x 441 (mm).<\/p><p>Soporte de longitud de tarjeta gr\u00e1fica: hasta 380 mm<br \/>Soporte de altura del refrigerador de CPU: hasta 170 mm<br \/>Soporte de longitud de fuente de alimentaci\u00f3n: hasta 220 mm<\/p><\/article>\n\t\t\t\t\t<\/div>\n\t\t\t\t<\/div>\n\t\t\t\t<\/div>\n\t\t\t\t\t<\/div>\n\t\t<\/div>\n\t\t\t\t<div class=\"elementor-column elementor-col-33 elementor-top-column elementor-element elementor-element-dffdc91\" data-id=\"dffdc91\" data-element_type=\"column\">\n\t\t\t<div class=\"elementor-widget-wrap elementor-element-populated\">\n\t\t\t\t\t\t\t\t<div class=\"elementor-element elementor-element-f4bb4cf elementor-widget elementor-widget-wd_text_block\" data-id=\"f4bb4cf\" data-element_type=\"widget\" data-widget_type=\"wd_text_block.default\">\n\t\t\t\t<div class=\"elementor-widget-container\">\n\t\t\t\t\t<div class=\"wd-text-block reset-last-child text-left\">\n\t\t\t\n\t\t\t<div class=\"row-content r-side\" data-v-b7353816=\"\"><div class=\"row-content\" data-v-b7353816=\"\"><h4>C\u00e1mara de fuente de alimentaci\u00f3n de enfriamiento perforada<\/h4><article data-v-b7353816=\"\">La fuente de alimentaci\u00f3n instalada en XPG DEFENDER PRO tambi\u00e9n se enfr\u00eda con una c\u00e1mara de PSU perforada con un filtro de polvo extra\u00edble.<\/article><\/div><\/div>\n\t\t\t\t\t<\/div>\n\t\t\t\t<\/div>\n\t\t\t\t<\/div>\n\t\t\t\t<div class=\"elementor-element elementor-element-af8cadc elementor-widget elementor-widget-wd_text_block\" data-id=\"af8cadc\" data-element_type=\"widget\" data-widget_type=\"wd_text_block.default\">\n\t\t\t\t<div class=\"elementor-widget-container\">\n\t\t\t\t\t<div class=\"wd-text-block reset-last-child text-left\">\n\t\t\t\n\t\t\t<div class=\"row-content\" data-v-b7353816=\"\"><h4>Compatible con instalaci\u00f3n VGA vertical<\/h4><article data-v-b7353816=\"\">XPG DEFENDER PRO admite la instalaci\u00f3n VGA vertical. Exhiba la tarjeta gr\u00e1fica y otros componentes con efectos de iluminaci\u00f3n.<\/article><\/div>\n\t\t\t\t\t<\/div>\n\t\t\t\t<\/div>\n\t\t\t\t<\/div>\n\t\t\t\t<div class=\"elementor-element elementor-element-ca5dbf4 elementor-widget elementor-widget-wd_image_or_svg\" data-id=\"ca5dbf4\" data-element_type=\"widget\" data-widget_type=\"wd_image_or_svg.default\">\n\t\t\t\t<div class=\"elementor-widget-container\">\n\t\t\t\n\t\t<div class=\"wd-image text-left\">\n\t\t\t\t\t\t\t\t<img loading=\"lazy\" decoding=\"async\" width=\"586\" height=\"383\" src=\"https:\/\/tzila.mx\/dev\/wp-content\/uploads\/2022\/03\/productgallery7711.png\" class=\"attachment-full size-full\" alt=\"\" srcset=\"https:\/\/tzila.mx\/dev\/wp-content\/uploads\/2022\/03\/productgallery7711.png 586w, https:\/\/tzila.mx\/dev\/wp-content\/uploads\/2022\/03\/productgallery7711-400x261.png 400w, https:\/\/tzila.mx\/dev\/wp-content\/uploads\/2022\/03\/productgallery7711-430x281.png 430w, https:\/\/tzila.mx\/dev\/wp-content\/uploads\/2022\/03\/productgallery7711-150x98.png 150w\" sizes=\"auto, (max-width: 586px) 100vw, 586px\" \/>\t\t\t\t\t<\/div>\n\n\t\t\t\t<\/div>\n\t\t\t\t<\/div>\n\t\t\t\t<div class=\"elementor-element elementor-element-d030e77 elementor-widget elementor-widget-wd_text_block\" data-id=\"d030e77\" data-element_type=\"widget\" data-widget_type=\"wd_text_block.default\">\n\t\t\t\t<div class=\"elementor-widget-container\">\n\t\t\t\t\t<div class=\"wd-text-block reset-last-child text-left\">\n\t\t\t\n\t\t\t<div class=\"row-content\" data-v-b7353816=\"\"><h4>Opciones de almacenamiento<\/h4><article data-v-b7353816=\"\">Admite hasta 2 unidades de disco duro o de estado s\u00f3lido de 2,5\u201d en la parte posterior del chasis y 2 bah\u00edas de almacenamiento de unidad combinada de 2,5\u201d\/3,5\u201d.<\/article><\/div>\n\t\t\t\t\t<\/div>\n\t\t\t\t<\/div>\n\t\t\t\t<\/div>\n\t\t\t\t<div class=\"elementor-element elementor-element-85c2b2c elementor-widget elementor-widget-wd_text_block\" data-id=\"85c2b2c\" data-element_type=\"widget\" data-widget_type=\"wd_text_block.default\">\n\t\t\t\t<div class=\"elementor-widget-container\">\n\t\t\t\t\t<div class=\"wd-text-block reset-last-child text-left\">\n\t\t\t\n\t\t\t<div class=\"row-content\" data-v-b7353816=\"\"><h4>Puerto de E\/S vers\u00e1til<\/h4><article data-v-b7353816=\"\">Los puertos de E\/S tambi\u00e9n son vers\u00e1tiles, con 2 puertos USB 3.0, un puerto de audio h\u00edbrido y un bot\u00f3n de LED para cambiar entre efectos de iluminaci\u00f3n.<\/article><\/div>\n\t\t\t\t\t<\/div>\n\t\t\t\t<\/div>\n\t\t\t\t<\/div>\n\t\t\t\t\t<\/div>\n\t\t<\/div>\n\t\t\t\t\t\t\t<\/div>\n\t\t<\/section>\n\t\t\t\t\t\t<\/div>\n\t\t\t\t\t<\/div>\n\t\t","protected":false},"excerpt":{"rendered":"<h4>Caracter\u00edsticas principales:<\/h4>\n<p>\u25cf Dimensiones E-ATX espaciosas de primera calidad<br \/>\n\u25cf Front Panel Solid IRONWORK MESH con dise\u00f1o de efectos luminosos de tiras ARGB<br \/>\n\u25cf Filtro de polvo extra\u00edbles<br \/>\n\u25cf Controlador combinado ARGB XPG PRIME\u2122<br \/>\n\u25cf Dise\u00f1o de flujo de aire eficiente con 3 ventiladores ARGB XPG VENTO 120 incluidos<br \/>\n\u25cf Panel lateral de vidrio templado de 3 mm<br \/>\n\u25cf Admite la instalaci\u00f3n VGA vertical y horizontal<\/p>\n","protected":false},"featured_media":10070,"comment_status":"open","ping_status":"closed","template":"","meta":[],"product_cat":[20,73,97],"product_tag":[112],"class_list":["post-10059","product","type-product","status-publish","has-post-thumbnail","hentry","product_cat-hardware","product_cat-gabinete","product_cat-adata","product_tag-xpg","pa_brand-adata"],"_links":{"self":[{"href":"https:\/\/tzila.mx\/dev\/wp-json\/wp\/v2\/product\/10059","targetHints":{"allow":["GET"]}}],"collection":[{"href":"https:\/\/tzila.mx\/dev\/wp-json\/wp\/v2\/product"}],"about":[{"href":"https:\/\/tzila.mx\/dev\/wp-json\/wp\/v2\/types\/product"}],"replies":[{"embeddable":true,"href":"https:\/\/tzila.mx\/dev\/wp-json\/wp\/v2\/comments?post=10059"}],"version-history":[{"count":34,"href":"https:\/\/tzila.mx\/dev\/wp-json\/wp\/v2\/product\/10059\/revisions"}],"predecessor-version":[{"id":16229,"href":"https:\/\/tzila.mx\/dev\/wp-json\/wp\/v2\/product\/10059\/revisions\/16229"}],"wp:featuredmedia":[{"embeddable":true,"href":"https:\/\/tzila.mx\/dev\/wp-json\/wp\/v2\/media\/10070"}],"wp:attachment":[{"href":"https:\/\/tzila.mx\/dev\/wp-json\/wp\/v2\/media?parent=10059"}],"wp:term":[{"taxonomy":"product_cat","embeddable":true,"href":"https:\/\/tzila.mx\/dev\/wp-json\/wp\/v2\/product_cat?post=10059"},{"taxonomy":"product_tag","embeddable":true,"href":"https:\/\/tzila.mx\/dev\/wp-json\/wp\/v2\/product_tag?post=10059"}],"curies":[{"name":"wp","href":"https:\/\/api.w.org\/{rel}","templated":true}]}}