{"id":60,"date":"2021-08-26T12:26:53","date_gmt":"2021-08-26T17:26:53","guid":{"rendered":"http:\/\/dummy.xtemos.com\/woodmart2\/elementor\/?page_id=60"},"modified":"2022-06-25T03:36:15","modified_gmt":"2022-06-25T08:36:15","slug":"favoritos","status":"publish","type":"page","link":"https:\/\/tzila.mx\/dev\/favoritos\/","title":{"rendered":"Favoritos"},"content":{"rendered":"\t\t\n\t\t\n\t\t<div class=\"\">\n\t\t\t\t\t\t<div class=\"wd-wishlist-content\">\n\t\t\t\t\t\t\t\t\t<p class=\"wd-empty-wishlist wd-empty-page\">\n\t\t\t\t\t\tNo tienes favorito\t\t\t\t\t<\/p>\n\n\t\t\t\t\t\t\t\t\t\t\t<div class=\"wd-empty-page-text\">\n\t\t\t\t\t\t\tA\u00fan no tienes ning\u00fan producto seleccionado. <br> Encontrar\u00e1s muchos productos interesantes en nuestra p\u00e1gina \"Tienda\".\t\t\t\t\t\t<\/div>\n\t\t\t\t\t\n\t\t\t\t\t<p class=\"return-to-shop\">\n\t\t\t\t\t\t<a class=\"button\" href=\"https:\/\/tzila.mx\/dev\/tienda\/\">\n\t\t\t\t\t\t\tSeguir comprando\t\t\t\t\t\t<\/a>\n\t\t\t\t\t<\/p>\n\t\t\t\t\t\t\t<\/div>\n\t\t\t\t<\/div>\n\t\t\n","protected":false},"excerpt":{"rendered":"","protected":false},"author":1,"featured_media":0,"parent":0,"menu_order":0,"comment_status":"closed","ping_status":"closed","template":"","meta":{"footnotes":""},"class_list":["post-60","page","type-page","status-publish","hentry"],"_links":{"self":[{"href":"https:\/\/tzila.mx\/dev\/wp-json\/wp\/v2\/pages\/60","targetHints":{"allow":["GET"]}}],"collection":[{"href":"https:\/\/tzila.mx\/dev\/wp-json\/wp\/v2\/pages"}],"about":[{"href":"https:\/\/tzila.mx\/dev\/wp-json\/wp\/v2\/types\/page"}],"author":[{"embeddable":true,"href":"https:\/\/tzila.mx\/dev\/wp-json\/wp\/v2\/users\/1"}],"replies":[{"embeddable":true,"href":"https:\/\/tzila.mx\/dev\/wp-json\/wp\/v2\/comments?post=60"}],"version-history":[{"count":2,"href":"https:\/\/tzila.mx\/dev\/wp-json\/wp\/v2\/pages\/60\/revisions"}],"predecessor-version":[{"id":8486,"href":"https:\/\/tzila.mx\/dev\/wp-json\/wp\/v2\/pages\/60\/revisions\/8486"}],"wp:attachment":[{"href":"https:\/\/tzila.mx\/dev\/wp-json\/wp\/v2\/media?parent=60"}],"curies":[{"name":"wp","href":"https:\/\/api.w.org\/{rel}","templated":true}]}}