{"id":45,"date":"2021-08-26T12:21:44","date_gmt":"2021-08-26T17:21:44","guid":{"rendered":"http:\/\/dummy.xtemos.com\/woodmart2\/elementor\/?page_id=45"},"modified":"2022-06-25T03:36:15","modified_gmt":"2022-06-25T08:36:15","slug":"comparar","status":"publish","type":"page","link":"https:\/\/tzila.mx\/dev\/comparar\/","title":{"rendered":"Comparar"},"content":{"rendered":"\t\t\t\t\t<div class=\"wd-compare-table\">\n\t\t\t\t\t\t\t\t<p class=\"wd-empty-compare wd-empty-page\">\n\t\t\t\t\t\tLista de comparaci\u00f3n vac\u00eda\t\t\t\t\t<\/p>\n\t\t\t\t\t\t\t\t\t\t\t<div class=\"wd-empty-page-text\">No se agregaron productos en la lista de comparaci\u00f3n. Debes agregar algunos productos para compararlos.<br> Encontrar\u00e1 muchos productos interesantes en nuestra p\u00e1gina \"Tienda\".<\/div>\n\t\t\t\t\t\t\t\t\t\t<p class=\"return-to-shop\">\n\t\t\t\t\t\t<a class=\"button\" href=\"https:\/\/tzila.mx\/dev\/tienda\/\">\n\t\t\t\t\t\t\tSeguir comprando\t\t\t\t\t\t<\/a>\n\t\t\t\t\t<\/p>\n\t\t\t\t\t\t<\/div>\n\t\t\t\t\n","protected":false},"excerpt":{"rendered":"","protected":false},"author":1,"featured_media":0,"parent":0,"menu_order":0,"comment_status":"closed","ping_status":"closed","template":"","meta":{"footnotes":""},"class_list":["post-45","page","type-page","status-publish","hentry"],"_links":{"self":[{"href":"https:\/\/tzila.mx\/dev\/wp-json\/wp\/v2\/pages\/45","targetHints":{"allow":["GET"]}}],"collection":[{"href":"https:\/\/tzila.mx\/dev\/wp-json\/wp\/v2\/pages"}],"about":[{"href":"https:\/\/tzila.mx\/dev\/wp-json\/wp\/v2\/types\/page"}],"author":[{"embeddable":true,"href":"https:\/\/tzila.mx\/dev\/wp-json\/wp\/v2\/users\/1"}],"replies":[{"embeddable":true,"href":"https:\/\/tzila.mx\/dev\/wp-json\/wp\/v2\/comments?post=45"}],"version-history":[{"count":2,"href":"https:\/\/tzila.mx\/dev\/wp-json\/wp\/v2\/pages\/45\/revisions"}],"predecessor-version":[{"id":8481,"href":"https:\/\/tzila.mx\/dev\/wp-json\/wp\/v2\/pages\/45\/revisions\/8481"}],"wp:attachment":[{"href":"https:\/\/tzila.mx\/dev\/wp-json\/wp\/v2\/media?parent=45"}],"curies":[{"name":"wp","href":"https:\/\/api.w.org\/{rel}","templated":true}]}}