{"id":14282,"date":"2022-06-06T22:30:30","date_gmt":"2022-06-07T03:30:30","guid":{"rendered":"https:\/\/tzila.mx\/dev\/?page_id=14282"},"modified":"2022-06-11T19:17:06","modified_gmt":"2022-06-12T00:17:06","slug":"play-now-y-paga-despues","status":"publish","type":"page","link":"https:\/\/tzila.mx\/dev\/play-now-y-paga-despues\/","title":{"rendered":"Play Now y Paga Despu\u00e9s"},"content":{"rendered":"\t\t<div data-elementor-type=\"wp-page\" data-elementor-id=\"14282\" class=\"elementor elementor-14282\" data-elementor-settings=\"[]\">\n\t\t\t\t\t\t\t<div class=\"elementor-section-wrap\">\n\t\t\t\t\t\t\t<section class=\"elementor-section elementor-top-section elementor-element elementor-element-ead7394 elementor-section-boxed elementor-section-height-default elementor-section-height-default wd-section-disabled\" data-id=\"ead7394\" data-element_type=\"section\">\n\t\t\t\t\t\t<div class=\"elementor-container elementor-column-gap-default\">\n\t\t\t\t\t<div class=\"elementor-column elementor-col-50 elementor-top-column elementor-element elementor-element-964cf9f\" data-id=\"964cf9f\" data-element_type=\"column\">\n\t\t\t<div class=\"elementor-widget-wrap elementor-element-populated\">\n\t\t\t\t\t\t\t\t<div class=\"elementor-element elementor-element-2f51ccb elementor-widget elementor-widget-wd_title\" data-id=\"2f51ccb\" data-element_type=\"widget\" data-widget_type=\"wd_title.default\">\n\t\t\t\t<div class=\"elementor-widget-container\">\n\t\t\t\t\t<div class=\"title-wrapper set-mb-s reset-last-child wd-title-color-default wd-title-style-default wd-title-size-default text-center\">\n\n\t\t\t\n\t\t\t<div class=\"liner-continer\">\n\t\t\t\t<h4 class=\"woodmart-title-container title wd-fontsize-l\">\u00a1QU\u00c9!<\/h4> \n\t\t\t\t\t\t\t<\/div>\n\n\t\t\t\t\t\t\t<div class=\"title-after_title set-cont-mb-s reset-last-child wd-fontsize-xs\">\n\t\t\t\t\t<p>\u00bfPuedo comprar ese componente para jugar y pagar despu\u00e9s?<br \/>\u00a1Con Kueski puedes lograrlo! \u00a1Paga a quincenas y <span style=\"color: #3333ff\">SIN INTERESES<\/span>!<br \/>Con Kueski puedes solicitar un cr\u00e9dito de hasta $5,000.00 MXN.<\/p>\t\t\t\t<\/div>\n\t\t\t\t\t<\/div>\n\t\t\t\t<\/div>\n\t\t\t\t<\/div>\n\t\t\t\t<div class=\"elementor-element elementor-element-a709457 elementor-widget elementor-widget-wd_text_block\" data-id=\"a709457\" data-element_type=\"widget\" data-widget_type=\"wd_text_block.default\">\n\t\t\t\t<div class=\"elementor-widget-container\">\n\t\t\t\t\t<div class=\"wd-text-block reset-last-child text-left\">\n\t\t\t\n\t\t\t<p><span style=\"font-weight: 400;\"><span class=\"s1\">\u25cf<\/span><span class=\"s2\">\u00a0\u00a0<\/span>Selecciona KueskiPay como m\u00e9todo de pago.<\/span><br \/><span style=\"font-weight: 400;\"><span class=\"s1\">\u25cf<\/span><span class=\"s2\">\u00a0\u00a0<\/span>La p\u00e1gina de Tzila.mx te direccionar\u00e1 a KueskiPay<\/span><br \/><span style=\"font-weight: 400;\"><span class=\"s1\">\u25cf<\/span><span class=\"s2\">\u00a0\u00a0<\/span>Reg\u00edstrate o ingresa con tu usuario y contrase\u00f1a<\/span><br \/><span style=\"font-weight: 400;\"><span class=\"s1\">\u25cf<\/span><span class=\"s2\">\u00a0\u00a0<\/span>Espera la aprobaci\u00f3n de KueskiPay\u00a0<\/span><br \/><span style=\"font-weight: 400;\"><span class=\"s1\">\u25cf<\/span><span class=\"s2\">\u00a0\u00a0<\/span>Elige el plazo de tu financiamiento (uno, dos, cuatro o seis quincenas)<\/span><br \/><span style=\"font-weight: 400;\"><span class=\"s1\">\u25cf<\/span><span class=\"s2\">\u00a0\u00a0<\/span>Una vez que tu pago haya sido aprobado te llegar\u00e1 un correo electr\u00f3nico con la confirmaci\u00f3n de tu pedido<\/span><br \/><span style=\"font-weight: 400;\"><span class=\"s1\">\u25cf<\/span><span class=\"s2\">\u00a0\u00a0<\/span>Aplica en compras entre $500 y $5,000<\/span><br \/><span style=\"font-weight: 400;\"><span class=\"s1\">\u25cf<\/span><span class=\"s2\">\u00a0\u00a0<\/span>Conoce m\u00e1s sobre <\/span><a href=\"https:\/\/www.kueskipay.com\/\"><span style=\"color: #ff3592;\">KueskiPay<\/span><\/a><span style=\"font-weight: 400;\">\u00a0<\/span><\/p>\n\t\t\t\t\t<\/div>\n\t\t\t\t<\/div>\n\t\t\t\t<\/div>\n\t\t\t\t\t<\/div>\n\t\t<\/div>\n\t\t\t\t<div class=\"elementor-column elementor-col-50 elementor-top-column elementor-element elementor-element-37a0a29\" data-id=\"37a0a29\" data-element_type=\"column\">\n\t\t\t<div class=\"elementor-widget-wrap elementor-element-populated\">\n\t\t\t\t\t\t\t\t<div class=\"elementor-element elementor-element-b285705 elementor-widget elementor-widget-wd_image_or_svg\" data-id=\"b285705\" data-element_type=\"widget\" data-widget_type=\"wd_image_or_svg.default\">\n\t\t\t\t<div class=\"elementor-widget-container\">\n\t\t\t\n\t\t<div class=\"wd-image text-center\">\n\t\t\t\t\t\t\t\t<img decoding=\"async\" src=\"https:\/\/tzila.mx\/dev\/wp-content\/uploads\/elementor\/thumbs\/KueskiPay-2-ppy35vg6s3gnew4909igerwzpx2zmuclz9guj6femo.png\" title=\"KueskiPay-2\" alt=\"KueskiPay-2\" \/>\t\t\t\t\t<\/div>\n\n\t\t\t\t<\/div>\n\t\t\t\t<\/div>\n\t\t\t\t\t<\/div>\n\t\t<\/div>\n\t\t\t\t\t\t\t<\/div>\n\t\t<\/section>\n\t\t\t\t\t\t<\/div>\n\t\t\t\t\t<\/div>\n\t\t","protected":false},"excerpt":{"rendered":"<p>\u00a1QU\u00c9! \u00bfPuedo comprar ese componente para jugar y pagar despu\u00e9s? \u00a1Con Kueski puedes lograrlo! \u00a1Paga a quincenas y SIN INTERESES!<\/p>\n","protected":false},"author":1,"featured_media":0,"parent":0,"menu_order":0,"comment_status":"closed","ping_status":"closed","template":"elementor_header_footer","meta":{"footnotes":""},"class_list":["post-14282","page","type-page","status-publish","hentry"],"_links":{"self":[{"href":"https:\/\/tzila.mx\/dev\/wp-json\/wp\/v2\/pages\/14282","targetHints":{"allow":["GET"]}}],"collection":[{"href":"https:\/\/tzila.mx\/dev\/wp-json\/wp\/v2\/pages"}],"about":[{"href":"https:\/\/tzila.mx\/dev\/wp-json\/wp\/v2\/types\/page"}],"author":[{"embeddable":true,"href":"https:\/\/tzila.mx\/dev\/wp-json\/wp\/v2\/users\/1"}],"replies":[{"embeddable":true,"href":"https:\/\/tzila.mx\/dev\/wp-json\/wp\/v2\/comments?post=14282"}],"version-history":[{"count":162,"href":"https:\/\/tzila.mx\/dev\/wp-json\/wp\/v2\/pages\/14282\/revisions"}],"predecessor-version":[{"id":15491,"href":"https:\/\/tzila.mx\/dev\/wp-json\/wp\/v2\/pages\/14282\/revisions\/15491"}],"wp:attachment":[{"href":"https:\/\/tzila.mx\/dev\/wp-json\/wp\/v2\/media?parent=14282"}],"curies":[{"name":"wp","href":"https:\/\/api.w.org\/{rel}","templated":true}]}}