{"id":14228,"date":"2022-06-06T21:06:57","date_gmt":"2022-06-07T02:06:57","guid":{"rendered":"https:\/\/tzila.mx\/dev\/?page_id=14228"},"modified":"2022-06-25T03:08:29","modified_gmt":"2022-06-25T08:08:29","slug":"metodos-de-pago","status":"publish","type":"page","link":"https:\/\/tzila.mx\/dev\/metodos-de-pago\/","title":{"rendered":"M\u00e9todos de pago"},"content":{"rendered":"\t\t<div data-elementor-type=\"wp-page\" data-elementor-id=\"14228\" class=\"elementor elementor-14228\" data-elementor-settings=\"[]\">\n\t\t\t\t\t\t\t<div class=\"elementor-section-wrap\">\n\t\t\t\t\t\t\t<section class=\"elementor-section elementor-top-section elementor-element elementor-element-3ce0a5c elementor-section-boxed elementor-section-height-default elementor-section-height-default wd-section-disabled\" data-id=\"3ce0a5c\" data-element_type=\"section\">\n\t\t\t\t\t\t<div class=\"elementor-container elementor-column-gap-default\">\n\t\t\t\t\t<div class=\"elementor-column elementor-col-16 elementor-top-column elementor-element elementor-element-63c751e\" data-id=\"63c751e\" data-element_type=\"column\">\n\t\t\t<div class=\"elementor-widget-wrap\">\n\t\t\t\t\t\t\t\t\t<\/div>\n\t\t<\/div>\n\t\t\t\t<div class=\"elementor-column elementor-col-66 elementor-top-column elementor-element elementor-element-47779c3\" data-id=\"47779c3\" data-element_type=\"column\">\n\t\t\t<div class=\"elementor-widget-wrap elementor-element-populated\">\n\t\t\t\t\t\t\t\t<div class=\"elementor-element elementor-element-2fae0b2 elementor-widget elementor-widget-wd_title\" data-id=\"2fae0b2\" data-element_type=\"widget\" data-widget_type=\"wd_title.default\">\n\t\t\t\t<div class=\"elementor-widget-container\">\n\t\t\t\t\t<div class=\"title-wrapper set-mb-s reset-last-child wd-title-color-default wd-title-style-default wd-title-size-default text-center\">\n\n\t\t\t\n\t\t\t<div class=\"liner-continer\">\n\t\t\t\t<h4 class=\"woodmart-title-container title wd-fontsize-l\"><\/h4> \n\t\t\t\t\t\t\t<\/div>\n\n\t\t\t\t\t\t\t<div class=\"title-after_title set-cont-mb-s reset-last-child wd-fontsize-xs\">\n\t\t\t\t\t<p>Tzila.mx ofrece diversas formas de pago: tarjetas de cr\u00e9dito, d\u00e9bito, dep\u00f3sitos y pagos quincenales, \u00bfc\u00f3mo?<br \/>A trav\u00e9s de PayPal (tarjeta de cr\u00e9dito y d\u00e9bito, as\u00ed como efectivo), MercadoPago (tarjeta de de d\u00e9bito y cr\u00e9dito -VISA, MasterCard, AMEX-, pagos en efectivo en bancos -Banamex, Bancomer y Santander- y tiendas -OXXO, 7-Eleven, Circle K, Xtra, Sorian y Calimax-) y Kueski (compra a cr\u00e9dito y paga quincenalmente).<\/p>\t\t\t\t<\/div>\n\t\t\t\t\t<\/div>\n\t\t\t\t<\/div>\n\t\t\t\t<\/div>\n\t\t\t\t\t<\/div>\n\t\t<\/div>\n\t\t\t\t<div class=\"elementor-column elementor-col-16 elementor-top-column elementor-element elementor-element-d02183e\" data-id=\"d02183e\" data-element_type=\"column\">\n\t\t\t<div class=\"elementor-widget-wrap\">\n\t\t\t\t\t\t\t\t\t<\/div>\n\t\t<\/div>\n\t\t\t\t\t\t\t<\/div>\n\t\t<\/section>\n\t\t\t\t<section class=\"elementor-section elementor-top-section elementor-element elementor-element-725526a elementor-hidden-tablet elementor-hidden-mobile elementor-section-boxed elementor-section-height-default elementor-section-height-default wd-section-disabled\" data-id=\"725526a\" data-element_type=\"section\">\n\t\t\t\t\t\t<div class=\"elementor-container elementor-column-gap-default\">\n\t\t\t\t\t<div class=\"elementor-column elementor-col-25 elementor-top-column elementor-element elementor-element-3d215c8\" data-id=\"3d215c8\" data-element_type=\"column\">\n\t\t\t<div class=\"elementor-widget-wrap\">\n\t\t\t\t\t\t\t\t\t<\/div>\n\t\t<\/div>\n\t\t\t\t<div class=\"elementor-column elementor-col-50 elementor-top-column elementor-element elementor-element-e31eab5\" data-id=\"e31eab5\" data-element_type=\"column\">\n\t\t\t<div class=\"elementor-widget-wrap elementor-element-populated\">\n\t\t\t\t\t\t\t\t<div class=\"elementor-element elementor-element-8c77eb7 elementor-hidden-tablet elementor-widget elementor-widget-wd_image_or_svg\" data-id=\"8c77eb7\" data-element_type=\"widget\" data-widget_type=\"wd_image_or_svg.default\">\n\t\t\t\t<div class=\"elementor-widget-container\">\n\t\t\t\n\t\t<div class=\"wd-image text-left\">\n\t\t\t\t\t\t\t\t<img loading=\"lazy\" decoding=\"async\" width=\"2000\" height=\"120\" src=\"https:\/\/tzila.mx\/dev\/wp-content\/uploads\/2022\/06\/Metodos_de_pago_2000x120px.webp\" class=\"attachment-full size-full\" alt=\"\" srcset=\"https:\/\/tzila.mx\/dev\/wp-content\/uploads\/2022\/06\/Metodos_de_pago_2000x120px.webp 2000w, https:\/\/tzila.mx\/dev\/wp-content\/uploads\/2022\/06\/Metodos_de_pago_2000x120px-400x24.webp 400w, https:\/\/tzila.mx\/dev\/wp-content\/uploads\/2022\/06\/Metodos_de_pago_2000x120px-1300x78.webp 1300w, https:\/\/tzila.mx\/dev\/wp-content\/uploads\/2022\/06\/Metodos_de_pago_2000x120px-768x46.webp 768w, https:\/\/tzila.mx\/dev\/wp-content\/uploads\/2022\/06\/Metodos_de_pago_2000x120px-1536x92.webp 1536w, https:\/\/tzila.mx\/dev\/wp-content\/uploads\/2022\/06\/Metodos_de_pago_2000x120px-860x52.webp 860w, https:\/\/tzila.mx\/dev\/wp-content\/uploads\/2022\/06\/Metodos_de_pago_2000x120px-1320x79.webp 1320w, https:\/\/tzila.mx\/dev\/wp-content\/uploads\/2022\/06\/Metodos_de_pago_2000x120px-430x26.webp 430w, https:\/\/tzila.mx\/dev\/wp-content\/uploads\/2022\/06\/Metodos_de_pago_2000x120px-700x42.webp 700w, https:\/\/tzila.mx\/dev\/wp-content\/uploads\/2022\/06\/Metodos_de_pago_2000x120px-150x9.webp 150w\" sizes=\"auto, (max-width: 2000px) 100vw, 2000px\" \/>\t\t\t\t\t<\/div>\n\n\t\t\t\t<\/div>\n\t\t\t\t<\/div>\n\t\t\t\t\t<\/div>\n\t\t<\/div>\n\t\t\t\t<div class=\"elementor-column elementor-col-25 elementor-top-column elementor-element elementor-element-8b4de4a\" data-id=\"8b4de4a\" data-element_type=\"column\">\n\t\t\t<div class=\"elementor-widget-wrap\">\n\t\t\t\t\t\t\t\t\t<\/div>\n\t\t<\/div>\n\t\t\t\t\t\t\t<\/div>\n\t\t<\/section>\n\t\t\t\t<section class=\"elementor-section elementor-top-section elementor-element elementor-element-1908faa elementor-section-boxed elementor-section-height-default elementor-section-height-default wd-section-disabled\" data-id=\"1908faa\" data-element_type=\"section\">\n\t\t\t\t\t\t<div class=\"elementor-container elementor-column-gap-default\">\n\t\t\t\t\t<div class=\"elementor-column elementor-col-100 elementor-top-column elementor-element elementor-element-715038e\" data-id=\"715038e\" data-element_type=\"column\">\n\t\t\t<div class=\"elementor-widget-wrap elementor-element-populated\">\n\t\t\t\t\t\t\t\t<section class=\"elementor-section elementor-inner-section elementor-element elementor-element-42c00a8 elementor-section-boxed elementor-section-height-default elementor-section-height-default wd-section-disabled\" data-id=\"42c00a8\" data-element_type=\"section\" id=\"mercado-pago\">\n\t\t\t\t\t\t<div class=\"elementor-container elementor-column-gap-default\">\n\t\t\t\t\t<div class=\"elementor-column elementor-col-50 elementor-inner-column elementor-element elementor-element-a2849e6\" data-id=\"a2849e6\" data-element_type=\"column\">\n\t\t\t<div class=\"elementor-widget-wrap elementor-element-populated\">\n\t\t\t\t\t\t\t\t<div class=\"elementor-element elementor-element-f0bf78b elementor-widget elementor-widget-wd_title\" data-id=\"f0bf78b\" data-element_type=\"widget\" data-widget_type=\"wd_title.default\">\n\t\t\t\t<div class=\"elementor-widget-container\">\n\t\t\t\t\t<div class=\"title-wrapper set-mb-s reset-last-child wd-title-color-default wd-title-style-default wd-title-size-small text-left\">\n\n\t\t\t\n\t\t\t<div class=\"liner-continer\">\n\t\t\t\t<h4 class=\"woodmart-title-container title wd-fontsize-m wd-underline-colored\"><u>1.<\/u> Mercado Pago<\/h4> \n\t\t\t\t\t\t\t<\/div>\n\n\t\t\t\t\t<\/div>\n\t\t\t\t<\/div>\n\t\t\t\t<\/div>\n\t\t\t\t<div class=\"elementor-element elementor-element-2ef100f elementor-widget elementor-widget-wd_text_block\" data-id=\"2ef100f\" data-element_type=\"widget\" data-widget_type=\"wd_text_block.default\">\n\t\t\t\t<div class=\"elementor-widget-container\">\n\t\t\t\t\t<div class=\"wd-text-block reset-last-child text-left\">\n\t\t\t\n\t\t\t<p><span style=\"font-weight: 400;\">Re\u00fane diversos medios de pago como:<\/span><br \/><span style=\"font-weight: 400;\"><span class=\"s1\">\u25cf<\/span><span class=\"s2\">\u00a0\u00a0<\/span>Tarjeta de cr\u00e9dito -Visa, MasterCard y AMEX-<\/span><br \/><span style=\"font-weight: 400;\"><span class=\"s1\">\u25cf<\/span><span class=\"s2\">\u00a0\u00a0<\/span>Tarjetas de d\u00e9bito de BBVA Bancomer, Citibanamex, HSBC, Santander, Banorte e IXE\u00a0<\/span><br \/><span style=\"font-weight: 400;\"><span class=\"s1\">\u25cf<\/span><span class=\"s2\">\u00a0\u00a0<\/span>En efectivo con transferencias o dep\u00f3sito bancario con cuentas bancarias de Bancomer, Banamex o Santander\u00a0<\/span><br \/><span style=\"font-weight: 400;\"><span class=\"s1\">\u25cf<\/span><span class=\"s2\">\u00a0\u00a0<\/span>Con Mercado Pago podr\u00e1s pagar en efectivo con el ticket de Tzila.mx en diversas tiendas como Oxxo, 7-Eleven, Circle K, Soriana, Extra, Calimax, Chedraui, Farmacias del Ahorro\u00a0 o algunos bancos.\u00a0<\/span><br \/><span style=\"font-weight: 400;\"><span class=\"s1\">\u25cf<\/span><span class=\"s2\">\u00a0\u00a0<\/span>Tu pago se refleja en menos de una hora, excepto los fines de semana o d\u00edas feriados, en los que el pago se ve reflejado al siguiente d\u00eda h\u00e1bil<\/span><br \/><span style=\"font-weight: 400;\"><span class=\"s1\">\u25cf<\/span><span class=\"s2\">\u00a0\u00a0<\/span>Con Mercado Pago podr\u00e1s realizar compras a tres meses sin intereses\u00a0<\/span><br \/><span style=\"font-weight: 400;\"><span class=\"s1\">\u25cf<\/span><span class=\"s2\">\u00a0\u00a0<\/span>Conoce m\u00e1s sobre <\/span><a href=\"https:\/\/www.mercadopago.com.mx\/ayuda\/medios-de-pago-mensualidades_264\" target=\"_blank\" rel=\"noopener\"><span style=\"font-weight: 400;\">MercadoPago<\/span><\/a><span style=\"font-weight: 400;\">\u00a0<\/span><\/p>\n\t\t\t\t\t<\/div>\n\t\t\t\t<\/div>\n\t\t\t\t<\/div>\n\t\t\t\t\t<\/div>\n\t\t<\/div>\n\t\t\t\t<div class=\"elementor-column elementor-col-50 elementor-inner-column elementor-element elementor-element-f3b5dc9\" data-id=\"f3b5dc9\" data-element_type=\"column\">\n\t\t\t<div class=\"elementor-widget-wrap elementor-element-populated\">\n\t\t\t\t\t\t\t\t<div class=\"elementor-element elementor-element-e63b5ef elementor-widget elementor-widget-wd_image_or_svg\" data-id=\"e63b5ef\" data-element_type=\"widget\" data-widget_type=\"wd_image_or_svg.default\">\n\t\t\t\t<div class=\"elementor-widget-container\">\n\t\t\t\n\t\t<div class=\"wd-image text-left\">\n\t\t\t\t\t\t\t<a  href=\"https:\/\/www.mercadopago.com.mx\/ayuda\/medios-de-pago-mensualidades_264\" target=\"_blank\">\n\t\t\t\t\t\t\t\t<img loading=\"lazy\" decoding=\"async\" width=\"800\" height=\"600\" src=\"https:\/\/tzila.mx\/dev\/wp-content\/uploads\/2022\/06\/Mercado-Pago.png\" class=\"attachment-full size-full\" alt=\"\" srcset=\"https:\/\/tzila.mx\/dev\/wp-content\/uploads\/2022\/06\/Mercado-Pago.png 800w, https:\/\/tzila.mx\/dev\/wp-content\/uploads\/2022\/06\/Mercado-Pago-400x300.png 400w, https:\/\/tzila.mx\/dev\/wp-content\/uploads\/2022\/06\/Mercado-Pago-768x576.png 768w, https:\/\/tzila.mx\/dev\/wp-content\/uploads\/2022\/06\/Mercado-Pago-430x323.png 430w, https:\/\/tzila.mx\/dev\/wp-content\/uploads\/2022\/06\/Mercado-Pago-700x525.png 700w, https:\/\/tzila.mx\/dev\/wp-content\/uploads\/2022\/06\/Mercado-Pago-150x113.png 150w\" sizes=\"auto, (max-width: 800px) 100vw, 800px\" \/>\t\t\t\t\t\t\t<\/a>\n\t\t\t\t\t<\/div>\n\n\t\t\t\t<\/div>\n\t\t\t\t<\/div>\n\t\t\t\t\t<\/div>\n\t\t<\/div>\n\t\t\t\t\t\t\t<\/div>\n\t\t<\/section>\n\t\t\t\t<section class=\"elementor-section elementor-inner-section elementor-element elementor-element-bb2318c elementor-section-boxed elementor-section-height-default elementor-section-height-default wd-section-disabled\" data-id=\"bb2318c\" data-element_type=\"section\" id=\"pay-pal\">\n\t\t\t\t\t\t<div class=\"elementor-container elementor-column-gap-default\">\n\t\t\t\t\t<div class=\"elementor-column elementor-col-50 elementor-inner-column elementor-element elementor-element-4195033\" data-id=\"4195033\" data-element_type=\"column\">\n\t\t\t<div class=\"elementor-widget-wrap elementor-element-populated\">\n\t\t\t\t\t\t\t\t<div class=\"elementor-element elementor-element-60d52f3 elementor-widget elementor-widget-wd_title\" data-id=\"60d52f3\" data-element_type=\"widget\" data-widget_type=\"wd_title.default\">\n\t\t\t\t<div class=\"elementor-widget-container\">\n\t\t\t\t\t<div class=\"title-wrapper set-mb-s reset-last-child wd-title-color-default wd-title-style-default wd-title-size-small text-left\">\n\n\t\t\t\n\t\t\t<div class=\"liner-continer\">\n\t\t\t\t<h4 class=\"woodmart-title-container title wd-fontsize-m wd-underline-colored\"><u>2.<\/u> PayPal<\/h4> \n\t\t\t\t\t\t\t<\/div>\n\n\t\t\t\t\t<\/div>\n\t\t\t\t<\/div>\n\t\t\t\t<\/div>\n\t\t\t\t<div class=\"elementor-element elementor-element-eb9d699 elementor-widget elementor-widget-wd_text_block\" data-id=\"eb9d699\" data-element_type=\"widget\" data-widget_type=\"wd_text_block.default\">\n\t\t\t\t<div class=\"elementor-widget-container\">\n\t\t\t\t\t<div class=\"wd-text-block reset-last-child text-left\">\n\t\t\t\n\t\t\t<p><span style=\"font-weight: 400;\"><span class=\"s1\">\u25cf<\/span><span class=\"s2\">\u00a0\u00a0<\/span>Utiliza tu cuenta PayPal para realizar pagos con tarjetas de d\u00e9bito\/cr\u00e9dito VISA, MasterCard y American Express.<\/span><br \/><span style=\"font-weight: 400;\"><span class=\"s1\">\u25cf<\/span><span class=\"s2\">\u00a0\u00a0<\/span>Paga en pocos segundos. PayPal te ayuda a agilizar el pago\u00a0<\/span><br \/><span style=\"font-weight: 400;\"><span class=\"s1\">\u25cf<\/span><span class=\"s2\">\u00a0\u00a0<\/span>El cobro a la tarjeta se realiza despu\u00e9s de confirmar tu pedido<\/span><br \/><span style=\"font-weight: 400;\"><span class=\"s1\">\u25cf<\/span><span class=\"s2\">\u00a0\u00a0<\/span>Tarjetas de d\u00e9bito aceptadas: BBVA Bancomer, Citibanamex, Banorte, Banco Azteca, HSBC, Inbursa y Santander.<\/span><br \/><span style=\"font-weight: 400;\"><span class=\"s1\">\u25cf<\/span><span class=\"s2\">\u00a0\u00a0<\/span>Con PayPal paga a tres meses sin intereses con tu tarjeta de Citibanamex\u00a0<\/span><br \/><span style=\"font-weight: 400;\"><span class=\"s1\">\u25cf<\/span><span class=\"s2\">\u00a0\u00a0<\/span>Conoce m\u00e1s sobre <\/span><a href=\"https:\/\/www.paypal.com\/mx\/home\" target=\"_blank\" rel=\"noopener\"><span style=\"font-weight: 400;\">PayPal <\/span><\/a><span style=\"font-weight: 400;\">\u00a0<\/span><\/p>\n\t\t\t\t\t<\/div>\n\t\t\t\t<\/div>\n\t\t\t\t<\/div>\n\t\t\t\t\t<\/div>\n\t\t<\/div>\n\t\t\t\t<div class=\"elementor-column elementor-col-50 elementor-inner-column elementor-element elementor-element-29c23d4\" data-id=\"29c23d4\" data-element_type=\"column\">\n\t\t\t<div class=\"elementor-widget-wrap elementor-element-populated\">\n\t\t\t\t\t\t\t\t<div class=\"elementor-element elementor-element-ef8c245 elementor-widget elementor-widget-wd_image_or_svg\" data-id=\"ef8c245\" data-element_type=\"widget\" data-widget_type=\"wd_image_or_svg.default\">\n\t\t\t\t<div class=\"elementor-widget-container\">\n\t\t\t\n\t\t<div class=\"wd-image text-center\">\n\t\t\t\t\t\t\t<a  href=\"https:\/\/www.paypal.com\/mx\/home\" target=\"_blank\">\n\t\t\t\t\t\t\t\t<img decoding=\"async\" src=\"https:\/\/tzila.mx\/dev\/wp-content\/uploads\/elementor\/thumbs\/paypal-ppy0w6b7df03nfizxtxxptov43f3nwn63azay49wf0.png\" title=\"paypal\" alt=\"paypal\" \/>\t\t\t\t\t\t\t<\/a>\n\t\t\t\t\t<\/div>\n\n\t\t\t\t<\/div>\n\t\t\t\t<\/div>\n\t\t\t\t\t<\/div>\n\t\t<\/div>\n\t\t\t\t\t\t\t<\/div>\n\t\t<\/section>\n\t\t\t\t<section class=\"elementor-section elementor-inner-section elementor-element elementor-element-776e9b2 elementor-section-boxed elementor-section-height-default elementor-section-height-default wd-section-disabled\" data-id=\"776e9b2\" data-element_type=\"section\" id=\"kueski-pay\">\n\t\t\t\t\t\t<div class=\"elementor-container elementor-column-gap-default\">\n\t\t\t\t\t<div class=\"elementor-column elementor-col-50 elementor-inner-column elementor-element elementor-element-3a3ddc2\" data-id=\"3a3ddc2\" data-element_type=\"column\">\n\t\t\t<div class=\"elementor-widget-wrap elementor-element-populated\">\n\t\t\t\t\t\t\t\t<div class=\"elementor-element elementor-element-f0fe137 elementor-widget elementor-widget-wd_title\" data-id=\"f0fe137\" data-element_type=\"widget\" data-widget_type=\"wd_title.default\">\n\t\t\t\t<div class=\"elementor-widget-container\">\n\t\t\t\t\t<div class=\"title-wrapper set-mb-s reset-last-child wd-title-color-default wd-title-style-default wd-title-size-small text-left\">\n\n\t\t\t\n\t\t\t<div class=\"liner-continer\">\n\t\t\t\t<h4 class=\"woodmart-title-container title wd-fontsize-m wd-underline-colored\"><u>3.<\/u> KueskiPay<\/h4> \n\t\t\t\t\t\t\t<\/div>\n\n\t\t\t\t\t<\/div>\n\t\t\t\t<\/div>\n\t\t\t\t<\/div>\n\t\t\t\t<div class=\"elementor-element elementor-element-a18f60d elementor-widget elementor-widget-wd_text_block\" data-id=\"a18f60d\" data-element_type=\"widget\" data-widget_type=\"wd_text_block.default\">\n\t\t\t\t<div class=\"elementor-widget-container\">\n\t\t\t\t\t<div class=\"wd-text-block reset-last-child text-left\">\n\t\t\t\n\t\t\t<p><span style=\"font-weight: 400;\"><span class=\"s1\">\u25cf<\/span><span class=\"s2\">\u00a0\u00a0<\/span>Llena tu carrito de compras<\/span><br \/><span style=\"font-weight: 400;\"><span class=\"s1\">\u25cf<\/span><span class=\"s2\">\u00a0\u00a0<\/span>Selecciona KueskiPay como m\u00e9todo de pago<\/span><br \/><span style=\"font-weight: 400;\"><span class=\"s1\">\u25cf<\/span><span class=\"s2\">\u00a0\u00a0<\/span>La p\u00e1gina de Tzila.mx te direccionar\u00e1 a KueskiPay<\/span><br \/><span style=\"font-weight: 400;\"><span class=\"s1\">\u25cf<\/span><span class=\"s2\">\u00a0\u00a0<\/span>Reg\u00edstrate o ingresa con tu usuario y contrase\u00f1a<\/span><br \/><span style=\"font-weight: 400;\"><span class=\"s1\">\u25cf<\/span><span class=\"s2\">\u00a0\u00a0<\/span>Espera la aprobaci\u00f3n de KueskiPay\u00a0<\/span><br \/><span style=\"font-weight: 400;\"><span class=\"s1\">\u25cf<\/span><span class=\"s2\">\u00a0\u00a0<\/span>Elige el plazo de tu financiamiento (uno, dos, cuatro o seis quincenas)<\/span><br \/><span style=\"font-weight: 400;\"><span class=\"s1\">\u25cf<\/span><span class=\"s2\">\u00a0\u00a0<\/span>Una vez que tu pago haya sido aprobado te llegar\u00e1 un correo electr\u00f3nico con la confirmaci\u00f3n de tu pedido<\/span><br \/><span style=\"font-weight: 400;\"><span class=\"s1\">\u25cf<\/span><span class=\"s2\">\u00a0\u00a0<\/span>Aplica en compras entre $500 y $5,000<\/span><br \/><span style=\"font-weight: 400;\"><span class=\"s1\">\u25cf<\/span><span class=\"s2\">\u00a0\u00a0<\/span>Conoce m\u00e1s sobre <\/span><a href=\"https:\/\/www.kueskipay.com\/\" target=\"_blank\" rel=\"noopener\"><span style=\"font-weight: 400;\">KueskiPay<\/span><\/a><span style=\"font-weight: 400;\">\u00a0<\/span><\/p>\n\t\t\t\t\t<\/div>\n\t\t\t\t<\/div>\n\t\t\t\t<\/div>\n\t\t\t\t\t<\/div>\n\t\t<\/div>\n\t\t\t\t<div class=\"elementor-column elementor-col-50 elementor-inner-column elementor-element elementor-element-60ec406\" data-id=\"60ec406\" data-element_type=\"column\" data-settings=\"{&quot;background_background&quot;:&quot;classic&quot;}\">\n\t\t\t<div class=\"elementor-widget-wrap elementor-element-populated\">\n\t\t\t\t\t\t\t\t<div class=\"elementor-element elementor-element-88ccde9 elementor-widget elementor-widget-wd_image_or_svg\" data-id=\"88ccde9\" data-element_type=\"widget\" data-widget_type=\"wd_image_or_svg.default\">\n\t\t\t\t<div class=\"elementor-widget-container\">\n\t\t\t\n\t\t<div class=\"wd-image text-center\">\n\t\t\t\t\t\t\t<a  href=\"https:\/\/www.kueskipay.com\/\" target=\"_blank\">\n\t\t\t\t\t\t\t\t<img loading=\"lazy\" decoding=\"async\" width=\"327\" height=\"71\" src=\"https:\/\/tzila.mx\/dev\/wp-content\/uploads\/2022\/06\/KueskiPay.png\" class=\"attachment-full size-full\" alt=\"\" srcset=\"https:\/\/tzila.mx\/dev\/wp-content\/uploads\/2022\/06\/KueskiPay.png 327w, https:\/\/tzila.mx\/dev\/wp-content\/uploads\/2022\/06\/KueskiPay-150x33.png 150w\" sizes=\"auto, (max-width: 327px) 100vw, 327px\" \/>\t\t\t\t\t\t\t<\/a>\n\t\t\t\t\t<\/div>\n\n\t\t\t\t<\/div>\n\t\t\t\t<\/div>\n\t\t\t\t\t<\/div>\n\t\t<\/div>\n\t\t\t\t\t\t\t<\/div>\n\t\t<\/section>\n\t\t\t\t<section class=\"elementor-section elementor-inner-section elementor-element elementor-element-fef9cd7 elementor-section-boxed elementor-section-height-default elementor-section-height-default wd-section-disabled\" data-id=\"fef9cd7\" data-element_type=\"section\">\n\t\t\t\t\t\t<div class=\"elementor-container elementor-column-gap-default\">\n\t\t\t\t\t<div class=\"elementor-column elementor-col-100 elementor-inner-column elementor-element elementor-element-8fd7ec1\" data-id=\"8fd7ec1\" data-element_type=\"column\">\n\t\t\t<div class=\"elementor-widget-wrap elementor-element-populated\">\n\t\t\t\t\t\t\t\t<div class=\"elementor-element elementor-element-ea7df5e elementor-widget elementor-widget-wd_text_block\" data-id=\"ea7df5e\" data-element_type=\"widget\" data-widget_type=\"wd_text_block.default\">\n\t\t\t\t<div class=\"elementor-widget-container\">\n\t\t\t\t\t<div class=\"wd-text-block reset-last-child text-left\">\n\t\t\t\n\t\t\t<p><span style=\"font-weight: 400;\"><strong>IMPORTANTE:<\/strong> Al utilizar el servicio de MercadoPago, PayPal y KueskiPay y al haber aceptado sus t\u00e9rminos y condiciones, reconoces que Tzila.mx no interviene en la operaci\u00f3n y aprobaci\u00f3n de estos servicios, por lo que liberas de cualquier responsabilidad a Tzila.mx que derive del uso, funcionamiento, operaci\u00f3n y cualquier otra circunstancia relacionada con los servicios prestados por MercadoPago, PayPal y KueskiPay<\/span><\/p>\n\t\t\t\t\t<\/div>\n\t\t\t\t<\/div>\n\t\t\t\t<\/div>\n\t\t\t\t\t<\/div>\n\t\t<\/div>\n\t\t\t\t\t\t\t<\/div>\n\t\t<\/section>\n\t\t\t\t\t<\/div>\n\t\t<\/div>\n\t\t\t\t\t\t\t<\/div>\n\t\t<\/section>\n\t\t\t\t\t\t<\/div>\n\t\t\t\t\t<\/div>\n\t\t","protected":false},"excerpt":{"rendered":"<p>Tzila.mx ofrece diversas formas de pago: tarjetas de cr\u00e9dito, d\u00e9bito, dep\u00f3sitos y pagos quincenales, \u00bfc\u00f3mo? A trav\u00e9s de PayPal (tarjeta<\/p>\n","protected":false},"author":1,"featured_media":0,"parent":0,"menu_order":0,"comment_status":"closed","ping_status":"closed","template":"","meta":{"footnotes":""},"class_list":["post-14228","page","type-page","status-publish","hentry"],"_links":{"self":[{"href":"https:\/\/tzila.mx\/dev\/wp-json\/wp\/v2\/pages\/14228","targetHints":{"allow":["GET"]}}],"collection":[{"href":"https:\/\/tzila.mx\/dev\/wp-json\/wp\/v2\/pages"}],"about":[{"href":"https:\/\/tzila.mx\/dev\/wp-json\/wp\/v2\/types\/page"}],"author":[{"embeddable":true,"href":"https:\/\/tzila.mx\/dev\/wp-json\/wp\/v2\/users\/1"}],"replies":[{"embeddable":true,"href":"https:\/\/tzila.mx\/dev\/wp-json\/wp\/v2\/comments?post=14228"}],"version-history":[{"count":95,"href":"https:\/\/tzila.mx\/dev\/wp-json\/wp\/v2\/pages\/14228\/revisions"}],"predecessor-version":[{"id":17423,"href":"https:\/\/tzila.mx\/dev\/wp-json\/wp\/v2\/pages\/14228\/revisions\/17423"}],"wp:attachment":[{"href":"https:\/\/tzila.mx\/dev\/wp-json\/wp\/v2\/media?parent=14228"}],"curies":[{"name":"wp","href":"https:\/\/api.w.org\/{rel}","templated":true}]}}