{"id":13992,"date":"2022-06-06T15:59:17","date_gmt":"2022-06-06T20:59:17","guid":{"rendered":"https:\/\/tzila.mx\/dev\/?page_id=13992"},"modified":"2022-06-25T03:25:43","modified_gmt":"2022-06-25T08:25:43","slug":"terminos-y-condiciones","status":"publish","type":"page","link":"https:\/\/tzila.mx\/dev\/terminos-y-condiciones\/","title":{"rendered":"T\u00e9rminos y condiciones"},"content":{"rendered":"\t\t<div data-elementor-type=\"wp-page\" data-elementor-id=\"13992\" class=\"elementor elementor-13992\" data-elementor-settings=\"[]\">\n\t\t\t\t\t\t\t<div class=\"elementor-section-wrap\">\n\t\t\t\t\t\t\t<section class=\"elementor-section elementor-top-section elementor-element elementor-element-221949d9 wd-section-stretch elementor-hidden-desktop elementor-hidden-tablet elementor-hidden-mobile elementor-section-boxed elementor-section-height-default elementor-section-height-default\" data-id=\"221949d9\" data-element_type=\"section\" data-settings=\"{&quot;background_background&quot;:&quot;classic&quot;}\">\n\t\t\t\t\t\t<div class=\"elementor-container elementor-column-gap-default\">\n\t\t\t\t\t<div class=\"elementor-column elementor-col-100 elementor-top-column elementor-element elementor-element-6b5c4514\" data-id=\"6b5c4514\" data-element_type=\"column\">\n\t\t\t<div class=\"elementor-widget-wrap elementor-element-populated\">\n\t\t\t\t\t\t\t\t<div class=\"elementor-element elementor-element-f0c2fe7 elementor-widget elementor-widget-wd_image_or_svg\" data-id=\"f0c2fe7\" data-element_type=\"widget\" data-widget_type=\"wd_image_or_svg.default\">\n\t\t\t\t<div class=\"elementor-widget-container\">\n\t\t\t\n\t\t<div class=\"wd-image text-center\">\n\t\t\t\t\t\t\t\t<img decoding=\"async\" src=\"https:\/\/tzila.mx\/dev\/wp-content\/uploads\/elementor\/thumbs\/somosTzila-MAGENTA-01-01-pn13pcpfwgv7phm5vuswno9dyo2jtsij27m882puq8.png\" title=\"somosTzila MAGENTA-01-01\" alt=\"somosTzila MAGENTA-01-01\" \/>\t\t\t\t\t<\/div>\n\n\t\t\t\t<\/div>\n\t\t\t\t<\/div>\n\t\t\t\t<div class=\"elementor-element elementor-element-dc83f7e elementor-widget elementor-widget-wd_title\" data-id=\"dc83f7e\" data-element_type=\"widget\" data-widget_type=\"wd_title.default\">\n\t\t\t\t<div class=\"elementor-widget-container\">\n\t\t\t\t\t<div class=\"title-wrapper set-mb-s reset-last-child wd-title-color-default wd-title-style-default wd-title-size-large text-center\">\n\n\t\t\t\n\t\t\t<div class=\"liner-continer\">\n\t\t\t\t<h4 class=\"woodmart-title-container title wd-fontsize-xxl\">\u00a1Bienvenidx a Tzila.mx! <\/h4> \n\t\t\t\t\t\t\t<\/div>\n\n\t\t\t\t\t<\/div>\n\t\t\t\t<\/div>\n\t\t\t\t<\/div>\n\t\t\t\t<div class=\"elementor-element elementor-element-5b92413 elementor-widget elementor-widget-wd_text_block\" data-id=\"5b92413\" data-element_type=\"widget\" data-widget_type=\"wd_text_block.default\">\n\t\t\t\t<div class=\"elementor-widget-container\">\n\t\t\t\t\t<div class=\"wd-text-block reset-last-child text-center\">\n\t\t\t\n\t\t\t<p>Gracias por visitar Tzila Gaming. Somos una empresa donde podr\u00e1s encontrar hardware, componentes y todos los elementos que necesitas para mejorar la experiencia al construir tu propia computadora gamer.<\/p>\n\t\t\t\t\t<\/div>\n\t\t\t\t<\/div>\n\t\t\t\t<\/div>\n\t\t\t\t\t<\/div>\n\t\t<\/div>\n\t\t\t\t\t\t\t<\/div>\n\t\t<\/section>\n\t\t\t\t<section class=\"elementor-section elementor-top-section elementor-element elementor-element-152562a0 elementor-section-boxed elementor-section-height-default elementor-section-height-default wd-section-disabled\" data-id=\"152562a0\" data-element_type=\"section\" data-settings=\"{&quot;background_background&quot;:&quot;classic&quot;}\">\n\t\t\t\t\t\t<div class=\"elementor-container elementor-column-gap-default\">\n\t\t\t\t\t<div class=\"elementor-column elementor-col-100 elementor-top-column elementor-element elementor-element-2b08686d\" data-id=\"2b08686d\" data-element_type=\"column\">\n\t\t\t<div class=\"elementor-widget-wrap elementor-element-populated\">\n\t\t\t\t\t\t\t\t<div class=\"elementor-element elementor-element-14d68c09 elementor-widget elementor-widget-wd_title\" data-id=\"14d68c09\" data-element_type=\"widget\" data-widget_type=\"wd_title.default\">\n\t\t\t\t<div class=\"elementor-widget-container\">\n\t\t\t\t\t<div class=\"title-wrapper set-mb-s reset-last-child wd-title-color-default wd-title-style-default wd-title-size-default text-left\">\n\n\t\t\t\n\t\t\t<div class=\"liner-continer\">\n\t\t\t\t<h4 class=\"woodmart-title-container title wd-fontsize-l\">Por favor lee estos t\u00e9rminos y condiciones de uso cuidadosamente antes de utilizar este sitio<\/h4> \n\t\t\t\t\t\t\t<\/div>\n\n\t\t\t\t\t<\/div>\n\t\t\t\t<\/div>\n\t\t\t\t<\/div>\n\t\t\t\t<div class=\"elementor-element elementor-element-5a8a6c9 elementor-widget elementor-widget-wd_text_block\" data-id=\"5a8a6c9\" data-element_type=\"widget\" data-widget_type=\"wd_text_block.default\">\n\t\t\t\t<div class=\"elementor-widget-container\">\n\t\t\t\t\t<div class=\"wd-text-block reset-last-child text-left\">\n\t\t\t\n\t\t\t<p><span style=\"font-weight: 400;\">Al usar el sitio www.tzila.mx manifiestas tu aceptaci\u00f3n de estos \u201cT\u00e9rminos y condiciones de uso\u201d, as\u00ed como nuestro <a href=\"https:\/\/tzila.mx\/dev\/politica-de-privacidad\/\">Aviso de Privacidad<\/a><\/span><span style=\"font-weight: 400;\">. Si no los aceptas, por favor no utilices este sitio. Enlace Global en C\u00f3mputo GetPC S.A. de C.V (\u2018Tzila.mx\u2019) se reserva el derecho de cambiar, a\u00f1adir, eliminar o modificar partes de estos \u201cT\u00e9rminos y condiciones de Uso\u201d en cualquier momento. Revisa estos t\u00e9rminos y condiciones de uso peri\u00f3dicamente para estar al tanto de los cambios.\u00a0<\/span><\/p>\n\t\t\t\t\t<\/div>\n\t\t\t\t<\/div>\n\t\t\t\t<\/div>\n\t\t\t\t<section class=\"elementor-section elementor-inner-section elementor-element elementor-element-43aeaf73 elementor-section-boxed elementor-section-height-default elementor-section-height-default wd-section-disabled\" data-id=\"43aeaf73\" data-element_type=\"section\">\n\t\t\t\t\t\t<div class=\"elementor-container elementor-column-gap-default\">\n\t\t\t\t\t<div class=\"elementor-column elementor-col-100 elementor-inner-column elementor-element elementor-element-ceb5ee7\" data-id=\"ceb5ee7\" data-element_type=\"column\">\n\t\t\t<div class=\"elementor-widget-wrap elementor-element-populated\">\n\t\t\t\t\t\t\t\t<div class=\"elementor-element elementor-element-7afaa065 elementor-widget elementor-widget-wd_title\" data-id=\"7afaa065\" data-element_type=\"widget\" data-widget_type=\"wd_title.default\">\n\t\t\t\t<div class=\"elementor-widget-container\">\n\t\t\t\t\t<div class=\"title-wrapper set-mb-s reset-last-child wd-title-color-default wd-title-style-default wd-title-size-small text-left\">\n\n\t\t\t\n\t\t\t<div class=\"liner-continer\">\n\t\t\t\t<h4 class=\"woodmart-title-container title wd-fontsize-m wd-underline-colored\"><u>1.<\/u> Comunicaci\u00f3n <\/h4> \n\t\t\t\t\t\t\t<\/div>\n\n\t\t\t\t\t<\/div>\n\t\t\t\t<\/div>\n\t\t\t\t<\/div>\n\t\t\t\t<div class=\"elementor-element elementor-element-d22bd44 elementor-widget elementor-widget-wd_text_block\" data-id=\"d22bd44\" data-element_type=\"widget\" data-widget_type=\"wd_text_block.default\">\n\t\t\t\t<div class=\"elementor-widget-container\">\n\t\t\t\t\t<div class=\"wd-text-block reset-last-child text-left\">\n\t\t\t\n\t\t\t<p><span style=\"font-weight: 400;\">Cada vez que utilices un servicio de Tzila.mx, aceptas recibir comunicaciones electr\u00f3nicamente, de nuestra parte, en diversas formas, como: correo electr\u00f3nico, llamadas telef\u00f3nicas, mensajes de texto, aplicaciones de mensajer\u00edas, mensajes colocados en este sitios web, avisos y todo tipo de comunicaci\u00f3n. Aceptas que todos los contratos, avisos, mensajes, y otras notificaciones y comunicaciones que te enviemos por medios electr\u00f3nicos satisfacen cualquier requisito legal de forma escrita y cuentan con plenos efectos legales y validez.<\/span><\/p>\n\t\t\t\t\t<\/div>\n\t\t\t\t<\/div>\n\t\t\t\t<\/div>\n\t\t\t\t\t<\/div>\n\t\t<\/div>\n\t\t\t\t\t\t\t<\/div>\n\t\t<\/section>\n\t\t\t\t<section class=\"elementor-section elementor-inner-section elementor-element elementor-element-7e225aed elementor-section-boxed elementor-section-height-default elementor-section-height-default wd-section-disabled\" data-id=\"7e225aed\" data-element_type=\"section\">\n\t\t\t\t\t\t<div class=\"elementor-container elementor-column-gap-default\">\n\t\t\t\t\t<div class=\"elementor-column elementor-col-100 elementor-inner-column elementor-element elementor-element-41afd99a\" data-id=\"41afd99a\" data-element_type=\"column\">\n\t\t\t<div class=\"elementor-widget-wrap elementor-element-populated\">\n\t\t\t\t\t\t\t\t<div class=\"elementor-element elementor-element-67c1ae4e elementor-widget elementor-widget-wd_title\" data-id=\"67c1ae4e\" data-element_type=\"widget\" data-widget_type=\"wd_title.default\">\n\t\t\t\t<div class=\"elementor-widget-container\">\n\t\t\t\t\t<div class=\"title-wrapper set-mb-s reset-last-child wd-title-color-default wd-title-style-default wd-title-size-small text-left\">\n\n\t\t\t\n\t\t\t<div class=\"liner-continer\">\n\t\t\t\t<h4 class=\"woodmart-title-container title wd-fontsize-m wd-underline-colored\"><u>2.<\/u> Tu cuenta<\/h4> \n\t\t\t\t\t\t\t<\/div>\n\n\t\t\t\t\t<\/div>\n\t\t\t\t<\/div>\n\t\t\t\t<\/div>\n\t\t\t\t<div class=\"elementor-element elementor-element-8d7ff6a elementor-widget elementor-widget-wd_text_block\" data-id=\"8d7ff6a\" data-element_type=\"widget\" data-widget_type=\"wd_text_block.default\">\n\t\t\t\t<div class=\"elementor-widget-container\">\n\t\t\t\t\t<div class=\"wd-text-block reset-last-child text-left\">\n\t\t\t\n\t\t\t<p><span style=\"font-weight: 400;\">Requieres crear una cuenta en Tzila.mx propia y contar con un m\u00e9todo de pago v\u00e1lido asociado a tu cuenta para utilizar ciertos servicios de Tzila.mx; eres responsable de mantener la confidencialidad de los datos de tu cuenta y contrase\u00f1a, as\u00ed como de restringir el acceso a su computadora o dispositivos. Asimismo, asumes la responsabilidad de cualquier actividad realizada desde tu cuenta o utilizando tu contrase\u00f1a.<\/span><\/p><p><span style=\"font-weight: 400;\">Tzila.mx se reserva el derecho de dar de baja cuentas, remover o editar contenido, cancelar ordenes en caso de violaci\u00f3n a nuestros \u201cT\u00e9rminos y condiciones de uso\u201d o cualquier otra de nuestras pol\u00edticas, derechos de terceros o comisi\u00f3n de un delito o cualquier conducta que da\u00f1e la reputaci\u00f3n de Tzila.mx o la experiencia del cliente.<\/span><\/p>\n\t\t\t\t\t<\/div>\n\t\t\t\t<\/div>\n\t\t\t\t<\/div>\n\t\t\t\t\t<\/div>\n\t\t<\/div>\n\t\t\t\t\t\t\t<\/div>\n\t\t<\/section>\n\t\t\t\t<section class=\"elementor-section elementor-inner-section elementor-element elementor-element-576586e1 elementor-section-boxed elementor-section-height-default elementor-section-height-default wd-section-disabled\" data-id=\"576586e1\" data-element_type=\"section\">\n\t\t\t\t\t\t<div class=\"elementor-container elementor-column-gap-default\">\n\t\t\t\t\t<div class=\"elementor-column elementor-col-100 elementor-inner-column elementor-element elementor-element-7b107de2\" data-id=\"7b107de2\" data-element_type=\"column\">\n\t\t\t<div class=\"elementor-widget-wrap elementor-element-populated\">\n\t\t\t\t\t\t\t\t<div class=\"elementor-element elementor-element-1a4af7cb elementor-widget elementor-widget-wd_title\" data-id=\"1a4af7cb\" data-element_type=\"widget\" data-widget_type=\"wd_title.default\">\n\t\t\t\t<div class=\"elementor-widget-container\">\n\t\t\t\t\t<div class=\"title-wrapper set-mb-s reset-last-child wd-title-color-default wd-title-style-default wd-title-size-small text-left\">\n\n\t\t\t\n\t\t\t<div class=\"liner-continer\">\n\t\t\t\t<h4 class=\"woodmart-title-container title wd-fontsize-m wd-underline-colored\"><u>3.<\/u> Opiniones o comentarios<\/h4> \n\t\t\t\t\t\t\t<\/div>\n\n\t\t\t\t\t<\/div>\n\t\t\t\t<\/div>\n\t\t\t\t<\/div>\n\t\t\t\t<div class=\"elementor-element elementor-element-a5d143f elementor-widget elementor-widget-wd_text_block\" data-id=\"a5d143f\" data-element_type=\"widget\" data-widget_type=\"wd_text_block.default\">\n\t\t\t\t<div class=\"elementor-widget-container\">\n\t\t\t\t\t<div class=\"wd-text-block reset-last-child text-left\">\n\t\t\t\n\t\t\t<p><span style=\"font-weight: 400;\">Los usuarios podr\u00e1n publicar sus comentarios, siempre que el contenido de los mismos no resulte il\u00edcito, obsceno, abusivo, constituya una amenaza o difamaci\u00f3n, o invada la privacidad de terceros, infrinja derechos de propiedad intelectual o de cualquier otra forma resulte ofensivo para terceros o censurable, no contenga virus inform\u00e1ticos, propaganda pol\u00edtica, contenido publicitario o \"spam\". Asimismo, no est\u00e1 permitido el uso de direcciones de correo falsas, ni suplantar la identidad de otra persona o entidad. Tzila.mx se reserva el derecho de eliminar o moderar dicho contenido.<\/span><\/p><p><span style=\"font-weight: 400;\">Al aceptar las presentes condiciones de uso, reconoces que las opiniones que publicar\u00e1s no son de car\u00e1cter privado ni confidencial. Aceptas haber vivido de manera personal la experiencia de consumo del producto o servicio para el cual est\u00e1s expresando tu comentario y garantizas la autenticidad de tu opini\u00f3n.<\/span><\/p><p><span style=\"font-weight: 400;\">Al publicar un comentario, otorgas a favor de Tzila.mx\u00a0 el derecho no exclusivo, irrevocable, gratuito, perpetuo, libre de regal\u00edas para reproducir, utilizar, traducir, adaptar, explotar, crear, publicar, distribuir o exhibir su contenido a trav\u00e9s de cualquier medio y en cualquier lugar en el tiempo presente y en el futuro, sin derecho a compensaci\u00f3n alguna por parte de Tzila.mx.<\/span><span style=\"font-weight: 400;\"><br \/><\/span><span style=\"font-weight: 400;\"><br \/><\/span><span style=\"font-weight: 400;\">Tzila.mx no asume responsabilidad alguna respecto de cualquier contenido publicado por t\u00ed o cualquier tercero.<\/span><\/p>\n\t\t\t\t\t<\/div>\n\t\t\t\t<\/div>\n\t\t\t\t<\/div>\n\t\t\t\t\t<\/div>\n\t\t<\/div>\n\t\t\t\t\t\t\t<\/div>\n\t\t<\/section>\n\t\t\t\t<section class=\"elementor-section elementor-inner-section elementor-element elementor-element-20795232 elementor-section-boxed elementor-section-height-default elementor-section-height-default wd-section-disabled\" data-id=\"20795232\" data-element_type=\"section\">\n\t\t\t\t\t\t<div class=\"elementor-container elementor-column-gap-default\">\n\t\t\t\t\t<div class=\"elementor-column elementor-col-100 elementor-inner-column elementor-element elementor-element-54e263e6\" data-id=\"54e263e6\" data-element_type=\"column\">\n\t\t\t<div class=\"elementor-widget-wrap elementor-element-populated\">\n\t\t\t\t\t\t\t\t<div class=\"elementor-element elementor-element-134c9a99 elementor-widget elementor-widget-wd_title\" data-id=\"134c9a99\" data-element_type=\"widget\" data-widget_type=\"wd_title.default\">\n\t\t\t\t<div class=\"elementor-widget-container\">\n\t\t\t\t\t<div class=\"title-wrapper set-mb-s reset-last-child wd-title-color-default wd-title-style-default wd-title-size-small text-left\">\n\n\t\t\t\n\t\t\t<div class=\"liner-continer\">\n\t\t\t\t<h4 class=\"woodmart-title-container title wd-fontsize-m wd-underline-colored\"><u>4.<\/u> Derecho de Propiedad Intelectual<\/h4> \n\t\t\t\t\t\t\t<\/div>\n\n\t\t\t\t\t<\/div>\n\t\t\t\t<\/div>\n\t\t\t\t<\/div>\n\t\t\t\t<div class=\"elementor-element elementor-element-6694f28 elementor-widget elementor-widget-wd_text_block\" data-id=\"6694f28\" data-element_type=\"widget\" data-widget_type=\"wd_text_block.default\">\n\t\t\t\t<div class=\"elementor-widget-container\">\n\t\t\t\t\t<div class=\"wd-text-block reset-last-child text-left\">\n\t\t\t\n\t\t\t<p><span style=\"font-weight: 400;\">El material que se provee en Tzila.mx est\u00e1 protegido por leyes, incluyendo, pero no limitado a Leyes de Derechos de Marca y Autor y a tratados internacionales. Este Sitio es controlado y operado por la empresa <\/span><span style=\"font-weight: 400;\">Enlace Global en C\u00f3mputo GetPC S.A. de C.V <\/span><span style=\"font-weight: 400;\">.<\/span><\/p><p><span style=\"font-weight: 400;\">El contenido y el software de este sitio web solo pueden ser usados como un recurso de compra. Cualquier otro uso, incluyendo la reproducci\u00f3n, modificaci\u00f3n, distribuci\u00f3n, transmisi\u00f3n, re-publicaci\u00f3n, exhibici\u00f3n o ejecuci\u00f3n del contenido de esta p\u00e1gina se encuentra estrictamente prohibida.<\/span><\/p>\n\t\t\t\t\t<\/div>\n\t\t\t\t<\/div>\n\t\t\t\t<\/div>\n\t\t\t\t\t<\/div>\n\t\t<\/div>\n\t\t\t\t\t\t\t<\/div>\n\t\t<\/section>\n\t\t\t\t<section class=\"elementor-section elementor-inner-section elementor-element elementor-element-fef9cd7 elementor-section-boxed elementor-section-height-default elementor-section-height-default wd-section-disabled\" data-id=\"fef9cd7\" data-element_type=\"section\">\n\t\t\t\t\t\t<div class=\"elementor-container elementor-column-gap-default\">\n\t\t\t\t\t<div class=\"elementor-column elementor-col-100 elementor-inner-column elementor-element elementor-element-8fd7ec1\" data-id=\"8fd7ec1\" data-element_type=\"column\">\n\t\t\t<div class=\"elementor-widget-wrap elementor-element-populated\">\n\t\t\t\t\t\t\t\t<div class=\"elementor-element elementor-element-26692814 elementor-widget elementor-widget-wd_title\" data-id=\"26692814\" data-element_type=\"widget\" data-widget_type=\"wd_title.default\">\n\t\t\t\t<div class=\"elementor-widget-container\">\n\t\t\t\t\t<div class=\"title-wrapper set-mb-s reset-last-child wd-title-color-default wd-title-style-default wd-title-size-small text-left\">\n\n\t\t\t\n\t\t\t<div class=\"liner-continer\">\n\t\t\t\t<h4 class=\"woodmart-title-container title wd-fontsize-m wd-underline-colored\"><u>5.<\/u> Descripci\u00f3n, precios y disponibilidad<\/h4> \n\t\t\t\t\t\t\t<\/div>\n\n\t\t\t\t\t<\/div>\n\t\t\t\t<\/div>\n\t\t\t\t<\/div>\n\t\t\t\t<div class=\"elementor-element elementor-element-ea7df5e elementor-widget elementor-widget-wd_text_block\" data-id=\"ea7df5e\" data-element_type=\"widget\" data-widget_type=\"wd_text_block.default\">\n\t\t\t\t<div class=\"elementor-widget-container\">\n\t\t\t\t\t<div class=\"wd-text-block reset-last-child text-left\">\n\t\t\t\n\t\t\t<p><span style=\"font-weight: 400;\">Las existencias, los precios y las descripciones de productos se actualizan peri\u00f3dicamente y pueden variar de acuerdo con la disponibilidad real en el almac\u00e9n del mayorista o fabricante. Nuestros\u00a0 precios est\u00e1n expresados en pesos mexicanos e incluyen IVA, pero no el costo del env\u00edo<\/span><\/p><p><span style=\"font-weight: 400;\">Tzila.mx recomienda que para descripciones, capacidades, especificaciones y compatibilidades completas, verifique el sitio del fabricante bas\u00e1ndose en el modelo elegido. Si no est\u00e1s de acuerdo con estos T\u00e9rminos y condiciones, no utilices este sitio.<\/span><\/p>\n\t\t\t\t\t<\/div>\n\t\t\t\t<\/div>\n\t\t\t\t<\/div>\n\t\t\t\t\t<\/div>\n\t\t<\/div>\n\t\t\t\t\t\t\t<\/div>\n\t\t<\/section>\n\t\t\t\t<section class=\"elementor-section elementor-inner-section elementor-element elementor-element-107ec715 elementor-section-boxed elementor-section-height-default elementor-section-height-default wd-section-disabled\" data-id=\"107ec715\" data-element_type=\"section\">\n\t\t\t\t\t\t<div class=\"elementor-container elementor-column-gap-default\">\n\t\t\t\t\t<div class=\"elementor-column elementor-col-100 elementor-inner-column elementor-element elementor-element-17a48825\" data-id=\"17a48825\" data-element_type=\"column\">\n\t\t\t<div class=\"elementor-widget-wrap elementor-element-populated\">\n\t\t\t\t\t\t\t\t<div class=\"elementor-element elementor-element-7d2a85d0 elementor-widget elementor-widget-wd_title\" data-id=\"7d2a85d0\" data-element_type=\"widget\" data-widget_type=\"wd_title.default\">\n\t\t\t\t<div class=\"elementor-widget-container\">\n\t\t\t\t\t<div class=\"title-wrapper set-mb-s reset-last-child wd-title-color-default wd-title-style-default wd-title-size-small text-left\">\n\n\t\t\t\n\t\t\t<div class=\"liner-continer\">\n\t\t\t\t<h4 class=\"woodmart-title-container title wd-fontsize-m wd-underline-colored\"><u>6.<\/u> Garant\u00eda de los productos<\/h4> \n\t\t\t\t\t\t\t<\/div>\n\n\t\t\t\t\t<\/div>\n\t\t\t\t<\/div>\n\t\t\t\t<\/div>\n\t\t\t\t<div class=\"elementor-element elementor-element-3486c18 elementor-widget elementor-widget-wd_text_block\" data-id=\"3486c18\" data-element_type=\"widget\" data-widget_type=\"wd_text_block.default\">\n\t\t\t\t<div class=\"elementor-widget-container\">\n\t\t\t\t\t<div class=\"wd-text-block reset-last-child text-left\">\n\t\t\t\n\t\t\t<p><span style=\"font-weight: 400;\">Los productos se encuentran cubiertos por una garant\u00eda, la cual depende del fabricante. Si desea m\u00e1s informaci\u00f3n respecto a las garant\u00edas ofrecidas por Tzila.mx por favor visite nuestra <a href=\"https:\/\/tzila.mx\/dev\/politicas-tzila-gaming\/#pol-generales\">Pol\u00edtica de Garant\u00eda<\/a><\/span><\/p>\n\t\t\t\t\t<\/div>\n\t\t\t\t<\/div>\n\t\t\t\t<\/div>\n\t\t\t\t\t<\/div>\n\t\t<\/div>\n\t\t\t\t\t\t\t<\/div>\n\t\t<\/section>\n\t\t\t\t<section class=\"elementor-section elementor-inner-section elementor-element elementor-element-3655be30 elementor-section-boxed elementor-section-height-default elementor-section-height-default wd-section-disabled\" data-id=\"3655be30\" data-element_type=\"section\">\n\t\t\t\t\t\t<div class=\"elementor-container elementor-column-gap-default\">\n\t\t\t\t\t<div class=\"elementor-column elementor-col-100 elementor-inner-column elementor-element elementor-element-3fe0d768\" data-id=\"3fe0d768\" data-element_type=\"column\">\n\t\t\t<div class=\"elementor-widget-wrap elementor-element-populated\">\n\t\t\t\t\t\t\t\t<div class=\"elementor-element elementor-element-344a2c40 elementor-widget elementor-widget-wd_title\" data-id=\"344a2c40\" data-element_type=\"widget\" data-widget_type=\"wd_title.default\">\n\t\t\t\t<div class=\"elementor-widget-container\">\n\t\t\t\t\t<div class=\"title-wrapper set-mb-s reset-last-child wd-title-color-default wd-title-style-default wd-title-size-small text-left\">\n\n\t\t\t\n\t\t\t<div class=\"liner-continer\">\n\t\t\t\t<h4 class=\"woodmart-title-container title wd-fontsize-m wd-underline-colored\"><u>7.<\/u> Revisiones y cambios de los t\u00e9rminos de uso<\/h4> \n\t\t\t\t\t\t\t<\/div>\n\n\t\t\t\t\t<\/div>\n\t\t\t\t<\/div>\n\t\t\t\t<\/div>\n\t\t\t\t<div class=\"elementor-element elementor-element-1ecdfa8 elementor-widget elementor-widget-wd_text_block\" data-id=\"1ecdfa8\" data-element_type=\"widget\" data-widget_type=\"wd_text_block.default\">\n\t\t\t\t<div class=\"elementor-widget-container\">\n\t\t\t\t\t<div class=\"wd-text-block reset-last-child text-left\">\n\t\t\t\n\t\t\t<p><span style=\"font-weight: 400;\">Estos t\u00e9rminos y condiciones est\u00e1n sujetos a cambios en cualquier momento, sin previo aviso, con el fin de actualizar y reflejar los cambios en nuestra operaci\u00f3n. Por favor revise estos t\u00e9rminos y condiciones cuidadosamente cada vez que coloques una orden o al aceptar la entrega de los productos de Tzila.mx o cualquier otro representante o mediador que le entregue el producto. Si no est\u00e1s de acuerdo con nuestros t\u00e9rminos en cualquier momento puedes cancelar tu cuenta en Tzila.mx.<\/span><span style=\"font-weight: 400;\"><br \/><\/span><\/p>\n\t\t\t\t\t<\/div>\n\t\t\t\t<\/div>\n\t\t\t\t<\/div>\n\t\t\t\t\t<\/div>\n\t\t<\/div>\n\t\t\t\t\t\t\t<\/div>\n\t\t<\/section>\n\t\t\t\t<section class=\"elementor-section elementor-inner-section elementor-element elementor-element-ea6c302 elementor-section-boxed elementor-section-height-default elementor-section-height-default wd-section-disabled\" data-id=\"ea6c302\" data-element_type=\"section\">\n\t\t\t\t\t\t<div class=\"elementor-container elementor-column-gap-default\">\n\t\t\t\t\t<div class=\"elementor-column elementor-col-100 elementor-inner-column elementor-element elementor-element-6c31fa4\" data-id=\"6c31fa4\" data-element_type=\"column\">\n\t\t\t<div class=\"elementor-widget-wrap elementor-element-populated\">\n\t\t\t\t\t\t\t\t<div class=\"elementor-element elementor-element-c24bee8 elementor-widget elementor-widget-wd_title\" data-id=\"c24bee8\" data-element_type=\"widget\" data-widget_type=\"wd_title.default\">\n\t\t\t\t<div class=\"elementor-widget-container\">\n\t\t\t\t\t<div class=\"title-wrapper set-mb-s reset-last-child wd-title-color-default wd-title-style-default wd-title-size-small text-left\">\n\n\t\t\t\n\t\t\t<div class=\"liner-continer\">\n\t\t\t\t<h4 class=\"woodmart-title-container title wd-fontsize-m wd-underline-colored\"><u>8.<\/u> Limitaci\u00f3n de Responsabilidad<\/h4> \n\t\t\t\t\t\t\t<\/div>\n\n\t\t\t\t\t<\/div>\n\t\t\t\t<\/div>\n\t\t\t\t<\/div>\n\t\t\t\t<div class=\"elementor-element elementor-element-9c8a6a6 elementor-widget elementor-widget-wd_text_block\" data-id=\"9c8a6a6\" data-element_type=\"widget\" data-widget_type=\"wd_text_block.default\">\n\t\t\t\t<div class=\"elementor-widget-container\">\n\t\t\t\t\t<div class=\"wd-text-block reset-last-child text-left\">\n\t\t\t\n\t\t\t<p><span style=\"font-weight: 400;\">Bajo ninguna circunstancia, incluyendo, sin limitaci\u00f3n, negligencia, Tzila.mx ser\u00e1 responsable por da\u00f1os directos, indirectos, incidentales, especiales o consecuentes que resulten del uso de, incluso si Tzila.mx ha sido advertido de la posibilidad de tales da\u00f1os.<\/span><\/p><p><span style=\"font-weight: 400;\">\u00daltima actualizaci\u00f3n: Ciudad de M\u00e9xico, 25 de mayo de 2022<\/span><\/p>\n\t\t\t\t\t<\/div>\n\t\t\t\t<\/div>\n\t\t\t\t<\/div>\n\t\t\t\t\t<\/div>\n\t\t<\/div>\n\t\t\t\t\t\t\t<\/div>\n\t\t<\/section>\n\t\t\t\t\t<\/div>\n\t\t<\/div>\n\t\t\t\t\t\t\t<\/div>\n\t\t<\/section>\n\t\t\t\t\t\t<\/div>\n\t\t\t\t\t<\/div>\n\t\t","protected":false},"excerpt":{"rendered":"<p>\u00a1Bienvenidx a Tzila.mx! Gracias por visitar Tzila Gaming. Somos una empresa donde podr\u00e1s encontrar hardware, componentes y todos los elementos<\/p>\n","protected":false},"author":1,"featured_media":0,"parent":0,"menu_order":0,"comment_status":"closed","ping_status":"closed","template":"","meta":{"footnotes":""},"class_list":["post-13992","page","type-page","status-publish","hentry"],"_links":{"self":[{"href":"https:\/\/tzila.mx\/dev\/wp-json\/wp\/v2\/pages\/13992","targetHints":{"allow":["GET"]}}],"collection":[{"href":"https:\/\/tzila.mx\/dev\/wp-json\/wp\/v2\/pages"}],"about":[{"href":"https:\/\/tzila.mx\/dev\/wp-json\/wp\/v2\/types\/page"}],"author":[{"embeddable":true,"href":"https:\/\/tzila.mx\/dev\/wp-json\/wp\/v2\/users\/1"}],"replies":[{"embeddable":true,"href":"https:\/\/tzila.mx\/dev\/wp-json\/wp\/v2\/comments?post=13992"}],"version-history":[{"count":30,"href":"https:\/\/tzila.mx\/dev\/wp-json\/wp\/v2\/pages\/13992\/revisions"}],"predecessor-version":[{"id":17439,"href":"https:\/\/tzila.mx\/dev\/wp-json\/wp\/v2\/pages\/13992\/revisions\/17439"}],"wp:attachment":[{"href":"https:\/\/tzila.mx\/dev\/wp-json\/wp\/v2\/media?parent=13992"}],"curies":[{"name":"wp","href":"https:\/\/api.w.org\/{rel}","templated":true}]}}